{"id":24849,"date":"2026-04-24T13:54:01","date_gmt":"2026-04-24T11:54:01","guid":{"rendered":"https:\/\/www.francksaissi.com\/?post_type=product&#038;p=24849"},"modified":"2026-04-24T21:36:38","modified_gmt":"2026-04-24T19:36:38","slug":"la-mouche-store","status":"publish","type":"product","link":"https:\/\/www.francksaissi.com\/en\/product\/la-mouche-store\/","title":{"rendered":"La mouche"},"content":{"rendered":"<p>On a tous des histoires de mouches, coinc\u00e9es dans les oreilles, gob\u00e9es par des chiens ou des chats, elles virevoltent et nous fatiguent. Elles sont partout, m\u00eame dans nos textes, sans m\u00eame qu&rsquo;on s&rsquo;en aper\u00e7oive. Bizzzzzzarement, les mouches ont des pattes et sont des pieds. \u00b6\u00b6\u00b6<\/p>\n<p>Dans cette gravure sur bois, c&rsquo;est dans sa position finale, les pattes en l&rsquo;air, qu&rsquo;elle s&rsquo;\u00e9tale.<\/p>\n<p>Cr\u00e9ature mythologique, la mouche fait bien plus que de signaler un nouveau paragraphe, elle nous prot\u00e8ge contre le mal. Enfin il parait.<br \/>\nBZZZZZZZZZ <\/p>","protected":false},"excerpt":{"rendered":"<p>La mouche, 2026.<br \/>\nWoodcut on poplar, printed on antique book pages, mounted on 300g Arches paper.<br \/>\n18 \u00d7 14 cm (\u0153uvre), 40 \u00d7 30 cm (feuille).<br \/>\nLimited edition of 30, hand-signed and numbered.<br \/>\nCertificate of authenticity included.<\/p>","protected":false},"featured_media":24843,"comment_status":"open","ping_status":"closed","template":"","meta":{"_acf_changed":false,"_kad_post_transparent":"default","_kad_post_title":"","_kad_post_layout":"default","_kad_post_sidebar_id":"","_kad_post_content_style":"default","_kad_post_vertical_padding":"default","_kad_post_feature":"","_kad_post_feature_position":"","_kad_post_header":false,"_kad_post_footer":false,"_kad_post_classname":"","iawp_total_views":3},"product_brand":[],"product_cat":[1911],"product_tag":[],"class_list":{"0":"post-24849","1":"product","2":"type-product","3":"status-publish","4":"has-post-thumbnail","6":"product_cat-editions","7":"product_shipping_class-livres","9":"first","10":"instock","11":"purchasable","12":"product-type-simple","13":"entry","14":"content-bg","15":"loop-entry"},"acf":[],"_links":{"self":[{"href":"https:\/\/www.francksaissi.com\/en\/wp-json\/wp\/v2\/product\/24849","targetHints":{"allow":["GET"]}}],"collection":[{"href":"https:\/\/www.francksaissi.com\/en\/wp-json\/wp\/v2\/product"}],"about":[{"href":"https:\/\/www.francksaissi.com\/en\/wp-json\/wp\/v2\/types\/product"}],"replies":[{"embeddable":true,"href":"https:\/\/www.francksaissi.com\/en\/wp-json\/wp\/v2\/comments?post=24849"}],"wp:featuredmedia":[{"embeddable":true,"href":"https:\/\/www.francksaissi.com\/en\/wp-json\/wp\/v2\/media\/24843"}],"wp:attachment":[{"href":"https:\/\/www.francksaissi.com\/en\/wp-json\/wp\/v2\/media?parent=24849"}],"wp:term":[{"taxonomy":"product_brand","embeddable":true,"href":"https:\/\/www.francksaissi.com\/en\/wp-json\/wp\/v2\/product_brand?post=24849"},{"taxonomy":"product_cat","embeddable":true,"href":"https:\/\/www.francksaissi.com\/en\/wp-json\/wp\/v2\/product_cat?post=24849"},{"taxonomy":"product_tag","embeddable":true,"href":"https:\/\/www.francksaissi.com\/en\/wp-json\/wp\/v2\/product_tag?post=24849"}],"curies":[{"name":"wp","href":"https:\/\/api.w.org\/{rel}","templated":true}]}}