{"id":17584,"date":"2025-06-01T11:26:04","date_gmt":"2025-06-01T09:26:04","guid":{"rendered":"https:\/\/www.francksaissi.com\/?post_type=product&#038;p=17584"},"modified":"2026-02-17T18:57:51","modified_gmt":"2026-02-17T17:57:51","slug":"enfance-store","status":"publish","type":"product","link":"https:\/\/www.francksaissi.com\/en\/product\/enfance-store\/","title":{"rendered":"Childhood"},"content":{"rendered":"<p>Two masked, unsettling figures frame a child with a lost gaze. Behind the stark contrast of black ink and aged paper \u2014 amid the shadows and fragments of text from a book titled The Science of Happiness \u2014 emerges a disturbing vision of childhood. The work wavers between dark fairytale, traumatic memory, and masked theater, allowing a more ambiguous truth to surface beneath its calm veneer.<\/p>\n<p>Each stroke scratches at the supposed sweetness of childhood.<\/p>\n<p class=\"\" data-start=\"856\" data-end=\"1132\">The piece, both narrative and symbolic, evokes rites of passage, childhood fears, and ambiguous figures of authority or protection. It draws from the imagery of fairy tales and folklore (evoking Krampus, the bogeyman\u2026), but also from a more intimate memory.<\/p>\n<p class=\"\" data-start=\"1138\" data-end=\"1264\">Unique artwork<br data-start=\"1238\" data-end=\"1241\" \/>Signed down right<\/p>","protected":false},"excerpt":{"rendered":"<p>Figures inqui\u00e9tantes et tendresse m\u00eal\u00e9e : une sc\u00e8ne d&rsquo;enfance \u00e0 la fronti\u00e8re du r\u00eave et du cauchemar.<\/p>\n<p>Encre de Chine sur page imprim\u00e9e, 20,8 x 13,6 cm, 2023<\/p>","protected":false},"featured_media":21714,"comment_status":"open","ping_status":"closed","template":"","meta":{"_acf_changed":false,"_kad_post_transparent":"default","_kad_post_title":"","_kad_post_layout":"default","_kad_post_sidebar_id":"","_kad_post_content_style":"default","_kad_post_vertical_padding":"default","_kad_post_feature":"","_kad_post_feature_position":"","_kad_post_header":false,"_kad_post_footer":false,"_kad_post_classname":"","iawp_total_views":20},"product_brand":[],"product_cat":[3600],"product_tag":[],"class_list":{"0":"post-17584","1":"product","2":"type-product","3":"status-publish","4":"has-post-thumbnail","6":"product_cat-dessins","8":"first","9":"outofstock","10":"sold-individually","11":"taxable","12":"shipping-taxable","13":"purchasable","14":"product-type-simple","15":"entry","16":"content-bg","17":"loop-entry"},"acf":[],"_links":{"self":[{"href":"https:\/\/www.francksaissi.com\/en\/wp-json\/wp\/v2\/product\/17584","targetHints":{"allow":["GET"]}}],"collection":[{"href":"https:\/\/www.francksaissi.com\/en\/wp-json\/wp\/v2\/product"}],"about":[{"href":"https:\/\/www.francksaissi.com\/en\/wp-json\/wp\/v2\/types\/product"}],"replies":[{"embeddable":true,"href":"https:\/\/www.francksaissi.com\/en\/wp-json\/wp\/v2\/comments?post=17584"}],"wp:featuredmedia":[{"embeddable":true,"href":"https:\/\/www.francksaissi.com\/en\/wp-json\/wp\/v2\/media\/21714"}],"wp:attachment":[{"href":"https:\/\/www.francksaissi.com\/en\/wp-json\/wp\/v2\/media?parent=17584"}],"wp:term":[{"taxonomy":"product_brand","embeddable":true,"href":"https:\/\/www.francksaissi.com\/en\/wp-json\/wp\/v2\/product_brand?post=17584"},{"taxonomy":"product_cat","embeddable":true,"href":"https:\/\/www.francksaissi.com\/en\/wp-json\/wp\/v2\/product_cat?post=17584"},{"taxonomy":"product_tag","embeddable":true,"href":"https:\/\/www.francksaissi.com\/en\/wp-json\/wp\/v2\/product_tag?post=17584"}],"curies":[{"name":"wp","href":"https:\/\/api.w.org\/{rel}","templated":true}]}}