{"id":24717,"date":"2026-03-25T10:34:10","date_gmt":"2026-03-25T09:34:10","guid":{"rendered":"https:\/\/www.francksaissi.com\/?page_id=24717"},"modified":"2026-04-06T10:54:49","modified_gmt":"2026-04-06T08:54:49","slug":"gravures","status":"publish","type":"page","link":"https:\/\/www.francksaissi.com\/en\/gravure-structure\/gravures\/","title":{"rendered":"Gravure"},"content":{"rendered":"<style>.wp-block-kadence-advancedheading.kt-adv-heading24717_66280e-f9, .wp-block-kadence-advancedheading.kt-adv-heading24717_66280e-f9[data-kb-block=\"kb-adv-heading24717_66280e-f9\"]{text-align:center;font-size:var(--global-kb-font-size-xl, 3rem);font-style:normal;}.wp-block-kadence-advancedheading.kt-adv-heading24717_66280e-f9 mark.kt-highlight, .wp-block-kadence-advancedheading.kt-adv-heading24717_66280e-f9[data-kb-block=\"kb-adv-heading24717_66280e-f9\"] mark.kt-highlight{font-style:normal;color:#f76a0c;-webkit-box-decoration-break:clone;box-decoration-break:clone;padding-top:0px;padding-right:0px;padding-bottom:0px;padding-left:0px;}.wp-block-kadence-advancedheading.kt-adv-heading24717_66280e-f9 img.kb-inline-image, .wp-block-kadence-advancedheading.kt-adv-heading24717_66280e-f9[data-kb-block=\"kb-adv-heading24717_66280e-f9\"] img.kb-inline-image{width:150px;vertical-align:baseline;}<\/style>\n<h1 class=\"kt-adv-heading24717_66280e-f9 wp-block-kadence-advancedheading\" data-kb-block=\"kb-adv-heading24717_66280e-f9\">Gravure<\/h1>\n\n\n<style>.kb-row-layout-id24717_c558a6-d6 > .kt-row-column-wrap{align-content:start;}:where(.kb-row-layout-id24717_c558a6-d6 > .kt-row-column-wrap) > .wp-block-kadence-column{justify-content:start;}.kb-row-layout-id24717_c558a6-d6 > .kt-row-column-wrap{column-gap:var(--global-kb-gap-md, 2rem);row-gap:var(--global-kb-gap-md, 2rem);max-width:var( --global-content-width, 1290px );padding-left:var(--global-content-edge-padding);padding-right:var(--global-content-edge-padding);padding-top:var(--global-kb-spacing-sm, 1.5rem);padding-bottom:var(--global-kb-spacing-sm, 1.5rem);grid-template-columns:minmax(0, 1fr);}.kb-row-layout-id24717_c558a6-d6 > .kt-row-layout-overlay{opacity:0.30;}@media all and (max-width: 1024px){.kb-row-layout-id24717_c558a6-d6 > .kt-row-column-wrap{grid-template-columns:minmax(0, 1fr);}}@media all and (max-width: 767px){.kb-row-layout-id24717_c558a6-d6 > .kt-row-column-wrap{grid-template-columns:minmax(0, 1fr);}}<\/style><div class=\"kb-row-layout-wrap kb-row-layout-id24717_c558a6-d6 alignnone wp-block-kadence-rowlayout\"><div class=\"kt-row-column-wrap kt-has-1-columns kt-row-layout-equal kt-tab-layout-inherit kt-mobile-layout-row kt-row-valign-top kb-theme-content-width\">\n<style>.kadence-column24717_ed7a37-da > .kt-inside-inner-col,.kadence-column24717_ed7a37-da > .kt-inside-inner-col:before{border-top-left-radius:0px;border-top-right-radius:0px;border-bottom-right-radius:0px;border-bottom-left-radius:0px;}.kadence-column24717_ed7a37-da > .kt-inside-inner-col{column-gap:var(--global-kb-gap-sm, 1rem);}.kadence-column24717_ed7a37-da > .kt-inside-inner-col{flex-direction:column;}.kadence-column24717_ed7a37-da > .kt-inside-inner-col > .aligncenter{width:100%;}.kadence-column24717_ed7a37-da > .kt-inside-inner-col{background-color:#ced1d6;}.kadence-column24717_ed7a37-da > .kt-inside-inner-col:before{opacity:0.3;}.kadence-column24717_ed7a37-da{position:relative;}@media all and (max-width: 1024px){.kadence-column24717_ed7a37-da > .kt-inside-inner-col{flex-direction:column;justify-content:center;}}@media all and (max-width: 767px){.kadence-column24717_ed7a37-da > .kt-inside-inner-col{flex-direction:column;justify-content:center;}}<\/style>\n<div class=\"wp-block-kadence-column kadence-column24717_ed7a37-da\"><div class=\"kt-inside-inner-col\"><style>.wp-block-kadence-advancedheading.kt-adv-heading23081_704aa0-e8_0, .wp-block-kadence-advancedheading.kt-adv-heading23081_704aa0-e8_0[data-kb-block=\"kb-adv-heading23081_704aa0-e8_0\"]{margin-top:var(--global-kb-spacing-xxl, 5rem);margin-bottom:var(--global-kb-spacing-lg, 3rem);text-align:center;font-size:var(--global-kb-font-size-lg, 2rem);font-weight:400;font-style:normal;font-family:'JetBrains Mono';}.wp-block-kadence-advancedheading.kt-adv-heading23081_704aa0-e8_0 mark.kt-highlight, .wp-block-kadence-advancedheading.kt-adv-heading23081_704aa0-e8_0[data-kb-block=\"kb-adv-heading23081_704aa0-e8_0\"] mark.kt-highlight{font-style:normal;color:#f76a0c;-webkit-box-decoration-break:clone;box-decoration-break:clone;padding-top:0px;padding-right:0px;padding-bottom:0px;padding-left:0px;}.wp-block-kadence-advancedheading.kt-adv-heading23081_704aa0-e8_0 img.kb-inline-image, .wp-block-kadence-advancedheading.kt-adv-heading23081_704aa0-e8_0[data-kb-block=\"kb-adv-heading23081_704aa0-e8_0\"] img.kb-inline-image{width:150px;vertical-align:baseline;}<\/style>\n<p class=\"kt-adv-heading23081_704aa0-e8_0 wp-block-kadence-advancedheading\" data-kb-block=\"kb-adv-heading23081_704aa0-e8_0\">Sita<\/p>\n\n\n<style>.kb-image24717_d16826-dd.kb-image-is-ratio-size, .kb-image24717_d16826-dd .kb-image-is-ratio-size{max-width:500px;width:100%;}.wp-block-kadence-column > .kt-inside-inner-col > .kb-image24717_d16826-dd.kb-image-is-ratio-size, .wp-block-kadence-column > .kt-inside-inner-col > .kb-image24717_d16826-dd .kb-image-is-ratio-size{align-self:unset;}.kb-image24717_d16826-dd figure{max-width:500px;}.kb-image24717_d16826-dd .image-is-svg, .kb-image24717_d16826-dd .image-is-svg img{width:100%;}.kb-image24717_d16826-dd .kb-image-has-overlay:after{opacity:0.3;}<\/style>\n<div class=\"wp-block-kadence-image kb-image24717_d16826-dd\"><figure class=\"aligncenter size-large\"><img loading=\"lazy\" decoding=\"async\" width=\"738\" height=\"1000\" src=\"https:\/\/www.francksaissi.com\/wp-content\/uploads\/2026\/04\/sita-gravure-1600-bal-738x1000.webp\" alt=\"Xylogravure, Sita, gravure sur bois sur page de livre ancienne, contrecoll\u00e9e sur papier Arches, par Franck Sa\u00efssi\" class=\"kb-img wp-image-24799\" srcset=\"https:\/\/www.francksaissi.com\/wp-content\/uploads\/2026\/04\/sita-gravure-1600-bal-738x1000.webp 738w, https:\/\/www.francksaissi.com\/wp-content\/uploads\/2026\/04\/sita-gravure-1600-bal-443x600.webp 443w, https:\/\/www.francksaissi.com\/wp-content\/uploads\/2026\/04\/sita-gravure-1600-bal-148x200.webp 148w, https:\/\/www.francksaissi.com\/wp-content\/uploads\/2026\/04\/sita-gravure-1600-bal-768x1041.webp 768w, https:\/\/www.francksaissi.com\/wp-content\/uploads\/2026\/04\/sita-gravure-1600-bal-1133x1536.webp 1133w, https:\/\/www.francksaissi.com\/wp-content\/uploads\/2026\/04\/sita-gravure-1600-bal-9x12.webp 9w, https:\/\/www.francksaissi.com\/wp-content\/uploads\/2026\/04\/sita-gravure-1600-bal-1000x1356.webp 1000w, https:\/\/www.francksaissi.com\/wp-content\/uploads\/2026\/04\/sita-gravure-1600-bal.webp 1180w\" sizes=\"auto, (max-width: 738px) 100vw, 738px\" \/><\/figure><\/div>\n\n\n\n<div style=\"height:30px\" aria-hidden=\"true\" class=\"wp-block-spacer\"><\/div>\n\n\n<style>.wp-block-kadence-advancedheading.kt-adv-heading24717_45a5b0-2f, .wp-block-kadence-advancedheading.kt-adv-heading24717_45a5b0-2f[data-kb-block=\"kb-adv-heading24717_45a5b0-2f\"]{max-width:600px;margin-right:auto;margin-left:auto;padding-left:0px;text-align:center;font-style:normal;text-transform:none;}.wp-block-kadence-advancedheading.kt-adv-heading24717_45a5b0-2f mark.kt-highlight, .wp-block-kadence-advancedheading.kt-adv-heading24717_45a5b0-2f[data-kb-block=\"kb-adv-heading24717_45a5b0-2f\"] mark.kt-highlight{font-style:normal;color:#f76a0c;-webkit-box-decoration-break:clone;box-decoration-break:clone;padding-top:0px;padding-right:0px;padding-bottom:0px;padding-left:0px;}.wp-block-kadence-advancedheading.kt-adv-heading24717_45a5b0-2f img.kb-inline-image, .wp-block-kadence-advancedheading.kt-adv-heading24717_45a5b0-2f[data-kb-block=\"kb-adv-heading24717_45a5b0-2f\"] img.kb-inline-image{width:150px;vertical-align:baseline;}<\/style>\n<p class=\"kt-adv-heading24717_45a5b0-2f wp-block-kadence-advancedheading\" data-kb-block=\"kb-adv-heading24717_45a5b0-2f\">Gravure sur bois de peuplier. Impression sur pages de livres anciens, contrecoll\u00e9es sur papier Arches 300 g. 30 exemplaires et 4 \u00e9preuves d&rsquo;artiste.<\/p>\n\n\n\n<div style=\"height:20px\" aria-hidden=\"true\" class=\"wp-block-spacer\"><\/div>\n\n\n<style>.wp-block-kadence-advancedheading.kt-adv-heading24717_aa0e1d-1b, .wp-block-kadence-advancedheading.kt-adv-heading24717_aa0e1d-1b[data-kb-block=\"kb-adv-heading24717_aa0e1d-1b\"]{text-align:center;font-style:normal;text-transform:none;}.wp-block-kadence-advancedheading.kt-adv-heading24717_aa0e1d-1b mark.kt-highlight, .wp-block-kadence-advancedheading.kt-adv-heading24717_aa0e1d-1b[data-kb-block=\"kb-adv-heading24717_aa0e1d-1b\"] mark.kt-highlight{font-style:normal;color:#f76a0c;-webkit-box-decoration-break:clone;box-decoration-break:clone;padding-top:0px;padding-right:0px;padding-bottom:0px;padding-left:0px;}.wp-block-kadence-advancedheading.kt-adv-heading24717_aa0e1d-1b img.kb-inline-image, .wp-block-kadence-advancedheading.kt-adv-heading24717_aa0e1d-1b[data-kb-block=\"kb-adv-heading24717_aa0e1d-1b\"] img.kb-inline-image{width:150px;vertical-align:baseline;}<\/style>\n<p class=\"kt-adv-heading24717_aa0e1d-1b wp-block-kadence-advancedheading\" data-kb-block=\"kb-adv-heading24717_aa0e1d-1b\"><a href=\"https:\/\/www.francksaissi.com\/produit\/sita\/\">\u00c9dition disponible dans le store<\/a><\/p>\n\n\n\n<div style=\"height:50px\" aria-hidden=\"true\" class=\"wp-block-spacer\"><\/div>\n\n\n<style>.wp-block-kadence-advancedgallery.kb-gallery-wrap-id-24717_1c2e56-d9{padding-right:var(--global-kb-spacing-xs, 1rem);padding-left:var(--global-kb-spacing-xs, 1rem);}.kb-gallery-id-24717_1c2e56-d9.kb-gallery-ul.kb-gallery-type-fluidcarousel .kt-blocks-carousel figure .kb-gal-image-radius, .kb-gallery-id-24717_1c2e56-d9.kb-gallery-ul.kb-gallery-type-fluidcarousel .kt-blocks-carousel figure .kb-gal-image-radius img{height:450px;}.kb-gallery-id-24717_1c2e56-d9 .kadence-blocks-gallery-item .kb-gal-image-radius, .kb-gallery-id-24717_1c2e56-d9 .kb-slide-item .kb-gal-image-radius img{border-radius:0px 0px 0px 0px;;}.kb-gallery-wrap-id-24717_1c2e56-d9.wp-block-kadence-advancedgallery{overflow:visible;}.kb-gallery-wrap-id-24717_1c2e56-d9.wp-block-kadence-advancedgallery .kt-blocks-carousel{overflow:visible;max-width:100%;}<\/style><div class=\"kb-gallery-wrap-id-24717_1c2e56-d9 alignnone wp-block-kadence-advancedgallery\"><div class=\"kb-gallery-ul kb-gallery-non-static kb-gallery-type-fluidcarousel kb-gallery-id-24717_1c2e56-d9 kb-gallery-caption-style-bottom-hover kb-gallery-filter-none kb-gallery-magnific-init\" data-image-filter=\"none\" data-lightbox-caption=\"true\"><div class=\"kt-blocks-carousel splide kt-carousel-container-dotstyle-dark kt-carousel-arrowstyle-whiteondark kt-carousel-dotstyle-dark kb-slider-group-arrow kb-slider-arrow-position-center\" data-slider-anim-speed=\"400\" data-slider-scroll=\"1\" data-slider-arrows=\"true\" data-slider-dots=\"true\" data-slider-hover-pause=\"false\" data-slider-auto=\"\" data-slider-speed=\"7000\" data-slider-type=\"fluidcarousel\" data-slider-center-mode=\"true\" data-slider-gap=\"10px\" data-slider-gap-tablet=\"10px\" data-slider-gap-mobile=\"10px\" data-show-pause-button=\"false\"><div class=\"splide__track\"><ul class=\"kt-blocks-carousel-init kb-blocks-fluid-carousel splide__list\"><li class=\"kb-slide-item kb-gallery-carousel-item splide__slide\"><div class=\"kadence-blocks-gallery-item\"><div class=\"kadence-blocks-gallery-item-inner\"><figure class=\"kb-gallery-figure kb-gallery-item-has-link kadence-blocks-gallery-item-hide-caption\"><a href=\"https:\/\/www.francksaissi.com\/wp-content\/uploads\/2026\/04\/sita-gravure-1600-bal.webp\" data-alt=\"Xylogravure, Sita, gravure sur bois sur page de livre ancienne, contrecoll\u00e9e sur papier Arches, par Franck Sa\u00efssi\" class=\"kb-gallery-item-link\"   role=\"button\" aria-haspopup=\"dialog\"><div class=\"kb-gal-image-radius\"><div class=\"kb-gallery-image-contain\" ><img loading=\"lazy\" decoding=\"async\" src=\"https:\/\/www.francksaissi.com\/wp-content\/uploads\/2026\/04\/sita-gravure-1600-bal-738x1000.webp\" width=\"738\" height=\"1000\" alt=\"Xylogravure, Sita, gravure sur bois sur page de livre ancienne, contrecoll\u00e9e sur papier Arches, par Franck Sa\u00efssi\" data-full-image=\"https:\/\/www.francksaissi.com\/wp-content\/uploads\/2026\/04\/sita-gravure-1600-bal.webp\" data-light-image=\"https:\/\/www.francksaissi.com\/wp-content\/uploads\/2026\/04\/sita-gravure-1600-bal.webp\" data-id=\"24799\" class=\"wp-image-24799 skip-lazy\" srcset=\"https:\/\/www.francksaissi.com\/wp-content\/uploads\/2026\/04\/sita-gravure-1600-bal-738x1000.webp 738w, https:\/\/www.francksaissi.com\/wp-content\/uploads\/2026\/04\/sita-gravure-1600-bal-443x600.webp 443w, https:\/\/www.francksaissi.com\/wp-content\/uploads\/2026\/04\/sita-gravure-1600-bal-148x200.webp 148w, https:\/\/www.francksaissi.com\/wp-content\/uploads\/2026\/04\/sita-gravure-1600-bal-768x1041.webp 768w, https:\/\/www.francksaissi.com\/wp-content\/uploads\/2026\/04\/sita-gravure-1600-bal-1133x1536.webp 1133w, https:\/\/www.francksaissi.com\/wp-content\/uploads\/2026\/04\/sita-gravure-1600-bal-9x12.webp 9w, https:\/\/www.francksaissi.com\/wp-content\/uploads\/2026\/04\/sita-gravure-1600-bal-1000x1356.webp 1000w, https:\/\/www.francksaissi.com\/wp-content\/uploads\/2026\/04\/sita-gravure-1600-bal.webp 1180w\" sizes=\"auto, (max-width: 738px) 100vw, 738px\" \/><\/div><\/div><\/a><\/figure><\/div><\/div><\/li><li class=\"kb-slide-item kb-gallery-carousel-item splide__slide\"><div class=\"kadence-blocks-gallery-item\"><div class=\"kadence-blocks-gallery-item-inner\"><figure class=\"kb-gallery-figure kb-gallery-item-has-link kadence-blocks-gallery-item-hide-caption\"><a href=\"https:\/\/www.francksaissi.com\/wp-content\/uploads\/2026\/04\/gravures-sita-1600-bw.webp\" data-alt=\"Xylogravure, Sita, gravures sur bois sur page de livres anciennes, contrecoll\u00e9es sur papier Arches, par Franck Sa\u00efssi\" class=\"kb-gallery-item-link\"   role=\"button\" aria-haspopup=\"dialog\"><div class=\"kb-gal-image-radius\"><div class=\"kb-gallery-image-contain\" ><img loading=\"lazy\" decoding=\"async\" src=\"https:\/\/www.francksaissi.com\/wp-content\/uploads\/2026\/04\/gravures-sita-1600-bw-1000x667.webp\" width=\"1000\" height=\"667\" alt=\"Xylogravure, Sita, gravures sur bois sur page de livres anciennes, contrecoll\u00e9es sur papier Arches, par Franck Sa\u00efssi\" data-full-image=\"https:\/\/www.francksaissi.com\/wp-content\/uploads\/2026\/04\/gravures-sita-1600-bw.webp\" data-light-image=\"https:\/\/www.francksaissi.com\/wp-content\/uploads\/2026\/04\/gravures-sita-1600-bw.webp\" data-id=\"24797\" class=\"wp-image-24797 skip-lazy\" srcset=\"https:\/\/www.francksaissi.com\/wp-content\/uploads\/2026\/04\/gravures-sita-1600-bw-1000x667.webp 1000w, https:\/\/www.francksaissi.com\/wp-content\/uploads\/2026\/04\/gravures-sita-1600-bw-600x400.webp 600w, https:\/\/www.francksaissi.com\/wp-content\/uploads\/2026\/04\/gravures-sita-1600-bw-200x133.webp 200w, https:\/\/www.francksaissi.com\/wp-content\/uploads\/2026\/04\/gravures-sita-1600-bw-768x512.webp 768w, https:\/\/www.francksaissi.com\/wp-content\/uploads\/2026\/04\/gravures-sita-1600-bw-1536x1024.webp 1536w, https:\/\/www.francksaissi.com\/wp-content\/uploads\/2026\/04\/gravures-sita-1600-bw-18x12.webp 18w, https:\/\/www.francksaissi.com\/wp-content\/uploads\/2026\/04\/gravures-sita-1600-bw.webp 1600w\" sizes=\"auto, (max-width: 1000px) 100vw, 1000px\" \/><\/div><\/div><\/a><\/figure><\/div><\/div><\/li><li class=\"kb-slide-item kb-gallery-carousel-item splide__slide\"><div class=\"kadence-blocks-gallery-item\"><div class=\"kadence-blocks-gallery-item-inner\"><figure class=\"kb-gallery-figure kb-gallery-item-has-link kadence-blocks-gallery-item-hide-caption\"><a href=\"https:\/\/www.francksaissi.com\/wp-content\/uploads\/2026\/03\/gravure-sita-en-cours-franck-saissi.webp\" data-alt=\"Gravure de la matrice Sita en cours \u00e0 l&#039;atelier de Franck Sa\u00efssi\" class=\"kb-gallery-item-link\"   role=\"button\" aria-haspopup=\"dialog\"><div class=\"kb-gal-image-radius\"><div class=\"kb-gallery-image-contain\" ><img loading=\"lazy\" decoding=\"async\" src=\"https:\/\/www.francksaissi.com\/wp-content\/uploads\/2026\/03\/gravure-sita-en-cours-franck-saissi-1000x750.webp\" width=\"1000\" height=\"750\" alt=\"Gravure de la matrice Sita en cours \u00e0 l&#039;atelier de Franck Sa\u00efssi\" data-full-image=\"https:\/\/www.francksaissi.com\/wp-content\/uploads\/2026\/03\/gravure-sita-en-cours-franck-saissi.webp\" data-light-image=\"https:\/\/www.francksaissi.com\/wp-content\/uploads\/2026\/03\/gravure-sita-en-cours-franck-saissi.webp\" data-id=\"24533\" class=\"wp-image-24533 skip-lazy\" srcset=\"https:\/\/www.francksaissi.com\/wp-content\/uploads\/2026\/03\/gravure-sita-en-cours-franck-saissi-1000x750.webp 1000w, https:\/\/www.francksaissi.com\/wp-content\/uploads\/2026\/03\/gravure-sita-en-cours-franck-saissi-600x450.webp 600w, https:\/\/www.francksaissi.com\/wp-content\/uploads\/2026\/03\/gravure-sita-en-cours-franck-saissi-200x150.webp 200w, https:\/\/www.francksaissi.com\/wp-content\/uploads\/2026\/03\/gravure-sita-en-cours-franck-saissi-768x576.webp 768w, https:\/\/www.francksaissi.com\/wp-content\/uploads\/2026\/03\/gravure-sita-en-cours-franck-saissi-16x12.webp 16w, https:\/\/www.francksaissi.com\/wp-content\/uploads\/2026\/03\/gravure-sita-en-cours-franck-saissi.webp 1400w\" sizes=\"auto, (max-width: 1000px) 100vw, 1000px\" \/><\/div><\/div><\/a><\/figure><\/div><\/div><\/li><li class=\"kb-slide-item kb-gallery-carousel-item splide__slide\"><div class=\"kadence-blocks-gallery-item\"><div class=\"kadence-blocks-gallery-item-inner\"><figure class=\"kb-gallery-figure kb-gallery-item-has-link kadence-blocks-gallery-item-hide-caption\"><a href=\"https:\/\/www.francksaissi.com\/wp-content\/uploads\/2026\/03\/matrice-sita-1.webp\" data-alt=\"Matrice en peuplier de la gravure Sita, par Franck Sa\u00efssi\" class=\"kb-gallery-item-link\"   role=\"button\" aria-haspopup=\"dialog\"><div class=\"kb-gal-image-radius\"><div class=\"kb-gallery-image-contain\" ><img loading=\"lazy\" decoding=\"async\" src=\"https:\/\/www.francksaissi.com\/wp-content\/uploads\/2026\/03\/matrice-sita-1-706x1000.webp\" width=\"706\" height=\"1000\" alt=\"Matrice en peuplier de la gravure Sita, par Franck Sa\u00efssi\" data-full-image=\"https:\/\/www.francksaissi.com\/wp-content\/uploads\/2026\/03\/matrice-sita-1.webp\" data-light-image=\"https:\/\/www.francksaissi.com\/wp-content\/uploads\/2026\/03\/matrice-sita-1.webp\" data-id=\"24713\" class=\"wp-image-24713 skip-lazy\" srcset=\"https:\/\/www.francksaissi.com\/wp-content\/uploads\/2026\/03\/matrice-sita-1-706x1000.webp 706w, https:\/\/www.francksaissi.com\/wp-content\/uploads\/2026\/03\/matrice-sita-1-1000x1416.webp 1000w, https:\/\/www.francksaissi.com\/wp-content\/uploads\/2026\/03\/matrice-sita-1-424x600.webp 424w, https:\/\/www.francksaissi.com\/wp-content\/uploads\/2026\/03\/matrice-sita-1-141x200.webp 141w, https:\/\/www.francksaissi.com\/wp-content\/uploads\/2026\/03\/matrice-sita-1-768x1087.webp 768w, https:\/\/www.francksaissi.com\/wp-content\/uploads\/2026\/03\/matrice-sita-1-1085x1536.webp 1085w, https:\/\/www.francksaissi.com\/wp-content\/uploads\/2026\/03\/matrice-sita-1-8x12.webp 8w, https:\/\/www.francksaissi.com\/wp-content\/uploads\/2026\/03\/matrice-sita-1.webp 1130w\" sizes=\"auto, (max-width: 706px) 100vw, 706px\" \/><\/div><\/div><\/a><\/figure><\/div><\/div><\/li><li class=\"kb-slide-item kb-gallery-carousel-item splide__slide\"><div class=\"kadence-blocks-gallery-item\"><div class=\"kadence-blocks-gallery-item-inner\"><figure class=\"kb-gallery-figure kb-gallery-item-has-link kadence-blocks-gallery-item-hide-caption\"><a href=\"https:\/\/www.francksaissi.com\/wp-content\/uploads\/2026\/03\/matrice-sita-2.webp\" data-alt=\"Vue de la matrice en peuplier de la gravure sur bois de Sita, par Franck Sa\u00efssi\" class=\"kb-gallery-item-link\"   role=\"button\" aria-haspopup=\"dialog\"><div class=\"kb-gal-image-radius\"><div class=\"kb-gallery-image-contain\" ><img loading=\"lazy\" decoding=\"async\" src=\"https:\/\/www.francksaissi.com\/wp-content\/uploads\/2026\/03\/matrice-sita-2-1000x667.webp\" width=\"1000\" height=\"667\" alt=\"Vue de la matrice en peuplier de la gravure sur bois de Sita, par Franck Sa\u00efssi\" data-full-image=\"https:\/\/www.francksaissi.com\/wp-content\/uploads\/2026\/03\/matrice-sita-2.webp\" data-light-image=\"https:\/\/www.francksaissi.com\/wp-content\/uploads\/2026\/03\/matrice-sita-2.webp\" data-id=\"24714\" class=\"wp-image-24714 skip-lazy\" srcset=\"https:\/\/www.francksaissi.com\/wp-content\/uploads\/2026\/03\/matrice-sita-2-1000x667.webp 1000w, https:\/\/www.francksaissi.com\/wp-content\/uploads\/2026\/03\/matrice-sita-2-600x400.webp 600w, https:\/\/www.francksaissi.com\/wp-content\/uploads\/2026\/03\/matrice-sita-2-200x133.webp 200w, https:\/\/www.francksaissi.com\/wp-content\/uploads\/2026\/03\/matrice-sita-2-768x512.webp 768w, https:\/\/www.francksaissi.com\/wp-content\/uploads\/2026\/03\/matrice-sita-2-1536x1024.webp 1536w, https:\/\/www.francksaissi.com\/wp-content\/uploads\/2026\/03\/matrice-sita-2-18x12.webp 18w, https:\/\/www.francksaissi.com\/wp-content\/uploads\/2026\/03\/matrice-sita-2.webp 1600w\" sizes=\"auto, (max-width: 1000px) 100vw, 1000px\" \/><\/div><\/div><\/a><\/figure><\/div><\/div><\/li><\/ul><\/div><\/div><\/div><\/div><\/div><\/div>\n\n<\/div><\/div>\n\n\n<div style=\"height:100px\" aria-hidden=\"true\" class=\"wp-block-spacer\"><\/div>\n\n\n\n","protected":false},"excerpt":{"rendered":"<p>Gravure Sita Gravure sur bois de peuplier. Impression sur pages de livres anciens, contrecoll\u00e9es sur papier Arches 300 g. 30 exemplaires et 4 \u00e9preuves d&rsquo;artiste. \u00c9dition disponible dans le store<\/p>","protected":false},"author":34,"featured_media":0,"parent":22309,"menu_order":0,"comment_status":"closed","ping_status":"closed","template":"","meta":{"_acf_changed":false,"_kad_post_transparent":"","_kad_post_title":"","_kad_post_layout":"","_kad_post_sidebar_id":"","_kad_post_content_style":"","_kad_post_vertical_padding":"","_kad_post_feature":"","_kad_post_feature_position":"","_kad_post_header":false,"_kad_post_footer":false,"_kad_post_classname":"","iawp_total_views":8,"footnotes":""},"class_list":["post-24717","page","type-page","status-publish","hentry"],"acf":[],"_links":{"self":[{"href":"https:\/\/www.francksaissi.com\/en\/wp-json\/wp\/v2\/pages\/24717","targetHints":{"allow":["GET"]}}],"collection":[{"href":"https:\/\/www.francksaissi.com\/en\/wp-json\/wp\/v2\/pages"}],"about":[{"href":"https:\/\/www.francksaissi.com\/en\/wp-json\/wp\/v2\/types\/page"}],"author":[{"embeddable":true,"href":"https:\/\/www.francksaissi.com\/en\/wp-json\/wp\/v2\/users\/34"}],"replies":[{"embeddable":true,"href":"https:\/\/www.francksaissi.com\/en\/wp-json\/wp\/v2\/comments?post=24717"}],"version-history":[{"count":16,"href":"https:\/\/www.francksaissi.com\/en\/wp-json\/wp\/v2\/pages\/24717\/revisions"}],"predecessor-version":[{"id":24832,"href":"https:\/\/www.francksaissi.com\/en\/wp-json\/wp\/v2\/pages\/24717\/revisions\/24832"}],"up":[{"embeddable":true,"href":"https:\/\/www.francksaissi.com\/en\/wp-json\/wp\/v2\/pages\/22309"}],"wp:attachment":[{"href":"https:\/\/www.francksaissi.com\/en\/wp-json\/wp\/v2\/media?parent=24717"}],"curies":[{"name":"wp","href":"https:\/\/api.w.org\/{rel}","templated":true}]}}