{"id":22309,"date":"2026-02-12T23:05:34","date_gmt":"2026-02-12T22:05:34","guid":{"rendered":"https:\/\/www.francksaissi.com\/?page_id=22309"},"modified":"2026-04-05T19:06:54","modified_gmt":"2026-04-05T17:06:54","slug":"gravure-structure","status":"publish","type":"page","link":"https:\/\/www.francksaissi.com\/en\/gravure-structure\/","title":{"rendered":"Gravure &amp; structure"},"content":{"rendered":"<style>.kb-row-layout-id22309_8a6489-8b > .kt-row-column-wrap{align-content:start;}:where(.kb-row-layout-id22309_8a6489-8b > .kt-row-column-wrap) > .wp-block-kadence-column{justify-content:start;}.kb-row-layout-id22309_8a6489-8b > .kt-row-column-wrap{column-gap:var(--global-kb-gap-lg, 4rem);row-gap:var(--global-kb-gap-md, 2rem);max-width:1200px;margin-left:auto;margin-right:auto;padding-top:var(--global-kb-spacing-sm, 1.5rem);padding-right:0px;padding-bottom:var(--global-kb-spacing-sm, 1.5rem);padding-left:0px;grid-template-columns:repeat(2, minmax(0, 1fr));}.kb-row-layout-id22309_8a6489-8b > .kt-row-layout-overlay{opacity:0.30;}@media all and (max-width: 1024px){.kb-row-layout-id22309_8a6489-8b > .kt-row-column-wrap{grid-template-columns:repeat(2, minmax(0, 1fr));}}@media all and (max-width: 767px){.kb-row-layout-id22309_8a6489-8b > .kt-row-column-wrap{max-width:909px;margin-left:auto;margin-right:auto;grid-template-columns:minmax(0, 1fr);}}<\/style><div class=\"kb-row-layout-wrap kb-row-layout-id22309_8a6489-8b alignnone wp-block-kadence-rowlayout\"><div class=\"kt-row-column-wrap kt-has-2-columns kt-row-layout-equal kt-tab-layout-inherit kt-mobile-layout-row kt-row-valign-top\">\n<style>.kadence-column22309_ded7be-ac > .kt-inside-inner-col,.kadence-column22309_ded7be-ac > .kt-inside-inner-col:before{border-top-left-radius:0px;border-top-right-radius:0px;border-bottom-right-radius:0px;border-bottom-left-radius:0px;}.kadence-column22309_ded7be-ac > .kt-inside-inner-col{column-gap:var(--global-kb-gap-sm, 1rem);}.kadence-column22309_ded7be-ac > .kt-inside-inner-col{flex-direction:column;}.kadence-column22309_ded7be-ac > .kt-inside-inner-col > .aligncenter{width:100%;}.kadence-column22309_ded7be-ac > .kt-inside-inner-col:before{opacity:0.3;}.kadence-column22309_ded7be-ac{position:relative;}@media all and (max-width: 1024px){.kadence-column22309_ded7be-ac > .kt-inside-inner-col{flex-direction:column;justify-content:center;}}@media all and (max-width: 767px){.kadence-column22309_ded7be-ac > .kt-inside-inner-col{flex-direction:column;justify-content:center;}}\/* 1. \u00c9TAT INITIAL : IMAGE DISCR\u00c8TE ET FIXE *\/.kadence-column22309_ded7be-ac img {     filter: grayscale(30%) brightness(0.8);     opacity: 0.85;    transition: all 0.6s ease-in-out;     transform: none !important; \/* On fige l'image, interdiction de bouger *\/}\/* 2. AU SURVOL : \u00c9CLAIRCISSEMENT UNIQUEMENT *\/.kadence-column22309_ded7be-ac:hover img {     filter: grayscale(0%) brightness(1.1);     opacity: 1;    transform: none !important; \/* Toujours aucune extension *\/}\/* 3. LES TEXTES RESTENT FIXES AUSSI POUR \u00c9VITER TOUT MOUVEMENT *\/.kadence-column22309_ded7be-ac .kt-inside-inner-col, .kadence-column22309_ded7be-ac .kadence-column:last-child {     transform: none !important;    transition: none !important;}<\/style>\n<div class=\"wp-block-kadence-column kadence-column22309_ded7be-ac kb-section-has-link\"><div class=\"kt-inside-inner-col\"><style>.wp-block-kadence-advancedheading.kt-adv-heading22309_3676c7-f3, .wp-block-kadence-advancedheading.kt-adv-heading22309_3676c7-f3[data-kb-block=\"kb-adv-heading22309_3676c7-f3\"]{margin-top:var(--global-kb-spacing-lg, 3rem);text-align:center;font-size:var(--global-kb-font-size-lg, 2rem);font-style:normal;color:#888888;}.wp-block-kadence-advancedheading.kt-adv-heading22309_3676c7-f3 mark.kt-highlight, .wp-block-kadence-advancedheading.kt-adv-heading22309_3676c7-f3[data-kb-block=\"kb-adv-heading22309_3676c7-f3\"] mark.kt-highlight{font-style:normal;color:#f76a0c;-webkit-box-decoration-break:clone;box-decoration-break:clone;padding-top:0px;padding-right:0px;padding-bottom:0px;padding-left:0px;}.wp-block-kadence-advancedheading.kt-adv-heading22309_3676c7-f3 img.kb-inline-image, .wp-block-kadence-advancedheading.kt-adv-heading22309_3676c7-f3[data-kb-block=\"kb-adv-heading22309_3676c7-f3\"] img.kb-inline-image{width:150px;vertical-align:baseline;}<\/style>\n<h2 class=\"kt-adv-heading22309_3676c7-f3 wp-block-kadence-advancedheading\" data-kb-block=\"kb-adv-heading22309_3676c7-f3\">gravure<\/h2>\n\n\n\n<div style=\"height:50px\" aria-hidden=\"true\" class=\"wp-block-spacer\"><\/div>\n\n\n<style>.kb-image22309_4d3a71-e9 .kb-image-has-overlay:after{opacity:0.3;}.kb-image22309_4d3a71-e9 img.kb-img, .kb-image22309_4d3a71-e9 .kb-img img{object-position:49% 35%;}<\/style>\n<figure class=\"wp-block-kadence-image kb-image22309_4d3a71-e9 size-large kb-image-is-ratio-size\"><div class=\"kb-is-ratio-image kb-image-ratio-square\"><img loading=\"lazy\" decoding=\"async\" width=\"1000\" height=\"750\" src=\"https:\/\/www.francksaissi.com\/wp-content\/uploads\/2026\/03\/gravure-sita-en-cours-franck-saissi-1000x750.webp\" alt=\"Gravure de la matrice Sita en cours \u00e0 l'atelier de Franck Sa\u00efssi\" class=\"kb-img wp-image-24533\" srcset=\"https:\/\/www.francksaissi.com\/wp-content\/uploads\/2026\/03\/gravure-sita-en-cours-franck-saissi-1000x750.webp 1000w, https:\/\/www.francksaissi.com\/wp-content\/uploads\/2026\/03\/gravure-sita-en-cours-franck-saissi-600x450.webp 600w, https:\/\/www.francksaissi.com\/wp-content\/uploads\/2026\/03\/gravure-sita-en-cours-franck-saissi-200x150.webp 200w, https:\/\/www.francksaissi.com\/wp-content\/uploads\/2026\/03\/gravure-sita-en-cours-franck-saissi-768x576.webp 768w, https:\/\/www.francksaissi.com\/wp-content\/uploads\/2026\/03\/gravure-sita-en-cours-franck-saissi-16x12.webp 16w, https:\/\/www.francksaissi.com\/wp-content\/uploads\/2026\/03\/gravure-sita-en-cours-franck-saissi.webp 1400w\" sizes=\"auto, (max-width: 1000px) 100vw, 1000px\" \/><\/div><\/figure>\n\n\n\n<div style=\"height:5px\" aria-hidden=\"true\" class=\"wp-block-spacer\"><\/div>\n\n\n<style>.wp-block-kadence-advancedheading.kt-adv-heading22309_e3b439-4f_0, .wp-block-kadence-advancedheading.kt-adv-heading22309_e3b439-4f_0[data-kb-block=\"kb-adv-heading22309_e3b439-4f_0\"]{text-align:center;font-style:normal;}.wp-block-kadence-advancedheading.kt-adv-heading22309_e3b439-4f_0 mark.kt-highlight, .wp-block-kadence-advancedheading.kt-adv-heading22309_e3b439-4f_0[data-kb-block=\"kb-adv-heading22309_e3b439-4f_0\"] mark.kt-highlight{font-style:normal;color:#f76a0c;-webkit-box-decoration-break:clone;box-decoration-break:clone;padding-top:0px;padding-right:0px;padding-bottom:0px;padding-left:0px;}.wp-block-kadence-advancedheading.kt-adv-heading22309_e3b439-4f_0 img.kb-inline-image, .wp-block-kadence-advancedheading.kt-adv-heading22309_e3b439-4f_0[data-kb-block=\"kb-adv-heading22309_e3b439-4f_0\"] img.kb-inline-image{width:150px;vertical-align:baseline;}<\/style>\n<p class=\"kt-adv-heading22309_e3b439-4f_0 wp-block-kadence-advancedheading\" data-kb-block=\"kb-adv-heading22309_e3b439-4f_0\">BOIS DE PEUPLIER \u2022 XYLOGRAVURE <\/p>\n\n\n\n<div style=\"height:10px\" aria-hidden=\"true\" class=\"wp-block-spacer\"><\/div>\n\n\n<style>.wp-block-kadence-advancedheading.kt-adv-heading22309_073fbf-67_0, .wp-block-kadence-advancedheading.kt-adv-heading22309_073fbf-67_0[data-kb-block=\"kb-adv-heading22309_073fbf-67_0\"]{text-align:center;font-style:normal;}.wp-block-kadence-advancedheading.kt-adv-heading22309_073fbf-67_0 mark.kt-highlight, .wp-block-kadence-advancedheading.kt-adv-heading22309_073fbf-67_0[data-kb-block=\"kb-adv-heading22309_073fbf-67_0\"] mark.kt-highlight{font-style:normal;color:#f76a0c;-webkit-box-decoration-break:clone;box-decoration-break:clone;padding-top:0px;padding-right:0px;padding-bottom:0px;padding-left:0px;}.wp-block-kadence-advancedheading.kt-adv-heading22309_073fbf-67_0 img.kb-inline-image, .wp-block-kadence-advancedheading.kt-adv-heading22309_073fbf-67_0[data-kb-block=\"kb-adv-heading22309_073fbf-67_0\"] img.kb-inline-image{width:150px;vertical-align:baseline;}<\/style>\n<p class=\"kt-adv-heading22309_073fbf-67_0 wp-block-kadence-advancedheading\" data-kb-block=\"kb-adv-heading22309_073fbf-67_0\">[ Entrer ] <\/p>\n<\/div><a href=\"https:\/\/www.francksaissi.com\/gravures\" class=\"kb-section-link-overlay\" aria-label=\"Gravures\"><\/a><\/div>\n\n\n<style>.kadence-column22309_929c37-7c > .kt-inside-inner-col,.kadence-column22309_929c37-7c > .kt-inside-inner-col:before{border-top-left-radius:0px;border-top-right-radius:0px;border-bottom-right-radius:0px;border-bottom-left-radius:0px;}.kadence-column22309_929c37-7c > .kt-inside-inner-col{column-gap:var(--global-kb-gap-sm, 1rem);}.kadence-column22309_929c37-7c > .kt-inside-inner-col{flex-direction:column;}.kadence-column22309_929c37-7c > .kt-inside-inner-col > .aligncenter{width:100%;}.kadence-column22309_929c37-7c > .kt-inside-inner-col:before{opacity:0.3;}.kadence-column22309_929c37-7c{position:relative;}@media all and (max-width: 1024px){.kadence-column22309_929c37-7c > .kt-inside-inner-col{flex-direction:column;justify-content:center;}}@media all and (max-width: 767px){.kadence-column22309_929c37-7c > .kt-inside-inner-col{flex-direction:column;justify-content:center;}}\/* 1. \u00c9TAT INITIAL : IMAGE DISCR\u00c8TE ET FIXE *\/.kadence-column22309_929c37-7c img {     filter: grayscale(30%) brightness(0.8);     opacity: 0.85;    transition: all 0.6s ease-in-out;     transform: none !important; \/* On fige l'image, interdiction de bouger *\/}\/* 2. AU SURVOL : \u00c9CLAIRCISSEMENT UNIQUEMENT *\/.kadence-column22309_929c37-7c:hover img {     filter: grayscale(0%) brightness(1.1);     opacity: 1;    transform: none !important; \/* Toujours aucune extension *\/}\/* 3. LES TEXTES RESTENT FIXES AUSSI POUR \u00c9VITER TOUT MOUVEMENT *\/.kadence-column22309_929c37-7c .kt-inside-inner-col, .kadence-column22309_929c37-7c .kadence-column:last-child {     transform: none !important;    transition: none !important;}<\/style>\n<div class=\"wp-block-kadence-column kadence-column22309_929c37-7c kb-section-has-link\"><div class=\"kt-inside-inner-col\"><style>.wp-block-kadence-advancedheading.kt-adv-heading22309_6c8db5-ec, .wp-block-kadence-advancedheading.kt-adv-heading22309_6c8db5-ec[data-kb-block=\"kb-adv-heading22309_6c8db5-ec\"]{margin-top:var(--global-kb-spacing-lg, 3rem);text-align:center;font-size:var(--global-kb-font-size-lg, 2rem);font-style:normal;color:#888888;}.wp-block-kadence-advancedheading.kt-adv-heading22309_6c8db5-ec mark.kt-highlight, .wp-block-kadence-advancedheading.kt-adv-heading22309_6c8db5-ec[data-kb-block=\"kb-adv-heading22309_6c8db5-ec\"] mark.kt-highlight{font-style:normal;color:#f76a0c;-webkit-box-decoration-break:clone;box-decoration-break:clone;padding-top:0px;padding-right:0px;padding-bottom:0px;padding-left:0px;}.wp-block-kadence-advancedheading.kt-adv-heading22309_6c8db5-ec img.kb-inline-image, .wp-block-kadence-advancedheading.kt-adv-heading22309_6c8db5-ec[data-kb-block=\"kb-adv-heading22309_6c8db5-ec\"] img.kb-inline-image{width:150px;vertical-align:baseline;}<\/style>\n<h2 class=\"kt-adv-heading22309_6c8db5-ec wp-block-kadence-advancedheading\" data-kb-block=\"kb-adv-heading22309_6c8db5-ec\">structure<\/h2>\n\n\n\n<div style=\"height:50px\" aria-hidden=\"true\" class=\"wp-block-spacer\"><\/div>\n\n\n<style>.kb-image22309_cd2772-70 .kb-image-has-overlay:after{opacity:1;mix-blend-mode:normal;}<\/style>\n<figure class=\"wp-block-kadence-image kb-image22309_cd2772-70 size-large kb-image-is-ratio-size\"><div class=\"kb-is-ratio-image kb-image-ratio-square\"><img loading=\"lazy\" decoding=\"async\" width=\"1000\" height=\"908\" src=\"https:\/\/www.francksaissi.com\/wp-content\/uploads\/2026\/04\/plaque-corten-detail-1000x908.webp\" alt=\"D\u00e9tail de la plaque de corten d\u00e9coup\u00e9e\" class=\"kb-img wp-image-24803\" srcset=\"https:\/\/www.francksaissi.com\/wp-content\/uploads\/2026\/04\/plaque-corten-detail-1000x908.webp 1000w, https:\/\/www.francksaissi.com\/wp-content\/uploads\/2026\/04\/plaque-corten-detail-600x545.webp 600w, https:\/\/www.francksaissi.com\/wp-content\/uploads\/2026\/04\/plaque-corten-detail-200x182.webp 200w, https:\/\/www.francksaissi.com\/wp-content\/uploads\/2026\/04\/plaque-corten-detail-768x697.webp 768w, https:\/\/www.francksaissi.com\/wp-content\/uploads\/2026\/04\/plaque-corten-detail-1536x1395.webp 1536w, https:\/\/www.francksaissi.com\/wp-content\/uploads\/2026\/04\/plaque-corten-detail-13x12.webp 13w, https:\/\/www.francksaissi.com\/wp-content\/uploads\/2026\/04\/plaque-corten-detail.webp 1600w\" sizes=\"auto, (max-width: 1000px) 100vw, 1000px\" \/><\/div><\/figure>\n\n\n\n<div style=\"height:5px\" aria-hidden=\"true\" class=\"wp-block-spacer\"><\/div>\n\n\n<style>.wp-block-kadence-advancedheading.kt-adv-heading22309_8f17c4-2e_0, .wp-block-kadence-advancedheading.kt-adv-heading22309_8f17c4-2e_0[data-kb-block=\"kb-adv-heading22309_8f17c4-2e_0\"]{text-align:center;font-style:normal;}.wp-block-kadence-advancedheading.kt-adv-heading22309_8f17c4-2e_0 mark.kt-highlight, .wp-block-kadence-advancedheading.kt-adv-heading22309_8f17c4-2e_0[data-kb-block=\"kb-adv-heading22309_8f17c4-2e_0\"] mark.kt-highlight{font-style:normal;color:#f76a0c;-webkit-box-decoration-break:clone;box-decoration-break:clone;padding-top:0px;padding-right:0px;padding-bottom:0px;padding-left:0px;}.wp-block-kadence-advancedheading.kt-adv-heading22309_8f17c4-2e_0 img.kb-inline-image, .wp-block-kadence-advancedheading.kt-adv-heading22309_8f17c4-2e_0[data-kb-block=\"kb-adv-heading22309_8f17c4-2e_0\"] img.kb-inline-image{width:150px;vertical-align:baseline;}<\/style>\n<p class=\"kt-adv-heading22309_8f17c4-2e_0 wp-block-kadence-advancedheading\" data-kb-block=\"kb-adv-heading22309_8f17c4-2e_0\">ACIER CORTEN \u2022 D\u00c9COUPE LASER<\/p>\n\n\n\n<div style=\"height:10px\" aria-hidden=\"true\" class=\"wp-block-spacer\"><\/div>\n\n\n<style>.wp-block-kadence-advancedheading.kt-adv-heading22309_d7d94e-84_0, .wp-block-kadence-advancedheading.kt-adv-heading22309_d7d94e-84_0[data-kb-block=\"kb-adv-heading22309_d7d94e-84_0\"]{text-align:center;font-style:normal;}.wp-block-kadence-advancedheading.kt-adv-heading22309_d7d94e-84_0 mark.kt-highlight, .wp-block-kadence-advancedheading.kt-adv-heading22309_d7d94e-84_0[data-kb-block=\"kb-adv-heading22309_d7d94e-84_0\"] mark.kt-highlight{font-style:normal;color:#f76a0c;-webkit-box-decoration-break:clone;box-decoration-break:clone;padding-top:0px;padding-right:0px;padding-bottom:0px;padding-left:0px;}.wp-block-kadence-advancedheading.kt-adv-heading22309_d7d94e-84_0 img.kb-inline-image, .wp-block-kadence-advancedheading.kt-adv-heading22309_d7d94e-84_0[data-kb-block=\"kb-adv-heading22309_d7d94e-84_0\"] img.kb-inline-image{width:150px;vertical-align:baseline;}<\/style>\n<p class=\"kt-adv-heading22309_d7d94e-84_0 wp-block-kadence-advancedheading\" data-kb-block=\"kb-adv-heading22309_d7d94e-84_0\">[ ENTRER ] <\/p>\n<\/div><a href=\"https:\/\/www.francksaissi.com\/structures\/\" class=\"kb-section-link-overlay\" aria-label=\"Structures\"><\/a><\/div>\n\n<\/div><\/div>\n\n\n<div style=\"height:160px\" aria-hidden=\"true\" class=\"wp-block-spacer\"><\/div>\n","protected":false},"excerpt":{"rendered":"<p>gravure BOIS DE PEUPLIER \u2022 XYLOGRAVURE [ Entrer ] structure ACIER CORTEN \u2022 D\u00c9COUPE LASER [ ENTRER ]<\/p>\n","protected":false},"author":34,"featured_media":24803,"parent":0,"menu_order":0,"comment_status":"closed","ping_status":"closed","template":"","meta":{"_acf_changed":false,"_kad_post_transparent":"","_kad_post_title":"","_kad_post_layout":"","_kad_post_sidebar_id":"","_kad_post_content_style":"","_kad_post_vertical_padding":"","_kad_post_feature":"","_kad_post_feature_position":"","_kad_post_header":false,"_kad_post_footer":false,"_kad_post_classname":"","iawp_total_views":95,"footnotes":""},"class_list":["post-22309","page","type-page","status-publish","has-post-thumbnail","hentry"],"acf":[],"_links":{"self":[{"href":"https:\/\/www.francksaissi.com\/en\/wp-json\/wp\/v2\/pages\/22309","targetHints":{"allow":["GET"]}}],"collection":[{"href":"https:\/\/www.francksaissi.com\/en\/wp-json\/wp\/v2\/pages"}],"about":[{"href":"https:\/\/www.francksaissi.com\/en\/wp-json\/wp\/v2\/types\/page"}],"author":[{"embeddable":true,"href":"https:\/\/www.francksaissi.com\/en\/wp-json\/wp\/v2\/users\/34"}],"replies":[{"embeddable":true,"href":"https:\/\/www.francksaissi.com\/en\/wp-json\/wp\/v2\/comments?post=22309"}],"version-history":[{"count":52,"href":"https:\/\/www.francksaissi.com\/en\/wp-json\/wp\/v2\/pages\/22309\/revisions"}],"predecessor-version":[{"id":24805,"href":"https:\/\/www.francksaissi.com\/en\/wp-json\/wp\/v2\/pages\/22309\/revisions\/24805"}],"wp:featuredmedia":[{"embeddable":true,"href":"https:\/\/www.francksaissi.com\/en\/wp-json\/wp\/v2\/media\/24803"}],"wp:attachment":[{"href":"https:\/\/www.francksaissi.com\/en\/wp-json\/wp\/v2\/media?parent=22309"}],"curies":[{"name":"wp","href":"https:\/\/api.w.org\/{rel}","templated":true}]}}