{"id":19663,"date":"2025-10-04T00:51:39","date_gmt":"2025-10-03T22:51:39","guid":{"rendered":"https:\/\/www.francksaissi.com\/?page_id=19663"},"modified":"2026-03-26T22:07:32","modified_gmt":"2026-03-26T21:07:32","slug":"editions-store","status":"publish","type":"page","link":"https:\/\/www.francksaissi.com\/en\/editions-store\/","title":{"rendered":"\u00c9ditions &#8211; store"},"content":{"rendered":"<style>.kb-row-layout-wrap.wp-block-kadence-rowlayout.kb-row-layout-id19663_d4cd52-3d{margin-bottom:0px;}.kb-row-layout-id19663_d4cd52-3d > .kt-row-column-wrap{align-content:start;}:where(.kb-row-layout-id19663_d4cd52-3d > .kt-row-column-wrap) > .wp-block-kadence-column{justify-content:start;}.kb-row-layout-id19663_d4cd52-3d > .kt-row-column-wrap{column-gap:var(--global-kb-gap-md, 2rem);row-gap:var(--global-kb-gap-md, 2rem);padding-top:0px;padding-bottom:var(--global-kb-spacing-md, 2rem);grid-template-columns:minmax(0, 1fr);}.kb-row-layout-id19663_d4cd52-3d > .kt-row-layout-overlay{opacity:0.30;}@media all and (max-width: 1024px){.kb-row-layout-id19663_d4cd52-3d > .kt-row-column-wrap{grid-template-columns:minmax(0, 1fr);}}@media all and (max-width: 767px){.kb-row-layout-id19663_d4cd52-3d > .kt-row-column-wrap{grid-template-columns:minmax(0, 1fr);}}<\/style><div class=\"kb-row-layout-wrap kb-row-layout-id19663_d4cd52-3d alignnone wp-block-kadence-rowlayout\"><div class=\"kt-row-column-wrap kt-has-1-columns kt-row-layout-equal kt-tab-layout-inherit kt-mobile-layout-row kt-row-valign-top\">\n<style>.kadence-column19663_416740-6f > .kt-inside-inner-col,.kadence-column19663_416740-6f > .kt-inside-inner-col:before{border-top-left-radius:0px;border-top-right-radius:0px;border-bottom-right-radius:0px;border-bottom-left-radius:0px;}.kadence-column19663_416740-6f > .kt-inside-inner-col{column-gap:var(--global-kb-gap-sm, 1rem);}.kadence-column19663_416740-6f > .kt-inside-inner-col{flex-direction:column;}.kadence-column19663_416740-6f > .kt-inside-inner-col > .aligncenter{width:100%;}.kadence-column19663_416740-6f > .kt-inside-inner-col:before{opacity:0.3;}.kadence-column19663_416740-6f{position:relative;}@media all and (max-width: 1024px){.kadence-column19663_416740-6f > .kt-inside-inner-col{flex-direction:column;justify-content:center;}}@media all and (max-width: 767px){.kadence-column19663_416740-6f > .kt-inside-inner-col{flex-direction:column;justify-content:center;}}<\/style>\n<div class=\"wp-block-kadence-column kadence-column19663_416740-6f\"><div class=\"kt-inside-inner-col\"><style>.wp-block-kadence-advancedheading.kt-adv-heading19663_abd07f-9e, .wp-block-kadence-advancedheading.kt-adv-heading19663_abd07f-9e[data-kb-block=\"kb-adv-heading19663_abd07f-9e\"]{text-align:center;font-size:var(--global-kb-font-size-xxl, 4rem);font-style:normal;color:#a9a9a9;}.wp-block-kadence-advancedheading.kt-adv-heading19663_abd07f-9e mark.kt-highlight, .wp-block-kadence-advancedheading.kt-adv-heading19663_abd07f-9e[data-kb-block=\"kb-adv-heading19663_abd07f-9e\"] mark.kt-highlight{font-style:normal;color:#f76a0c;-webkit-box-decoration-break:clone;box-decoration-break:clone;padding-top:0px;padding-right:0px;padding-bottom:0px;padding-left:0px;}.wp-block-kadence-advancedheading.kt-adv-heading19663_abd07f-9e img.kb-inline-image, .wp-block-kadence-advancedheading.kt-adv-heading19663_abd07f-9e[data-kb-block=\"kb-adv-heading19663_abd07f-9e\"] img.kb-inline-image{width:150px;vertical-align:baseline;}.wp-block-kadence-advancedheading.kt-adv-heading19663_abd07f-9e[data-kb-block=\"kb-adv-heading19663_abd07f-9e\"] a, a.kb-advanced-heading-link.kt-adv-heading-link19663_abd07f-9e{text-decoration:none;}<\/style>\n<a href=\"https:\/\/www.francksaissi.com\/store\/\" class=\"kb-advanced-heading-link kt-adv-heading-link19663_abd07f-9e hls-none\"><h1 class=\"kt-adv-heading19663_abd07f-9e wp-block-kadence-advancedheading\" data-kb-block=\"kb-adv-heading19663_abd07f-9e\">Store<\/h1><\/a>\n<\/div><\/div>\n\n<\/div><\/div>\n\n<style>.kb-row-layout-id19663_dcc9bb-e3 > .kt-row-column-wrap{align-content:start;}:where(.kb-row-layout-id19663_dcc9bb-e3 > .kt-row-column-wrap) > .wp-block-kadence-column{justify-content:start;}.kb-row-layout-id19663_dcc9bb-e3 > .kt-row-column-wrap{column-gap:var(--global-kb-gap-md, 2rem);row-gap:var(--global-kb-gap-md, 2rem);max-width:var( --global-content-width, 1290px );padding-left:var(--global-content-edge-padding);padding-right:var(--global-content-edge-padding);padding-top:var(--global-kb-spacing-lg, 3rem);padding-bottom:var(--global-kb-spacing-lg, 3rem);grid-template-columns:minmax(0, 1fr);}.kb-row-layout-id19663_dcc9bb-e3 > .kt-row-layout-overlay{opacity:0.30;}@media all and (max-width: 1024px){.kb-row-layout-id19663_dcc9bb-e3 > .kt-row-column-wrap{grid-template-columns:minmax(0, 1fr);}}@media all and (max-width: 767px){.kb-row-layout-id19663_dcc9bb-e3 > .kt-row-column-wrap{grid-template-columns:minmax(0, 1fr);}}<\/style><div class=\"kb-row-layout-wrap kb-row-layout-id19663_dcc9bb-e3 alignnone wp-block-kadence-rowlayout\"><div class=\"kt-row-column-wrap kt-has-1-columns kt-row-layout-equal kt-tab-layout-inherit kt-mobile-layout-row kt-row-valign-top kb-theme-content-width\">\n<style>.kadence-column19663_b03be3-00 > .kt-inside-inner-col{display:flex;}.kadence-column19663_b03be3-00 > .kt-inside-inner-col,.kadence-column19663_b03be3-00 > .kt-inside-inner-col:before{border-top-left-radius:0px;border-top-right-radius:0px;border-bottom-right-radius:0px;border-bottom-left-radius:0px;}.kadence-column19663_b03be3-00 > .kt-inside-inner-col{column-gap:var(--global-kb-gap-sm, 1rem);}.kadence-column19663_b03be3-00 > .kt-inside-inner-col{flex-direction:column;align-items:center;}.kadence-column19663_b03be3-00 > .kt-inside-inner-col > .kb-image-is-ratio-size{align-self:stretch;}.kadence-column19663_b03be3-00 > .kt-inside-inner-col > .wp-block-kadence-advancedgallery{align-self:stretch;}.kadence-column19663_b03be3-00 > .kt-inside-inner-col > .aligncenter{width:100%;}.kadence-column19663_b03be3-00 > .kt-inside-inner-col:before{opacity:0.3;}.kadence-column19663_b03be3-00{text-align:center;}.kadence-column19663_b03be3-00{position:relative;}@media all and (max-width: 1024px){.kadence-column19663_b03be3-00 > .kt-inside-inner-col{flex-direction:column;justify-content:center;align-items:center;}}@media all and (max-width: 767px){.kadence-column19663_b03be3-00 > .kt-inside-inner-col{flex-direction:column;justify-content:center;align-items:center;}}<\/style>\n<div class=\"wp-block-kadence-column kadence-column19663_b03be3-00\"><div class=\"kt-inside-inner-col\"><style>.wp-block-kadence-navigation18970-cpt-id{--kb-nav-dropdown-border-top-left-radius:0px;--kb-nav-dropdown-border-top-right-radius:0px;--kb-nav-dropdown-border-bottom-right-radius:0px;--kb-nav-dropdown-border-bottom-left-radius:0px;--kb-nav-dropdown-border-radius-top:0px;--kb-nav-dropdown-border-radius-right:0px;--kb-nav-dropdown-border-radius-bottom:0px;--kb-nav-dropdown-border-radius-left:0px;--kb-nav-column-gap:1.5em;--kb-nav-dropdown-toggle-border-left:var(--kb-nav-link-border-left);--kb-nav-top-not-last-link-border-bottom:var(--kb-nav-link-border-bottom);}.header-desktop-transparent .wp-block-kadence-navigation18970-cpt-id{--kb-nav-dropdown-toggle-border-left:var(--kb-nav-link-border-left);--kb-nav-top-not-last-link-border-bottom:var(--kb-nav-link-border-bottom);}.item-is-stuck .wp-block-kadence-navigation18970-cpt-id{--kb-nav-dropdown-toggle-border-left:var(--kb-nav-link-border-left);--kb-nav-top-not-last-link-border-bottom:var(--kb-nav-link-border-bottom);}.wp-block-kadence-navigation18970-cpt-id{--kb-nav-top-link-color:#999999;--kb-nav-top-link-color-hover:#444444;--kb-nav-top-link-color-active:#1a1a1a;}.wp-block-kadence-navigation18970-cpt-id > .navigation > .menu-container > .menu > .wp-block-kadence-navigation-link > .kb-link-wrap{letter-spacing:0rem;font-family:Montserrat;font-weight:500;}@media all and (max-width: 1024px){.wp-block-kadence-navigation18970-cpt-id{--kb-nav-dropdown-toggle-border-left:var(--kb-nav-link-border-left);--kb-nav-top-not-last-link-border-bottom:var(--kb-nav-link-border-bottom);}}@media all and (max-width: 1024px){.header-tablet-transparent .wp-block-kadence-navigation18970-cpt-id{--kb-nav-dropdown-toggle-border-left:var(--kb-nav-link-border-left);--kb-nav-top-not-last-link-border-bottom:var(--kb-nav-link-border-bottom);}}@media all and (max-width: 1024px){.item-is-stuck .wp-block-kadence-navigation18970-cpt-id{--kb-nav-dropdown-toggle-border-left:var(--kb-nav-link-border-left);--kb-nav-top-not-last-link-border-bottom:var(--kb-nav-link-border-bottom);}}@media all and (max-width: 767px){.wp-block-kadence-navigation18970-cpt-id{--kb-nav-dropdown-toggle-border-left:var(--kb-nav-link-border-left);--kb-nav-top-not-last-link-border-bottom:var(--kb-nav-link-border-bottom);}.header-mobile-transparent .wp-block-kadence-navigation18970-cpt-id{--kb-nav-dropdown-toggle-border-left:var(--kb-nav-link-border-left);--kb-nav-top-not-last-link-border-bottom:var(--kb-nav-link-border-bottom);}.item-is-stuck .wp-block-kadence-navigation18970-cpt-id{--kb-nav-dropdown-toggle-border-left:var(--kb-nav-link-border-left);--kb-nav-top-not-last-link-border-bottom:var(--kb-nav-link-border-bottom);}}<\/style><div class=\"wp-block-kadence-navigation18970-cpt-id kb-nav-desktop-horizontal-layout-standard kb-nav-tablet-horizontal-layout-standard kb-nav-mobile-horizontal-layout-standard navigation-desktop-layout-fill-stretch-false navigation-tablet-layout-fill-stretch-false navigation-mobile-layout-fill-stretch-false navigation-desktop-orientation-horizontal navigation-tablet-orientation-horizontal navigation-mobile-orientation-horizontal wp-block-kadence-navigation\" data-scroll-spy=\"\"><nav class=\"navigation navigation-desktop-style-underline navigation-tablet-style-underline navigation-mobile-style-underline navigation-desktop-dropdown-animation-none navigation-tablet-dropdown-animation-none navigation-mobile-dropdown-animation-none navigation-desktop-collapse-sub-menus-true navigation-tablet-collapse-sub-menus-true navigation-mobile-collapse-sub-menus-true navigation-desktop-parent-toggles-menus-false navigation-tablet-parent-toggles-menus-false navigation-mobile-parent-toggles-menus-false navigation-desktop-parent-active-false navigation-tablet-parent-active-false navigation-mobile-parent-active-false\"><div class=\"menu-container\"><ul class=\"kb-navigation menu collapse-sub-nav-desktop-true collapse-sub-nav-tablet-true collapse-sub-nav-mobile-true\">\n<style>.kb-nav-link-t4hoyvu1f > .kb-link-wrap.kb-link-wrap.kb-link-wrap.kb-link-wrap{--kb-nav-link-highlight-order:3;--kb-nav-link-highlight-icon-order:3;}.kb-nav-link-t4hoyvu1f > .kb-link-wrap.kb-link-wrap.kb-link-wrap.kb-link-wrap{--kb-nav-link-media-max-width:px;}<\/style><li class=\"wp-block-kadence-navigation-link kb-nav-link-t4hoyvu1f menu-item wp-block-kadence-navigation-link\"><div class=\"kb-link-wrap\"><a class=\"kb-nav-link-content\" href=\"https:\/\/www.francksaissi.com\/en\/store\/\">Index<\/a><\/div><\/li>\n\n<style>.kb-nav-link-18970_b56ae2-5a > .kb-link-wrap.kb-link-wrap.kb-link-wrap.kb-link-wrap{--kb-nav-link-highlight-order:3;--kb-nav-link-highlight-icon-order:3;}.kb-nav-link-18970_b56ae2-5a > .kb-link-wrap.kb-link-wrap.kb-link-wrap.kb-link-wrap{--kb-nav-link-media-max-width:px;}<\/style><li class=\"wp-block-kadence-navigation-link kb-nav-link-18970_b56ae2-5a menu-item wp-block-kadence-navigation-link\"><div class=\"kb-link-wrap\"><a class=\"kb-nav-link-content\" href=\"https:\/\/www.francksaissi.com\/store-peintures\/\">Peintures<\/a><\/div><\/li>\n\n<style>.kb-nav-link-ixjcjux12 > .kb-link-wrap.kb-link-wrap.kb-link-wrap.kb-link-wrap{--kb-nav-link-highlight-order:3;--kb-nav-link-highlight-icon-order:3;}.kb-nav-link-ixjcjux12 > .kb-link-wrap.kb-link-wrap.kb-link-wrap.kb-link-wrap{--kb-nav-link-media-max-width:px;}<\/style><li class=\"wp-block-kadence-navigation-link kb-nav-link-ixjcjux12 menu-item wp-block-kadence-navigation-link\"><div class=\"kb-link-wrap\"><a class=\"kb-nav-link-content\" href=\"https:\/\/www.francksaissi.com\/en\/dessins-store\/\">Dessins<\/a><\/div><\/li>\n\n<style>.kb-nav-link-18970_ab67f2-bd > .kb-link-wrap.kb-link-wrap.kb-link-wrap.kb-link-wrap{--kb-nav-link-highlight-order:3;--kb-nav-link-highlight-icon-order:3;}.kb-nav-link-18970_ab67f2-bd > .kb-link-wrap.kb-link-wrap.kb-link-wrap.kb-link-wrap{--kb-nav-link-media-max-width:px;}<\/style><li class=\"wp-block-kadence-navigation-link kb-nav-link-18970_ab67f2-bd menu-item wp-block-kadence-navigation-link\"><div class=\"kb-link-wrap\"><a class=\"kb-nav-link-content\" href=\"https:\/\/www.francksaissi.com\/editions-store\/\">\u00c9ditions<\/a><\/div><\/li>\n<\/ul><\/div><\/nav><\/div><\/div><\/div>\n\n<\/div><\/div>\n\n<style>.kb-row-layout-id19663_5e69f7-c7 > .kt-row-column-wrap{align-content:start;}:where(.kb-row-layout-id19663_5e69f7-c7 > .kt-row-column-wrap) > .wp-block-kadence-column{justify-content:start;}.kb-row-layout-id19663_5e69f7-c7 > .kt-row-column-wrap{column-gap:var(--global-kb-gap-md, 2rem);row-gap:var(--global-kb-gap-md, 2rem);max-width:var( --global-content-width, 1290px );padding-left:var(--global-content-edge-padding);padding-right:var(--global-content-edge-padding);padding-top:var(--global-kb-spacing-sm, 1.5rem);padding-bottom:var(--global-kb-spacing-sm, 1.5rem);grid-template-columns:minmax(0, 1fr);}.kb-row-layout-id19663_5e69f7-c7 > .kt-row-layout-overlay{opacity:0.30;}@media all and (max-width: 1024px){.kb-row-layout-id19663_5e69f7-c7 > .kt-row-column-wrap{grid-template-columns:minmax(0, 1fr);}}@media all and (max-width: 767px){.kb-row-layout-id19663_5e69f7-c7 > .kt-row-column-wrap{grid-template-columns:minmax(0, 1fr);}}<\/style><div class=\"kb-row-layout-wrap kb-row-layout-id19663_5e69f7-c7 alignnone wp-block-kadence-rowlayout\"><div class=\"kt-row-column-wrap kt-has-1-columns kt-row-layout-equal kt-tab-layout-inherit kt-mobile-layout-row kt-row-valign-top kb-theme-content-width\">\n<style>.kadence-column19663_c1fcd2-de > .kt-inside-inner-col,.kadence-column19663_c1fcd2-de > .kt-inside-inner-col:before{border-top-left-radius:0px;border-top-right-radius:0px;border-bottom-right-radius:0px;border-bottom-left-radius:0px;}.kadence-column19663_c1fcd2-de > .kt-inside-inner-col{column-gap:var(--global-kb-gap-sm, 1rem);}.kadence-column19663_c1fcd2-de > .kt-inside-inner-col{flex-direction:column;}.kadence-column19663_c1fcd2-de > .kt-inside-inner-col > .aligncenter{width:100%;}.kadence-column19663_c1fcd2-de > .kt-inside-inner-col:before{opacity:0.3;}.kadence-column19663_c1fcd2-de{position:relative;}@media all and (max-width: 1024px){.kadence-column19663_c1fcd2-de > .kt-inside-inner-col{flex-direction:column;justify-content:center;}}@media all and (max-width: 767px){.kadence-column19663_c1fcd2-de > .kt-inside-inner-col{flex-direction:column;justify-content:center;}}<\/style>\n<div class=\"wp-block-kadence-column kadence-column19663_c1fcd2-de\"><div class=\"kt-inside-inner-col\"><div class=\"woocommerce columns-3 \"><ul class=\"products content-wrap product-archive grid-cols grid-sm-col-2 grid-lg-col-3 woo-archive-action-visible woo-archive-btn-text  woo-archive-image-hover-zoom\"><li class=\"entry content-bg loop-entry product type-product post-24749 status-publish first instock product_cat-editions has-post-thumbnail purchasable product-type-simple\">\n\t<a href=\"https:\/\/www.francksaissi.com\/en\/product\/sita\/\" class=\"woocommerce-loop-image-link woocommerce-LoopProduct-link woocommerce-loop-product__link product-has-hover-image\"><img loading=\"lazy\" decoding=\"async\" width=\"750\" height=\"750\" src=\"https:\/\/www.francksaissi.com\/wp-content\/uploads\/2026\/04\/sita-gravure-1600-bal-750x750.webp\" class=\"attachment-woocommerce_thumbnail size-woocommerce_thumbnail\" alt=\"Xylogravure, Sita, gravure sur bois sur page de livre ancienne, contrecoll\u00e9e sur papier Arches, par Franck Sa\u00efssi\" srcset=\"https:\/\/www.francksaissi.com\/wp-content\/uploads\/2026\/04\/sita-gravure-1600-bal-750x750.webp 750w, https:\/\/www.francksaissi.com\/wp-content\/uploads\/2026\/04\/sita-gravure-1600-bal-100x100.webp 100w\" sizes=\"auto, (max-width: 750px) 100vw, 750px\" \/><img loading=\"lazy\" decoding=\"async\" width=\"750\" height=\"750\" src=\"https:\/\/www.francksaissi.com\/wp-content\/uploads\/2026\/04\/gravures-sita-1600-bw-750x750.webp\" class=\"secondary-product-image attachment-woocommerce_thumbnail attachment-shop-catalog wp-post-image wp-post-image--secondary\" alt=\"Xylogravure, Sita, gravures sur bois sur page de livres anciennes, contrecoll\u00e9es sur papier Arches, par Franck Sa\u00efssi\" title=\"\" srcset=\"https:\/\/www.francksaissi.com\/wp-content\/uploads\/2026\/04\/gravures-sita-1600-bw-750x750.webp 750w, https:\/\/www.francksaissi.com\/wp-content\/uploads\/2026\/04\/gravures-sita-1600-bw-100x100.webp 100w\" sizes=\"auto, (max-width: 750px) 100vw, 750px\" \/><\/a><div class=\"product-details content-bg entry-content-wrap\"><h2 class=\"woocommerce-loop-product__title\"><a href=\"https:\/\/www.francksaissi.com\/en\/product\/sita\/\" class=\"woocommerce-LoopProduct-link-title woocommerce-loop-product__title_ink\">Sita<\/a><\/h2>\n\t<span class=\"price\"><span class=\"woocommerce-Price-amount amount\"><bdi>250&nbsp;<span class=\"woocommerce-Price-currencySymbol\">&euro;<\/span><\/bdi><\/span><\/span>\n<div class=\"product-action-wrap\"><a href=\"\/en\/wp-json\/wp\/v2\/pages\/19663?add-to-cart=24749\" data-quantity=\"1\" class=\"button product_type_simple add_to_cart_button ajax_add_to_cart\" data-product_id=\"24749\" data-product_sku=\"\" aria-label=\"Add to cart: &ldquo;Sita&rdquo;\" rel=\"nofollow\" data-success_message=\"&ldquo;Sita&rdquo; has been added to your cart\">ACQUIRE ARTWORK<span class=\"kadence-svg-iconset svg-baseline\"><svg aria-hidden=\"true\" class=\"kadence-svg-icon kadence-arrow-right-alt-svg\" fill=\"currentColor\" version=\"1.1\" xmlns=\"http:\/\/www.w3.org\/2000\/svg\" width=\"27\" height=\"28\" viewBox=\"0 0 27 28\"><title>Continue<\/title><path d=\"M27 13.953c0 0.141-0.063 0.281-0.156 0.375l-6 5.531c-0.156 0.141-0.359 0.172-0.547 0.094-0.172-0.078-0.297-0.25-0.297-0.453v-3.5h-19.5c-0.281 0-0.5-0.219-0.5-0.5v-3c0-0.281 0.219-0.5 0.5-0.5h19.5v-3.5c0-0.203 0.109-0.375 0.297-0.453s0.391-0.047 0.547 0.078l6 5.469c0.094 0.094 0.156 0.219 0.156 0.359v0z\"><\/path>\n\t\t\t\t<\/svg><\/span><span class=\"kadence-svg-iconset svg-baseline\"><svg class=\"kadence-svg-icon kadence-spinner-svg\" fill=\"currentColor\" version=\"1.1\" xmlns=\"http:\/\/www.w3.org\/2000\/svg\" width=\"16\" height=\"16\" viewBox=\"0 0 16 16\"><title>Loading<\/title><path d=\"M16 6h-6l2.243-2.243c-1.133-1.133-2.64-1.757-4.243-1.757s-3.109 0.624-4.243 1.757c-1.133 1.133-1.757 2.64-1.757 4.243s0.624 3.109 1.757 4.243c1.133 1.133 2.64 1.757 4.243 1.757s3.109-0.624 4.243-1.757c0.095-0.095 0.185-0.192 0.273-0.292l1.505 1.317c-1.466 1.674-3.62 2.732-6.020 2.732-4.418 0-8-3.582-8-8s3.582-8 8-8c2.209 0 4.209 0.896 5.656 2.344l2.343-2.344v6z\"><\/path>\n\t\t\t\t<\/svg><\/span><span class=\"kadence-svg-iconset svg-baseline\"><svg class=\"kadence-svg-icon kadence-check-svg\" fill=\"currentColor\" version=\"1.1\" xmlns=\"http:\/\/www.w3.org\/2000\/svg\" width=\"16\" height=\"16\" viewBox=\"0 0 16 16\"><title>Done<\/title><path d=\"M14 2.5l-8.5 8.5-3.5-3.5-1.5 1.5 5 5 10-10z\"><\/path>\n\t\t\t\t<\/svg><\/span><\/a>\t<span id=\"woocommerce_loop_add_to_cart_link_describedby_24749\" class=\"screen-reader-text\">\n\t\t\t<\/span>\n<\/div><\/div><\/li>\n<li class=\"entry content-bg loop-entry product type-product post-19692 status-publish instock product_cat-editions product_tag-art-contemporain product_tag-camille product_tag-editions-limitees product_tag-franck-saissi product_tag-noir-et-blanc product_tag-portrait product_tag-tirages-dart has-post-thumbnail purchasable product-type-simple\">\n\t<a href=\"https:\/\/www.francksaissi.com\/en\/product\/camille-store\/\" class=\"woocommerce-loop-image-link woocommerce-LoopProduct-link woocommerce-loop-product__link\"><img loading=\"lazy\" decoding=\"async\" width=\"750\" height=\"750\" src=\"https:\/\/www.francksaissi.com\/wp-content\/uploads\/2026\/03\/camille-store-1200-1-750x750.webp\" class=\"attachment-woocommerce_thumbnail size-woocommerce_thumbnail\" alt=\"Camille \u2013 tirage d&#039;art en \u00e9dition limit\u00e9e par Franck Sa\u00efssi\" srcset=\"https:\/\/www.francksaissi.com\/wp-content\/uploads\/2026\/03\/camille-store-1200-1-750x750.webp 750w, https:\/\/www.francksaissi.com\/wp-content\/uploads\/2026\/03\/camille-store-1200-1-100x100.webp 100w\" sizes=\"auto, (max-width: 750px) 100vw, 750px\" \/><\/a><div class=\"product-details content-bg entry-content-wrap\"><h2 class=\"woocommerce-loop-product__title\"><a href=\"https:\/\/www.francksaissi.com\/en\/product\/camille-store\/\" class=\"woocommerce-LoopProduct-link-title woocommerce-loop-product__title_ink\">Camille<\/a><\/h2>\n\t<span class=\"price\"><span class=\"woocommerce-Price-amount amount\"><bdi>280&nbsp;<span class=\"woocommerce-Price-currencySymbol\">&euro;<\/span><\/bdi><\/span><\/span>\n<div class=\"product-action-wrap\"><a href=\"\/en\/wp-json\/wp\/v2\/pages\/19663?add-to-cart=19692\" data-quantity=\"1\" class=\"button product_type_simple add_to_cart_button ajax_add_to_cart\" data-product_id=\"19692\" data-product_sku=\"\" aria-label=\"Add to cart: &ldquo;Camille&rdquo;\" rel=\"nofollow\" data-success_message=\"&ldquo;Camille&rdquo; has been added to your cart\">ACQUIRE ARTWORK<span class=\"kadence-svg-iconset svg-baseline\"><svg aria-hidden=\"true\" class=\"kadence-svg-icon kadence-arrow-right-alt-svg\" fill=\"currentColor\" version=\"1.1\" xmlns=\"http:\/\/www.w3.org\/2000\/svg\" width=\"27\" height=\"28\" viewBox=\"0 0 27 28\"><title>Continue<\/title><path d=\"M27 13.953c0 0.141-0.063 0.281-0.156 0.375l-6 5.531c-0.156 0.141-0.359 0.172-0.547 0.094-0.172-0.078-0.297-0.25-0.297-0.453v-3.5h-19.5c-0.281 0-0.5-0.219-0.5-0.5v-3c0-0.281 0.219-0.5 0.5-0.5h19.5v-3.5c0-0.203 0.109-0.375 0.297-0.453s0.391-0.047 0.547 0.078l6 5.469c0.094 0.094 0.156 0.219 0.156 0.359v0z\"><\/path>\n\t\t\t\t<\/svg><\/span><span class=\"kadence-svg-iconset svg-baseline\"><svg class=\"kadence-svg-icon kadence-spinner-svg\" fill=\"currentColor\" version=\"1.1\" xmlns=\"http:\/\/www.w3.org\/2000\/svg\" width=\"16\" height=\"16\" viewBox=\"0 0 16 16\"><title>Loading<\/title><path d=\"M16 6h-6l2.243-2.243c-1.133-1.133-2.64-1.757-4.243-1.757s-3.109 0.624-4.243 1.757c-1.133 1.133-1.757 2.64-1.757 4.243s0.624 3.109 1.757 4.243c1.133 1.133 2.64 1.757 4.243 1.757s3.109-0.624 4.243-1.757c0.095-0.095 0.185-0.192 0.273-0.292l1.505 1.317c-1.466 1.674-3.62 2.732-6.020 2.732-4.418 0-8-3.582-8-8s3.582-8 8-8c2.209 0 4.209 0.896 5.656 2.344l2.343-2.344v6z\"><\/path>\n\t\t\t\t<\/svg><\/span><span class=\"kadence-svg-iconset svg-baseline\"><svg class=\"kadence-svg-icon kadence-check-svg\" fill=\"currentColor\" version=\"1.1\" xmlns=\"http:\/\/www.w3.org\/2000\/svg\" width=\"16\" height=\"16\" viewBox=\"0 0 16 16\"><title>Done<\/title><path d=\"M14 2.5l-8.5 8.5-3.5-3.5-1.5 1.5 5 5 10-10z\"><\/path>\n\t\t\t\t<\/svg><\/span><\/a>\t<span id=\"woocommerce_loop_add_to_cart_link_describedby_19692\" class=\"screen-reader-text\">\n\t\t\t<\/span>\n<\/div><\/div><\/li>\n<\/ul>\n<\/div>\n<\/div><\/div>\n\n<\/div><\/div>\n\n\n<div style=\"height:100px\" aria-hidden=\"true\" class=\"wp-block-spacer\"><\/div>\n","protected":false},"excerpt":{"rendered":"<p>Store<\/p>","protected":false},"author":34,"featured_media":21717,"parent":0,"menu_order":0,"comment_status":"closed","ping_status":"closed","template":"","meta":{"_acf_changed":false,"_kad_post_transparent":"","_kad_post_title":"","_kad_post_layout":"","_kad_post_sidebar_id":"","_kad_post_content_style":"","_kad_post_vertical_padding":"","_kad_post_feature":"","_kad_post_feature_position":"","_kad_post_header":false,"_kad_post_footer":false,"_kad_post_classname":"","iawp_total_views":62,"footnotes":""},"class_list":["post-19663","page","type-page","status-publish","has-post-thumbnail","hentry"],"acf":[],"_links":{"self":[{"href":"https:\/\/www.francksaissi.com\/en\/wp-json\/wp\/v2\/pages\/19663","targetHints":{"allow":["GET"]}}],"collection":[{"href":"https:\/\/www.francksaissi.com\/en\/wp-json\/wp\/v2\/pages"}],"about":[{"href":"https:\/\/www.francksaissi.com\/en\/wp-json\/wp\/v2\/types\/page"}],"author":[{"embeddable":true,"href":"https:\/\/www.francksaissi.com\/en\/wp-json\/wp\/v2\/users\/34"}],"replies":[{"embeddable":true,"href":"https:\/\/www.francksaissi.com\/en\/wp-json\/wp\/v2\/comments?post=19663"}],"version-history":[{"count":17,"href":"https:\/\/www.francksaissi.com\/en\/wp-json\/wp\/v2\/pages\/19663\/revisions"}],"predecessor-version":[{"id":24778,"href":"https:\/\/www.francksaissi.com\/en\/wp-json\/wp\/v2\/pages\/19663\/revisions\/24778"}],"wp:featuredmedia":[{"embeddable":true,"href":"https:\/\/www.francksaissi.com\/en\/wp-json\/wp\/v2\/media\/21717"}],"wp:attachment":[{"href":"https:\/\/www.francksaissi.com\/en\/wp-json\/wp\/v2\/media?parent=19663"}],"curies":[{"name":"wp","href":"https:\/\/api.w.org\/{rel}","templated":true}]}}