{"id":19651,"date":"2025-10-02T18:32:03","date_gmt":"2025-10-02T16:32:03","guid":{"rendered":"https:\/\/www.francksaissi.com\/?page_id=19651"},"modified":"2026-03-07T14:16:33","modified_gmt":"2026-03-07T13:16:33","slug":"nostos","status":"publish","type":"page","link":"https:\/\/www.francksaissi.com\/en\/peinture\/nostos\/","title":{"rendered":"N\u00f3stos"},"content":{"rendered":"<style>.kb-image19651_e482f8-7e .kb-image-has-overlay:after{opacity:0.3;}.kb-image19651_e482f8-7e img.kb-img, .kb-image19651_e482f8-7e .kb-img img{filter:drop-shadow(0px 0px 14px rgba(0, 0, 0, 0.2));}<\/style>\n<div class=\"wp-block-kadence-image kb-image19651_e482f8-7e\"><figure class=\"aligncenter size-medium_large\"><img loading=\"lazy\" decoding=\"async\" width=\"768\" height=\"768\" src=\"https:\/\/www.francksaissi.com\/wp-content\/uploads\/2026\/02\/nostos-huile-sur-toile-franck-saissi-1200-768x768.webp\" alt=\"N\u00f3stos, peinture \u00e0 l'huile sur toile, 200\u00d7200 cm, par Franck Sa\u00efssi\" class=\"kb-img wp-image-22755\" srcset=\"https:\/\/www.francksaissi.com\/wp-content\/uploads\/2026\/02\/nostos-huile-sur-toile-franck-saissi-1200-768x768.webp 768w, https:\/\/www.francksaissi.com\/wp-content\/uploads\/2026\/02\/nostos-huile-sur-toile-franck-saissi-1200-750x750.webp 750w, https:\/\/www.francksaissi.com\/wp-content\/uploads\/2026\/02\/nostos-huile-sur-toile-franck-saissi-1200-100x100.webp 100w, https:\/\/www.francksaissi.com\/wp-content\/uploads\/2026\/02\/nostos-huile-sur-toile-franck-saissi-1200-1000x1000.webp 1000w, https:\/\/www.francksaissi.com\/wp-content\/uploads\/2026\/02\/nostos-huile-sur-toile-franck-saissi-1200-600x600.webp 600w, https:\/\/www.francksaissi.com\/wp-content\/uploads\/2026\/02\/nostos-huile-sur-toile-franck-saissi-1200-200x200.webp 200w, https:\/\/www.francksaissi.com\/wp-content\/uploads\/2026\/02\/nostos-huile-sur-toile-franck-saissi-1200-12x12.webp 12w, https:\/\/www.francksaissi.com\/wp-content\/uploads\/2026\/02\/nostos-huile-sur-toile-franck-saissi-1200.webp 1200w\" sizes=\"auto, (max-width: 768px) 100vw, 768px\" \/><\/figure><\/div>\n\n\n<style>.wp-block-kadence-advancedheading.kt-adv-heading19651_825365-c3, .wp-block-kadence-advancedheading.kt-adv-heading19651_825365-c3[data-kb-block=\"kb-adv-heading19651_825365-c3\"]{text-align:center;font-style:normal;}.wp-block-kadence-advancedheading.kt-adv-heading19651_825365-c3 mark.kt-highlight, .wp-block-kadence-advancedheading.kt-adv-heading19651_825365-c3[data-kb-block=\"kb-adv-heading19651_825365-c3\"] mark.kt-highlight{font-style:normal;color:#f76a0c;-webkit-box-decoration-break:clone;box-decoration-break:clone;padding-top:0px;padding-right:0px;padding-bottom:0px;padding-left:0px;}.wp-block-kadence-advancedheading.kt-adv-heading19651_825365-c3 img.kb-inline-image, .wp-block-kadence-advancedheading.kt-adv-heading19651_825365-c3[data-kb-block=\"kb-adv-heading19651_825365-c3\"] img.kb-inline-image{width:150px;vertical-align:baseline;}<\/style>\n<h1 class=\"kt-adv-heading19651_825365-c3 wp-block-kadence-advancedheading\" data-kb-block=\"kb-adv-heading19651_825365-c3\">N\u00f3stos<\/h1>\n\n\n<style>.wp-block-kadence-advancedheading.kt-adv-heading19651_077ed0-21, .wp-block-kadence-advancedheading.kt-adv-heading19651_077ed0-21[data-kb-block=\"kb-adv-heading19651_077ed0-21\"]{max-width:450px;margin-right:auto;margin-left:auto;margin-bottom:50px;text-align:center;font-size:var(--global-kb-font-size-md, 1.25rem);line-height:1.6;font-style:normal;text-transform:none;}.wp-block-kadence-advancedheading.kt-adv-heading19651_077ed0-21 mark.kt-highlight, .wp-block-kadence-advancedheading.kt-adv-heading19651_077ed0-21[data-kb-block=\"kb-adv-heading19651_077ed0-21\"] mark.kt-highlight{font-style:normal;color:#f76a0c;-webkit-box-decoration-break:clone;box-decoration-break:clone;padding-top:0px;padding-right:0px;padding-bottom:0px;padding-left:0px;}.wp-block-kadence-advancedheading.kt-adv-heading19651_077ed0-21 img.kb-inline-image, .wp-block-kadence-advancedheading.kt-adv-heading19651_077ed0-21[data-kb-block=\"kb-adv-heading19651_077ed0-21\"] img.kb-inline-image{width:150px;vertical-align:baseline;}@media all and (max-width: 767px){.wp-block-kadence-advancedheading.kt-adv-heading19651_077ed0-21, .wp-block-kadence-advancedheading.kt-adv-heading19651_077ed0-21[data-kb-block=\"kb-adv-heading19651_077ed0-21\"]{padding-right:var(--global-kb-spacing-xs, 1rem);padding-left:var(--global-kb-spacing-xs, 1rem);}}<\/style>\n<p class=\"kt-adv-heading19651_077ed0-21 wp-block-kadence-advancedheading\" data-kb-block=\"kb-adv-heading19651_077ed0-21\">Huile sur toile (lin), 200 x 200 cm, 2025<\/p>\n\n\n\n","protected":false},"excerpt":{"rendered":"<p>N\u00f3stos Huile sur toile (lin), 200 x 200 cm, 2025<\/p>","protected":false},"author":34,"featured_media":22755,"parent":17729,"menu_order":1,"comment_status":"closed","ping_status":"closed","template":"","meta":{"_acf_changed":false,"_kad_post_transparent":"","_kad_post_title":"","_kad_post_layout":"","_kad_post_sidebar_id":"","_kad_post_content_style":"","_kad_post_vertical_padding":"","_kad_post_feature":"","_kad_post_feature_position":"","_kad_post_header":false,"_kad_post_footer":false,"_kad_post_classname":"","iawp_total_views":74,"footnotes":""},"class_list":["post-19651","page","type-page","status-publish","has-post-thumbnail","hentry"],"acf":[],"_links":{"self":[{"href":"https:\/\/www.francksaissi.com\/en\/wp-json\/wp\/v2\/pages\/19651","targetHints":{"allow":["GET"]}}],"collection":[{"href":"https:\/\/www.francksaissi.com\/en\/wp-json\/wp\/v2\/pages"}],"about":[{"href":"https:\/\/www.francksaissi.com\/en\/wp-json\/wp\/v2\/types\/page"}],"author":[{"embeddable":true,"href":"https:\/\/www.francksaissi.com\/en\/wp-json\/wp\/v2\/users\/34"}],"replies":[{"embeddable":true,"href":"https:\/\/www.francksaissi.com\/en\/wp-json\/wp\/v2\/comments?post=19651"}],"version-history":[{"count":18,"href":"https:\/\/www.francksaissi.com\/en\/wp-json\/wp\/v2\/pages\/19651\/revisions"}],"predecessor-version":[{"id":24255,"href":"https:\/\/www.francksaissi.com\/en\/wp-json\/wp\/v2\/pages\/19651\/revisions\/24255"}],"up":[{"embeddable":true,"href":"https:\/\/www.francksaissi.com\/en\/wp-json\/wp\/v2\/pages\/17729"}],"wp:featuredmedia":[{"embeddable":true,"href":"https:\/\/www.francksaissi.com\/en\/wp-json\/wp\/v2\/media\/22755"}],"wp:attachment":[{"href":"https:\/\/www.francksaissi.com\/en\/wp-json\/wp\/v2\/media?parent=19651"}],"curies":[{"name":"wp","href":"https:\/\/api.w.org\/{rel}","templated":true}]}}