{"id":18567,"date":"2025-06-15T19:52:28","date_gmt":"2025-06-15T17:52:28","guid":{"rendered":"https:\/\/www.francksaissi.com\/?page_id=18567"},"modified":"2026-04-28T04:47:41","modified_gmt":"2026-04-28T02:47:41","slug":"inscription-newsletter","status":"publish","type":"page","link":"https:\/\/www.francksaissi.com\/en\/inscription-newsletter\/","title":{"rendered":"Inscription newsletter"},"content":{"rendered":"<style>.wp-block-kadence-advancedheading.kt-adv-heading18567_4c5e89-f5, .wp-block-kadence-advancedheading.kt-adv-heading18567_4c5e89-f5[data-kb-block=\"kb-adv-heading18567_4c5e89-f5\"]{padding-bottom:25px;text-align:center;font-size:var(--global-kb-font-size-xl, 3rem);font-style:normal;letter-spacing:1.3px;color:#7f7f7f;}.wp-block-kadence-advancedheading.kt-adv-heading18567_4c5e89-f5 mark.kt-highlight, .wp-block-kadence-advancedheading.kt-adv-heading18567_4c5e89-f5[data-kb-block=\"kb-adv-heading18567_4c5e89-f5\"] mark.kt-highlight{letter-spacing:1.3px;font-style:normal;color:#f76a0c;border-bottom:2px solid #abb8c3;-webkit-box-decoration-break:clone;box-decoration-break:clone;padding-bottom:30px;}.wp-block-kadence-advancedheading.kt-adv-heading18567_4c5e89-f5 img.kb-inline-image, .wp-block-kadence-advancedheading.kt-adv-heading18567_4c5e89-f5[data-kb-block=\"kb-adv-heading18567_4c5e89-f5\"] img.kb-inline-image{width:150px;vertical-align:baseline;}@media all and (max-width: 1024px){.wp-block-kadence-advancedheading.kt-adv-heading18567_4c5e89-f5 mark.kt-highlight, .wp-block-kadence-advancedheading.kt-adv-heading18567_4c5e89-f5[data-kb-block=\"kb-adv-heading18567_4c5e89-f5\"] mark.kt-highlight{border-bottom:2px solid #abb8c3;}}@media all and (max-width: 767px){.wp-block-kadence-advancedheading.kt-adv-heading18567_4c5e89-f5 mark.kt-highlight, .wp-block-kadence-advancedheading.kt-adv-heading18567_4c5e89-f5[data-kb-block=\"kb-adv-heading18567_4c5e89-f5\"] mark.kt-highlight{border-bottom:2px solid #abb8c3;}}<\/style>\n<h1 class=\"kt-adv-heading18567_4c5e89-f5 wp-block-kadence-advancedheading\" data-kb-block=\"kb-adv-heading18567_4c5e89-f5\">Newsletter<\/h1>\n\n\n<style>.wp-block-kadence-advancedheading.kt-adv-heading18567_6b2aba-73, .wp-block-kadence-advancedheading.kt-adv-heading18567_6b2aba-73[data-kb-block=\"kb-adv-heading18567_6b2aba-73\"]{margin-bottom:var(--global-kb-spacing-md, 2rem);text-align:center;font-style:normal;text-transform:none;}.wp-block-kadence-advancedheading.kt-adv-heading18567_6b2aba-73 mark.kt-highlight, .wp-block-kadence-advancedheading.kt-adv-heading18567_6b2aba-73[data-kb-block=\"kb-adv-heading18567_6b2aba-73\"] mark.kt-highlight{font-style:normal;color:#f76a0c;-webkit-box-decoration-break:clone;box-decoration-break:clone;padding-top:0px;padding-right:0px;padding-bottom:0px;padding-left:0px;}.wp-block-kadence-advancedheading.kt-adv-heading18567_6b2aba-73 img.kb-inline-image, .wp-block-kadence-advancedheading.kt-adv-heading18567_6b2aba-73[data-kb-block=\"kb-adv-heading18567_6b2aba-73\"] img.kb-inline-image{width:150px;vertical-align:baseline;}@media all and (max-width: 767px){.wp-block-kadence-advancedheading.kt-adv-heading18567_6b2aba-73, .wp-block-kadence-advancedheading.kt-adv-heading18567_6b2aba-73[data-kb-block=\"kb-adv-heading18567_6b2aba-73\"]{padding-right:var(--global-kb-spacing-xs, 1rem);padding-left:var(--global-kb-spacing-xs, 1rem);}}<\/style>\n<p class=\"kt-adv-heading18567_6b2aba-73 wp-block-kadence-advancedheading\" data-kb-block=\"kb-adv-heading18567_6b2aba-73\"><strong>Une lettre discr\u00e8te, loin du bruit.<\/strong><br>Pour ceux qui veulent rester en lien avec le travail, les projets, recevoir les invitations aux expos &#8230;<\/p>\n\n\n<style>.kb-row-layout-id18567_6588e4-0b > .kt-row-column-wrap{align-content:start;}:where(.kb-row-layout-id18567_6588e4-0b > .kt-row-column-wrap) > .wp-block-kadence-column{justify-content:start;}.kb-row-layout-id18567_6588e4-0b > .kt-row-column-wrap{column-gap:var(--global-kb-gap-lg, 4rem);row-gap:var(--global-kb-gap-md, 2rem);max-width:var( --global-content-width, 1290px );padding-left:var(--global-content-edge-padding);padding-right:var(--global-content-edge-padding);padding-top:var(--global-kb-spacing-sm, 1.5rem);padding-bottom:var(--global-kb-spacing-sm, 1.5rem);grid-template-columns:repeat(2, minmax(0, 1fr));}.kb-row-layout-id18567_6588e4-0b > .kt-row-layout-overlay{opacity:0.30;}@media all and (max-width: 1024px){.kb-row-layout-id18567_6588e4-0b > .kt-row-column-wrap{grid-template-columns:repeat(2, minmax(0, 1fr));}}@media all and (max-width: 767px){.kb-row-layout-id18567_6588e4-0b > .kt-row-column-wrap{grid-template-columns:minmax(0, 1fr);}}<\/style><div class=\"kb-row-layout-wrap kb-row-layout-id18567_6588e4-0b alignnone wp-block-kadence-rowlayout\"><div class=\"kt-row-column-wrap kt-has-2-columns kt-row-layout-equal kt-tab-layout-inherit kt-mobile-layout-row kt-row-valign-top kb-theme-content-width\">\n<style>.kadence-column18567_011ad3-69 > .kt-inside-inner-col,.kadence-column18567_011ad3-69 > .kt-inside-inner-col:before{border-top-left-radius:0px;border-top-right-radius:0px;border-bottom-right-radius:0px;border-bottom-left-radius:0px;}.kadence-column18567_011ad3-69 > .kt-inside-inner-col{column-gap:var(--global-kb-gap-sm, 1rem);}.kadence-column18567_011ad3-69 > .kt-inside-inner-col{flex-direction:column;}.kadence-column18567_011ad3-69 > .kt-inside-inner-col > .aligncenter{width:100%;}.kadence-column18567_011ad3-69 > .kt-inside-inner-col:before{opacity:0.3;}.kadence-column18567_011ad3-69{position:relative;}@media all and (max-width: 1024px){.kadence-column18567_011ad3-69 > .kt-inside-inner-col{flex-direction:column;justify-content:center;}}@media all and (max-width: 767px){.kadence-column18567_011ad3-69 > .kt-inside-inner-col{flex-direction:column;justify-content:center;}}<\/style>\n<div class=\"wp-block-kadence-column kadence-column18567_011ad3-69\"><div class=\"kt-inside-inner-col\"><style>.kb-image18567_66774f-a6 .kb-image-has-overlay:after{opacity:0.3;}<\/style>\n<div class=\"wp-block-kadence-image kb-image18567_66774f-a6\"><figure class=\"aligncenter size-full\"><img loading=\"lazy\" decoding=\"async\" width=\"561\" height=\"561\" src=\"https:\/\/www.francksaissi.com\/wp-content\/uploads\/2025\/06\/decombres-detail.webp\" alt=\"D\u00e9tail du dessin D\u00e9combres, formulaire de newsletter du site de Franck Sa\u00efssi\" class=\"kb-img wp-image-18571\" srcset=\"https:\/\/www.francksaissi.com\/wp-content\/uploads\/2025\/06\/decombres-detail.webp 561w, https:\/\/www.francksaissi.com\/wp-content\/uploads\/2025\/06\/decombres-detail-100x100.webp 100w, https:\/\/www.francksaissi.com\/wp-content\/uploads\/2025\/06\/decombres-detail-350x350.webp 350w, https:\/\/www.francksaissi.com\/wp-content\/uploads\/2025\/06\/decombres-detail-200x200.webp 200w, https:\/\/www.francksaissi.com\/wp-content\/uploads\/2025\/06\/decombres-detail-12x12.webp 12w\" sizes=\"auto, (max-width: 561px) 100vw, 561px\" \/><\/figure><\/div>\n<\/div><\/div>\n\n\n<style>.kadence-column18567_e24167-de > .kt-inside-inner-col{display:flex;}.kadence-column18567_e24167-de > .kt-inside-inner-col{padding-right:var(--global-kb-spacing-xs, 1rem);padding-left:var(--global-kb-spacing-xs, 1rem);}.kadence-column18567_e24167-de > .kt-inside-inner-col,.kadence-column18567_e24167-de > .kt-inside-inner-col:before{border-top-left-radius:0px;border-top-right-radius:0px;border-bottom-right-radius:0px;border-bottom-left-radius:0px;}.kadence-column18567_e24167-de > .kt-inside-inner-col{column-gap:var(--global-kb-gap-sm, 1rem);}.kadence-column18567_e24167-de > .kt-inside-inner-col{flex-direction:column;justify-content:center;}.kadence-column18567_e24167-de > .kt-inside-inner-col > .aligncenter{width:100%;}.kt-row-column-wrap > .kadence-column18567_e24167-de{align-self:center;}.kt-inner-column-height-full:not(.kt-has-1-columns) > .wp-block-kadence-column.kadence-column18567_e24167-de{align-self:auto;}.kt-inner-column-height-full:not(.kt-has-1-columns) > .wp-block-kadence-column.kadence-column18567_e24167-de > .kt-inside-inner-col{flex-direction:column;justify-content:center;}.kadence-column18567_e24167-de > .kt-inside-inner-col:before{opacity:0.3;}.kadence-column18567_e24167-de{position:relative;}@media all and (max-width: 1024px){.kt-row-column-wrap > .kadence-column18567_e24167-de{align-self:center;}}@media all and (max-width: 1024px){.kt-inner-column-height-full:not(.kt-has-1-columns) > .wp-block-kadence-column.kadence-column18567_e24167-de{align-self:auto;}}@media all and (max-width: 1024px){.kt-inner-column-height-full:not(.kt-has-1-columns) > .wp-block-kadence-column.kadence-column18567_e24167-de > .kt-inside-inner-col{flex-direction:column;justify-content:center;}}@media all and (max-width: 1024px){.kadence-column18567_e24167-de > .kt-inside-inner-col{flex-direction:column;justify-content:center;}}@media all and (max-width: 767px){.kt-row-column-wrap > .kadence-column18567_e24167-de{align-self:center;}.kt-inner-column-height-full:not(.kt-has-1-columns) > .wp-block-kadence-column.kadence-column18567_e24167-de{align-self:auto;}.kt-inner-column-height-full:not(.kt-has-1-columns) > .wp-block-kadence-column.kadence-column18567_e24167-de > .kt-inside-inner-col{flex-direction:column;justify-content:center;}.kadence-column18567_e24167-de > .kt-inside-inner-col{flex-direction:column;justify-content:center;}}<\/style>\n<div class=\"wp-block-kadence-column kadence-column18567_e24167-de\"><div class=\"kt-inside-inner-col\"><style>.wp-block-kadence-advanced-form18562-cpt-id, .wp-block-kadence-advanced-form18562-cpt-id.kb-form-has-background{margin-bottom:20px;}.wp-block-kadence-advanced-form18562-cpt-id{max-width:1065px;}.wp-block-kadence-advanced-form18562-cpt-id .kb-advanced-form input[type=text],.wp-block-kadence-advanced-form18562-cpt-id .kb-advanced-form input[type=tel],.wp-block-kadence-advanced-form18562-cpt-id .kb-advanced-form input[type=number],.wp-block-kadence-advanced-form18562-cpt-id .kb-advanced-form input[type=date],.wp-block-kadence-advanced-form18562-cpt-id .kb-advanced-form input[type=time],.wp-block-kadence-advanced-form18562-cpt-id .kb-advanced-form input[type=email],.wp-block-kadence-advanced-form18562-cpt-id .kb-advanced-form input[type=file],.wp-block-kadence-advanced-form18562-cpt-id .kb-advanced-form select,.wp-block-kadence-advanced-form18562-cpt-id .kb-advanced-form textarea{color:#1a1a1a;}.wp-block-kadence-advanced-form18562-cpt-id{color-scheme:dark;--kb-form-text-color:#1a1a1a;--kb-form-background-color:#f9f8f6;--kb-form-border-color:#444444;}.wp-block-kadence-advanced-form18562-cpt-id{--kb-form-placeholder-color:#666666;}<\/style><div class=\"wp-block-kadence-advanced-form wp-block-kadence-advanced-form18562-cpt-id kb-adv-form-label-style-normal kb-adv-form-input-size-standard kb-form-basic-style kb-form-is-dark wp-block-kadence-advanced-form\"><form id=\"kb-adv-form-18562-cpt-id\" class=\"kb-advanced-form\" method=\"post\">\n<style>.kb-row-layout-id18567_68f0a3-60 > .kt-row-column-wrap{align-content:start;}:where(.kb-row-layout-id18567_68f0a3-60 > .kt-row-column-wrap) > .wp-block-kadence-column{justify-content:start;}.kb-row-layout-id18567_68f0a3-60 > .kt-row-column-wrap{column-gap:var(--global-kb-gap-md, 2rem);row-gap:var(--global-kb-gap-md, 2rem);padding-top:0px;padding-right:0px;padding-bottom:0px;padding-left:0px;grid-template-columns:minmax(0, 2fr) minmax(0, 1fr);}.kb-row-layout-id18567_68f0a3-60 > .kt-row-layout-overlay{opacity:0.30;}@media all and (max-width: 1024px){.kb-row-layout-id18567_68f0a3-60 > .kt-row-column-wrap{grid-template-columns:minmax(0, 2fr) minmax(0, 1fr);}}@media all and (max-width: 767px){.kb-row-layout-id18567_68f0a3-60 > .kt-row-column-wrap{grid-template-columns:minmax(0, 1fr);}}<\/style><div class=\"kb-row-layout-wrap kb-row-layout-id18567_68f0a3-60 alignnone wp-block-kadence-rowlayout\"><div class=\"kt-row-column-wrap kt-has-2-columns kt-row-layout-left-golden kt-tab-layout-inherit kt-mobile-layout-row kt-row-valign-top\">\n<style>.kadence-column18567_295427-cb > .kt-inside-inner-col,.kadence-column18567_295427-cb > .kt-inside-inner-col:before{border-top-left-radius:0px;border-top-right-radius:0px;border-bottom-right-radius:0px;border-bottom-left-radius:0px;}.kadence-column18567_295427-cb > .kt-inside-inner-col{column-gap:var(--global-kb-gap-sm, 1rem);}.kadence-column18567_295427-cb > .kt-inside-inner-col{flex-direction:column;}.kadence-column18567_295427-cb > .kt-inside-inner-col > .aligncenter{width:100%;}.kadence-column18567_295427-cb > .kt-inside-inner-col:before{opacity:0.3;}.kadence-column18567_295427-cb{position:relative;}@media all and (max-width: 1024px){.kadence-column18567_295427-cb > .kt-inside-inner-col{flex-direction:column;justify-content:center;}}@media all and (max-width: 767px){.kadence-column18567_295427-cb > .kt-inside-inner-col{flex-direction:column;justify-content:center;}}<\/style>\n<div class=\"wp-block-kadence-column kadence-column18567_295427-cb\"><div class=\"kt-inside-inner-col\"><div class=\"kb-adv-form-field kb-adv-form-text-type-input kb-adv-form-infield-type-input kb-field1856231d6da-e4 wp-block-kadence-advanced-form-email\"><label class=\"kb-adv-form-label\" for=\"field1856231d6da-e4\">E-mail<span class=\"kb-adv-form-required\">*<\/span><\/label><input name=\"field31d6da-e4\" id=\"field1856231d6da-e4\" data-label=\"E-mail\" type=\"email\" placeholder=\"\" value=\"\" data-type=\"email\" class=\"kb-field kb-email-field\" data-required=\"yes\" required aria-required=\"true\"\/><\/div><\/div><\/div>\n\n\n<style>.kadence-column18567_df8f59-f7 > .kt-inside-inner-col{display:flex;}.kadence-column18567_df8f59-f7 > .kt-inside-inner-col,.kadence-column18567_df8f59-f7 > .kt-inside-inner-col:before{border-top-left-radius:0px;border-top-right-radius:0px;border-bottom-right-radius:0px;border-bottom-left-radius:0px;}.kadence-column18567_df8f59-f7 > .kt-inside-inner-col{column-gap:var(--global-kb-gap-sm, 1rem);}.kadence-column18567_df8f59-f7 > .kt-inside-inner-col{flex-direction:column;justify-content:flex-end;}.kadence-column18567_df8f59-f7 > .kt-inside-inner-col > .aligncenter{width:100%;}.kt-row-column-wrap > .kadence-column18567_df8f59-f7{align-self:flex-end;}.kt-inner-column-height-full:not(.kt-has-1-columns) > .wp-block-kadence-column.kadence-column18567_df8f59-f7{align-self:auto;}.kt-inner-column-height-full:not(.kt-has-1-columns) > .wp-block-kadence-column.kadence-column18567_df8f59-f7 > .kt-inside-inner-col{flex-direction:column;justify-content:flex-end;}.kadence-column18567_df8f59-f7 > .kt-inside-inner-col:before{opacity:0.3;}.kadence-column18567_df8f59-f7{position:relative;}@media all and (max-width: 1024px){.kt-row-column-wrap > .kadence-column18567_df8f59-f7{align-self:flex-end;}}@media all and (max-width: 1024px){.kt-inner-column-height-full:not(.kt-has-1-columns) > .wp-block-kadence-column.kadence-column18567_df8f59-f7{align-self:auto;}}@media all and (max-width: 1024px){.kt-inner-column-height-full:not(.kt-has-1-columns) > .wp-block-kadence-column.kadence-column18567_df8f59-f7 > .kt-inside-inner-col{flex-direction:column;justify-content:flex-end;}}@media all and (max-width: 1024px){.kadence-column18567_df8f59-f7 > .kt-inside-inner-col{flex-direction:column;justify-content:flex-end;}}@media all and (max-width: 767px){.kt-row-column-wrap > .kadence-column18567_df8f59-f7{align-self:flex-end;}.kt-inner-column-height-full:not(.kt-has-1-columns) > .wp-block-kadence-column.kadence-column18567_df8f59-f7{align-self:auto;}.kt-inner-column-height-full:not(.kt-has-1-columns) > .wp-block-kadence-column.kadence-column18567_df8f59-f7 > .kt-inside-inner-col{flex-direction:column;justify-content:flex-end;}.kadence-column18567_df8f59-f7 > .kt-inside-inner-col{flex-direction:column;justify-content:flex-end;}}<\/style>\n<div class=\"wp-block-kadence-column kadence-column18567_df8f59-f7\"><div class=\"kt-inside-inner-col\"><style>ul.menu .kb-submit-field .kb-btn940deb-fc.kb-button{width:initial;}.kb-submit-field .kb-btn940deb-fc.kb-button{color:#0f0f0f;background:#f9f8f6;font-family:Montserrat;font-weight:400;}.kb-submit-field .kb-btn940deb-fc.kb-button:hover, .kb-submit-field .kb-btn940deb-fc.kb-button:focus{color:#888888;background:#666666;}.kb-submit-field.kb-field940deb-fc{justify-content:flex-start;}<\/style><div class=\"kb-adv-form-field kb-submit-field kb-field940deb-fc wp-block-kadence-advanced-form-submit\"><button class=\"kb-button kt-button button kb-adv-form-submit-button kb-btn940deb-fc kt-btn-size-standard kt-btn-width-type-full kb-btn-global-fill kt-btn-has-text-true kt-btn-has-svg-false\" type=\"submit\"><span class=\"kt-btn-inner-text\">S&rsquo;inscrire<\/span><\/button><\/div><\/div><\/div>\n\n<\/div><\/div>\n<input type=\"hidden\" name=\"_kb_adv_form_post_id\" value=\"18562\"><input type=\"hidden\" name=\"action\" value=\"kb_process_advanced_form_submit\"><input type=\"hidden\" name=\"_kb_adv_form_id\" value=\"18562-cpt-id\"><\/form><\/div>\n\n<style>.wp-block-kadence-advancedheading.kt-adv-heading18567_dbbee1-69, .wp-block-kadence-advancedheading.kt-adv-heading18567_dbbee1-69[data-kb-block=\"kb-adv-heading18567_dbbee1-69\"]{font-size:var(--global-kb-font-size-sm, 0.9rem);font-style:normal;text-transform:none;color:#444444;}.wp-block-kadence-advancedheading.kt-adv-heading18567_dbbee1-69 mark.kt-highlight, .wp-block-kadence-advancedheading.kt-adv-heading18567_dbbee1-69[data-kb-block=\"kb-adv-heading18567_dbbee1-69\"] mark.kt-highlight{font-style:normal;color:#f76a0c;-webkit-box-decoration-break:clone;box-decoration-break:clone;padding-top:0px;padding-right:0px;padding-bottom:0px;padding-left:0px;}.wp-block-kadence-advancedheading.kt-adv-heading18567_dbbee1-69 img.kb-inline-image, .wp-block-kadence-advancedheading.kt-adv-heading18567_dbbee1-69[data-kb-block=\"kb-adv-heading18567_dbbee1-69\"] img.kb-inline-image{width:150px;vertical-align:baseline;}<\/style>\n<p class=\"kt-adv-heading18567_dbbee1-69 wp-block-kadence-advancedheading\" data-kb-block=\"kb-adv-heading18567_dbbee1-69\">En vous inscrivant, vous acceptez de recevoir des nouvelles occasionnelles de l&rsquo;atelier.<br>Vous pourrez vous d\u00e9sinscrire \u00e0 tout  moment.<\/p>\n<\/div><\/div>\n\n<\/div><\/div>\n\n<style>.wp-block-kadence-advancedheading.kt-adv-heading18567_07607a-07, .wp-block-kadence-advancedheading.kt-adv-heading18567_07607a-07[data-kb-block=\"kb-adv-heading18567_07607a-07\"]{margin-top:var(--global-kb-spacing-lg, 3rem);margin-bottom:var(--global-kb-spacing-md, 2rem);text-align:center;font-style:normal;}.wp-block-kadence-advancedheading.kt-adv-heading18567_07607a-07 mark.kt-highlight, .wp-block-kadence-advancedheading.kt-adv-heading18567_07607a-07[data-kb-block=\"kb-adv-heading18567_07607a-07\"] mark.kt-highlight{font-style:normal;color:#f76a0c;-webkit-box-decoration-break:clone;box-decoration-break:clone;padding-top:0px;padding-right:0px;padding-bottom:0px;padding-left:0px;}.wp-block-kadence-advancedheading.kt-adv-heading18567_07607a-07 img.kb-inline-image, .wp-block-kadence-advancedheading.kt-adv-heading18567_07607a-07[data-kb-block=\"kb-adv-heading18567_07607a-07\"] img.kb-inline-image{width:150px;vertical-align:baseline;}<\/style>\n<p class=\"kt-adv-heading18567_07607a-07 wp-block-kadence-advancedheading\" data-kb-block=\"kb-adv-heading18567_07607a-07\"><a href=\"https:\/\/www.francksaissi.com\/\">Retour \u00e0 la page d&rsquo;accueil<\/a><\/p>\n","protected":false},"excerpt":{"rendered":"<p>Newsletter Une lettre discr\u00e8te, loin du bruit.Pour ceux qui veulent rester en lien avec le travail, les projets, recevoir les invitations aux expos &#8230; En vous inscrivant, vous acceptez de recevoir des nouvelles occasionnelles de l&rsquo;atelier.Vous pourrez vous d\u00e9sinscrire \u00e0 tout moment. Retour \u00e0 la page d&rsquo;accueil<\/p>","protected":false},"author":34,"featured_media":18571,"parent":0,"menu_order":0,"comment_status":"closed","ping_status":"closed","template":"","meta":{"_acf_changed":false,"_kad_post_transparent":"","_kad_post_title":"","_kad_post_layout":"","_kad_post_sidebar_id":"","_kad_post_content_style":"","_kad_post_vertical_padding":"","_kad_post_feature":"","_kad_post_feature_position":"","_kad_post_header":false,"_kad_post_footer":false,"_kad_post_classname":"","iawp_total_views":42,"footnotes":""},"class_list":["post-18567","page","type-page","status-publish","has-post-thumbnail","hentry"],"acf":[],"_links":{"self":[{"href":"https:\/\/www.francksaissi.com\/en\/wp-json\/wp\/v2\/pages\/18567","targetHints":{"allow":["GET"]}}],"collection":[{"href":"https:\/\/www.francksaissi.com\/en\/wp-json\/wp\/v2\/pages"}],"about":[{"href":"https:\/\/www.francksaissi.com\/en\/wp-json\/wp\/v2\/types\/page"}],"author":[{"embeddable":true,"href":"https:\/\/www.francksaissi.com\/en\/wp-json\/wp\/v2\/users\/34"}],"replies":[{"embeddable":true,"href":"https:\/\/www.francksaissi.com\/en\/wp-json\/wp\/v2\/comments?post=18567"}],"version-history":[{"count":10,"href":"https:\/\/www.francksaissi.com\/en\/wp-json\/wp\/v2\/pages\/18567\/revisions"}],"predecessor-version":[{"id":25220,"href":"https:\/\/www.francksaissi.com\/en\/wp-json\/wp\/v2\/pages\/18567\/revisions\/25220"}],"wp:featuredmedia":[{"embeddable":true,"href":"https:\/\/www.francksaissi.com\/en\/wp-json\/wp\/v2\/media\/18571"}],"wp:attachment":[{"href":"https:\/\/www.francksaissi.com\/en\/wp-json\/wp\/v2\/media?parent=18567"}],"curies":[{"name":"wp","href":"https:\/\/api.w.org\/{rel}","templated":true}]}}