{"id":18516,"date":"2025-06-15T01:39:55","date_gmt":"2025-06-14T23:39:55","guid":{"rendered":"https:\/\/www.francksaissi.com\/?page_id=18516"},"modified":"2026-04-28T20:46:15","modified_gmt":"2026-04-28T18:46:15","slug":"certificats","status":"publish","type":"page","link":"https:\/\/www.francksaissi.com\/en\/certificats\/","title":{"rendered":"Certificates"},"content":{"rendered":"<style>.wp-block-kadence-advancedheading.kt-adv-heading18516_eac049-10, .wp-block-kadence-advancedheading.kt-adv-heading18516_eac049-10[data-kb-block=\"kb-adv-heading18516_eac049-10\"]{padding-bottom:25px;text-align:center;font-size:var(--global-kb-font-size-xl, 3rem);font-style:normal;letter-spacing:1.3px;color:#7f7f7f;}.wp-block-kadence-advancedheading.kt-adv-heading18516_eac049-10 mark.kt-highlight, .wp-block-kadence-advancedheading.kt-adv-heading18516_eac049-10[data-kb-block=\"kb-adv-heading18516_eac049-10\"] mark.kt-highlight{letter-spacing:1.3px;font-style:normal;color:#f76a0c;border-bottom:2px solid #abb8c3;-webkit-box-decoration-break:clone;box-decoration-break:clone;padding-bottom:30px;}.wp-block-kadence-advancedheading.kt-adv-heading18516_eac049-10 img.kb-inline-image, .wp-block-kadence-advancedheading.kt-adv-heading18516_eac049-10[data-kb-block=\"kb-adv-heading18516_eac049-10\"] img.kb-inline-image{width:150px;vertical-align:baseline;}@media all and (max-width: 1024px){.wp-block-kadence-advancedheading.kt-adv-heading18516_eac049-10 mark.kt-highlight, .wp-block-kadence-advancedheading.kt-adv-heading18516_eac049-10[data-kb-block=\"kb-adv-heading18516_eac049-10\"] mark.kt-highlight{border-bottom:2px solid #abb8c3;}}@media all and (max-width: 767px){.wp-block-kadence-advancedheading.kt-adv-heading18516_eac049-10, .wp-block-kadence-advancedheading.kt-adv-heading18516_eac049-10[data-kb-block=\"kb-adv-heading18516_eac049-10\"]{font-size:var(--global-kb-font-size-md, 1.25rem);}.wp-block-kadence-advancedheading.kt-adv-heading18516_eac049-10 mark.kt-highlight, .wp-block-kadence-advancedheading.kt-adv-heading18516_eac049-10[data-kb-block=\"kb-adv-heading18516_eac049-10\"] mark.kt-highlight{border-bottom:2px solid #abb8c3;}}<\/style>\n<h1 class=\"kt-adv-heading18516_eac049-10 wp-block-kadence-advancedheading\" data-kb-block=\"kb-adv-heading18516_eac049-10\">Certificat d&rsquo;Authenticit\u00e9<\/h1>\n\n\n<style>.kb-row-layout-wrap.wp-block-kadence-rowlayout.kb-row-layout-id18516_e5e775-44{margin-bottom:var(--global-kb-spacing-sm, 1.5rem);}.kb-row-layout-id18516_e5e775-44 > .kt-row-column-wrap{align-content:center;}:where(.kb-row-layout-id18516_e5e775-44 > .kt-row-column-wrap) > .wp-block-kadence-column{justify-content:center;}.kb-row-layout-id18516_e5e775-44 > .kt-row-column-wrap{column-gap:var(--global-kb-gap-lg, 4rem);row-gap:var(--global-kb-gap-md, 2rem);max-width:1200px;margin-left:auto;margin-right:auto;padding-top:var(--global-kb-spacing-sm, 1.5rem);padding-bottom:var(--global-kb-spacing-sm, 1.5rem);grid-template-columns:repeat(2, minmax(0, 1fr));}.kb-row-layout-id18516_e5e775-44 > .kt-row-layout-overlay{opacity:0.30;}@media all and (max-width: 1024px){.kb-row-layout-id18516_e5e775-44 > .kt-row-column-wrap{grid-template-columns:repeat(2, minmax(0, 1fr));}}@media all and (max-width: 767px){.kb-row-layout-id18516_e5e775-44 > .kt-row-column-wrap{grid-template-columns:minmax(0, 1fr);}}<\/style><div class=\"kb-row-layout-wrap kb-row-layout-id18516_e5e775-44 alignnone wp-block-kadence-rowlayout\"><div class=\"kt-row-column-wrap kt-has-2-columns kt-row-layout-equal kt-tab-layout-inherit kt-mobile-layout-row kt-row-valign-middle\">\n<style>.kadence-column18516_50b02a-6f > .kt-inside-inner-col,.kadence-column18516_50b02a-6f > .kt-inside-inner-col:before{border-top-left-radius:0px;border-top-right-radius:0px;border-bottom-right-radius:0px;border-bottom-left-radius:0px;}.kadence-column18516_50b02a-6f > .kt-inside-inner-col{column-gap:var(--global-kb-gap-sm, 1rem);}.kadence-column18516_50b02a-6f > .kt-inside-inner-col{flex-direction:column;}.kadence-column18516_50b02a-6f > .kt-inside-inner-col > .aligncenter{width:100%;}.kadence-column18516_50b02a-6f > .kt-inside-inner-col:before{opacity:0.3;}.kadence-column18516_50b02a-6f{position:relative;}@media all and (max-width: 1024px){.kadence-column18516_50b02a-6f > .kt-inside-inner-col{flex-direction:column;justify-content:center;}}@media all and (max-width: 767px){.kadence-column18516_50b02a-6f > .kt-inside-inner-col{flex-direction:column;justify-content:center;}}<\/style>\n<div class=\"wp-block-kadence-column kadence-column18516_50b02a-6f\"><div class=\"kt-inside-inner-col\"><style>.kb-image18516_0c21b5-43 .kb-image-has-overlay:after{opacity:0.35;mix-blend-mode:darken;}.kb-image18516_0c21b5-43 img.kb-img, .kb-image18516_0c21b5-43 .kb-img img{filter:drop-shadow(0px 0px 14px rgba(0, 0, 0, 0.2));}<\/style>\n<figure class=\"wp-block-kadence-image kb-image18516_0c21b5-43 size-full\"><img loading=\"lazy\" decoding=\"async\" width=\"842\" height=\"595\" src=\"https:\/\/www.francksaissi.com\/wp-content\/uploads\/2025\/04\/certtificat-type-concentrate.jpg\" alt=\"Sp\u00e9cimen de certificat d'authenticit\u00e9, page certificats, site de Franck Sa\u00efssi, peintre et dessinateur contemporain\" class=\"kb-img wp-image-15943\" srcset=\"https:\/\/www.francksaissi.com\/wp-content\/uploads\/2025\/04\/certtificat-type-concentrate.jpg 842w, https:\/\/www.francksaissi.com\/wp-content\/uploads\/2025\/04\/certtificat-type-concentrate-750x530.jpg 750w, https:\/\/www.francksaissi.com\/wp-content\/uploads\/2025\/04\/certtificat-type-concentrate-600x424.jpg 600w, https:\/\/www.francksaissi.com\/wp-content\/uploads\/2025\/04\/certtificat-type-concentrate-200x141.jpg 200w, https:\/\/www.francksaissi.com\/wp-content\/uploads\/2025\/04\/certtificat-type-concentrate-768x543.jpg 768w\" sizes=\"auto, (max-width: 842px) 100vw, 842px\" \/><\/figure>\n<\/div><\/div>\n\n\n<style>.kadence-column18516_946d58-da > .kt-inside-inner-col,.kadence-column18516_946d58-da > .kt-inside-inner-col:before{border-top-left-radius:0px;border-top-right-radius:0px;border-bottom-right-radius:0px;border-bottom-left-radius:0px;}.kadence-column18516_946d58-da > .kt-inside-inner-col{column-gap:var(--global-kb-gap-sm, 1rem);}.kadence-column18516_946d58-da > .kt-inside-inner-col{flex-direction:column;}.kadence-column18516_946d58-da > .kt-inside-inner-col > .aligncenter{width:100%;}.kadence-column18516_946d58-da > .kt-inside-inner-col:before{opacity:0.3;}.kadence-column18516_946d58-da{position:relative;}@media all and (max-width: 1024px){.kadence-column18516_946d58-da > .kt-inside-inner-col{flex-direction:column;justify-content:center;}}@media all and (max-width: 767px){.kadence-column18516_946d58-da > .kt-inside-inner-col{padding-right:var(--global-kb-spacing-xs, 1rem);padding-left:var(--global-kb-spacing-xs, 1rem);flex-direction:column;justify-content:center;}}<\/style>\n<div class=\"wp-block-kadence-column kadence-column18516_946d58-da\"><div class=\"kt-inside-inner-col\"><style>.wp-block-kadence-advancedheading.kt-adv-heading18516_002cb0-61, .wp-block-kadence-advancedheading.kt-adv-heading18516_002cb0-61[data-kb-block=\"kb-adv-heading18516_002cb0-61\"]{font-style:normal;text-transform:none;}.wp-block-kadence-advancedheading.kt-adv-heading18516_002cb0-61 mark.kt-highlight, .wp-block-kadence-advancedheading.kt-adv-heading18516_002cb0-61[data-kb-block=\"kb-adv-heading18516_002cb0-61\"] mark.kt-highlight{font-style:normal;color:#f76a0c;-webkit-box-decoration-break:clone;box-decoration-break:clone;padding-top:0px;padding-right:0px;padding-bottom:0px;padding-left:0px;}.wp-block-kadence-advancedheading.kt-adv-heading18516_002cb0-61 img.kb-inline-image, .wp-block-kadence-advancedheading.kt-adv-heading18516_002cb0-61[data-kb-block=\"kb-adv-heading18516_002cb0-61\"] img.kb-inline-image{width:150px;vertical-align:baseline;}<\/style>\n<p class=\"kt-adv-heading18516_002cb0-61 wp-block-kadence-advancedheading\" data-kb-block=\"kb-adv-heading18516_002cb0-61\"><strong>Vous poss\u00e9dez l\u2019une de mes \u0153uvres et souhaitez en authentifier l\u2019origine ?<\/strong><br><br>Je propose, apr\u00e8s \u00e9tude de chaque demande, l\u2019\u00e9mission d\u2019un certificat d\u2019authenticit\u00e9 officiel.<br><br>Il vous suffira de me transmettre les \u00e9l\u00e9ments suivants:<br>-une photographie de l\u2019\u0153uvre,<br>-ses dimensions,<br>-et toute information utile sur son histoire.<\/p>\n\n\n<style>.wp-block-kadence-advancedheading.kt-adv-heading18516_ab8694-cf, .wp-block-kadence-advancedheading.kt-adv-heading18516_ab8694-cf[data-kb-block=\"kb-adv-heading18516_ab8694-cf\"]{font-style:normal;text-transform:none;}.wp-block-kadence-advancedheading.kt-adv-heading18516_ab8694-cf mark.kt-highlight, .wp-block-kadence-advancedheading.kt-adv-heading18516_ab8694-cf[data-kb-block=\"kb-adv-heading18516_ab8694-cf\"] mark.kt-highlight{font-style:normal;color:#f76a0c;-webkit-box-decoration-break:clone;box-decoration-break:clone;padding-top:0px;padding-right:0px;padding-bottom:0px;padding-left:0px;}.wp-block-kadence-advancedheading.kt-adv-heading18516_ab8694-cf img.kb-inline-image, .wp-block-kadence-advancedheading.kt-adv-heading18516_ab8694-cf[data-kb-block=\"kb-adv-heading18516_ab8694-cf\"] img.kb-inline-image{width:150px;vertical-align:baseline;}<\/style>\n<p class=\"kt-adv-heading18516_ab8694-cf wp-block-kadence-advancedheading\" data-kb-block=\"kb-adv-heading18516_ab8694-cf\">L\u2019authentification est un processus rigoureux, r\u00e9serv\u00e9 aux collectionneurs et connaisseurs soucieux de valoriser leur patrimoine artistique.<br>L\u2019\u00e9mission du certificat est soumise \u00e0 une \u00e9tude pr\u00e9alable.<br>L\u2019artiste se r\u00e9serve le droit de refuser toute demande si l\u2019origine de l\u2019\u0153uvre est douteuse, ou si elle a \u00e9t\u00e9 alt\u00e9r\u00e9e.<br><br>Pour toute demande confidentielle, je vous invite \u00e0 me contacter personnellement via le <a href=\"https:\/\/www.francksaissi.com\/contact\/\">formulaire de contact<\/a>.<\/p>\n<\/div><\/div>\n\n<\/div><\/div>\n\n<style>.wp-block-kadence-advancedheading.kt-adv-heading18516_06bc78-83, .wp-block-kadence-advancedheading.kt-adv-heading18516_06bc78-83[data-kb-block=\"kb-adv-heading18516_06bc78-83\"]{margin-bottom:var(--global-kb-spacing-lg, 3rem);text-align:center;font-style:normal;}.wp-block-kadence-advancedheading.kt-adv-heading18516_06bc78-83 mark.kt-highlight, .wp-block-kadence-advancedheading.kt-adv-heading18516_06bc78-83[data-kb-block=\"kb-adv-heading18516_06bc78-83\"] mark.kt-highlight{font-style:normal;color:#f76a0c;-webkit-box-decoration-break:clone;box-decoration-break:clone;padding-top:0px;padding-right:0px;padding-bottom:0px;padding-left:0px;}.wp-block-kadence-advancedheading.kt-adv-heading18516_06bc78-83 img.kb-inline-image, .wp-block-kadence-advancedheading.kt-adv-heading18516_06bc78-83[data-kb-block=\"kb-adv-heading18516_06bc78-83\"] img.kb-inline-image{width:150px;vertical-align:baseline;}@media all and (max-width: 767px){.wp-block-kadence-advancedheading.kt-adv-heading18516_06bc78-83, .wp-block-kadence-advancedheading.kt-adv-heading18516_06bc78-83[data-kb-block=\"kb-adv-heading18516_06bc78-83\"]{padding-right:var(--global-kb-spacing-xs, 1rem);padding-left:var(--global-kb-spacing-xs, 1rem);}}<\/style>\n<p class=\"kt-adv-heading18516_06bc78-83 wp-block-kadence-advancedheading\" data-kb-block=\"kb-adv-heading18516_06bc78-83\"><strong>Chaque \u0153uvre achet\u00e9e dans le Store est accompagn\u00e9e d&rsquo;un certificat d&rsquo;authenticit\u00e9, sign\u00e9 \u00e0 la main.<\/strong><\/p>\n","protected":false},"excerpt":{"rendered":"<p>Certificat d&rsquo;Authenticit\u00e9 Vous poss\u00e9dez l\u2019une de mes \u0153uvres et souhaitez en authentifier l\u2019origine ? Je propose, apr\u00e8s \u00e9tude de chaque demande, l\u2019\u00e9mission d\u2019un certificat d\u2019authenticit\u00e9 officiel. Il vous suffira de me transmettre les \u00e9l\u00e9ments suivants:-une photographie de l\u2019\u0153uvre,-ses dimensions,-et toute information utile sur son histoire. L\u2019authentification est un processus rigoureux, r\u00e9serv\u00e9 aux collectionneurs et connaisseurs&#8230;<\/p>","protected":false},"author":34,"featured_media":15943,"parent":0,"menu_order":0,"comment_status":"closed","ping_status":"closed","template":"","meta":{"_acf_changed":false,"_kad_post_transparent":"","_kad_post_title":"","_kad_post_layout":"","_kad_post_sidebar_id":"","_kad_post_content_style":"","_kad_post_vertical_padding":"","_kad_post_feature":"","_kad_post_feature_position":"","_kad_post_header":false,"_kad_post_footer":false,"_kad_post_classname":"","iawp_total_views":52,"footnotes":""},"class_list":["post-18516","page","type-page","status-publish","has-post-thumbnail","hentry"],"acf":[],"_links":{"self":[{"href":"https:\/\/www.francksaissi.com\/en\/wp-json\/wp\/v2\/pages\/18516","targetHints":{"allow":["GET"]}}],"collection":[{"href":"https:\/\/www.francksaissi.com\/en\/wp-json\/wp\/v2\/pages"}],"about":[{"href":"https:\/\/www.francksaissi.com\/en\/wp-json\/wp\/v2\/types\/page"}],"author":[{"embeddable":true,"href":"https:\/\/www.francksaissi.com\/en\/wp-json\/wp\/v2\/users\/34"}],"replies":[{"embeddable":true,"href":"https:\/\/www.francksaissi.com\/en\/wp-json\/wp\/v2\/comments?post=18516"}],"version-history":[{"count":16,"href":"https:\/\/www.francksaissi.com\/en\/wp-json\/wp\/v2\/pages\/18516\/revisions"}],"predecessor-version":[{"id":25245,"href":"https:\/\/www.francksaissi.com\/en\/wp-json\/wp\/v2\/pages\/18516\/revisions\/25245"}],"wp:featuredmedia":[{"embeddable":true,"href":"https:\/\/www.francksaissi.com\/en\/wp-json\/wp\/v2\/media\/15943"}],"wp:attachment":[{"href":"https:\/\/www.francksaissi.com\/en\/wp-json\/wp\/v2\/media?parent=18516"}],"curies":[{"name":"wp","href":"https:\/\/api.w.org\/{rel}","templated":true}]}}