{"id":18507,"date":"2025-06-15T01:02:07","date_gmt":"2025-06-14T23:02:07","guid":{"rendered":"https:\/\/www.francksaissi.com\/?page_id=18507"},"modified":"2026-02-05T17:36:15","modified_gmt":"2026-02-05T16:36:15","slug":"art-brut","status":"publish","type":"page","link":"https:\/\/www.francksaissi.com\/en\/expositions\/art-brut\/","title":{"rendered":"Art Brut"},"content":{"rendered":"<style>.wp-block-kadence-advancedheading.kt-adv-heading18507_5b8c8a-a7, .wp-block-kadence-advancedheading.kt-adv-heading18507_5b8c8a-a7[data-kb-block=\"kb-adv-heading18507_5b8c8a-a7\"]{padding-bottom:25px;text-align:center;font-size:var(--global-kb-font-size-xl, 3rem);font-style:normal;text-transform:none;letter-spacing:1.3px;}.wp-block-kadence-advancedheading.kt-adv-heading18507_5b8c8a-a7 mark.kt-highlight, .wp-block-kadence-advancedheading.kt-adv-heading18507_5b8c8a-a7[data-kb-block=\"kb-adv-heading18507_5b8c8a-a7\"] mark.kt-highlight{letter-spacing:1.3px;font-style:normal;color:#f76a0c;border-bottom:2px solid #abb8c3;-webkit-box-decoration-break:clone;box-decoration-break:clone;padding-bottom:30px;}.wp-block-kadence-advancedheading.kt-adv-heading18507_5b8c8a-a7 img.kb-inline-image, .wp-block-kadence-advancedheading.kt-adv-heading18507_5b8c8a-a7[data-kb-block=\"kb-adv-heading18507_5b8c8a-a7\"] img.kb-inline-image{width:150px;vertical-align:baseline;}@media all and (max-width: 1024px){.wp-block-kadence-advancedheading.kt-adv-heading18507_5b8c8a-a7 mark.kt-highlight, .wp-block-kadence-advancedheading.kt-adv-heading18507_5b8c8a-a7[data-kb-block=\"kb-adv-heading18507_5b8c8a-a7\"] mark.kt-highlight{border-bottom:2px solid #abb8c3;}}@media all and (max-width: 767px){.wp-block-kadence-advancedheading.kt-adv-heading18507_5b8c8a-a7 mark.kt-highlight, .wp-block-kadence-advancedheading.kt-adv-heading18507_5b8c8a-a7[data-kb-block=\"kb-adv-heading18507_5b8c8a-a7\"] mark.kt-highlight{border-bottom:2px solid #abb8c3;}}<\/style>\n<h1 class=\"kt-adv-heading18507_5b8c8a-a7 wp-block-kadence-advancedheading\" data-kb-block=\"kb-adv-heading18507_5b8c8a-a7\">Art Brut<\/h1>\n\n\n<style>.wp-block-kadence-advancedheading.kt-adv-heading18507_b9a927-1e, .wp-block-kadence-advancedheading.kt-adv-heading18507_b9a927-1e[data-kb-block=\"kb-adv-heading18507_b9a927-1e\"]{margin-bottom:var(--global-kb-spacing-lg, 3rem);text-align:center;font-style:normal;}.wp-block-kadence-advancedheading.kt-adv-heading18507_b9a927-1e mark.kt-highlight, .wp-block-kadence-advancedheading.kt-adv-heading18507_b9a927-1e[data-kb-block=\"kb-adv-heading18507_b9a927-1e\"] mark.kt-highlight{font-style:normal;color:#f76a0c;-webkit-box-decoration-break:clone;box-decoration-break:clone;padding-top:0px;padding-right:0px;padding-bottom:0px;padding-left:0px;}.wp-block-kadence-advancedheading.kt-adv-heading18507_b9a927-1e img.kb-inline-image, .wp-block-kadence-advancedheading.kt-adv-heading18507_b9a927-1e[data-kb-block=\"kb-adv-heading18507_b9a927-1e\"] img.kb-inline-image{width:150px;vertical-align:baseline;}<\/style>\n<h2 class=\"kt-adv-heading18507_b9a927-1e wp-block-kadence-advancedheading\" data-kb-block=\"kb-adv-heading18507_b9a927-1e\">Une exposition d\u2019Art Brut et Singulier<\/h2>\n\n\n<style>.kb-row-layout-id18507_1932c8-a0 > .kt-row-column-wrap{align-content:start;}:where(.kb-row-layout-id18507_1932c8-a0 > .kt-row-column-wrap) > .wp-block-kadence-column{justify-content:start;}.kb-row-layout-id18507_1932c8-a0 > .kt-row-column-wrap{column-gap:var(--global-kb-gap-md, 2rem);row-gap:var(--global-kb-gap-md, 2rem);max-width:var( --global-content-width, 1290px );padding-left:var(--global-content-edge-padding);padding-right:var(--global-content-edge-padding);padding-top:var(--global-kb-spacing-sm, 1.5rem);padding-bottom:var(--global-kb-spacing-sm, 1.5rem);grid-template-columns:minmax(0, 1fr);}.kb-row-layout-id18507_1932c8-a0 > .kt-row-layout-overlay{opacity:0.30;}@media all and (max-width: 1024px){.kb-row-layout-id18507_1932c8-a0 > .kt-row-column-wrap{grid-template-columns:minmax(0, 1fr);}}@media all and (max-width: 767px){.kb-row-layout-id18507_1932c8-a0 > .kt-row-column-wrap{grid-template-columns:minmax(0, 1fr);}}<\/style><div class=\"kb-row-layout-wrap kb-row-layout-id18507_1932c8-a0 alignnone wp-block-kadence-rowlayout\"><div class=\"kt-row-column-wrap kt-has-1-columns kt-row-layout-equal kt-tab-layout-inherit kt-mobile-layout-row kt-row-valign-top kb-theme-content-width\">\n<style>.kadence-column18507_dd8fec-0f > .kt-inside-inner-col,.kadence-column18507_dd8fec-0f > .kt-inside-inner-col:before{border-top-left-radius:0px;border-top-right-radius:0px;border-bottom-right-radius:0px;border-bottom-left-radius:0px;}.kadence-column18507_dd8fec-0f > .kt-inside-inner-col{column-gap:var(--global-kb-gap-sm, 1rem);}.kadence-column18507_dd8fec-0f > .kt-inside-inner-col{flex-direction:column;}.kadence-column18507_dd8fec-0f > .kt-inside-inner-col > .aligncenter{width:100%;}.kadence-column18507_dd8fec-0f > .kt-inside-inner-col:before{opacity:0.3;}.kadence-column18507_dd8fec-0f{position:relative;}@media all and (max-width: 1024px){.kadence-column18507_dd8fec-0f > .kt-inside-inner-col{flex-direction:column;justify-content:center;}}@media all and (max-width: 767px){.kadence-column18507_dd8fec-0f > .kt-inside-inner-col{flex-direction:column;justify-content:center;}}<\/style>\n<div class=\"wp-block-kadence-column kadence-column18507_dd8fec-0f\"><div class=\"kt-inside-inner-col\"><style>.wp-block-kadence-advancedheading.kt-adv-heading18507_c6843a-56, .wp-block-kadence-advancedheading.kt-adv-heading18507_c6843a-56[data-kb-block=\"kb-adv-heading18507_c6843a-56\"]{margin-top:var(--global-kb-spacing-xs, 1rem);margin-bottom:var(--global-kb-spacing-lg, 3rem);font-style:normal;text-transform:none;}.wp-block-kadence-advancedheading.kt-adv-heading18507_c6843a-56 mark.kt-highlight, .wp-block-kadence-advancedheading.kt-adv-heading18507_c6843a-56[data-kb-block=\"kb-adv-heading18507_c6843a-56\"] mark.kt-highlight{font-style:normal;color:#f76a0c;-webkit-box-decoration-break:clone;box-decoration-break:clone;padding-top:0px;padding-right:0px;padding-bottom:0px;padding-left:0px;}.wp-block-kadence-advancedheading.kt-adv-heading18507_c6843a-56 img.kb-inline-image, .wp-block-kadence-advancedheading.kt-adv-heading18507_c6843a-56[data-kb-block=\"kb-adv-heading18507_c6843a-56\"] img.kb-inline-image{width:150px;vertical-align:baseline;}<\/style>\n<p class=\"kt-adv-heading18507_c6843a-56 wp-block-kadence-advancedheading\" data-kb-block=\"kb-adv-heading18507_c6843a-56\"><strong>L\u2019artiste Ben Vautier r\u00e9unit un groupe d\u2019artistes singuliers,<\/strong><br><strong>Espace \u00e0 D\u00e9battre, rue Vernier, Nice 2011.<\/strong><br>&nbsp;<br>Un joyeux chaos. Un capharna\u00fcm cr\u00e9atif.<br>Cette exposition r\u00e9unit quelques-uns des artistes les plus d\u00e9jant\u00e9s de la C\u00f4te d\u2019Azur, dans un esprit radical, brut et libre.<br>Peintures, objets, dessins, installations : rien de sage, tout est instinct.<br>\u00c0 leurs c\u00f4t\u00e9s, une s\u00e9lection de pi\u00e8ces tout aussi folles issues de la collection personnelle de Ben \u2014 pour qui l\u2019art est d\u2019abord une question de vie, de pulsion, de n\u00e9cessit\u00e9.<br><br>Capharna\u00fcm : un moment de d\u00e9sordre salutaire, o\u00f9 l\u2019Art Brut ne demande pas la permission.<\/p>\n\n\n<style>.wp-block-kadence-advancedgallery .kb-gallery-type-grid.kb-gallery-id-18507_42258f-1c{margin:-5px;}.kb-gallery-type-grid.kb-gallery-id-18507_42258f-1c .kadence-blocks-gallery-item{padding:5px;}.kb-gallery-id-18507_42258f-1c .kadence-blocks-gallery-item .kb-gal-image-radius, .kb-gallery-id-18507_42258f-1c .kb-slide-item .kb-gal-image-radius img{border-radius:0px 0px 0px 0px;;}<\/style><div class=\"kb-gallery-wrap-id-18507_42258f-1c alignnone wp-block-kadence-advancedgallery\"><ul class=\"kb-gallery-ul kb-gallery-non-static kb-gallery-type-grid kb-gallery-id-18507_42258f-1c kb-gallery-caption-style-bottom-hover kb-gallery-filter-none\" data-image-filter=\"none\" data-item-selector=\".kadence-blocks-gallery-item\" data-lightbox-caption=\"true\" data-columns-xxl=\"3\" data-columns-xl=\"3\" data-columns-md=\"3\" data-columns-sm=\"2\" data-columns-xs=\"1\" data-columns-ss=\"1\"><li class=\"kadence-blocks-gallery-item\" tabindex=\"0\"><div class=\"kadence-blocks-gallery-item-inner\"><figure class=\"kb-gallery-figure kadence-blocks-gallery-item-hide-caption\"><div class=\"kb-gal-image-radius\"><div class=\"kb-gallery-image-contain kadence-blocks-gallery-intrinsic kb-gallery-image-ratio-land32 kb-has-image-ratio-land32\" ><img loading=\"lazy\" decoding=\"async\" src=\"https:\/\/www.francksaissi.com\/wp-content\/uploads\/2013\/01\/img_6212.jpg\" width=\"665\" height=\"443\" alt=\"Collective Art Brut, vue de l&#039;expo\" data-full-image=\"https:\/\/www.francksaissi.com\/wp-content\/uploads\/2013\/01\/img_6212.jpg\" data-light-image=\"https:\/\/www.francksaissi.com\/wp-content\/uploads\/2013\/01\/img_6212.jpg\" data-id=\"3129\" class=\"wp-image-3129\" srcset=\"https:\/\/www.francksaissi.com\/wp-content\/uploads\/2013\/01\/img_6212.jpg 665w, https:\/\/www.francksaissi.com\/wp-content\/uploads\/2013\/01\/img_6212-600x400.jpg 600w, https:\/\/www.francksaissi.com\/wp-content\/uploads\/2013\/01\/img_6212-300x199.jpg 300w, https:\/\/www.francksaissi.com\/wp-content\/uploads\/2013\/01\/img_6212-642x427.jpg 642w\" sizes=\"auto, (max-width: 665px) 100vw, 665px\" \/><\/div><\/div><\/figure><\/div><\/li><li class=\"kadence-blocks-gallery-item\" tabindex=\"0\"><div class=\"kadence-blocks-gallery-item-inner\"><figure class=\"kb-gallery-figure kadence-blocks-gallery-item-hide-caption\"><div class=\"kb-gal-image-radius\"><div class=\"kb-gallery-image-contain kadence-blocks-gallery-intrinsic kb-gallery-image-ratio-land32 kb-has-image-ratio-land32\" ><img loading=\"lazy\" decoding=\"async\" src=\"https:\/\/www.francksaissi.com\/wp-content\/uploads\/2013\/01\/img_6213.jpg\" width=\"658\" height=\"439\" alt=\"Expo d&#039;Art Brut chez Ben\" data-full-image=\"https:\/\/www.francksaissi.com\/wp-content\/uploads\/2013\/01\/img_6213.jpg\" data-light-image=\"https:\/\/www.francksaissi.com\/wp-content\/uploads\/2013\/01\/img_6213.jpg\" data-id=\"3130\" class=\"wp-image-3130\" srcset=\"https:\/\/www.francksaissi.com\/wp-content\/uploads\/2013\/01\/img_6213.jpg 658w, https:\/\/www.francksaissi.com\/wp-content\/uploads\/2013\/01\/img_6213-600x400.jpg 600w, https:\/\/www.francksaissi.com\/wp-content\/uploads\/2013\/01\/img_6213-300x200.jpg 300w, https:\/\/www.francksaissi.com\/wp-content\/uploads\/2013\/01\/img_6213-642x428.jpg 642w\" sizes=\"auto, (max-width: 658px) 100vw, 658px\" \/><\/div><\/div><\/figure><\/div><\/li><li class=\"kadence-blocks-gallery-item\" tabindex=\"0\"><div class=\"kadence-blocks-gallery-item-inner\"><figure class=\"kb-gallery-figure kadence-blocks-gallery-item-hide-caption\"><div class=\"kb-gal-image-radius\"><div class=\"kb-gallery-image-contain kadence-blocks-gallery-intrinsic kb-gallery-image-ratio-land32 kb-has-image-ratio-land32\" ><img loading=\"lazy\" decoding=\"async\" src=\"https:\/\/www.francksaissi.com\/wp-content\/uploads\/2013\/01\/img_6215.jpg\" width=\"722\" height=\"577\" alt=\"Exposition d&#039;Art Brut Espace \u00e0 D\u00e9battre, site de Franck Sa\u00efssi\" data-full-image=\"https:\/\/www.francksaissi.com\/wp-content\/uploads\/2013\/01\/img_6215.jpg\" data-light-image=\"https:\/\/www.francksaissi.com\/wp-content\/uploads\/2013\/01\/img_6215.jpg\" data-id=\"3131\" class=\"wp-image-3131\" srcset=\"https:\/\/www.francksaissi.com\/wp-content\/uploads\/2013\/01\/img_6215.jpg 722w, https:\/\/www.francksaissi.com\/wp-content\/uploads\/2013\/01\/img_6215-600x480.jpg 600w, https:\/\/www.francksaissi.com\/wp-content\/uploads\/2013\/01\/img_6215-300x239.jpg 300w, https:\/\/www.francksaissi.com\/wp-content\/uploads\/2013\/01\/img_6215-642x513.jpg 642w\" sizes=\"auto, (max-width: 722px) 100vw, 722px\" \/><\/div><\/div><\/figure><\/div><\/li><\/ul><\/div><\/div><\/div>\n\n<\/div><\/div>\n\n\n","protected":false},"excerpt":{"rendered":"<p>Art Brut Une exposition d\u2019Art Brut et Singulier L\u2019artiste Ben Vautier r\u00e9unit un groupe d\u2019artistes singuliers,Espace \u00e0 D\u00e9battre, rue Vernier, Nice 2011.&nbsp;Un joyeux chaos. Un capharna\u00fcm cr\u00e9atif.Cette exposition r\u00e9unit quelques-uns des artistes les plus d\u00e9jant\u00e9s de la C\u00f4te d\u2019Azur, dans un esprit radical, brut et libre.Peintures, objets, dessins, installations : rien de sage, tout est&#8230;<\/p>","protected":false},"author":34,"featured_media":0,"parent":18226,"menu_order":0,"comment_status":"closed","ping_status":"closed","template":"","meta":{"_acf_changed":false,"_kad_post_transparent":"","_kad_post_title":"","_kad_post_layout":"","_kad_post_sidebar_id":"","_kad_post_content_style":"","_kad_post_vertical_padding":"","_kad_post_feature":"","_kad_post_feature_position":"","_kad_post_header":false,"_kad_post_footer":false,"_kad_post_classname":"","iawp_total_views":5,"footnotes":""},"class_list":["post-18507","page","type-page","status-publish","hentry"],"acf":[],"_links":{"self":[{"href":"https:\/\/www.francksaissi.com\/en\/wp-json\/wp\/v2\/pages\/18507","targetHints":{"allow":["GET"]}}],"collection":[{"href":"https:\/\/www.francksaissi.com\/en\/wp-json\/wp\/v2\/pages"}],"about":[{"href":"https:\/\/www.francksaissi.com\/en\/wp-json\/wp\/v2\/types\/page"}],"author":[{"embeddable":true,"href":"https:\/\/www.francksaissi.com\/en\/wp-json\/wp\/v2\/users\/34"}],"replies":[{"embeddable":true,"href":"https:\/\/www.francksaissi.com\/en\/wp-json\/wp\/v2\/comments?post=18507"}],"version-history":[{"count":3,"href":"https:\/\/www.francksaissi.com\/en\/wp-json\/wp\/v2\/pages\/18507\/revisions"}],"predecessor-version":[{"id":21888,"href":"https:\/\/www.francksaissi.com\/en\/wp-json\/wp\/v2\/pages\/18507\/revisions\/21888"}],"up":[{"embeddable":true,"href":"https:\/\/www.francksaissi.com\/en\/wp-json\/wp\/v2\/pages\/18226"}],"wp:attachment":[{"href":"https:\/\/www.francksaissi.com\/en\/wp-json\/wp\/v2\/media?parent=18507"}],"curies":[{"name":"wp","href":"https:\/\/api.w.org\/{rel}","templated":true}]}}