{"id":18501,"date":"2025-06-15T00:45:08","date_gmt":"2025-06-14T22:45:08","guid":{"rendered":"https:\/\/www.francksaissi.com\/?page_id=18501"},"modified":"2026-01-20T21:23:32","modified_gmt":"2026-01-20T20:23:32","slug":"la-valise","status":"publish","type":"page","link":"https:\/\/www.francksaissi.com\/en\/expositions\/la-valise\/","title":{"rendered":"La Valise"},"content":{"rendered":"<style>.wp-block-kadence-advancedheading.kt-adv-heading18501_5cdeec-65, .wp-block-kadence-advancedheading.kt-adv-heading18501_5cdeec-65[data-kb-block=\"kb-adv-heading18501_5cdeec-65\"]{padding-bottom:25px;text-align:center;font-size:var(--global-kb-font-size-xl, 3rem);font-style:normal;text-transform:none;letter-spacing:1.3px;}.wp-block-kadence-advancedheading.kt-adv-heading18501_5cdeec-65 mark.kt-highlight, .wp-block-kadence-advancedheading.kt-adv-heading18501_5cdeec-65[data-kb-block=\"kb-adv-heading18501_5cdeec-65\"] mark.kt-highlight{letter-spacing:1.3px;font-style:normal;color:#f76a0c;border-bottom:2px solid #abb8c3;-webkit-box-decoration-break:clone;box-decoration-break:clone;padding-bottom:30px;}.wp-block-kadence-advancedheading.kt-adv-heading18501_5cdeec-65 img.kb-inline-image, .wp-block-kadence-advancedheading.kt-adv-heading18501_5cdeec-65[data-kb-block=\"kb-adv-heading18501_5cdeec-65\"] img.kb-inline-image{width:150px;vertical-align:baseline;}@media all and (max-width: 1024px){.wp-block-kadence-advancedheading.kt-adv-heading18501_5cdeec-65 mark.kt-highlight, .wp-block-kadence-advancedheading.kt-adv-heading18501_5cdeec-65[data-kb-block=\"kb-adv-heading18501_5cdeec-65\"] mark.kt-highlight{border-bottom:2px solid #abb8c3;}}@media all and (max-width: 767px){.wp-block-kadence-advancedheading.kt-adv-heading18501_5cdeec-65 mark.kt-highlight, .wp-block-kadence-advancedheading.kt-adv-heading18501_5cdeec-65[data-kb-block=\"kb-adv-heading18501_5cdeec-65\"] mark.kt-highlight{border-bottom:2px solid #abb8c3;}}<\/style>\n<h1 class=\"kt-adv-heading18501_5cdeec-65 wp-block-kadence-advancedheading\" data-kb-block=\"kb-adv-heading18501_5cdeec-65\">La valise<\/h1>\n\n\n<style>.wp-block-kadence-advancedheading.kt-adv-heading18501_92ee2e-d9, .wp-block-kadence-advancedheading.kt-adv-heading18501_92ee2e-d9[data-kb-block=\"kb-adv-heading18501_92ee2e-d9\"]{margin-bottom:var(--global-kb-spacing-lg, 3rem);text-align:center;font-style:normal;}.wp-block-kadence-advancedheading.kt-adv-heading18501_92ee2e-d9 mark.kt-highlight, .wp-block-kadence-advancedheading.kt-adv-heading18501_92ee2e-d9[data-kb-block=\"kb-adv-heading18501_92ee2e-d9\"] mark.kt-highlight{font-style:normal;color:#f76a0c;-webkit-box-decoration-break:clone;box-decoration-break:clone;padding-top:0px;padding-right:0px;padding-bottom:0px;padding-left:0px;}.wp-block-kadence-advancedheading.kt-adv-heading18501_92ee2e-d9 img.kb-inline-image, .wp-block-kadence-advancedheading.kt-adv-heading18501_92ee2e-d9[data-kb-block=\"kb-adv-heading18501_92ee2e-d9\"] img.kb-inline-image{width:150px;vertical-align:baseline;}<\/style>\n<h2 class=\"kt-adv-heading18501_92ee2e-d9 wp-block-kadence-advancedheading\" data-kb-block=\"kb-adv-heading18501_92ee2e-d9\">Exposition collective Espace \u00e0 D\u00e9battre<\/h2>\n\n\n<style>.kb-row-layout-id18501_1d0158-45 > .kt-row-column-wrap{align-content:start;}:where(.kb-row-layout-id18501_1d0158-45 > .kt-row-column-wrap) > .wp-block-kadence-column{justify-content:start;}.kb-row-layout-id18501_1d0158-45 > .kt-row-column-wrap{column-gap:var(--global-kb-gap-md, 2rem);row-gap:var(--global-kb-gap-md, 2rem);max-width:var( --global-content-width, 1290px );padding-left:var(--global-content-edge-padding);padding-right:var(--global-content-edge-padding);padding-top:var(--global-kb-spacing-sm, 1.5rem);padding-bottom:var(--global-kb-spacing-sm, 1.5rem);grid-template-columns:minmax(0, 1fr);}.kb-row-layout-id18501_1d0158-45 > .kt-row-layout-overlay{opacity:0.30;}@media all and (max-width: 1024px){.kb-row-layout-id18501_1d0158-45 > .kt-row-column-wrap{grid-template-columns:minmax(0, 1fr);}}@media all and (max-width: 767px){.kb-row-layout-id18501_1d0158-45 > .kt-row-column-wrap{grid-template-columns:minmax(0, 1fr);}}<\/style><div class=\"kb-row-layout-wrap kb-row-layout-id18501_1d0158-45 alignnone wp-block-kadence-rowlayout\"><div class=\"kt-row-column-wrap kt-has-1-columns kt-row-layout-equal kt-tab-layout-inherit kt-mobile-layout-row kt-row-valign-top kb-theme-content-width\">\n<style>.kadence-column18501_62a99e-c3 > .kt-inside-inner-col,.kadence-column18501_62a99e-c3 > .kt-inside-inner-col:before{border-top-left-radius:0px;border-top-right-radius:0px;border-bottom-right-radius:0px;border-bottom-left-radius:0px;}.kadence-column18501_62a99e-c3 > .kt-inside-inner-col{column-gap:var(--global-kb-gap-sm, 1rem);}.kadence-column18501_62a99e-c3 > .kt-inside-inner-col{flex-direction:column;}.kadence-column18501_62a99e-c3 > .kt-inside-inner-col > .aligncenter{width:100%;}.kadence-column18501_62a99e-c3 > .kt-inside-inner-col:before{opacity:0.3;}.kadence-column18501_62a99e-c3{position:relative;}@media all and (max-width: 1024px){.kadence-column18501_62a99e-c3 > .kt-inside-inner-col{flex-direction:column;justify-content:center;}}@media all and (max-width: 767px){.kadence-column18501_62a99e-c3 > .kt-inside-inner-col{flex-direction:column;justify-content:center;}}<\/style>\n<div class=\"wp-block-kadence-column kadence-column18501_62a99e-c3\"><div class=\"kt-inside-inner-col\"><style>.wp-block-kadence-advancedheading.kt-adv-heading18501_314c4f-c9, .wp-block-kadence-advancedheading.kt-adv-heading18501_314c4f-c9[data-kb-block=\"kb-adv-heading18501_314c4f-c9\"]{margin-bottom:var(--global-kb-spacing-lg, 3rem);font-style:normal;}.wp-block-kadence-advancedheading.kt-adv-heading18501_314c4f-c9 mark.kt-highlight, .wp-block-kadence-advancedheading.kt-adv-heading18501_314c4f-c9[data-kb-block=\"kb-adv-heading18501_314c4f-c9\"] mark.kt-highlight{font-style:normal;color:#f76a0c;-webkit-box-decoration-break:clone;box-decoration-break:clone;padding-top:0px;padding-right:0px;padding-bottom:0px;padding-left:0px;}.wp-block-kadence-advancedheading.kt-adv-heading18501_314c4f-c9 img.kb-inline-image, .wp-block-kadence-advancedheading.kt-adv-heading18501_314c4f-c9[data-kb-block=\"kb-adv-heading18501_314c4f-c9\"] img.kb-inline-image{width:150px;vertical-align:baseline;}<\/style>\n<p class=\"kt-adv-heading18501_314c4f-c9 wp-block-kadence-advancedheading\" data-kb-block=\"kb-adv-heading18501_314c4f-c9\"><strong>22 juin-20 juillet 2012<\/strong><br><br>La valise, une exposition imagin\u00e9e par Ben Vautier:<br><br>\u201cLe principe de cette expo est tr\u00e8s simple vous avez tous une valise chez vous.<br>Sinon vous en procurez une chez l\u2019Abb\u00e9 Pierre ou chez Vuitton. Et voil\u00e0, maintenant imaginez\u2010vous sur une \u00eele d\u00e9serte avec juste une valise.<br>Cela peut\u2010\u00eatre une valise remplie de dessous sexy, de dessins d\u2019enfants, d\u2019objets inutiles.<br>Vous pouvez mettre tout ce que vous voulez dans votre valise: votre vie, vos angoisses, vos doutes\u2026\u201d<br><br>Ben Vautier 2012<\/p>\n\n\n<style>.kb-gallery-id-18501_971fe8-15.kb-gallery-ul.kb-gallery-type-fluidcarousel .kt-blocks-carousel figure .kb-gal-image-radius, .kb-gallery-id-18501_971fe8-15.kb-gallery-ul.kb-gallery-type-fluidcarousel .kt-blocks-carousel figure .kb-gal-image-radius img{height:450px;}.kb-gallery-id-18501_971fe8-15 .kadence-blocks-gallery-item .kb-gal-image-radius, .kb-gallery-id-18501_971fe8-15 .kb-slide-item .kb-gal-image-radius img{border-radius:0px 0px 0px 0px;;}.kb-gallery-wrap-id-18501_971fe8-15.wp-block-kadence-advancedgallery{overflow:visible;}.kb-gallery-wrap-id-18501_971fe8-15.wp-block-kadence-advancedgallery .kt-blocks-carousel{overflow:visible;max-width:100%;}<\/style><div class=\"kb-gallery-wrap-id-18501_971fe8-15 alignnone wp-block-kadence-advancedgallery\"><div class=\"kb-gallery-ul kb-gallery-non-static kb-gallery-type-fluidcarousel kb-gallery-id-18501_971fe8-15 kb-gallery-caption-style-bottom-hover kb-gallery-filter-none\" data-image-filter=\"none\" data-lightbox-caption=\"true\"><div class=\"kt-blocks-carousel splide kt-carousel-container-dotstyle-dark kt-carousel-arrowstyle-whiteondark kt-carousel-dotstyle-dark kb-slider-group-arrow kb-slider-arrow-position-center\" data-slider-anim-speed=\"400\" data-slider-scroll=\"1\" data-slider-arrows=\"true\" data-slider-dots=\"true\" data-slider-hover-pause=\"false\" data-slider-auto=\"\" data-slider-speed=\"7000\" data-slider-type=\"fluidcarousel\" data-slider-center-mode=\"true\" data-slider-gap=\"10px\" data-slider-gap-tablet=\"10px\" data-slider-gap-mobile=\"10px\" data-show-pause-button=\"false\"><div class=\"splide__track\"><ul class=\"kt-blocks-carousel-init kb-blocks-fluid-carousel splide__list\"><li class=\"kb-slide-item kb-gallery-carousel-item splide__slide\"><div class=\"kadence-blocks-gallery-item\"><div class=\"kadence-blocks-gallery-item-inner\"><figure class=\"kb-gallery-figure kadence-blocks-gallery-item-hide-caption\"><div class=\"kb-gal-image-radius\"><div class=\"kb-gallery-image-contain\" ><img loading=\"lazy\" decoding=\"async\" src=\"https:\/\/www.francksaissi.com\/wp-content\/uploads\/2013\/01\/valise.jpg\" width=\"407\" height=\"296\" alt=\"Exposition collective &quot;La Valise&quot;, site de Franck Sa\u00efssi\" data-full-image=\"https:\/\/www.francksaissi.com\/wp-content\/uploads\/2013\/01\/valise.jpg\" data-light-image=\"https:\/\/www.francksaissi.com\/wp-content\/uploads\/2013\/01\/valise.jpg\" data-id=\"3072\" class=\"wp-image-3072 skip-lazy\" srcset=\"https:\/\/www.francksaissi.com\/wp-content\/uploads\/2013\/01\/valise.jpg 407w, https:\/\/www.francksaissi.com\/wp-content\/uploads\/2013\/01\/valise-300x218.jpg 300w\" sizes=\"auto, (max-width: 407px) 100vw, 407px\" \/><\/div><\/div><\/figure><\/div><\/div><\/li><li class=\"kb-slide-item kb-gallery-carousel-item splide__slide\"><div class=\"kadence-blocks-gallery-item\"><div class=\"kadence-blocks-gallery-item-inner\"><figure class=\"kb-gallery-figure kadence-blocks-gallery-item-hide-caption\"><div class=\"kb-gal-image-radius\"><div class=\"kb-gallery-image-contain\" ><img loading=\"lazy\" decoding=\"async\" src=\"https:\/\/www.francksaissi.com\/wp-content\/uploads\/2012\/06\/valise-charafi.jpg\" width=\"572\" height=\"700\" alt=\"La valise de Franck Sa\u00efssi pour l&#039;exposition la valise de Ben\" data-full-image=\"https:\/\/www.francksaissi.com\/wp-content\/uploads\/2012\/06\/valise-charafi.jpg\" data-light-image=\"https:\/\/www.francksaissi.com\/wp-content\/uploads\/2012\/06\/valise-charafi.jpg\" data-id=\"1733\" class=\"wp-image-1733 skip-lazy\" srcset=\"https:\/\/www.francksaissi.com\/wp-content\/uploads\/2012\/06\/valise-charafi.jpg 572w, https:\/\/www.francksaissi.com\/wp-content\/uploads\/2012\/06\/valise-charafi-245x300.jpg 245w\" sizes=\"auto, (max-width: 572px) 100vw, 572px\" \/><\/div><\/div><\/figure><\/div><\/div><\/li><li class=\"kb-slide-item kb-gallery-carousel-item splide__slide\"><div class=\"kadence-blocks-gallery-item\"><div class=\"kadence-blocks-gallery-item-inner\"><figure class=\"kb-gallery-figure kadence-blocks-gallery-item-hide-caption\"><div class=\"kb-gal-image-radius\"><div class=\"kb-gallery-image-contain\" ><img loading=\"lazy\" decoding=\"async\" src=\"https:\/\/www.francksaissi.com\/wp-content\/uploads\/2016\/02\/img_7348.jpg\" width=\"711\" height=\"474\" alt=\"Exposition la valise, Espace \u00e0 d\u00e9battre, site de Franck Sa\u00efssi\" data-full-image=\"https:\/\/www.francksaissi.com\/wp-content\/uploads\/2016\/02\/img_7348.jpg\" data-light-image=\"https:\/\/www.francksaissi.com\/wp-content\/uploads\/2016\/02\/img_7348.jpg\" data-id=\"6042\" class=\"wp-image-6042 skip-lazy\" srcset=\"https:\/\/www.francksaissi.com\/wp-content\/uploads\/2016\/02\/img_7348.jpg 711w, https:\/\/www.francksaissi.com\/wp-content\/uploads\/2016\/02\/img_7348-600x400.jpg 600w\" sizes=\"auto, (max-width: 711px) 100vw, 711px\" \/><\/div><\/div><\/figure><\/div><\/div><\/li><li class=\"kb-slide-item kb-gallery-carousel-item splide__slide\"><div class=\"kadence-blocks-gallery-item\"><div class=\"kadence-blocks-gallery-item-inner\"><figure class=\"kb-gallery-figure kadence-blocks-gallery-item-hide-caption\"><div class=\"kb-gal-image-radius\"><div class=\"kb-gallery-image-contain\" ><img loading=\"lazy\" decoding=\"async\" src=\"https:\/\/www.francksaissi.com\/wp-content\/uploads\/2016\/02\/img_7337.jpg\" width=\"560\" height=\"381\" alt=\"Exposition la valise, Espace \u00e0 d\u00e9battre, site de Franck Sa\u00efssi\" data-full-image=\"https:\/\/www.francksaissi.com\/wp-content\/uploads\/2016\/02\/img_7337.jpg\" data-light-image=\"https:\/\/www.francksaissi.com\/wp-content\/uploads\/2016\/02\/img_7337.jpg\" data-id=\"6043\" class=\"wp-image-6043 skip-lazy\"\/><\/div><\/div><\/figure><\/div><\/div><\/li><\/ul><\/div><\/div><\/div><\/div><\/div><\/div>\n\n<\/div><\/div>\n\n\n","protected":false},"excerpt":{"rendered":"<p>La valise Exposition collective Espace \u00e0 D\u00e9battre 22 juin-20 juillet 2012 La valise, une exposition imagin\u00e9e par Ben Vautier: \u201cLe principe de cette expo est tr\u00e8s simple vous avez tous une valise chez vous.Sinon vous en procurez une chez l\u2019Abb\u00e9 Pierre ou chez Vuitton. Et voil\u00e0, maintenant imaginez\u2010vous sur une \u00eele d\u00e9serte avec juste une&#8230;<\/p>","protected":false},"author":34,"featured_media":3072,"parent":18226,"menu_order":1,"comment_status":"closed","ping_status":"closed","template":"","meta":{"_acf_changed":false,"_kad_post_transparent":"","_kad_post_title":"","_kad_post_layout":"","_kad_post_sidebar_id":"","_kad_post_content_style":"","_kad_post_vertical_padding":"","_kad_post_feature":"","_kad_post_feature_position":"","_kad_post_header":false,"_kad_post_footer":false,"_kad_post_classname":"","iawp_total_views":5,"footnotes":""},"class_list":["post-18501","page","type-page","status-publish","has-post-thumbnail","hentry"],"acf":[],"_links":{"self":[{"href":"https:\/\/www.francksaissi.com\/en\/wp-json\/wp\/v2\/pages\/18501","targetHints":{"allow":["GET"]}}],"collection":[{"href":"https:\/\/www.francksaissi.com\/en\/wp-json\/wp\/v2\/pages"}],"about":[{"href":"https:\/\/www.francksaissi.com\/en\/wp-json\/wp\/v2\/types\/page"}],"author":[{"embeddable":true,"href":"https:\/\/www.francksaissi.com\/en\/wp-json\/wp\/v2\/users\/34"}],"replies":[{"embeddable":true,"href":"https:\/\/www.francksaissi.com\/en\/wp-json\/wp\/v2\/comments?post=18501"}],"version-history":[{"count":2,"href":"https:\/\/www.francksaissi.com\/en\/wp-json\/wp\/v2\/pages\/18501\/revisions"}],"predecessor-version":[{"id":21115,"href":"https:\/\/www.francksaissi.com\/en\/wp-json\/wp\/v2\/pages\/18501\/revisions\/21115"}],"up":[{"embeddable":true,"href":"https:\/\/www.francksaissi.com\/en\/wp-json\/wp\/v2\/pages\/18226"}],"wp:featuredmedia":[{"embeddable":true,"href":"https:\/\/www.francksaissi.com\/en\/wp-json\/wp\/v2\/media\/3072"}],"wp:attachment":[{"href":"https:\/\/www.francksaissi.com\/en\/wp-json\/wp\/v2\/media?parent=18501"}],"curies":[{"name":"wp","href":"https:\/\/api.w.org\/{rel}","templated":true}]}}