{"id":18491,"date":"2025-06-15T00:03:41","date_gmt":"2025-06-14T22:03:41","guid":{"rendered":"https:\/\/www.francksaissi.com\/?page_id=18491"},"modified":"2026-01-20T21:23:49","modified_gmt":"2026-01-20T20:23:49","slug":"be-yourself","status":"publish","type":"page","link":"https:\/\/www.francksaissi.com\/en\/expositions\/be-yourself\/","title":{"rendered":"Be yourself"},"content":{"rendered":"<style>.wp-block-kadence-advancedheading.kt-adv-heading18491_94a945-c9, .wp-block-kadence-advancedheading.kt-adv-heading18491_94a945-c9[data-kb-block=\"kb-adv-heading18491_94a945-c9\"]{padding-bottom:25px;text-align:center;font-size:var(--global-kb-font-size-xl, 3rem);font-style:normal;text-transform:none;letter-spacing:1.3px;}.wp-block-kadence-advancedheading.kt-adv-heading18491_94a945-c9 mark.kt-highlight, .wp-block-kadence-advancedheading.kt-adv-heading18491_94a945-c9[data-kb-block=\"kb-adv-heading18491_94a945-c9\"] mark.kt-highlight{letter-spacing:1.3px;font-style:normal;color:#f76a0c;border-bottom:2px solid #abb8c3;-webkit-box-decoration-break:clone;box-decoration-break:clone;padding-bottom:30px;}.wp-block-kadence-advancedheading.kt-adv-heading18491_94a945-c9 img.kb-inline-image, .wp-block-kadence-advancedheading.kt-adv-heading18491_94a945-c9[data-kb-block=\"kb-adv-heading18491_94a945-c9\"] img.kb-inline-image{width:150px;vertical-align:baseline;}@media all and (max-width: 1024px){.wp-block-kadence-advancedheading.kt-adv-heading18491_94a945-c9 mark.kt-highlight, .wp-block-kadence-advancedheading.kt-adv-heading18491_94a945-c9[data-kb-block=\"kb-adv-heading18491_94a945-c9\"] mark.kt-highlight{border-bottom:2px solid #abb8c3;}}@media all and (max-width: 767px){.wp-block-kadence-advancedheading.kt-adv-heading18491_94a945-c9 mark.kt-highlight, .wp-block-kadence-advancedheading.kt-adv-heading18491_94a945-c9[data-kb-block=\"kb-adv-heading18491_94a945-c9\"] mark.kt-highlight{border-bottom:2px solid #abb8c3;}}<\/style>\n<h1 class=\"kt-adv-heading18491_94a945-c9 wp-block-kadence-advancedheading\" data-kb-block=\"kb-adv-heading18491_94a945-c9\">Be Yourself<\/h1>\n\n\n<style>.wp-block-kadence-advancedheading.kt-adv-heading18491_169973-68, .wp-block-kadence-advancedheading.kt-adv-heading18491_169973-68[data-kb-block=\"kb-adv-heading18491_169973-68\"]{margin-bottom:var(--global-kb-spacing-lg, 3rem);text-align:center;font-style:normal;}.wp-block-kadence-advancedheading.kt-adv-heading18491_169973-68 mark.kt-highlight, .wp-block-kadence-advancedheading.kt-adv-heading18491_169973-68[data-kb-block=\"kb-adv-heading18491_169973-68\"] mark.kt-highlight{font-style:normal;color:#f76a0c;-webkit-box-decoration-break:clone;box-decoration-break:clone;padding-top:0px;padding-right:0px;padding-bottom:0px;padding-left:0px;}.wp-block-kadence-advancedheading.kt-adv-heading18491_169973-68 img.kb-inline-image, .wp-block-kadence-advancedheading.kt-adv-heading18491_169973-68[data-kb-block=\"kb-adv-heading18491_169973-68\"] img.kb-inline-image{width:150px;vertical-align:baseline;}<\/style>\n<h2 class=\"kt-adv-heading18491_169973-68 wp-block-kadence-advancedheading\" data-kb-block=\"kb-adv-heading18491_169973-68\">Une exposition commune Espace \u00e0 d\u00e9battre &amp; Espace A VENDRE<\/h2>\n\n\n<style>.kb-row-layout-id18491_e34f2a-bf > .kt-row-column-wrap{align-content:start;}:where(.kb-row-layout-id18491_e34f2a-bf > .kt-row-column-wrap) > .wp-block-kadence-column{justify-content:start;}.kb-row-layout-id18491_e34f2a-bf > .kt-row-column-wrap{column-gap:var(--global-kb-gap-md, 2rem);row-gap:var(--global-kb-gap-md, 2rem);max-width:var( --global-content-width, 1290px );padding-left:var(--global-content-edge-padding);padding-right:var(--global-content-edge-padding);padding-top:var(--global-kb-spacing-sm, 1.5rem);padding-bottom:var(--global-kb-spacing-sm, 1.5rem);grid-template-columns:minmax(0, 1fr);}.kb-row-layout-id18491_e34f2a-bf > .kt-row-layout-overlay{opacity:0.30;}@media all and (max-width: 1024px){.kb-row-layout-id18491_e34f2a-bf > .kt-row-column-wrap{grid-template-columns:minmax(0, 1fr);}}@media all and (max-width: 767px){.kb-row-layout-id18491_e34f2a-bf > .kt-row-column-wrap{grid-template-columns:minmax(0, 1fr);}}<\/style><div class=\"kb-row-layout-wrap kb-row-layout-id18491_e34f2a-bf alignnone wp-block-kadence-rowlayout\"><div class=\"kt-row-column-wrap kt-has-1-columns kt-row-layout-equal kt-tab-layout-inherit kt-mobile-layout-row kt-row-valign-top kb-theme-content-width\">\n<style>.kadence-column18491_eeed42-fc > .kt-inside-inner-col,.kadence-column18491_eeed42-fc > .kt-inside-inner-col:before{border-top-left-radius:0px;border-top-right-radius:0px;border-bottom-right-radius:0px;border-bottom-left-radius:0px;}.kadence-column18491_eeed42-fc > .kt-inside-inner-col{column-gap:var(--global-kb-gap-sm, 1rem);}.kadence-column18491_eeed42-fc > .kt-inside-inner-col{flex-direction:column;}.kadence-column18491_eeed42-fc > .kt-inside-inner-col > .aligncenter{width:100%;}.kadence-column18491_eeed42-fc > .kt-inside-inner-col:before{opacity:0.3;}.kadence-column18491_eeed42-fc{position:relative;}@media all and (max-width: 1024px){.kadence-column18491_eeed42-fc > .kt-inside-inner-col{flex-direction:column;justify-content:center;}}@media all and (max-width: 767px){.kadence-column18491_eeed42-fc > .kt-inside-inner-col{flex-direction:column;justify-content:center;}}<\/style>\n<div class=\"wp-block-kadence-column kadence-column18491_eeed42-fc\"><div class=\"kt-inside-inner-col\"><style>.wp-block-kadence-advancedheading.kt-adv-heading18491_a74d22-a0, .wp-block-kadence-advancedheading.kt-adv-heading18491_a74d22-a0[data-kb-block=\"kb-adv-heading18491_a74d22-a0\"]{font-style:normal;}.wp-block-kadence-advancedheading.kt-adv-heading18491_a74d22-a0 mark.kt-highlight, .wp-block-kadence-advancedheading.kt-adv-heading18491_a74d22-a0[data-kb-block=\"kb-adv-heading18491_a74d22-a0\"] mark.kt-highlight{font-style:normal;color:#f76a0c;-webkit-box-decoration-break:clone;box-decoration-break:clone;padding-top:0px;padding-right:0px;padding-bottom:0px;padding-left:0px;}.wp-block-kadence-advancedheading.kt-adv-heading18491_a74d22-a0 img.kb-inline-image, .wp-block-kadence-advancedheading.kt-adv-heading18491_a74d22-a0[data-kb-block=\"kb-adv-heading18491_a74d22-a0\"] img.kb-inline-image{width:150px;vertical-align:baseline;}<\/style>\n<p class=\"kt-adv-heading18491_a74d22-a0 wp-block-kadence-advancedheading\" data-kb-block=\"kb-adv-heading18491_a74d22-a0\"><strong>8 D\u00e9cembre 2012 au 5 janvier 2013<\/strong><br><br>\u00c0 l\u2019initiative de l\u2019artiste Ben et du galeriste Bertrand Baraudou, une nouvelle exposition r\u00e9unit une s\u00e9lection d\u2019artistes r\u00e9unis autour d\u2019un esprit d\u2019\u00e9mulation, de libert\u00e9.<br>Une \u00ab fourn\u00e9e \u00bb vivante et spontan\u00e9e, o\u00f9 chacun vient d\u00e9poser une \u0153uvre comme on apporte sa voix \u00e0 un ch\u0153ur collectif \u2014 sans th\u00e8me impos\u00e9, mais avec l\u2019envie de partager, de faire voir, de faire vibrer.<br>Une rencontre, plus qu\u2019un manifeste.<\/p>\n\n\n<style>.wp-block-kadence-advancedheading.kt-adv-heading18491_528dce-c9, .wp-block-kadence-advancedheading.kt-adv-heading18491_528dce-c9[data-kb-block=\"kb-adv-heading18491_528dce-c9\"]{font-style:normal;}.wp-block-kadence-advancedheading.kt-adv-heading18491_528dce-c9 mark.kt-highlight, .wp-block-kadence-advancedheading.kt-adv-heading18491_528dce-c9[data-kb-block=\"kb-adv-heading18491_528dce-c9\"] mark.kt-highlight{font-style:normal;color:#f76a0c;-webkit-box-decoration-break:clone;box-decoration-break:clone;padding-top:0px;padding-right:0px;padding-bottom:0px;padding-left:0px;}.wp-block-kadence-advancedheading.kt-adv-heading18491_528dce-c9 img.kb-inline-image, .wp-block-kadence-advancedheading.kt-adv-heading18491_528dce-c9[data-kb-block=\"kb-adv-heading18491_528dce-c9\"] img.kb-inline-image{width:150px;vertical-align:baseline;}<\/style>\n<h3 class=\"kt-adv-heading18491_528dce-c9 wp-block-kadence-advancedheading\" data-kb-block=\"kb-adv-heading18491_528dce-c9\">Artistes<\/h3>\n\n\n<style>.wp-block-kadence-advancedheading.kt-adv-heading18491_c93e63-f2, .wp-block-kadence-advancedheading.kt-adv-heading18491_c93e63-f2[data-kb-block=\"kb-adv-heading18491_c93e63-f2\"]{margin-bottom:var(--global-kb-spacing-lg, 3rem);font-style:normal;}.wp-block-kadence-advancedheading.kt-adv-heading18491_c93e63-f2 mark.kt-highlight, .wp-block-kadence-advancedheading.kt-adv-heading18491_c93e63-f2[data-kb-block=\"kb-adv-heading18491_c93e63-f2\"] mark.kt-highlight{font-style:normal;color:#f76a0c;-webkit-box-decoration-break:clone;box-decoration-break:clone;padding-top:0px;padding-right:0px;padding-bottom:0px;padding-left:0px;}.wp-block-kadence-advancedheading.kt-adv-heading18491_c93e63-f2 img.kb-inline-image, .wp-block-kadence-advancedheading.kt-adv-heading18491_c93e63-f2[data-kb-block=\"kb-adv-heading18491_c93e63-f2\"] img.kb-inline-image{width:150px;vertical-align:baseline;}<\/style>\n<p class=\"kt-adv-heading18491_c93e63-f2 wp-block-kadence-advancedheading\" data-kb-block=\"kb-adv-heading18491_c93e63-f2\">Vincent Calassi, Guichou, A\u00efcha Hamu, Kristof, Karim Ghelloussi, Bayrol Jimenez, Lucassie Kenuajuak, Philippe Lahure, Nina Lahure, Maryline M\u2019Ga\u00efdes, Jean Mas, Moya Patrick, Fran\u00e7ois Paris, Louis Pastorelli, Marcel Bataillard, Jean Pierre Bruno, Maurice Maubert, Ruy Blas,Thierry Lagalla, Sylvain Baumann, Emmanuel R\u00e9gent, Frederic Clavere, G\u00e9rald Panighi, Marie-christine Driesen, Horia Cosmin Samo\u00efla, Simon, Jean Dupuy, Robert Roux, Anna Byscov , R\u00e9mi Bragard, Marc Chevalier, Han Hoogerbrugge, Arnaud Labelle-Rojoux, Olivier Leroi, Serge Maccaferi, Zora Mann, Marie-Eve Mestre, Jean-luc Parant, Martinet &amp; Texereau, Florent Mattei, Michel Battle, Joelle Gainon, Jean-luc Verna, Caroline Rivalan, Gilbert Caty, <strong>Franck Sa\u00efssi<\/strong>, Pascal Le Coq, Miller Levy, Jean-Luc Andr\u00e9, Ch\u00e9ri Samba, Pascale Robert, Lionel Scoccimaro, Valentin Souquet, Ben Vautier, Patrick Lanneau, Jacqueline Gainon, Junko Yamasaki\u2026<\/p>\n\n\n<style>.wp-block-kadence-advancedgallery .kb-gallery-type-grid.kb-gallery-id-18491_761970-e2{margin:-5px;}.kb-gallery-type-grid.kb-gallery-id-18491_761970-e2 .kadence-blocks-gallery-item{padding:5px;}.kb-gallery-id-18491_761970-e2 .kadence-blocks-gallery-item .kb-gal-image-radius, .kb-gallery-id-18491_761970-e2 .kb-slide-item .kb-gal-image-radius img{border-radius:0px 0px 0px 0px;;}<\/style><div class=\"kb-gallery-wrap-id-18491_761970-e2 alignnone wp-block-kadence-advancedgallery\"><ul class=\"kb-gallery-ul kb-gallery-non-static kb-gallery-type-grid kb-gallery-id-18491_761970-e2 kb-gallery-caption-style-bottom-hover kb-gallery-filter-none\" data-image-filter=\"none\" data-item-selector=\".kadence-blocks-gallery-item\" data-lightbox-caption=\"true\" data-columns-xxl=\"2\" data-columns-xl=\"2\" data-columns-md=\"2\" data-columns-sm=\"2\" data-columns-xs=\"1\" data-columns-ss=\"1\"><li class=\"kadence-blocks-gallery-item\" tabindex=\"0\"><div class=\"kadence-blocks-gallery-item-inner\"><figure class=\"kb-gallery-figure kadence-blocks-gallery-item-hide-caption\"><div class=\"kb-gal-image-radius\"><div class=\"kb-gallery-image-contain kadence-blocks-gallery-intrinsic kb-gallery-image-ratio-land32 kb-has-image-ratio-land32\" ><img loading=\"lazy\" decoding=\"async\" src=\"https:\/\/www.francksaissi.com\/wp-content\/uploads\/2013\/01\/soyez-vous-meme-be-yourself-copie-23.jpg\" width=\"279\" height=\"203\" alt=\"exposition collective be yourself, site de Franck Sa\u00efssi\" data-full-image=\"https:\/\/www.francksaissi.com\/wp-content\/uploads\/2013\/01\/soyez-vous-meme-be-yourself-copie-23.jpg\" data-light-image=\"https:\/\/www.francksaissi.com\/wp-content\/uploads\/2013\/01\/soyez-vous-meme-be-yourself-copie-23.jpg\" data-id=\"3087\" class=\"wp-image-3087\"\/><\/div><\/div><\/figure><\/div><\/li><li class=\"kadence-blocks-gallery-item\" tabindex=\"0\"><div class=\"kadence-blocks-gallery-item-inner\"><figure class=\"kb-gallery-figure kadence-blocks-gallery-item-hide-caption\"><div class=\"kb-gal-image-radius\"><div class=\"kb-gallery-image-contain kadence-blocks-gallery-intrinsic kb-gallery-image-ratio-land32 kb-has-image-ratio-land32\" ><img loading=\"lazy\" decoding=\"async\" src=\"https:\/\/www.francksaissi.com\/wp-content\/uploads\/2013\/01\/img_0882.jpg\" width=\"698\" height=\"454\" alt=\"be yourself, collective, espace \u00e0 vendre, espace \u00e0 d\u00e9battre, site de Franck Sa\u00efssi\" data-full-image=\"https:\/\/www.francksaissi.com\/wp-content\/uploads\/2013\/01\/img_0882.jpg\" data-light-image=\"https:\/\/www.francksaissi.com\/wp-content\/uploads\/2013\/01\/img_0882.jpg\" data-id=\"3092\" class=\"wp-image-3092\" srcset=\"https:\/\/www.francksaissi.com\/wp-content\/uploads\/2013\/01\/img_0882.jpg 698w, https:\/\/www.francksaissi.com\/wp-content\/uploads\/2013\/01\/img_0882-600x390.jpg 600w, https:\/\/www.francksaissi.com\/wp-content\/uploads\/2013\/01\/img_0882-300x195.jpg 300w, https:\/\/www.francksaissi.com\/wp-content\/uploads\/2013\/01\/img_0882-642x417.jpg 642w\" sizes=\"auto, (max-width: 698px) 100vw, 698px\" \/><\/div><\/div><\/figure><\/div><\/li><\/ul><\/div><\/div><\/div>\n\n<\/div><\/div>\n\n\n","protected":false},"excerpt":{"rendered":"<p>Be Yourself Une exposition commune Espace \u00e0 d\u00e9battre &amp; Espace A VENDRE 8 D\u00e9cembre 2012 au 5 janvier 2013 \u00c0 l\u2019initiative de l\u2019artiste Ben et du galeriste Bertrand Baraudou, une nouvelle exposition r\u00e9unit une s\u00e9lection d\u2019artistes r\u00e9unis autour d\u2019un esprit d\u2019\u00e9mulation, de libert\u00e9.Une \u00ab fourn\u00e9e \u00bb vivante et spontan\u00e9e, o\u00f9 chacun vient d\u00e9poser une \u0153uvre&#8230;<\/p>","protected":false},"author":34,"featured_media":3087,"parent":18226,"menu_order":2,"comment_status":"closed","ping_status":"closed","template":"","meta":{"_acf_changed":false,"_kad_post_transparent":"","_kad_post_title":"","_kad_post_layout":"","_kad_post_sidebar_id":"","_kad_post_content_style":"","_kad_post_vertical_padding":"","_kad_post_feature":"","_kad_post_feature_position":"","_kad_post_header":false,"_kad_post_footer":false,"_kad_post_classname":"","iawp_total_views":15,"footnotes":""},"class_list":["post-18491","page","type-page","status-publish","has-post-thumbnail","hentry"],"acf":[],"_links":{"self":[{"href":"https:\/\/www.francksaissi.com\/en\/wp-json\/wp\/v2\/pages\/18491","targetHints":{"allow":["GET"]}}],"collection":[{"href":"https:\/\/www.francksaissi.com\/en\/wp-json\/wp\/v2\/pages"}],"about":[{"href":"https:\/\/www.francksaissi.com\/en\/wp-json\/wp\/v2\/types\/page"}],"author":[{"embeddable":true,"href":"https:\/\/www.francksaissi.com\/en\/wp-json\/wp\/v2\/users\/34"}],"replies":[{"embeddable":true,"href":"https:\/\/www.francksaissi.com\/en\/wp-json\/wp\/v2\/comments?post=18491"}],"version-history":[{"count":2,"href":"https:\/\/www.francksaissi.com\/en\/wp-json\/wp\/v2\/pages\/18491\/revisions"}],"predecessor-version":[{"id":21116,"href":"https:\/\/www.francksaissi.com\/en\/wp-json\/wp\/v2\/pages\/18491\/revisions\/21116"}],"up":[{"embeddable":true,"href":"https:\/\/www.francksaissi.com\/en\/wp-json\/wp\/v2\/pages\/18226"}],"wp:featuredmedia":[{"embeddable":true,"href":"https:\/\/www.francksaissi.com\/en\/wp-json\/wp\/v2\/media\/3087"}],"wp:attachment":[{"href":"https:\/\/www.francksaissi.com\/en\/wp-json\/wp\/v2\/media?parent=18491"}],"curies":[{"name":"wp","href":"https:\/\/api.w.org\/{rel}","templated":true}]}}