{"id":18484,"date":"2025-06-14T23:48:17","date_gmt":"2025-06-14T21:48:17","guid":{"rendered":"https:\/\/www.francksaissi.com\/?page_id=18484"},"modified":"2026-01-20T21:24:10","modified_gmt":"2026-01-20T20:24:10","slug":"be-another","status":"publish","type":"page","link":"https:\/\/www.francksaissi.com\/en\/expositions\/be-another\/","title":{"rendered":"Be Another"},"content":{"rendered":"<style>.wp-block-kadence-advancedheading.kt-adv-heading18484_04b221-23, .wp-block-kadence-advancedheading.kt-adv-heading18484_04b221-23[data-kb-block=\"kb-adv-heading18484_04b221-23\"]{padding-bottom:25px;text-align:center;font-size:var(--global-kb-font-size-xl, 3rem);font-style:normal;text-transform:none;letter-spacing:1.3px;}.wp-block-kadence-advancedheading.kt-adv-heading18484_04b221-23 mark.kt-highlight, .wp-block-kadence-advancedheading.kt-adv-heading18484_04b221-23[data-kb-block=\"kb-adv-heading18484_04b221-23\"] mark.kt-highlight{letter-spacing:1.3px;font-style:normal;color:#f76a0c;border-bottom:2px solid #abb8c3;-webkit-box-decoration-break:clone;box-decoration-break:clone;padding-bottom:30px;}.wp-block-kadence-advancedheading.kt-adv-heading18484_04b221-23 img.kb-inline-image, .wp-block-kadence-advancedheading.kt-adv-heading18484_04b221-23[data-kb-block=\"kb-adv-heading18484_04b221-23\"] img.kb-inline-image{width:150px;vertical-align:baseline;}@media all and (max-width: 1024px){.wp-block-kadence-advancedheading.kt-adv-heading18484_04b221-23 mark.kt-highlight, .wp-block-kadence-advancedheading.kt-adv-heading18484_04b221-23[data-kb-block=\"kb-adv-heading18484_04b221-23\"] mark.kt-highlight{border-bottom:2px solid #abb8c3;}}@media all and (max-width: 767px){.wp-block-kadence-advancedheading.kt-adv-heading18484_04b221-23 mark.kt-highlight, .wp-block-kadence-advancedheading.kt-adv-heading18484_04b221-23[data-kb-block=\"kb-adv-heading18484_04b221-23\"] mark.kt-highlight{border-bottom:2px solid #abb8c3;}}<\/style>\n<h1 class=\"kt-adv-heading18484_04b221-23 wp-block-kadence-advancedheading\" data-kb-block=\"kb-adv-heading18484_04b221-23\">Be Another<\/h1>\n\n\n<style>.wp-block-kadence-advancedheading.kt-adv-heading18484_643128-74, .wp-block-kadence-advancedheading.kt-adv-heading18484_643128-74[data-kb-block=\"kb-adv-heading18484_643128-74\"]{margin-bottom:var(--global-kb-spacing-md, 2rem);text-align:center;font-style:normal;}.wp-block-kadence-advancedheading.kt-adv-heading18484_643128-74 mark.kt-highlight, .wp-block-kadence-advancedheading.kt-adv-heading18484_643128-74[data-kb-block=\"kb-adv-heading18484_643128-74\"] mark.kt-highlight{font-style:normal;color:#f76a0c;-webkit-box-decoration-break:clone;box-decoration-break:clone;padding-top:0px;padding-right:0px;padding-bottom:0px;padding-left:0px;}.wp-block-kadence-advancedheading.kt-adv-heading18484_643128-74 img.kb-inline-image, .wp-block-kadence-advancedheading.kt-adv-heading18484_643128-74[data-kb-block=\"kb-adv-heading18484_643128-74\"] img.kb-inline-image{width:150px;vertical-align:baseline;}<\/style>\n<h2 class=\"kt-adv-heading18484_643128-74 wp-block-kadence-advancedheading\" data-kb-block=\"kb-adv-heading18484_643128-74\">Une exposition commune, 2\u00e8me partie<\/h2>\n\n\n<style>.kb-row-layout-id18484_d862ff-18 > .kt-row-column-wrap{align-content:start;}:where(.kb-row-layout-id18484_d862ff-18 > .kt-row-column-wrap) > .wp-block-kadence-column{justify-content:start;}.kb-row-layout-id18484_d862ff-18 > .kt-row-column-wrap{column-gap:var(--global-kb-gap-md, 2rem);row-gap:var(--global-kb-gap-md, 2rem);max-width:var( --global-content-width, 1290px );padding-left:var(--global-content-edge-padding);padding-right:var(--global-content-edge-padding);padding-top:var(--global-kb-spacing-sm, 1.5rem);padding-bottom:var(--global-kb-spacing-sm, 1.5rem);grid-template-columns:minmax(0, 1fr);}.kb-row-layout-id18484_d862ff-18 > .kt-row-layout-overlay{opacity:0.30;}@media all and (max-width: 1024px){.kb-row-layout-id18484_d862ff-18 > .kt-row-column-wrap{grid-template-columns:minmax(0, 1fr);}}@media all and (max-width: 767px){.kb-row-layout-id18484_d862ff-18 > .kt-row-column-wrap{grid-template-columns:minmax(0, 1fr);}}<\/style><div class=\"kb-row-layout-wrap kb-row-layout-id18484_d862ff-18 alignnone wp-block-kadence-rowlayout\"><div class=\"kt-row-column-wrap kt-has-1-columns kt-row-layout-equal kt-tab-layout-inherit kt-mobile-layout-row kt-row-valign-top kb-theme-content-width\">\n<style>.kadence-column18484_f3087c-05 > .kt-inside-inner-col,.kadence-column18484_f3087c-05 > .kt-inside-inner-col:before{border-top-left-radius:0px;border-top-right-radius:0px;border-bottom-right-radius:0px;border-bottom-left-radius:0px;}.kadence-column18484_f3087c-05 > .kt-inside-inner-col{column-gap:var(--global-kb-gap-sm, 1rem);}.kadence-column18484_f3087c-05 > .kt-inside-inner-col{flex-direction:column;}.kadence-column18484_f3087c-05 > .kt-inside-inner-col > .aligncenter{width:100%;}.kadence-column18484_f3087c-05 > .kt-inside-inner-col:before{opacity:0.3;}.kadence-column18484_f3087c-05{position:relative;}@media all and (max-width: 1024px){.kadence-column18484_f3087c-05 > .kt-inside-inner-col{flex-direction:column;justify-content:center;}}@media all and (max-width: 767px){.kadence-column18484_f3087c-05 > .kt-inside-inner-col{flex-direction:column;justify-content:center;}}<\/style>\n<div class=\"wp-block-kadence-column kadence-column18484_f3087c-05\"><div class=\"kt-inside-inner-col\"><style>.wp-block-kadence-advancedheading.kt-adv-heading18484_6f29ad-73, .wp-block-kadence-advancedheading.kt-adv-heading18484_6f29ad-73[data-kb-block=\"kb-adv-heading18484_6f29ad-73\"]{margin-bottom:var(--global-kb-spacing-lg, 3rem);font-style:normal;}.wp-block-kadence-advancedheading.kt-adv-heading18484_6f29ad-73 mark.kt-highlight, .wp-block-kadence-advancedheading.kt-adv-heading18484_6f29ad-73[data-kb-block=\"kb-adv-heading18484_6f29ad-73\"] mark.kt-highlight{font-style:normal;color:#f76a0c;-webkit-box-decoration-break:clone;box-decoration-break:clone;padding-top:0px;padding-right:0px;padding-bottom:0px;padding-left:0px;}.wp-block-kadence-advancedheading.kt-adv-heading18484_6f29ad-73 img.kb-inline-image, .wp-block-kadence-advancedheading.kt-adv-heading18484_6f29ad-73[data-kb-block=\"kb-adv-heading18484_6f29ad-73\"] img.kb-inline-image{width:150px;vertical-align:baseline;}<\/style>\n<p class=\"kt-adv-heading18484_6f29ad-73 wp-block-kadence-advancedheading\" data-kb-block=\"kb-adv-heading18484_6f29ad-73\">Espace \u00e0 d\u00e9battre &amp; Espace A VENDRE<br>25 janvier 2012 au 23 f\u00e9vrier 2013<br><br><strong>Exposition collective chez Ben et Baraudou<\/strong><br><br>Dans le cadre intimiste du 2, rue Vernier, Ben Vautier et Bertrand Baraudou r\u00e9unissent une s\u00e9lection d\u2019\u0153uvres de grands noms de l&rsquo;Art Contemporain et de talents \u00e9mergents. L&rsquo;exposition propose un accrochager dense et vivant, \u00e0 la mani\u00e8re d&rsquo;un cabinet de curiosit\u00e9s. Une rencontre rare entre g\u00e9n\u00e9rations et sensibilit\u00e9s artistiques.<\/p>\n\n\n<style>.kb-row-layout-id18484_79a71a-21 > .kt-row-column-wrap{align-content:center;}:where(.kb-row-layout-id18484_79a71a-21 > .kt-row-column-wrap) > .wp-block-kadence-column{justify-content:center;}.kb-row-layout-id18484_79a71a-21 > .kt-row-column-wrap{column-gap:var(--global-kb-gap-md, 2rem);row-gap:var(--global-kb-gap-md, 2rem);padding-top:var(--global-kb-spacing-sm, 1.5rem);padding-bottom:var(--global-kb-spacing-sm, 1.5rem);grid-template-columns:repeat(2, minmax(0, 1fr));}.kb-row-layout-id18484_79a71a-21 > .kt-row-layout-overlay{opacity:0.30;}@media all and (max-width: 1024px){.kb-row-layout-id18484_79a71a-21 > .kt-row-column-wrap{grid-template-columns:repeat(2, minmax(0, 1fr));}}@media all and (max-width: 767px){.kb-row-layout-id18484_79a71a-21 > .kt-row-column-wrap{grid-template-columns:minmax(0, 1fr);}}<\/style><div class=\"kb-row-layout-wrap kb-row-layout-id18484_79a71a-21 alignnone wp-block-kadence-rowlayout\"><div class=\"kt-row-column-wrap kt-has-2-columns kt-row-layout-equal kt-tab-layout-inherit kt-mobile-layout-row kt-row-valign-middle\">\n<style>.kadence-column18484_ae89f5-3e > .kt-inside-inner-col,.kadence-column18484_ae89f5-3e > .kt-inside-inner-col:before{border-top-left-radius:0px;border-top-right-radius:0px;border-bottom-right-radius:0px;border-bottom-left-radius:0px;}.kadence-column18484_ae89f5-3e > .kt-inside-inner-col{column-gap:var(--global-kb-gap-sm, 1rem);}.kadence-column18484_ae89f5-3e > .kt-inside-inner-col{flex-direction:column;}.kadence-column18484_ae89f5-3e > .kt-inside-inner-col > .aligncenter{width:100%;}.kadence-column18484_ae89f5-3e > .kt-inside-inner-col:before{opacity:0.3;}.kadence-column18484_ae89f5-3e{position:relative;}@media all and (max-width: 1024px){.kadence-column18484_ae89f5-3e > .kt-inside-inner-col{flex-direction:column;justify-content:center;}}@media all and (max-width: 767px){.kadence-column18484_ae89f5-3e > .kt-inside-inner-col{flex-direction:column;justify-content:center;}}<\/style>\n<div class=\"wp-block-kadence-column kadence-column18484_ae89f5-3e\"><div class=\"kt-inside-inner-col\"><style>.kb-image18484_eca1cc-a5 .kb-image-has-overlay:after{opacity:0.3;background-color:#000000;}<\/style>\n<div class=\"wp-block-kadence-image kb-image18484_eca1cc-a5\"><figure class=\"aligncenter size-full\"><div class=\"kb-image-has-overlay\"><img loading=\"lazy\" decoding=\"async\" width=\"429\" height=\"300\" src=\"https:\/\/www.francksaissi.com\/wp-content\/uploads\/2013\/02\/capture-d\u2019\u00e9cran-2013-01-23-\u00e0-181414.jpg\" alt=\"Expo collective eEspace \u00e0 Vendre et \u00e0 D\u00e9battre: Be another\" class=\"kb-img wp-image-3220\" srcset=\"https:\/\/www.francksaissi.com\/wp-content\/uploads\/2013\/02\/capture-d\u2019\u00e9cran-2013-01-23-\u00e0-181414.jpg 429w, https:\/\/www.francksaissi.com\/wp-content\/uploads\/2013\/02\/capture-d\u2019\u00e9cran-2013-01-23-\u00e0-181414-300x209.jpg 300w\" sizes=\"auto, (max-width: 429px) 100vw, 429px\" \/><\/div><\/figure><\/div>\n<\/div><\/div>\n\n\n<style>.kadence-column18484_5ac546-b4 > .kt-inside-inner-col,.kadence-column18484_5ac546-b4 > .kt-inside-inner-col:before{border-top-left-radius:0px;border-top-right-radius:0px;border-bottom-right-radius:0px;border-bottom-left-radius:0px;}.kadence-column18484_5ac546-b4 > .kt-inside-inner-col{column-gap:var(--global-kb-gap-sm, 1rem);}.kadence-column18484_5ac546-b4 > .kt-inside-inner-col{flex-direction:column;}.kadence-column18484_5ac546-b4 > .kt-inside-inner-col > .aligncenter{width:100%;}.kadence-column18484_5ac546-b4 > .kt-inside-inner-col:before{opacity:0.3;}.kadence-column18484_5ac546-b4{position:relative;}@media all and (max-width: 1024px){.kadence-column18484_5ac546-b4 > .kt-inside-inner-col{flex-direction:column;justify-content:center;}}@media all and (max-width: 767px){.kadence-column18484_5ac546-b4 > .kt-inside-inner-col{flex-direction:column;justify-content:center;}}<\/style>\n<div class=\"wp-block-kadence-column kadence-column18484_5ac546-b4\"><div class=\"kt-inside-inner-col\"><style>.kb-image18484_ef7b39-ce .kb-image-has-overlay:after{opacity:0.3;background-color:#000000;}<\/style>\n<div class=\"wp-block-kadence-image kb-image18484_ef7b39-ce\"><figure class=\"aligncenter size-post-thumbnail\"><a href=\"https:\/\/www.francksaissi.com\/wp-content\/uploads\/2013\/02\/article-be-another-nice-mat.jpg\" class=\"kb-advanced-image-link\" target=\"_blank\" aria-label=\"Voir l'article\" rel=\"noopener noreferrer\"><div class=\"kb-image-has-overlay\"><img loading=\"lazy\" decoding=\"async\" width=\"125\" height=\"125\" src=\"https:\/\/www.francksaissi.com\/wp-content\/uploads\/2013\/02\/article-be-another-nice-mat-125x125.jpg\" alt=\"Article dans Nice Matin sur l'exposition Be another, site de Franck Sa\u00efssi\" class=\"kb-img wp-image-3221\" srcset=\"https:\/\/www.francksaissi.com\/wp-content\/uploads\/2013\/02\/article-be-another-nice-mat-125x125.jpg 125w, https:\/\/www.francksaissi.com\/wp-content\/uploads\/2013\/02\/article-be-another-nice-mat-750x750.jpg 750w, https:\/\/www.francksaissi.com\/wp-content\/uploads\/2013\/02\/article-be-another-nice-mat-100x100.jpg 100w, https:\/\/www.francksaissi.com\/wp-content\/uploads\/2013\/02\/article-be-another-nice-mat-165x165.jpg 165w\" sizes=\"auto, (max-width: 125px) 100vw, 125px\" \/><\/div><\/a><\/figure><\/div>\n\n\n<style>.wp-block-kadence-advancedheading.kt-adv-heading18484_fb47f2-8e, .wp-block-kadence-advancedheading.kt-adv-heading18484_fb47f2-8e[data-kb-block=\"kb-adv-heading18484_fb47f2-8e\"]{text-align:center;font-style:normal;}.wp-block-kadence-advancedheading.kt-adv-heading18484_fb47f2-8e mark.kt-highlight, .wp-block-kadence-advancedheading.kt-adv-heading18484_fb47f2-8e[data-kb-block=\"kb-adv-heading18484_fb47f2-8e\"] mark.kt-highlight{font-style:normal;color:#f76a0c;-webkit-box-decoration-break:clone;box-decoration-break:clone;padding-top:0px;padding-right:0px;padding-bottom:0px;padding-left:0px;}.wp-block-kadence-advancedheading.kt-adv-heading18484_fb47f2-8e img.kb-inline-image, .wp-block-kadence-advancedheading.kt-adv-heading18484_fb47f2-8e[data-kb-block=\"kb-adv-heading18484_fb47f2-8e\"] img.kb-inline-image{width:150px;vertical-align:baseline;}<\/style>\n<p class=\"kt-adv-heading18484_fb47f2-8e wp-block-kadence-advancedheading\" data-kb-block=\"kb-adv-heading18484_fb47f2-8e\"><strong>Du beau monde chez Ben et Baraudou<\/strong><br><em>Nice Matin <\/em>\u2013 2013<br><a href=\"https:\/\/www.francksaissi.com\/wp-content\/uploads\/2013\/02\/article-be-another-nice-mat.jpg\" target=\"_blank\" rel=\"noreferrer noopener\">[Voir l\u2019article]<\/a><\/p>\n<\/div><\/div>\n\n<\/div><\/div><\/div><\/div>\n\n<\/div><\/div>\n\n\n","protected":false},"excerpt":{"rendered":"<p>Be Another Une exposition commune, 2\u00e8me partie Espace \u00e0 d\u00e9battre &amp; Espace A VENDRE25 janvier 2012 au 23 f\u00e9vrier 2013 Exposition collective chez Ben et Baraudou Dans le cadre intimiste du 2, rue Vernier, Ben Vautier et Bertrand Baraudou r\u00e9unissent une s\u00e9lection d\u2019\u0153uvres de grands noms de l&rsquo;Art Contemporain et de talents \u00e9mergents. L&rsquo;exposition propose&#8230;<\/p>","protected":false},"author":34,"featured_media":3220,"parent":18226,"menu_order":3,"comment_status":"closed","ping_status":"closed","template":"","meta":{"_acf_changed":false,"_kad_post_transparent":"","_kad_post_title":"","_kad_post_layout":"","_kad_post_sidebar_id":"","_kad_post_content_style":"","_kad_post_vertical_padding":"","_kad_post_feature":"","_kad_post_feature_position":"","_kad_post_header":false,"_kad_post_footer":false,"_kad_post_classname":"","iawp_total_views":5,"footnotes":""},"class_list":["post-18484","page","type-page","status-publish","has-post-thumbnail","hentry"],"acf":[],"_links":{"self":[{"href":"https:\/\/www.francksaissi.com\/en\/wp-json\/wp\/v2\/pages\/18484","targetHints":{"allow":["GET"]}}],"collection":[{"href":"https:\/\/www.francksaissi.com\/en\/wp-json\/wp\/v2\/pages"}],"about":[{"href":"https:\/\/www.francksaissi.com\/en\/wp-json\/wp\/v2\/types\/page"}],"author":[{"embeddable":true,"href":"https:\/\/www.francksaissi.com\/en\/wp-json\/wp\/v2\/users\/34"}],"replies":[{"embeddable":true,"href":"https:\/\/www.francksaissi.com\/en\/wp-json\/wp\/v2\/comments?post=18484"}],"version-history":[{"count":2,"href":"https:\/\/www.francksaissi.com\/en\/wp-json\/wp\/v2\/pages\/18484\/revisions"}],"predecessor-version":[{"id":21117,"href":"https:\/\/www.francksaissi.com\/en\/wp-json\/wp\/v2\/pages\/18484\/revisions\/21117"}],"up":[{"embeddable":true,"href":"https:\/\/www.francksaissi.com\/en\/wp-json\/wp\/v2\/pages\/18226"}],"wp:featuredmedia":[{"embeddable":true,"href":"https:\/\/www.francksaissi.com\/en\/wp-json\/wp\/v2\/media\/3220"}],"wp:attachment":[{"href":"https:\/\/www.francksaissi.com\/en\/wp-json\/wp\/v2\/media?parent=18484"}],"curies":[{"name":"wp","href":"https:\/\/api.w.org\/{rel}","templated":true}]}}