{"id":18476,"date":"2025-06-14T23:25:11","date_gmt":"2025-06-14T21:25:11","guid":{"rendered":"https:\/\/www.francksaissi.com\/?page_id=18476"},"modified":"2026-02-05T17:35:39","modified_gmt":"2026-02-05T16:35:39","slug":"abbaye-contemporary-art","status":"publish","type":"page","link":"https:\/\/www.francksaissi.com\/en\/expositions\/abbaye-contemporary-art\/","title":{"rendered":"Abbaye Contemporary Art"},"content":{"rendered":"<style>.wp-block-kadence-advancedheading.kt-adv-heading18476_4edeb8-e1, .wp-block-kadence-advancedheading.kt-adv-heading18476_4edeb8-e1[data-kb-block=\"kb-adv-heading18476_4edeb8-e1\"]{padding-bottom:25px;text-align:center;font-size:var(--global-kb-font-size-xl, 3rem);font-style:normal;text-transform:none;letter-spacing:1.3px;}.wp-block-kadence-advancedheading.kt-adv-heading18476_4edeb8-e1 mark.kt-highlight, .wp-block-kadence-advancedheading.kt-adv-heading18476_4edeb8-e1[data-kb-block=\"kb-adv-heading18476_4edeb8-e1\"] mark.kt-highlight{letter-spacing:1.3px;font-style:normal;color:#f76a0c;border-bottom:2px solid #abb8c3;-webkit-box-decoration-break:clone;box-decoration-break:clone;padding-bottom:30px;}.wp-block-kadence-advancedheading.kt-adv-heading18476_4edeb8-e1 img.kb-inline-image, .wp-block-kadence-advancedheading.kt-adv-heading18476_4edeb8-e1[data-kb-block=\"kb-adv-heading18476_4edeb8-e1\"] img.kb-inline-image{width:150px;vertical-align:baseline;}@media all and (max-width: 1024px){.wp-block-kadence-advancedheading.kt-adv-heading18476_4edeb8-e1 mark.kt-highlight, .wp-block-kadence-advancedheading.kt-adv-heading18476_4edeb8-e1[data-kb-block=\"kb-adv-heading18476_4edeb8-e1\"] mark.kt-highlight{border-bottom:2px solid #abb8c3;}}@media all and (max-width: 767px){.wp-block-kadence-advancedheading.kt-adv-heading18476_4edeb8-e1 mark.kt-highlight, .wp-block-kadence-advancedheading.kt-adv-heading18476_4edeb8-e1[data-kb-block=\"kb-adv-heading18476_4edeb8-e1\"] mark.kt-highlight{border-bottom:2px solid #abb8c3;}}<\/style>\n<h1 class=\"kt-adv-heading18476_4edeb8-e1 wp-block-kadence-advancedheading\" data-kb-block=\"kb-adv-heading18476_4edeb8-e1\">Abbaye Contemporary Art<\/h1>\n\n\n<style>.wp-block-kadence-advancedheading.kt-adv-heading18476_0ce8d9-87, .wp-block-kadence-advancedheading.kt-adv-heading18476_0ce8d9-87[data-kb-block=\"kb-adv-heading18476_0ce8d9-87\"]{margin-bottom:var(--global-kb-spacing-md, 2rem);text-align:center;font-style:normal;}.wp-block-kadence-advancedheading.kt-adv-heading18476_0ce8d9-87 mark.kt-highlight, .wp-block-kadence-advancedheading.kt-adv-heading18476_0ce8d9-87[data-kb-block=\"kb-adv-heading18476_0ce8d9-87\"] mark.kt-highlight{font-style:normal;color:#f76a0c;-webkit-box-decoration-break:clone;box-decoration-break:clone;padding-top:0px;padding-right:0px;padding-bottom:0px;padding-left:0px;}.wp-block-kadence-advancedheading.kt-adv-heading18476_0ce8d9-87 img.kb-inline-image, .wp-block-kadence-advancedheading.kt-adv-heading18476_0ce8d9-87[data-kb-block=\"kb-adv-heading18476_0ce8d9-87\"] img.kb-inline-image{width:150px;vertical-align:baseline;}<\/style>\n<h2 class=\"kt-adv-heading18476_0ce8d9-87 wp-block-kadence-advancedheading\" data-kb-block=\"kb-adv-heading18476_0ce8d9-87\"><strong>Abbaye de San Remigio, Parodi Ligure, Italie<\/strong><\/h2>\n\n\n<style>.kb-row-layout-id18476_6cd935-4a > .kt-row-column-wrap{align-content:start;}:where(.kb-row-layout-id18476_6cd935-4a > .kt-row-column-wrap) > .wp-block-kadence-column{justify-content:start;}.kb-row-layout-id18476_6cd935-4a > .kt-row-column-wrap{column-gap:var(--global-kb-gap-md, 2rem);row-gap:var(--global-kb-gap-md, 2rem);max-width:var( --global-content-width, 1290px );padding-left:var(--global-content-edge-padding);padding-right:var(--global-content-edge-padding);padding-top:var(--global-kb-spacing-sm, 1.5rem);padding-bottom:var(--global-kb-spacing-sm, 1.5rem);grid-template-columns:minmax(0, 1fr);}.kb-row-layout-id18476_6cd935-4a > .kt-row-layout-overlay{opacity:0.30;}@media all and (max-width: 1024px){.kb-row-layout-id18476_6cd935-4a > .kt-row-column-wrap{grid-template-columns:minmax(0, 1fr);}}@media all and (max-width: 767px){.kb-row-layout-id18476_6cd935-4a > .kt-row-column-wrap{grid-template-columns:minmax(0, 1fr);}}<\/style><div class=\"kb-row-layout-wrap kb-row-layout-id18476_6cd935-4a alignnone wp-block-kadence-rowlayout\"><div class=\"kt-row-column-wrap kt-has-1-columns kt-row-layout-equal kt-tab-layout-inherit kt-mobile-layout-row kt-row-valign-top kb-theme-content-width\">\n<style>.kadence-column18476_2031c6-f9 > .kt-inside-inner-col,.kadence-column18476_2031c6-f9 > .kt-inside-inner-col:before{border-top-left-radius:0px;border-top-right-radius:0px;border-bottom-right-radius:0px;border-bottom-left-radius:0px;}.kadence-column18476_2031c6-f9 > .kt-inside-inner-col{column-gap:var(--global-kb-gap-sm, 1rem);}.kadence-column18476_2031c6-f9 > .kt-inside-inner-col{flex-direction:column;}.kadence-column18476_2031c6-f9 > .kt-inside-inner-col > .aligncenter{width:100%;}.kadence-column18476_2031c6-f9 > .kt-inside-inner-col:before{opacity:0.3;}.kadence-column18476_2031c6-f9{position:relative;}@media all and (max-width: 1024px){.kadence-column18476_2031c6-f9 > .kt-inside-inner-col{flex-direction:column;justify-content:center;}}@media all and (max-width: 767px){.kadence-column18476_2031c6-f9 > .kt-inside-inner-col{flex-direction:column;justify-content:center;}}<\/style>\n<div class=\"wp-block-kadence-column kadence-column18476_2031c6-f9\"><div class=\"kt-inside-inner-col\"><style>.wp-block-kadence-advancedheading.kt-adv-heading18476_195812-be, .wp-block-kadence-advancedheading.kt-adv-heading18476_195812-be[data-kb-block=\"kb-adv-heading18476_195812-be\"]{font-style:normal;text-transform:none;}.wp-block-kadence-advancedheading.kt-adv-heading18476_195812-be mark.kt-highlight, .wp-block-kadence-advancedheading.kt-adv-heading18476_195812-be[data-kb-block=\"kb-adv-heading18476_195812-be\"] mark.kt-highlight{font-style:normal;color:#f76a0c;-webkit-box-decoration-break:clone;box-decoration-break:clone;padding-top:0px;padding-right:0px;padding-bottom:0px;padding-left:0px;}.wp-block-kadence-advancedheading.kt-adv-heading18476_195812-be img.kb-inline-image, .wp-block-kadence-advancedheading.kt-adv-heading18476_195812-be[data-kb-block=\"kb-adv-heading18476_195812-be\"] img.kb-inline-image{width:150px;vertical-align:baseline;}<\/style>\n<p class=\"kt-adv-heading18476_195812-be wp-block-kadence-advancedheading\" data-kb-block=\"kb-adv-heading18476_195812-be\"><strong>Exposition collective<\/strong><br><br><strong>Du 19 au 28 juillet 2013<\/strong><br><br>Install\u00e9s dans l\u2019\u00e9crin intemporel de l\u2019ancienne abbaye de San Remigio, vingt artistes contemporains ont \u00e9t\u00e9 invit\u00e9s \u00e0 dialoguer avec l\u2019architecture, le paysage et l\u2019esprit du lieu. <br>L\u2019exposition<strong> <em>4\u20135 \u00c9l\u00e9ments<\/em><\/strong>, troisi\u00e8me \u00e9dition d\u2019un cycle curatorial ancr\u00e9 dans la r\u00e9gion pi\u00e9montaise, propose une lecture libre et sensorielle des forces fondamentales : <br><strong>l\u2019eau, l\u2019air, le feu, la terre<\/strong>, et ce cinqui\u00e8me \u00e9l\u00e9ment impalpable, myst\u00e9rieux, que certaines traditions appellent <strong>\u00e9ther, vide ou ciel<\/strong>.<br><br>Con\u00e7ue comme une travers\u00e9e sensible, cette exposition collective ne cherche pas \u00e0 illustrer ces \u00e9l\u00e9ments, mais \u00e0 en faire \u00e9merger la r\u00e9sonance \u2014 int\u00e9rieure, physique, m\u00e9taphorique \u2014 \u00e0 travers des \u0153uvres qui investissent pleinement l\u2019espace de l\u2019abbaye, ses r\u00e9sonances historiques, son silence et ses seuils.<br><strong>Franck Sa\u00efssi<\/strong> y pr\u00e9sente des travaux r\u00e9cents, \u00e0 la fois intimes et \u00e9nigmatiques, qui poursuivent ses recherches sur la m\u00e9moire, le d\u00e9placement, et l\u2019empreinte laiss\u00e9e par le passage du corps dans un territoire.<br><br>L\u2019exposition a \u00e9t\u00e9 inaugur\u00e9e le <strong>vendredi 19 juillet 2013<\/strong>, en pr\u00e9sence des artistes et avec une performance exceptionnelle de <strong>Ben Patterson<\/strong>, figure historique de Fluxus. <br>Elle a \u00e9t\u00e9 visible sur deux week-ends, jusqu\u2019au 28 juillet, dans un lieu dont la force spirituelle et mat\u00e9rielle prolongeait la puissance \u00e9vocatrice des \u0153uvres.<br><br>Commissariat: Michele Dellaria, architecte<\/p>\n\n\n<style>.wp-block-kadence-advancedheading.kt-adv-heading18476_796ae5-c9, .wp-block-kadence-advancedheading.kt-adv-heading18476_796ae5-c9[data-kb-block=\"kb-adv-heading18476_796ae5-c9\"]{font-style:normal;}.wp-block-kadence-advancedheading.kt-adv-heading18476_796ae5-c9 mark.kt-highlight, .wp-block-kadence-advancedheading.kt-adv-heading18476_796ae5-c9[data-kb-block=\"kb-adv-heading18476_796ae5-c9\"] mark.kt-highlight{font-style:normal;color:#f76a0c;-webkit-box-decoration-break:clone;box-decoration-break:clone;padding-top:0px;padding-right:0px;padding-bottom:0px;padding-left:0px;}.wp-block-kadence-advancedheading.kt-adv-heading18476_796ae5-c9 img.kb-inline-image, .wp-block-kadence-advancedheading.kt-adv-heading18476_796ae5-c9[data-kb-block=\"kb-adv-heading18476_796ae5-c9\"] img.kb-inline-image{width:150px;vertical-align:baseline;}<\/style>\n<h3 class=\"kt-adv-heading18476_796ae5-c9 wp-block-kadence-advancedheading\" data-kb-block=\"kb-adv-heading18476_796ae5-c9\">Artistes participants<\/h3>\n\n\n<style>.wp-block-kadence-advancedheading.kt-adv-heading18476_c6226a-b7, .wp-block-kadence-advancedheading.kt-adv-heading18476_c6226a-b7[data-kb-block=\"kb-adv-heading18476_c6226a-b7\"]{margin-bottom:var(--global-kb-spacing-lg, 3rem);font-style:normal;}.wp-block-kadence-advancedheading.kt-adv-heading18476_c6226a-b7 mark.kt-highlight, .wp-block-kadence-advancedheading.kt-adv-heading18476_c6226a-b7[data-kb-block=\"kb-adv-heading18476_c6226a-b7\"] mark.kt-highlight{font-style:normal;color:#f76a0c;-webkit-box-decoration-break:clone;box-decoration-break:clone;padding-top:0px;padding-right:0px;padding-bottom:0px;padding-left:0px;}.wp-block-kadence-advancedheading.kt-adv-heading18476_c6226a-b7 img.kb-inline-image, .wp-block-kadence-advancedheading.kt-adv-heading18476_c6226a-b7[data-kb-block=\"kb-adv-heading18476_c6226a-b7\"] img.kb-inline-image{width:150px;vertical-align:baseline;}<\/style>\n<p class=\"kt-adv-heading18476_c6226a-b7 wp-block-kadence-advancedheading\" data-kb-block=\"kb-adv-heading18476_c6226a-b7\">Andy Rivieni, Angelo Formica, Ben Patterson, Berty Skuber, Ezio Minetti, <strong>Franck Sa\u00efssi<\/strong>, Fr\u00e9d\u00e9rique Nalbandian, G\u00e9rald Panighi, Giacomo Toselli, Giuseppe Chiari, Gregorio Mancino, Lisa Ponti, Mario De Biasi, Philip Corner, Toshiharu Wataru, Setsuko, Tatsumi Orimoto, Toan Vinh, Ugo La Pietra, Walter Di Giusto<\/p>\n\n\n<style>.kb-gallery-id-18476_a75772-b7.kb-gallery-ul.kb-gallery-type-fluidcarousel .kt-blocks-carousel figure .kb-gal-image-radius, .kb-gallery-id-18476_a75772-b7.kb-gallery-ul.kb-gallery-type-fluidcarousel .kt-blocks-carousel figure .kb-gal-image-radius img{height:450px;}.kb-gallery-id-18476_a75772-b7 .kadence-blocks-gallery-item .kb-gal-image-radius, .kb-gallery-id-18476_a75772-b7 .kb-slide-item .kb-gal-image-radius img{border-radius:0px 0px 0px 0px;;}.kb-gallery-wrap-id-18476_a75772-b7.wp-block-kadence-advancedgallery{overflow:visible;}.kb-gallery-wrap-id-18476_a75772-b7.wp-block-kadence-advancedgallery .kt-blocks-carousel{overflow:visible;max-width:100%;}<\/style><div class=\"kb-gallery-wrap-id-18476_a75772-b7 alignnone wp-block-kadence-advancedgallery\"><div class=\"kb-gallery-ul kb-gallery-non-static kb-gallery-type-fluidcarousel kb-gallery-id-18476_a75772-b7 kb-gallery-caption-style-bottom-hover kb-gallery-filter-none\" data-image-filter=\"none\" data-lightbox-caption=\"true\"><div class=\"kt-blocks-carousel splide kt-carousel-container-dotstyle-dark kt-carousel-arrowstyle-whiteondark kt-carousel-dotstyle-dark kb-slider-group-arrow kb-slider-arrow-position-center\" data-slider-anim-speed=\"400\" data-slider-scroll=\"1\" data-slider-arrows=\"true\" data-slider-dots=\"true\" data-slider-hover-pause=\"false\" data-slider-auto=\"\" data-slider-speed=\"7000\" data-slider-type=\"fluidcarousel\" data-slider-center-mode=\"true\" data-slider-gap=\"10px\" data-slider-gap-tablet=\"10px\" data-slider-gap-mobile=\"10px\" data-show-pause-button=\"false\"><div class=\"splide__track\"><ul class=\"kt-blocks-carousel-init kb-blocks-fluid-carousel splide__list\"><li class=\"kb-slide-item kb-gallery-carousel-item splide__slide\"><div class=\"kadence-blocks-gallery-item\"><div class=\"kadence-blocks-gallery-item-inner\"><figure class=\"kb-gallery-figure kadence-blocks-gallery-item-hide-caption\"><div class=\"kb-gal-image-radius\"><div class=\"kb-gallery-image-contain\" ><img loading=\"lazy\" decoding=\"async\" src=\"https:\/\/www.francksaissi.com\/wp-content\/uploads\/2014\/04\/abbaye.jpg\" width=\"800\" height=\"600\" alt=\"Abbaye contemporary art, Parodi Ligure, site de Franck Sa\u00efssi\" data-full-image=\"https:\/\/www.francksaissi.com\/wp-content\/uploads\/2014\/04\/abbaye.jpg\" data-light-image=\"https:\/\/www.francksaissi.com\/wp-content\/uploads\/2014\/04\/abbaye.jpg\" data-id=\"4579\" class=\"wp-image-4579 skip-lazy\" srcset=\"https:\/\/www.francksaissi.com\/wp-content\/uploads\/2014\/04\/abbaye.jpg 800w, https:\/\/www.francksaissi.com\/wp-content\/uploads\/2014\/04\/abbaye-750x563.jpg 750w, https:\/\/www.francksaissi.com\/wp-content\/uploads\/2014\/04\/abbaye-300x225.jpg 300w, https:\/\/www.francksaissi.com\/wp-content\/uploads\/2014\/04\/abbaye-642x481.jpg 642w\" sizes=\"auto, (max-width: 800px) 100vw, 800px\" \/><\/div><\/div><\/figure><\/div><\/div><\/li><li class=\"kb-slide-item kb-gallery-carousel-item splide__slide\"><div class=\"kadence-blocks-gallery-item\"><div class=\"kadence-blocks-gallery-item-inner\"><figure class=\"kb-gallery-figure kadence-blocks-gallery-item-hide-caption\"><div class=\"kb-gal-image-radius\"><div class=\"kb-gallery-image-contain\" ><img loading=\"lazy\" decoding=\"async\" src=\"https:\/\/www.francksaissi.com\/wp-content\/uploads\/2013\/07\/IMG_1701-1024x682.jpg\" width=\"1000\" height=\"666\" alt=\"Vue de l&#039;exposition Abbaye contemporary Art, San Remigio, Piemonte, Italie, site de Franck Sa\u00efssi\" data-full-image=\"https:\/\/www.francksaissi.com\/wp-content\/uploads\/2013\/07\/IMG_1701-scaled.jpg\" data-light-image=\"https:\/\/www.francksaissi.com\/wp-content\/uploads\/2013\/07\/IMG_1701-scaled.jpg\" data-id=\"3543\" class=\"wp-image-3543 skip-lazy\" srcset=\"https:\/\/www.francksaissi.com\/wp-content\/uploads\/2013\/07\/IMG_1701-1024x682.jpg 1024w, https:\/\/www.francksaissi.com\/wp-content\/uploads\/2013\/07\/IMG_1701-scaled-1000x667.jpg 1000w, https:\/\/www.francksaissi.com\/wp-content\/uploads\/2013\/07\/IMG_1701-300x200.jpg 300w, https:\/\/www.francksaissi.com\/wp-content\/uploads\/2013\/07\/IMG_1701-642x428.jpg 642w, https:\/\/www.francksaissi.com\/wp-content\/uploads\/2013\/07\/IMG_1701-978x652.jpg 978w\" sizes=\"auto, (max-width: 1000px) 100vw, 1000px\" \/><\/div><\/div><\/figure><\/div><\/div><\/li><li class=\"kb-slide-item kb-gallery-carousel-item splide__slide\"><div class=\"kadence-blocks-gallery-item\"><div class=\"kadence-blocks-gallery-item-inner\"><figure class=\"kb-gallery-figure kadence-blocks-gallery-item-hide-caption\"><div class=\"kb-gal-image-radius\"><div class=\"kb-gallery-image-contain\" ><img loading=\"lazy\" decoding=\"async\" src=\"https:\/\/www.francksaissi.com\/wp-content\/uploads\/2013\/07\/IMG_0499-768x1024.jpg\" width=\"750\" height=\"1000\" alt=\"Vue de l&#039;exposition Abbaye contemporary Art, San Remigio, nef, site de Franck Sa\u00efssi\" data-full-image=\"https:\/\/www.francksaissi.com\/wp-content\/uploads\/2013\/07\/IMG_0499-scaled.jpg\" data-light-image=\"https:\/\/www.francksaissi.com\/wp-content\/uploads\/2013\/07\/IMG_0499-scaled.jpg\" data-id=\"3535\" class=\"wp-image-3535 skip-lazy\" srcset=\"https:\/\/www.francksaissi.com\/wp-content\/uploads\/2013\/07\/IMG_0499-768x1024.jpg 768w, https:\/\/www.francksaissi.com\/wp-content\/uploads\/2013\/07\/IMG_0499-scaled-1000x1333.jpg 1000w, https:\/\/www.francksaissi.com\/wp-content\/uploads\/2013\/07\/IMG_0499-225x300.jpg 225w, https:\/\/www.francksaissi.com\/wp-content\/uploads\/2013\/07\/IMG_0499-642x856.jpg 642w, https:\/\/www.francksaissi.com\/wp-content\/uploads\/2013\/07\/IMG_0499-978x1304.jpg 978w, https:\/\/www.francksaissi.com\/wp-content\/uploads\/2013\/07\/IMG_0499-scaled.jpg 1920w\" sizes=\"auto, (max-width: 750px) 100vw, 750px\" \/><\/div><\/div><\/figure><\/div><\/div><\/li><\/ul><\/div><\/div><\/div><\/div><\/div><\/div>\n\n<\/div><\/div>\n\n\n","protected":false},"excerpt":{"rendered":"<p>Abbaye Contemporary Art Abbaye de San Remigio, Parodi Ligure, Italie Exposition collective Du 19 au 28 juillet 2013 Install\u00e9s dans l\u2019\u00e9crin intemporel de l\u2019ancienne abbaye de San Remigio, vingt artistes contemporains ont \u00e9t\u00e9 invit\u00e9s \u00e0 dialoguer avec l\u2019architecture, le paysage et l\u2019esprit du lieu. L\u2019exposition 4\u20135 \u00c9l\u00e9ments, troisi\u00e8me \u00e9dition d\u2019un cycle curatorial ancr\u00e9 dans la&#8230;<\/p>","protected":false},"author":34,"featured_media":4579,"parent":18226,"menu_order":4,"comment_status":"closed","ping_status":"closed","template":"","meta":{"_acf_changed":false,"_kad_post_transparent":"","_kad_post_title":"","_kad_post_layout":"","_kad_post_sidebar_id":"","_kad_post_content_style":"","_kad_post_vertical_padding":"","_kad_post_feature":"","_kad_post_feature_position":"","_kad_post_header":false,"_kad_post_footer":false,"_kad_post_classname":"","iawp_total_views":14,"footnotes":""},"class_list":["post-18476","page","type-page","status-publish","has-post-thumbnail","hentry"],"acf":[],"_links":{"self":[{"href":"https:\/\/www.francksaissi.com\/en\/wp-json\/wp\/v2\/pages\/18476","targetHints":{"allow":["GET"]}}],"collection":[{"href":"https:\/\/www.francksaissi.com\/en\/wp-json\/wp\/v2\/pages"}],"about":[{"href":"https:\/\/www.francksaissi.com\/en\/wp-json\/wp\/v2\/types\/page"}],"author":[{"embeddable":true,"href":"https:\/\/www.francksaissi.com\/en\/wp-json\/wp\/v2\/users\/34"}],"replies":[{"embeddable":true,"href":"https:\/\/www.francksaissi.com\/en\/wp-json\/wp\/v2\/comments?post=18476"}],"version-history":[{"count":3,"href":"https:\/\/www.francksaissi.com\/en\/wp-json\/wp\/v2\/pages\/18476\/revisions"}],"predecessor-version":[{"id":21887,"href":"https:\/\/www.francksaissi.com\/en\/wp-json\/wp\/v2\/pages\/18476\/revisions\/21887"}],"up":[{"embeddable":true,"href":"https:\/\/www.francksaissi.com\/en\/wp-json\/wp\/v2\/pages\/18226"}],"wp:featuredmedia":[{"embeddable":true,"href":"https:\/\/www.francksaissi.com\/en\/wp-json\/wp\/v2\/media\/4579"}],"wp:attachment":[{"href":"https:\/\/www.francksaissi.com\/en\/wp-json\/wp\/v2\/media?parent=18476"}],"curies":[{"name":"wp","href":"https:\/\/api.w.org\/{rel}","templated":true}]}}