{"id":18470,"date":"2025-06-14T22:45:29","date_gmt":"2025-06-14T20:45:29","guid":{"rendered":"https:\/\/www.francksaissi.com\/?page_id=18470"},"modified":"2026-02-05T17:35:15","modified_gmt":"2026-02-05T16:35:15","slug":"drawing-by-numbers","status":"publish","type":"page","link":"https:\/\/www.francksaissi.com\/en\/expositions\/drawing-by-numbers\/","title":{"rendered":"Drawing by Numbers"},"content":{"rendered":"<style>.wp-block-kadence-advancedheading.kt-adv-heading18470_348849-56, .wp-block-kadence-advancedheading.kt-adv-heading18470_348849-56[data-kb-block=\"kb-adv-heading18470_348849-56\"]{padding-bottom:25px;text-align:center;font-size:var(--global-kb-font-size-xl, 3rem);font-style:normal;text-transform:none;letter-spacing:1.3px;}.wp-block-kadence-advancedheading.kt-adv-heading18470_348849-56 mark.kt-highlight, .wp-block-kadence-advancedheading.kt-adv-heading18470_348849-56[data-kb-block=\"kb-adv-heading18470_348849-56\"] mark.kt-highlight{letter-spacing:1.3px;font-style:normal;color:#f76a0c;border-bottom:2px solid #abb8c3;-webkit-box-decoration-break:clone;box-decoration-break:clone;padding-bottom:30px;}.wp-block-kadence-advancedheading.kt-adv-heading18470_348849-56 img.kb-inline-image, .wp-block-kadence-advancedheading.kt-adv-heading18470_348849-56[data-kb-block=\"kb-adv-heading18470_348849-56\"] img.kb-inline-image{width:150px;vertical-align:baseline;}@media all and (max-width: 1024px){.wp-block-kadence-advancedheading.kt-adv-heading18470_348849-56 mark.kt-highlight, .wp-block-kadence-advancedheading.kt-adv-heading18470_348849-56[data-kb-block=\"kb-adv-heading18470_348849-56\"] mark.kt-highlight{border-bottom:2px solid #abb8c3;}}@media all and (max-width: 767px){.wp-block-kadence-advancedheading.kt-adv-heading18470_348849-56 mark.kt-highlight, .wp-block-kadence-advancedheading.kt-adv-heading18470_348849-56[data-kb-block=\"kb-adv-heading18470_348849-56\"] mark.kt-highlight{border-bottom:2px solid #abb8c3;}}<\/style>\n<h1 class=\"kt-adv-heading18470_348849-56 wp-block-kadence-advancedheading\" data-kb-block=\"kb-adv-heading18470_348849-56\">Drawing by Numbers<\/h1>\n\n\n<style>.wp-block-kadence-advancedheading.kt-adv-heading18470_12c5e7-5b, .wp-block-kadence-advancedheading.kt-adv-heading18470_12c5e7-5b[data-kb-block=\"kb-adv-heading18470_12c5e7-5b\"]{margin-bottom:var(--global-kb-spacing-md, 2rem);text-align:center;font-style:normal;}.wp-block-kadence-advancedheading.kt-adv-heading18470_12c5e7-5b mark.kt-highlight, .wp-block-kadence-advancedheading.kt-adv-heading18470_12c5e7-5b[data-kb-block=\"kb-adv-heading18470_12c5e7-5b\"] mark.kt-highlight{font-style:normal;color:#f76a0c;-webkit-box-decoration-break:clone;box-decoration-break:clone;padding-top:0px;padding-right:0px;padding-bottom:0px;padding-left:0px;}.wp-block-kadence-advancedheading.kt-adv-heading18470_12c5e7-5b img.kb-inline-image, .wp-block-kadence-advancedheading.kt-adv-heading18470_12c5e7-5b[data-kb-block=\"kb-adv-heading18470_12c5e7-5b\"] img.kb-inline-image{width:150px;vertical-align:baseline;}<\/style>\n<h2 class=\"kt-adv-heading18470_12c5e7-5b wp-block-kadence-advancedheading\" data-kb-block=\"kb-adv-heading18470_12c5e7-5b\">Group show \u00e0 l\u2019Espace A VENDRE<\/h2>\n\n\n<style>.kb-image18470_aa91e7-e2 .kb-image-has-overlay:after{opacity:0.3;background-color:#000000;}<\/style>\n<div class=\"wp-block-kadence-image kb-image18470_aa91e7-e2\"><figure class=\"aligncenter size-full\"><div class=\"kb-image-has-overlay\"><img loading=\"lazy\" decoding=\"async\" width=\"600\" height=\"294\" src=\"https:\/\/www.francksaissi.com\/wp-content\/uploads\/2013\/11\/1462937_10152039608769127_708902351_n.jpg\" alt=\"Drawing by numbers, Espace \u00e0 Vendre, group Show, site de Franck Sa\u00efssi\" class=\"kb-img wp-image-3745\" srcset=\"https:\/\/www.francksaissi.com\/wp-content\/uploads\/2013\/11\/1462937_10152039608769127_708902351_n.jpg 600w, https:\/\/www.francksaissi.com\/wp-content\/uploads\/2013\/11\/1462937_10152039608769127_708902351_n-300x147.jpg 300w\" sizes=\"auto, (max-width: 600px) 100vw, 600px\" \/><\/div><\/figure><\/div>\n\n\n<style>.kb-row-layout-id18470_13c8ab-aa > .kt-row-column-wrap{align-content:start;}:where(.kb-row-layout-id18470_13c8ab-aa > .kt-row-column-wrap) > .wp-block-kadence-column{justify-content:start;}.kb-row-layout-id18470_13c8ab-aa > .kt-row-column-wrap{column-gap:var(--global-kb-gap-md, 2rem);row-gap:var(--global-kb-gap-md, 2rem);max-width:var( --global-content-width, 1290px );padding-left:var(--global-content-edge-padding);padding-right:var(--global-content-edge-padding);padding-top:var(--global-kb-spacing-sm, 1.5rem);padding-bottom:var(--global-kb-spacing-sm, 1.5rem);grid-template-columns:minmax(0, 1fr);}.kb-row-layout-id18470_13c8ab-aa > .kt-row-layout-overlay{opacity:0.30;}@media all and (max-width: 1024px){.kb-row-layout-id18470_13c8ab-aa > .kt-row-column-wrap{grid-template-columns:minmax(0, 1fr);}}@media all and (max-width: 767px){.kb-row-layout-id18470_13c8ab-aa > .kt-row-column-wrap{grid-template-columns:minmax(0, 1fr);}}<\/style><div class=\"kb-row-layout-wrap kb-row-layout-id18470_13c8ab-aa alignnone wp-block-kadence-rowlayout\"><div class=\"kt-row-column-wrap kt-has-1-columns kt-row-layout-equal kt-tab-layout-inherit kt-mobile-layout-row kt-row-valign-top kb-theme-content-width\">\n<style>.kadence-column18470_87c571-d9 > .kt-inside-inner-col,.kadence-column18470_87c571-d9 > .kt-inside-inner-col:before{border-top-left-radius:0px;border-top-right-radius:0px;border-bottom-right-radius:0px;border-bottom-left-radius:0px;}.kadence-column18470_87c571-d9 > .kt-inside-inner-col{column-gap:var(--global-kb-gap-sm, 1rem);}.kadence-column18470_87c571-d9 > .kt-inside-inner-col{flex-direction:column;}.kadence-column18470_87c571-d9 > .kt-inside-inner-col > .aligncenter{width:100%;}.kadence-column18470_87c571-d9 > .kt-inside-inner-col:before{opacity:0.3;}.kadence-column18470_87c571-d9{position:relative;}@media all and (max-width: 1024px){.kadence-column18470_87c571-d9 > .kt-inside-inner-col{flex-direction:column;justify-content:center;}}@media all and (max-width: 767px){.kadence-column18470_87c571-d9 > .kt-inside-inner-col{flex-direction:column;justify-content:center;}}<\/style>\n<div class=\"wp-block-kadence-column kadence-column18470_87c571-d9\"><div class=\"kt-inside-inner-col\"><style>.wp-block-kadence-advancedheading.kt-adv-heading18470_6b713c-92, .wp-block-kadence-advancedheading.kt-adv-heading18470_6b713c-92[data-kb-block=\"kb-adv-heading18470_6b713c-92\"]{font-style:normal;}.wp-block-kadence-advancedheading.kt-adv-heading18470_6b713c-92 mark.kt-highlight, .wp-block-kadence-advancedheading.kt-adv-heading18470_6b713c-92[data-kb-block=\"kb-adv-heading18470_6b713c-92\"] mark.kt-highlight{font-style:normal;color:#f76a0c;-webkit-box-decoration-break:clone;box-decoration-break:clone;padding-top:0px;padding-right:0px;padding-bottom:0px;padding-left:0px;}.wp-block-kadence-advancedheading.kt-adv-heading18470_6b713c-92 img.kb-inline-image, .wp-block-kadence-advancedheading.kt-adv-heading18470_6b713c-92[data-kb-block=\"kb-adv-heading18470_6b713c-92\"] img.kb-inline-image{width:150px;vertical-align:baseline;}<\/style>\n<p class=\"kt-adv-heading18470_6b713c-92 wp-block-kadence-advancedheading\" data-kb-block=\"kb-adv-heading18470_6b713c-92\"><strong>7 d\u00e9cembre 2013 \u2013 25 janvier 2014<\/strong><br>Espace \u00e0 Vendre, 10 rue Assalit, Nice<br><br>De la grotte de Lascaux au pop-art, en passant par Giotto ou Rapha\u00ebl, du post-surr\u00e9alisme au courant conceptuel, le dessin constitue l\u2019un des moyens d\u2019expression les plus utilis\u00e9s dans la cr\u00e9ation artistique.<br>Pour sa premi\u00e8re exposition collective dans le nouveau lieu de la rue Assalit, l\u2019Espace A VENDRE \u00ab appelle aux armes \u00bb quinze de ses artistes, avec un seul mot d\u2019ordre : dessiner.<br><\/p>\n\n\n<style>.wp-block-kadence-advancedheading.kt-adv-heading18470_eb1df4-ff, .wp-block-kadence-advancedheading.kt-adv-heading18470_eb1df4-ff[data-kb-block=\"kb-adv-heading18470_eb1df4-ff\"]{font-style:normal;}.wp-block-kadence-advancedheading.kt-adv-heading18470_eb1df4-ff mark.kt-highlight, .wp-block-kadence-advancedheading.kt-adv-heading18470_eb1df4-ff[data-kb-block=\"kb-adv-heading18470_eb1df4-ff\"] mark.kt-highlight{font-style:normal;color:#f76a0c;-webkit-box-decoration-break:clone;box-decoration-break:clone;padding-top:0px;padding-right:0px;padding-bottom:0px;padding-left:0px;}.wp-block-kadence-advancedheading.kt-adv-heading18470_eb1df4-ff img.kb-inline-image, .wp-block-kadence-advancedheading.kt-adv-heading18470_eb1df4-ff[data-kb-block=\"kb-adv-heading18470_eb1df4-ff\"] img.kb-inline-image{width:150px;vertical-align:baseline;}<\/style>\n<h3 class=\"kt-adv-heading18470_eb1df4-ff wp-block-kadence-advancedheading\" data-kb-block=\"kb-adv-heading18470_eb1df4-ff\">Artistes<\/h3>\n\n\n<style>.wp-block-kadence-advancedheading.kt-adv-heading18470_2e1469-8f, .wp-block-kadence-advancedheading.kt-adv-heading18470_2e1469-8f[data-kb-block=\"kb-adv-heading18470_2e1469-8f\"]{margin-bottom:var(--global-kb-spacing-sm, 1.5rem);font-style:normal;}.wp-block-kadence-advancedheading.kt-adv-heading18470_2e1469-8f mark.kt-highlight, .wp-block-kadence-advancedheading.kt-adv-heading18470_2e1469-8f[data-kb-block=\"kb-adv-heading18470_2e1469-8f\"] mark.kt-highlight{font-style:normal;color:#f76a0c;-webkit-box-decoration-break:clone;box-decoration-break:clone;padding-top:0px;padding-right:0px;padding-bottom:0px;padding-left:0px;}.wp-block-kadence-advancedheading.kt-adv-heading18470_2e1469-8f img.kb-inline-image, .wp-block-kadence-advancedheading.kt-adv-heading18470_2e1469-8f[data-kb-block=\"kb-adv-heading18470_2e1469-8f\"] img.kb-inline-image{width:150px;vertical-align:baseline;}<\/style>\n<p class=\"kt-adv-heading18470_2e1469-8f wp-block-kadence-advancedheading\" data-kb-block=\"kb-adv-heading18470_2e1469-8f\">Thierry Agnone, Ben (Vautier), Baptiste C\u00e9sar, Thierry Chiapparelli, Karim Ghelloussi, Thierry Lagalla, Martinet &amp; Texereau, Gabriel M\u00e9o, Charlotte Pringuey-Cessac, St\u00e9phane Protic, Philippe Ramette, Emmanuel R\u00e9gent, <strong>Franck Sa\u00efssi<\/strong>, Quentin Spohn, St\u00e9phane Steiner.<\/p>\n\n\n<style>.wp-block-kadence-advancedheading.kt-adv-heading18470_d43a27-99, .wp-block-kadence-advancedheading.kt-adv-heading18470_d43a27-99[data-kb-block=\"kb-adv-heading18470_d43a27-99\"]{font-style:normal;text-transform:none;}.wp-block-kadence-advancedheading.kt-adv-heading18470_d43a27-99 mark.kt-highlight, .wp-block-kadence-advancedheading.kt-adv-heading18470_d43a27-99[data-kb-block=\"kb-adv-heading18470_d43a27-99\"] mark.kt-highlight{font-style:normal;color:#f76a0c;-webkit-box-decoration-break:clone;box-decoration-break:clone;padding-top:0px;padding-right:0px;padding-bottom:0px;padding-left:0px;}.wp-block-kadence-advancedheading.kt-adv-heading18470_d43a27-99 img.kb-inline-image, .wp-block-kadence-advancedheading.kt-adv-heading18470_d43a27-99[data-kb-block=\"kb-adv-heading18470_d43a27-99\"] img.kb-inline-image{width:150px;vertical-align:baseline;}<\/style>\n<p class=\"kt-adv-heading18470_d43a27-99 wp-block-kadence-advancedheading\" data-kb-block=\"kb-adv-heading18470_d43a27-99\">Dans <strong>Drawing by Numbers<\/strong>, les artistes confirm\u00e9s comme Ben ou Philippe Ramette et les jeunes dipl\u00f4m\u00e9s de la Villa Arson \u2013 Quentin Spohn et Gabriel M\u00e9o, se confrontent sur le terrain de l\u2019encre et du crayon sur papier. Tour \u00e0 tour, parfois en m\u00eame temps, les r\u00e9f\u00e9rences \u00e0 l\u2019histoire de l\u2019art, la virtuosit\u00e9 technique ou la critique de la soci\u00e9t\u00e9 se succ\u00e8dent dans leurs \u0153uvres, entre retour aux sources et contemporan\u00e9it\u00e9.<br><br>On reconnait l\u2019aigu\u00eb et cruelle satire sociale de la Nouvelle Objectivit\u00e9 nordique dans les personnages grotesques aux visages d\u00e9form\u00e9s de Quentin Spohn. Les squelettes croqu\u00e9s par Thierry Agnone ou Franck Sa\u00efssi convoquent les vanitas du XVII\u00e8 si\u00e8cle, jeux de virtuosit\u00e9 technique.<br><br>Les personnages tristes ou incongrus de Baptiste C\u00e9sar, Thierry Lagalla ou St\u00e9phane Steiner semblent surgir directement de la culture populaire du monde post-moderne, tandis que les vignettes de Philippe Ramette comme les foules immobiles esquiss\u00e9es par Emmanuel R\u00e9gent suspendent temps et jugement.<br><br>Les baisers vol\u00e9s dans les rues d\u2019Istanbul par Charlotte Pringuey-Cessac racontent les r\u00e8gles impos\u00e9es par certaines soci\u00e9t\u00e9s et la beaut\u00e9 qui parfois se cache dans les infimes transgressions. Les noirs et blancs intenses des portraits de Thierry Chiapparelli et les paysages flous de Martinet &amp; Texereau se font \u00e9cho, cadrages successifs d\u2019un sc\u00e9nario commun : tandis que le premier esquisse les personnages, le jeune tandem leur invente un monde possible.<br><br>Le meilleur, comme l\u2019\u00e9crivait Voltaire ?<\/p>\n<\/div><\/div>\n\n<\/div><\/div>\n\n\n","protected":false},"excerpt":{"rendered":"<p>Drawing by Numbers Group show \u00e0 l\u2019Espace A VENDRE 7 d\u00e9cembre 2013 \u2013 25 janvier 2014Espace \u00e0 Vendre, 10 rue Assalit, Nice De la grotte de Lascaux au pop-art, en passant par Giotto ou Rapha\u00ebl, du post-surr\u00e9alisme au courant conceptuel, le dessin constitue l\u2019un des moyens d\u2019expression les plus utilis\u00e9s dans la cr\u00e9ation artistique.Pour sa&#8230;<\/p>","protected":false},"author":34,"featured_media":3745,"parent":18226,"menu_order":5,"comment_status":"closed","ping_status":"closed","template":"","meta":{"_acf_changed":false,"_kad_post_transparent":"","_kad_post_title":"","_kad_post_layout":"","_kad_post_sidebar_id":"","_kad_post_content_style":"","_kad_post_vertical_padding":"","_kad_post_feature":"","_kad_post_feature_position":"","_kad_post_header":false,"_kad_post_footer":false,"_kad_post_classname":"","iawp_total_views":5,"footnotes":""},"class_list":["post-18470","page","type-page","status-publish","has-post-thumbnail","hentry"],"acf":[],"_links":{"self":[{"href":"https:\/\/www.francksaissi.com\/en\/wp-json\/wp\/v2\/pages\/18470","targetHints":{"allow":["GET"]}}],"collection":[{"href":"https:\/\/www.francksaissi.com\/en\/wp-json\/wp\/v2\/pages"}],"about":[{"href":"https:\/\/www.francksaissi.com\/en\/wp-json\/wp\/v2\/types\/page"}],"author":[{"embeddable":true,"href":"https:\/\/www.francksaissi.com\/en\/wp-json\/wp\/v2\/users\/34"}],"replies":[{"embeddable":true,"href":"https:\/\/www.francksaissi.com\/en\/wp-json\/wp\/v2\/comments?post=18470"}],"version-history":[{"count":3,"href":"https:\/\/www.francksaissi.com\/en\/wp-json\/wp\/v2\/pages\/18470\/revisions"}],"predecessor-version":[{"id":21886,"href":"https:\/\/www.francksaissi.com\/en\/wp-json\/wp\/v2\/pages\/18470\/revisions\/21886"}],"up":[{"embeddable":true,"href":"https:\/\/www.francksaissi.com\/en\/wp-json\/wp\/v2\/pages\/18226"}],"wp:featuredmedia":[{"embeddable":true,"href":"https:\/\/www.francksaissi.com\/en\/wp-json\/wp\/v2\/media\/3745"}],"wp:attachment":[{"href":"https:\/\/www.francksaissi.com\/en\/wp-json\/wp\/v2\/media?parent=18470"}],"curies":[{"name":"wp","href":"https:\/\/api.w.org\/{rel}","templated":true}]}}