{"id":18463,"date":"2025-06-14T22:28:01","date_gmt":"2025-06-14T20:28:01","guid":{"rendered":"https:\/\/www.francksaissi.com\/?page_id=18463"},"modified":"2026-01-20T21:25:10","modified_gmt":"2026-01-20T20:25:10","slug":"10-ans","status":"publish","type":"page","link":"https:\/\/www.francksaissi.com\/en\/expositions\/10-ans\/","title":{"rendered":"10 ans"},"content":{"rendered":"<style>.kb-row-layout-id18463_819350-22 > .kt-row-column-wrap{align-content:start;}:where(.kb-row-layout-id18463_819350-22 > .kt-row-column-wrap) > .wp-block-kadence-column{justify-content:start;}.kb-row-layout-id18463_819350-22 > .kt-row-column-wrap{column-gap:var(--global-kb-gap-md, 2rem);row-gap:var(--global-kb-gap-md, 2rem);max-width:var( --global-content-width, 1290px );padding-left:var(--global-content-edge-padding);padding-right:var(--global-content-edge-padding);padding-top:var(--global-kb-spacing-sm, 1.5rem);padding-bottom:var(--global-kb-spacing-sm, 1.5rem);grid-template-columns:minmax(0, 1fr);}.kb-row-layout-id18463_819350-22 > .kt-row-layout-overlay{opacity:0.30;}@media all and (max-width: 1024px){.kb-row-layout-id18463_819350-22 > .kt-row-column-wrap{grid-template-columns:minmax(0, 1fr);}}@media all and (max-width: 767px){.kb-row-layout-id18463_819350-22 > .kt-row-column-wrap{grid-template-columns:minmax(0, 1fr);}}<\/style><div class=\"kb-row-layout-wrap kb-row-layout-id18463_819350-22 alignnone wp-block-kadence-rowlayout\"><div class=\"kt-row-column-wrap kt-has-1-columns kt-row-layout-equal kt-tab-layout-inherit kt-mobile-layout-row kt-row-valign-top kb-theme-content-width\">\n<style>.kadence-column18463_e8a58a-bd > .kt-inside-inner-col,.kadence-column18463_e8a58a-bd > .kt-inside-inner-col:before{border-top-left-radius:0px;border-top-right-radius:0px;border-bottom-right-radius:0px;border-bottom-left-radius:0px;}.kadence-column18463_e8a58a-bd > .kt-inside-inner-col{column-gap:var(--global-kb-gap-sm, 1rem);}.kadence-column18463_e8a58a-bd > .kt-inside-inner-col{flex-direction:column;}.kadence-column18463_e8a58a-bd > .kt-inside-inner-col > .aligncenter{width:100%;}.kadence-column18463_e8a58a-bd > .kt-inside-inner-col:before{opacity:0.3;}.kadence-column18463_e8a58a-bd{position:relative;}@media all and (max-width: 1024px){.kadence-column18463_e8a58a-bd > .kt-inside-inner-col{flex-direction:column;justify-content:center;}}@media all and (max-width: 767px){.kadence-column18463_e8a58a-bd > .kt-inside-inner-col{flex-direction:column;justify-content:center;}}<\/style>\n<div class=\"wp-block-kadence-column kadence-column18463_e8a58a-bd\"><div class=\"kt-inside-inner-col\"><style>.wp-block-kadence-advancedheading.kt-adv-heading18463_3f54f1-bb, .wp-block-kadence-advancedheading.kt-adv-heading18463_3f54f1-bb[data-kb-block=\"kb-adv-heading18463_3f54f1-bb\"]{padding-bottom:25px;text-align:center;font-size:var(--global-kb-font-size-xl, 3rem);font-style:normal;text-transform:none;letter-spacing:1.3px;}.wp-block-kadence-advancedheading.kt-adv-heading18463_3f54f1-bb mark.kt-highlight, .wp-block-kadence-advancedheading.kt-adv-heading18463_3f54f1-bb[data-kb-block=\"kb-adv-heading18463_3f54f1-bb\"] mark.kt-highlight{letter-spacing:1.3px;font-style:normal;color:#f76a0c;border-bottom:2px solid #abb8c3;-webkit-box-decoration-break:clone;box-decoration-break:clone;padding-bottom:30px;}.wp-block-kadence-advancedheading.kt-adv-heading18463_3f54f1-bb img.kb-inline-image, .wp-block-kadence-advancedheading.kt-adv-heading18463_3f54f1-bb[data-kb-block=\"kb-adv-heading18463_3f54f1-bb\"] img.kb-inline-image{width:150px;vertical-align:baseline;}@media all and (max-width: 1024px){.wp-block-kadence-advancedheading.kt-adv-heading18463_3f54f1-bb mark.kt-highlight, .wp-block-kadence-advancedheading.kt-adv-heading18463_3f54f1-bb[data-kb-block=\"kb-adv-heading18463_3f54f1-bb\"] mark.kt-highlight{border-bottom:2px solid #abb8c3;}}@media all and (max-width: 767px){.wp-block-kadence-advancedheading.kt-adv-heading18463_3f54f1-bb mark.kt-highlight, .wp-block-kadence-advancedheading.kt-adv-heading18463_3f54f1-bb[data-kb-block=\"kb-adv-heading18463_3f54f1-bb\"] mark.kt-highlight{border-bottom:2px solid #abb8c3;}}<\/style>\n<h1 class=\"kt-adv-heading18463_3f54f1-bb wp-block-kadence-advancedheading\" data-kb-block=\"kb-adv-heading18463_3f54f1-bb\">10 ans d\u2019Espace A VENDRE<\/h1>\n\n\n<style>.wp-block-kadence-advancedheading.kt-adv-heading18463_ceb864-0c, .wp-block-kadence-advancedheading.kt-adv-heading18463_ceb864-0c[data-kb-block=\"kb-adv-heading18463_ceb864-0c\"]{margin-bottom:var(--global-kb-spacing-md, 2rem);text-align:center;font-style:normal;}.wp-block-kadence-advancedheading.kt-adv-heading18463_ceb864-0c mark.kt-highlight, .wp-block-kadence-advancedheading.kt-adv-heading18463_ceb864-0c[data-kb-block=\"kb-adv-heading18463_ceb864-0c\"] mark.kt-highlight{font-style:normal;color:#f76a0c;-webkit-box-decoration-break:clone;box-decoration-break:clone;padding-top:0px;padding-right:0px;padding-bottom:0px;padding-left:0px;}.wp-block-kadence-advancedheading.kt-adv-heading18463_ceb864-0c img.kb-inline-image, .wp-block-kadence-advancedheading.kt-adv-heading18463_ceb864-0c[data-kb-block=\"kb-adv-heading18463_ceb864-0c\"] img.kb-inline-image{width:150px;vertical-align:baseline;}<\/style>\n<h2 class=\"kt-adv-heading18463_ceb864-0c wp-block-kadence-advancedheading\" data-kb-block=\"kb-adv-heading18463_ceb864-0c\">Une exposition collective, compulsive et \u00e9volutive<\/h2>\n\n\n<style>.wp-block-kadence-advancedheading.kt-adv-heading18463_f8002f-f1, .wp-block-kadence-advancedheading.kt-adv-heading18463_f8002f-f1[data-kb-block=\"kb-adv-heading18463_f8002f-f1\"]{font-style:normal;}.wp-block-kadence-advancedheading.kt-adv-heading18463_f8002f-f1 mark.kt-highlight, .wp-block-kadence-advancedheading.kt-adv-heading18463_f8002f-f1[data-kb-block=\"kb-adv-heading18463_f8002f-f1\"] mark.kt-highlight{font-style:normal;color:#f76a0c;-webkit-box-decoration-break:clone;box-decoration-break:clone;padding-top:0px;padding-right:0px;padding-bottom:0px;padding-left:0px;}.wp-block-kadence-advancedheading.kt-adv-heading18463_f8002f-f1 img.kb-inline-image, .wp-block-kadence-advancedheading.kt-adv-heading18463_f8002f-f1[data-kb-block=\"kb-adv-heading18463_f8002f-f1\"] img.kb-inline-image{width:150px;vertical-align:baseline;}<\/style>\n<p class=\"kt-adv-heading18463_f8002f-f1 wp-block-kadence-advancedheading\" data-kb-block=\"kb-adv-heading18463_f8002f-f1\"><strong>19 avril \u2013 31 mai 2014<\/strong><br>Vernissage 18 avril 2014 \u00e0 partir de 18h<br>10 ans !<br>Espace \u00e0 Vendre, 10 rue Assalit, Nice<br>&nbsp;<br>L\u2019Espace A VENDRE f\u00eate ses 10 ans d\u2019activit\u00e9s \u00e0 Nice !<br>Pour c\u00e9l\u00e9brer cet anniversaire, l\u2019Espace A VENDRE organise au 10 rue Assalit une exposition-\u00e9v\u00e9nement, en invitant tous les artistes pr\u00e9sent\u00e9s dans les 4 lieux qu\u2019il a occup\u00e9 depuis 2004.<br>Une exposition vivante, rythm\u00e9e par des performances, des changements d\u2019accrochages, des invitations surprises, pr\u00e8s de 50 artistes pour un anniversaire \u201ccollectif, compulsif et \u00e9volutif\u201d.<\/p>\n\n\n<style>.wp-block-kadence-advancedheading.kt-adv-heading18463_027976-6a, .wp-block-kadence-advancedheading.kt-adv-heading18463_027976-6a[data-kb-block=\"kb-adv-heading18463_027976-6a\"]{font-style:normal;}.wp-block-kadence-advancedheading.kt-adv-heading18463_027976-6a mark.kt-highlight, .wp-block-kadence-advancedheading.kt-adv-heading18463_027976-6a[data-kb-block=\"kb-adv-heading18463_027976-6a\"] mark.kt-highlight{font-style:normal;color:#f76a0c;-webkit-box-decoration-break:clone;box-decoration-break:clone;padding-top:0px;padding-right:0px;padding-bottom:0px;padding-left:0px;}.wp-block-kadence-advancedheading.kt-adv-heading18463_027976-6a img.kb-inline-image, .wp-block-kadence-advancedheading.kt-adv-heading18463_027976-6a[data-kb-block=\"kb-adv-heading18463_027976-6a\"] img.kb-inline-image{width:150px;vertical-align:baseline;}<\/style>\n<h3 class=\"kt-adv-heading18463_027976-6a wp-block-kadence-advancedheading\" data-kb-block=\"kb-adv-heading18463_027976-6a\">Artistes<\/h3>\n\n\n<style>.wp-block-kadence-advancedheading.kt-adv-heading18463_11e4b1-19, .wp-block-kadence-advancedheading.kt-adv-heading18463_11e4b1-19[data-kb-block=\"kb-adv-heading18463_11e4b1-19\"]{margin-bottom:var(--global-kb-spacing-md, 2rem);font-style:normal;}.wp-block-kadence-advancedheading.kt-adv-heading18463_11e4b1-19 mark.kt-highlight, .wp-block-kadence-advancedheading.kt-adv-heading18463_11e4b1-19[data-kb-block=\"kb-adv-heading18463_11e4b1-19\"] mark.kt-highlight{font-style:normal;color:#f76a0c;-webkit-box-decoration-break:clone;box-decoration-break:clone;padding-top:0px;padding-right:0px;padding-bottom:0px;padding-left:0px;}.wp-block-kadence-advancedheading.kt-adv-heading18463_11e4b1-19 img.kb-inline-image, .wp-block-kadence-advancedheading.kt-adv-heading18463_11e4b1-19[data-kb-block=\"kb-adv-heading18463_11e4b1-19\"] img.kb-inline-image{width:150px;vertical-align:baseline;}<\/style>\n<p class=\"kt-adv-heading18463_11e4b1-19 wp-block-kadence-advancedheading\" data-kb-block=\"kb-adv-heading18463_11e4b1-19\">Thierry Agnone, Caroline Bach, Ben, Julien Beneyton, Romain Bernini, Julien Blaine, Pauline Brun, Baptiste Cesar, Thierry Chiapparelli, Claire Dantzer, Jean Dupuy, Jean-Baptiste Ganne, France Gayraud, Isabelle Giovacchini, Jeremie Grandsenne, Han Hoogerbrugge, Jo\u00ebl Hubaut, Arnaud Labelle-Rojoux, Thierry Lagalla, Olivier Leroi, Pascal Lievre, Eric Madeleine, Martinet&amp;Texereau, Florent Mattei, Gabriel M\u00e9o, Pascal Pinaud, Eric Pougeau, Charlotte Pringuey-Cessac, St\u00e9phane Protic, Philippe Ramette, Emmanuel R\u00e9gent, J\u00e9r\u00f4me Robbe, Karine Rougier, <strong>Franck Sa\u00efssi<\/strong>, Lionel Scoccimaro, Quentin Spohn, St\u00e9phane Steiner, C\u00e9dric Teisseire, Kirill Ukolov, Jean-Luc Verna, \u2026<\/p>\n\n\n<style>.wp-block-kadence-advancedgallery .kb-gallery-type-grid.kb-gallery-id-18463_bf0322-74{margin:-5px;}.kb-gallery-type-grid.kb-gallery-id-18463_bf0322-74 .kadence-blocks-gallery-item{padding:5px;}.kb-gallery-id-18463_bf0322-74 .kadence-blocks-gallery-item .kb-gal-image-radius, .kb-gallery-id-18463_bf0322-74 .kb-slide-item .kb-gal-image-radius img{border-radius:0px 0px 0px 0px;;}<\/style><div class=\"kb-gallery-wrap-id-18463_bf0322-74 alignnone wp-block-kadence-advancedgallery\"><ul class=\"kb-gallery-ul kb-gallery-non-static kb-gallery-type-grid kb-gallery-id-18463_bf0322-74 kb-gallery-caption-style-bottom-hover kb-gallery-filter-none\" data-image-filter=\"none\" data-item-selector=\".kadence-blocks-gallery-item\" data-lightbox-caption=\"true\" data-columns-xxl=\"2\" data-columns-xl=\"2\" data-columns-md=\"2\" data-columns-sm=\"2\" data-columns-xs=\"1\" data-columns-ss=\"1\"><li class=\"kadence-blocks-gallery-item\" tabindex=\"0\"><div class=\"kadence-blocks-gallery-item-inner\"><figure class=\"kb-gallery-figure kadence-blocks-gallery-item-hide-caption\"><div class=\"kb-gal-image-radius\"><div class=\"kb-gallery-image-contain kadence-blocks-gallery-intrinsic kb-gallery-image-ratio-land32 kb-has-image-ratio-land32\" ><img loading=\"lazy\" decoding=\"async\" src=\"https:\/\/www.francksaissi.com\/wp-content\/uploads\/2014\/04\/10ans.jpg\" width=\"900\" height=\"637\" alt=\"Visuel de l&#039;exposition 10 ans de l&#039;Espace \u00e0 Vendre, site de Franck Sa\u00efssi\" data-full-image=\"https:\/\/www.francksaissi.com\/wp-content\/uploads\/2014\/04\/10ans.jpg\" data-light-image=\"https:\/\/www.francksaissi.com\/wp-content\/uploads\/2014\/04\/10ans.jpg\" data-id=\"4724\" class=\"wp-image-4724\" srcset=\"https:\/\/www.francksaissi.com\/wp-content\/uploads\/2014\/04\/10ans.jpg 900w, https:\/\/www.francksaissi.com\/wp-content\/uploads\/2014\/04\/10ans-750x531.jpg 750w, https:\/\/www.francksaissi.com\/wp-content\/uploads\/2014\/04\/10ans-300x212.jpg 300w, https:\/\/www.francksaissi.com\/wp-content\/uploads\/2014\/04\/10ans-642x454.jpg 642w\" sizes=\"auto, (max-width: 900px) 100vw, 900px\" \/><\/div><\/div><\/figure><\/div><\/li><li class=\"kadence-blocks-gallery-item\" tabindex=\"0\"><div class=\"kadence-blocks-gallery-item-inner\"><figure class=\"kb-gallery-figure kadence-blocks-gallery-item-hide-caption\"><div class=\"kb-gal-image-radius\"><div class=\"kb-gallery-image-contain kadence-blocks-gallery-intrinsic kb-gallery-image-ratio-land32 kb-has-image-ratio-land32\" ><img loading=\"lazy\" decoding=\"async\" src=\"https:\/\/www.francksaissi.com\/wp-content\/uploads\/2016\/02\/1013.jpg\" width=\"450\" height=\"261\" alt=\"10 ans, Espace \u00e0 Vendre, site de Franck Sa\u00efssi\" data-full-image=\"https:\/\/www.francksaissi.com\/wp-content\/uploads\/2016\/02\/1013.jpg\" data-light-image=\"https:\/\/www.francksaissi.com\/wp-content\/uploads\/2016\/02\/1013.jpg\" data-id=\"6021\" class=\"wp-image-6021\"\/><\/div><\/div><\/figure><\/div><\/li><\/ul><\/div><\/div><\/div>\n\n<\/div><\/div>\n\n\n","protected":false},"excerpt":{"rendered":"<p>10 ans d\u2019Espace A VENDRE Une exposition collective, compulsive et \u00e9volutive 19 avril \u2013 31 mai 2014Vernissage 18 avril 2014 \u00e0 partir de 18h10 ans !Espace \u00e0 Vendre, 10 rue Assalit, Nice&nbsp;L\u2019Espace A VENDRE f\u00eate ses 10 ans d\u2019activit\u00e9s \u00e0 Nice !Pour c\u00e9l\u00e9brer cet anniversaire, l\u2019Espace A VENDRE organise au 10 rue Assalit une exposition-\u00e9v\u00e9nement,&#8230;<\/p>","protected":false},"author":34,"featured_media":16967,"parent":18226,"menu_order":6,"comment_status":"closed","ping_status":"closed","template":"","meta":{"_acf_changed":false,"_kad_post_transparent":"","_kad_post_title":"","_kad_post_layout":"","_kad_post_sidebar_id":"","_kad_post_content_style":"","_kad_post_vertical_padding":"","_kad_post_feature":"","_kad_post_feature_position":"","_kad_post_header":false,"_kad_post_footer":false,"_kad_post_classname":"","iawp_total_views":5,"footnotes":""},"class_list":["post-18463","page","type-page","status-publish","has-post-thumbnail","hentry"],"acf":[],"_links":{"self":[{"href":"https:\/\/www.francksaissi.com\/en\/wp-json\/wp\/v2\/pages\/18463","targetHints":{"allow":["GET"]}}],"collection":[{"href":"https:\/\/www.francksaissi.com\/en\/wp-json\/wp\/v2\/pages"}],"about":[{"href":"https:\/\/www.francksaissi.com\/en\/wp-json\/wp\/v2\/types\/page"}],"author":[{"embeddable":true,"href":"https:\/\/www.francksaissi.com\/en\/wp-json\/wp\/v2\/users\/34"}],"replies":[{"embeddable":true,"href":"https:\/\/www.francksaissi.com\/en\/wp-json\/wp\/v2\/comments?post=18463"}],"version-history":[{"count":2,"href":"https:\/\/www.francksaissi.com\/en\/wp-json\/wp\/v2\/pages\/18463\/revisions"}],"predecessor-version":[{"id":21120,"href":"https:\/\/www.francksaissi.com\/en\/wp-json\/wp\/v2\/pages\/18463\/revisions\/21120"}],"up":[{"embeddable":true,"href":"https:\/\/www.francksaissi.com\/en\/wp-json\/wp\/v2\/pages\/18226"}],"wp:featuredmedia":[{"embeddable":true,"href":"https:\/\/www.francksaissi.com\/en\/wp-json\/wp\/v2\/media\/16967"}],"wp:attachment":[{"href":"https:\/\/www.francksaissi.com\/en\/wp-json\/wp\/v2\/media?parent=18463"}],"curies":[{"name":"wp","href":"https:\/\/api.w.org\/{rel}","templated":true}]}}