{"id":18455,"date":"2025-06-14T22:14:38","date_gmt":"2025-06-14T20:14:38","guid":{"rendered":"https:\/\/www.francksaissi.com\/?page_id=18455"},"modified":"2026-01-20T21:25:57","modified_gmt":"2026-01-20T20:25:57","slug":"prefiguration-du-palais-des-ego-etranges","status":"publish","type":"page","link":"https:\/\/www.francksaissi.com\/en\/expositions\/prefiguration-du-palais-des-ego-etranges\/","title":{"rendered":"Pr\u00e9figuration du palais des ego \u00e9tranges"},"content":{"rendered":"<style>.wp-block-kadence-advancedheading.kt-adv-heading18455_7971e5-78, .wp-block-kadence-advancedheading.kt-adv-heading18455_7971e5-78[data-kb-block=\"kb-adv-heading18455_7971e5-78\"]{padding-bottom:25px;text-align:center;font-size:var(--global-kb-font-size-xl, 3rem);font-style:normal;text-transform:none;letter-spacing:1.3px;}.wp-block-kadence-advancedheading.kt-adv-heading18455_7971e5-78 mark.kt-highlight, .wp-block-kadence-advancedheading.kt-adv-heading18455_7971e5-78[data-kb-block=\"kb-adv-heading18455_7971e5-78\"] mark.kt-highlight{letter-spacing:1.3px;font-style:normal;color:#f76a0c;border-bottom:2px solid #abb8c3;-webkit-box-decoration-break:clone;box-decoration-break:clone;padding-bottom:30px;}.wp-block-kadence-advancedheading.kt-adv-heading18455_7971e5-78 img.kb-inline-image, .wp-block-kadence-advancedheading.kt-adv-heading18455_7971e5-78[data-kb-block=\"kb-adv-heading18455_7971e5-78\"] img.kb-inline-image{width:150px;vertical-align:baseline;}@media all and (max-width: 1024px){.wp-block-kadence-advancedheading.kt-adv-heading18455_7971e5-78 mark.kt-highlight, .wp-block-kadence-advancedheading.kt-adv-heading18455_7971e5-78[data-kb-block=\"kb-adv-heading18455_7971e5-78\"] mark.kt-highlight{border-bottom:2px solid #abb8c3;}}@media all and (max-width: 767px){.wp-block-kadence-advancedheading.kt-adv-heading18455_7971e5-78 mark.kt-highlight, .wp-block-kadence-advancedheading.kt-adv-heading18455_7971e5-78[data-kb-block=\"kb-adv-heading18455_7971e5-78\"] mark.kt-highlight{border-bottom:2px solid #abb8c3;}}<\/style>\n<h1 class=\"kt-adv-heading18455_7971e5-78 wp-block-kadence-advancedheading\" data-kb-block=\"kb-adv-heading18455_7971e5-78\">Pr\u00e9figuration du palais des ego \u00e9tranges<\/h1>\n\n\n<style>.wp-block-kadence-advancedheading.kt-adv-heading18455_e19903-bc, .wp-block-kadence-advancedheading.kt-adv-heading18455_e19903-bc[data-kb-block=\"kb-adv-heading18455_e19903-bc\"]{margin-bottom:var(--global-kb-spacing-md, 2rem);text-align:center;font-style:normal;}.wp-block-kadence-advancedheading.kt-adv-heading18455_e19903-bc mark.kt-highlight, .wp-block-kadence-advancedheading.kt-adv-heading18455_e19903-bc[data-kb-block=\"kb-adv-heading18455_e19903-bc\"] mark.kt-highlight{font-style:normal;color:#f76a0c;-webkit-box-decoration-break:clone;box-decoration-break:clone;padding-top:0px;padding-right:0px;padding-bottom:0px;padding-left:0px;}.wp-block-kadence-advancedheading.kt-adv-heading18455_e19903-bc img.kb-inline-image, .wp-block-kadence-advancedheading.kt-adv-heading18455_e19903-bc[data-kb-block=\"kb-adv-heading18455_e19903-bc\"] img.kb-inline-image{width:150px;vertical-align:baseline;}<\/style>\n<h2 class=\"kt-adv-heading18455_e19903-bc wp-block-kadence-advancedheading\" data-kb-block=\"kb-adv-heading18455_e19903-bc\">Exposition collective Galerie Eva Vautier<\/h2>\n\n\n<style>.kb-row-layout-id18455_037b47-40 > .kt-row-column-wrap{align-content:start;}:where(.kb-row-layout-id18455_037b47-40 > .kt-row-column-wrap) > .wp-block-kadence-column{justify-content:start;}.kb-row-layout-id18455_037b47-40 > .kt-row-column-wrap{column-gap:var(--global-kb-gap-md, 2rem);row-gap:var(--global-kb-gap-md, 2rem);max-width:var( --global-content-width, 1290px );padding-left:var(--global-content-edge-padding);padding-right:var(--global-content-edge-padding);padding-top:var(--global-kb-spacing-sm, 1.5rem);padding-bottom:var(--global-kb-spacing-sm, 1.5rem);grid-template-columns:minmax(0, 1fr);}.kb-row-layout-id18455_037b47-40 > .kt-row-layout-overlay{opacity:0.30;}@media all and (max-width: 1024px){.kb-row-layout-id18455_037b47-40 > .kt-row-column-wrap{grid-template-columns:minmax(0, 1fr);}}@media all and (max-width: 767px){.kb-row-layout-id18455_037b47-40 > .kt-row-column-wrap{grid-template-columns:minmax(0, 1fr);}}<\/style><div class=\"kb-row-layout-wrap kb-row-layout-id18455_037b47-40 alignnone wp-block-kadence-rowlayout\"><div class=\"kt-row-column-wrap kt-has-1-columns kt-row-layout-equal kt-tab-layout-inherit kt-mobile-layout-row kt-row-valign-top kb-theme-content-width\">\n<style>.kadence-column18455_2e445d-e5 > .kt-inside-inner-col,.kadence-column18455_2e445d-e5 > .kt-inside-inner-col:before{border-top-left-radius:0px;border-top-right-radius:0px;border-bottom-right-radius:0px;border-bottom-left-radius:0px;}.kadence-column18455_2e445d-e5 > .kt-inside-inner-col{column-gap:var(--global-kb-gap-sm, 1rem);}.kadence-column18455_2e445d-e5 > .kt-inside-inner-col{flex-direction:column;}.kadence-column18455_2e445d-e5 > .kt-inside-inner-col > .aligncenter{width:100%;}.kadence-column18455_2e445d-e5 > .kt-inside-inner-col:before{opacity:0.3;}.kadence-column18455_2e445d-e5{position:relative;}@media all and (max-width: 1024px){.kadence-column18455_2e445d-e5 > .kt-inside-inner-col{flex-direction:column;justify-content:center;}}@media all and (max-width: 767px){.kadence-column18455_2e445d-e5 > .kt-inside-inner-col{flex-direction:column;justify-content:center;}}<\/style>\n<div class=\"wp-block-kadence-column kadence-column18455_2e445d-e5\"><div class=\"kt-inside-inner-col\"><style>.wp-block-kadence-advancedheading.kt-adv-heading18455_74e4be-de, .wp-block-kadence-advancedheading.kt-adv-heading18455_74e4be-de[data-kb-block=\"kb-adv-heading18455_74e4be-de\"]{margin-bottom:var(--global-kb-spacing-md, 2rem);font-style:normal;}.wp-block-kadence-advancedheading.kt-adv-heading18455_74e4be-de mark.kt-highlight, .wp-block-kadence-advancedheading.kt-adv-heading18455_74e4be-de[data-kb-block=\"kb-adv-heading18455_74e4be-de\"] mark.kt-highlight{font-style:normal;color:#f76a0c;-webkit-box-decoration-break:clone;box-decoration-break:clone;padding-top:0px;padding-right:0px;padding-bottom:0px;padding-left:0px;}.wp-block-kadence-advancedheading.kt-adv-heading18455_74e4be-de img.kb-inline-image, .wp-block-kadence-advancedheading.kt-adv-heading18455_74e4be-de[data-kb-block=\"kb-adv-heading18455_74e4be-de\"] img.kb-inline-image{width:150px;vertical-align:baseline;}<\/style>\n<p class=\"kt-adv-heading18455_74e4be-de wp-block-kadence-advancedheading\" data-kb-block=\"kb-adv-heading18455_74e4be-de\">Ben pr\u00e9sente \u00e0 la galerie une pr\u00e9figuration de l\u2019exposition \u00ab Palais id\u00e9al des \u00e9go \u00e9tranges \u00bb qu\u2019il organisera le 28 avril au palais du Facteur Cheval \u00e0 Hauterives.<br><br><strong>Galerie Eva Vautier<\/strong><br>2 rue Vernier, Nice<br><br>Vernissage le 18 mars 2016 \u00e0 partir de 18H<br><br>40 artistes singuliers, cr\u00e9ateurs, peintres et plasticiens, inspir\u00e9s par l\u2019\u00e9tranget\u00e9 et la folie cr\u00e9atrice du Facteur cheval se rencontrent. Cette confrontation est autant un d\u00e9fi lanc\u00e9 \u00e0 l\u2019imagination qu\u2019\u00e0 la force obstin\u00e9e de la cr\u00e9ation.<\/p>\n\n\n<style>.wp-block-kadence-advancedgallery .kb-gallery-type-grid.kb-gallery-id-18455_e4402f-68{margin:-5px;}.kb-gallery-type-grid.kb-gallery-id-18455_e4402f-68 .kadence-blocks-gallery-item{padding:5px;}.kb-gallery-id-18455_e4402f-68 .kadence-blocks-gallery-item .kb-gal-image-radius, .kb-gallery-id-18455_e4402f-68 .kb-slide-item .kb-gal-image-radius img{border-radius:0px 0px 0px 0px;;}<\/style><div class=\"kb-gallery-wrap-id-18455_e4402f-68 alignnone wp-block-kadence-advancedgallery\"><ul class=\"kb-gallery-ul kb-gallery-non-static kb-gallery-type-grid kb-gallery-id-18455_e4402f-68 kb-gallery-caption-style-bottom-hover kb-gallery-filter-none\" data-image-filter=\"none\" data-item-selector=\".kadence-blocks-gallery-item\" data-lightbox-caption=\"true\" data-columns-xxl=\"2\" data-columns-xl=\"2\" data-columns-md=\"2\" data-columns-sm=\"2\" data-columns-xs=\"1\" data-columns-ss=\"1\"><li class=\"kadence-blocks-gallery-item\" tabindex=\"0\"><div class=\"kadence-blocks-gallery-item-inner\"><figure class=\"kb-gallery-figure kadence-blocks-gallery-item-hide-caption\"><div class=\"kb-gal-image-radius\" style=\"max-width:960px;\"><div class=\"kb-gallery-image-contain kadence-blocks-gallery-intrinsic kb-gallery-image-ratio-inherit kb-has-image-ratio-inherit\" style=\"padding-bottom:60%;\"><img loading=\"lazy\" decoding=\"async\" src=\"https:\/\/www.francksaissi.com\/wp-content\/uploads\/2016\/01\/prefigurationdupalaisdesegosetranges1.jpg\" width=\"960\" height=\"580\" alt=\"Vue de l&#039;exposition pr\u00e9figuration des egos \u00e9tranges, galerie Eva Vautier, site de Franck Sa\u00efssi\" data-full-image=\"https:\/\/www.francksaissi.com\/wp-content\/uploads\/2016\/01\/prefigurationdupalaisdesegosetranges1.jpg\" data-light-image=\"https:\/\/www.francksaissi.com\/wp-content\/uploads\/2016\/01\/prefigurationdupalaisdesegosetranges1.jpg\" data-id=\"6134\" class=\"wp-image-6134\" srcset=\"https:\/\/www.francksaissi.com\/wp-content\/uploads\/2016\/01\/prefigurationdupalaisdesegosetranges1.jpg 960w, https:\/\/www.francksaissi.com\/wp-content\/uploads\/2016\/01\/prefigurationdupalaisdesegosetranges1-750x453.jpg 750w, https:\/\/www.francksaissi.com\/wp-content\/uploads\/2016\/01\/prefigurationdupalaisdesegosetranges1-600x363.jpg 600w, https:\/\/www.francksaissi.com\/wp-content\/uploads\/2016\/01\/prefigurationdupalaisdesegosetranges1-768x464.jpg 768w\" sizes=\"auto, (max-width: 960px) 100vw, 960px\" \/><\/div><\/div><\/figure><\/div><\/li><li class=\"kadence-blocks-gallery-item\" tabindex=\"0\"><div class=\"kadence-blocks-gallery-item-inner\"><figure class=\"kb-gallery-figure kadence-blocks-gallery-item-hide-caption\"><div class=\"kb-gal-image-radius\" style=\"max-width:960px;\"><div class=\"kb-gallery-image-contain kadence-blocks-gallery-intrinsic kb-gallery-image-ratio-inherit kb-has-image-ratio-inherit\" style=\"padding-bottom:60%;\"><img loading=\"lazy\" decoding=\"async\" src=\"https:\/\/www.francksaissi.com\/wp-content\/uploads\/2016\/01\/prefigurationdupalaisdesegosetranges2.jpg\" width=\"960\" height=\"576\" alt=\"Ben pr\u00e9sente une pr\u00e9figuration de l\u2019exposition \u00ab Palais id\u00e9al des \u00e9go \u00e9tranges \u00bb qu\u2019il organisera le 28 avril au palais du Facteur Cheval.\" data-full-image=\"https:\/\/www.francksaissi.com\/wp-content\/uploads\/2016\/01\/prefigurationdupalaisdesegosetranges2.jpg\" data-light-image=\"https:\/\/www.francksaissi.com\/wp-content\/uploads\/2016\/01\/prefigurationdupalaisdesegosetranges2.jpg\" data-id=\"6135\" class=\"wp-image-6135\" srcset=\"https:\/\/www.francksaissi.com\/wp-content\/uploads\/2016\/01\/prefigurationdupalaisdesegosetranges2.jpg 960w, https:\/\/www.francksaissi.com\/wp-content\/uploads\/2016\/01\/prefigurationdupalaisdesegosetranges2-750x450.jpg 750w, https:\/\/www.francksaissi.com\/wp-content\/uploads\/2016\/01\/prefigurationdupalaisdesegosetranges2-600x360.jpg 600w, https:\/\/www.francksaissi.com\/wp-content\/uploads\/2016\/01\/prefigurationdupalaisdesegosetranges2-768x461.jpg 768w\" sizes=\"auto, (max-width: 960px) 100vw, 960px\" \/><\/div><\/div><\/figure><\/div><\/li><\/ul><\/div><\/div><\/div>\n\n<\/div><\/div>\n\n\n","protected":false},"excerpt":{"rendered":"<p>Pr\u00e9figuration du palais des ego \u00e9tranges Exposition collective Galerie Eva Vautier Ben pr\u00e9sente \u00e0 la galerie une pr\u00e9figuration de l\u2019exposition \u00ab Palais id\u00e9al des \u00e9go \u00e9tranges \u00bb qu\u2019il organisera le 28 avril au palais du Facteur Cheval \u00e0 Hauterives. Galerie Eva Vautier2 rue Vernier, Nice Vernissage le 18 mars 2016 \u00e0 partir de 18H 40&#8230;<\/p>","protected":false},"author":34,"featured_media":6135,"parent":18226,"menu_order":8,"comment_status":"closed","ping_status":"closed","template":"","meta":{"_acf_changed":false,"_kad_post_transparent":"","_kad_post_title":"","_kad_post_layout":"","_kad_post_sidebar_id":"","_kad_post_content_style":"","_kad_post_vertical_padding":"","_kad_post_feature":"","_kad_post_feature_position":"","_kad_post_header":false,"_kad_post_footer":false,"_kad_post_classname":"","iawp_total_views":14,"footnotes":""},"class_list":["post-18455","page","type-page","status-publish","has-post-thumbnail","hentry"],"acf":[],"_links":{"self":[{"href":"https:\/\/www.francksaissi.com\/en\/wp-json\/wp\/v2\/pages\/18455","targetHints":{"allow":["GET"]}}],"collection":[{"href":"https:\/\/www.francksaissi.com\/en\/wp-json\/wp\/v2\/pages"}],"about":[{"href":"https:\/\/www.francksaissi.com\/en\/wp-json\/wp\/v2\/types\/page"}],"author":[{"embeddable":true,"href":"https:\/\/www.francksaissi.com\/en\/wp-json\/wp\/v2\/users\/34"}],"replies":[{"embeddable":true,"href":"https:\/\/www.francksaissi.com\/en\/wp-json\/wp\/v2\/comments?post=18455"}],"version-history":[{"count":2,"href":"https:\/\/www.francksaissi.com\/en\/wp-json\/wp\/v2\/pages\/18455\/revisions"}],"predecessor-version":[{"id":21122,"href":"https:\/\/www.francksaissi.com\/en\/wp-json\/wp\/v2\/pages\/18455\/revisions\/21122"}],"up":[{"embeddable":true,"href":"https:\/\/www.francksaissi.com\/en\/wp-json\/wp\/v2\/pages\/18226"}],"wp:featuredmedia":[{"embeddable":true,"href":"https:\/\/www.francksaissi.com\/en\/wp-json\/wp\/v2\/media\/6135"}],"wp:attachment":[{"href":"https:\/\/www.francksaissi.com\/en\/wp-json\/wp\/v2\/media?parent=18455"}],"curies":[{"name":"wp","href":"https:\/\/api.w.org\/{rel}","templated":true}]}}