{"id":18449,"date":"2025-06-14T21:56:42","date_gmt":"2025-06-14T19:56:42","guid":{"rendered":"https:\/\/www.francksaissi.com\/?page_id=18449"},"modified":"2026-01-20T21:26:15","modified_gmt":"2026-01-20T20:26:15","slug":"le-palais-ideal","status":"publish","type":"page","link":"https:\/\/www.francksaissi.com\/en\/expositions\/le-palais-ideal\/","title":{"rendered":"Le Palais Id\u00e9al des egos \u00e9tranges"},"content":{"rendered":"<style>.wp-block-kadence-advancedheading.kt-adv-heading18449_4ae44c-b0, .wp-block-kadence-advancedheading.kt-adv-heading18449_4ae44c-b0[data-kb-block=\"kb-adv-heading18449_4ae44c-b0\"]{padding-bottom:25px;text-align:center;font-size:var(--global-kb-font-size-xl, 3rem);font-style:normal;text-transform:none;letter-spacing:1.3px;}.wp-block-kadence-advancedheading.kt-adv-heading18449_4ae44c-b0 mark.kt-highlight, .wp-block-kadence-advancedheading.kt-adv-heading18449_4ae44c-b0[data-kb-block=\"kb-adv-heading18449_4ae44c-b0\"] mark.kt-highlight{letter-spacing:1.3px;font-style:normal;color:#f76a0c;border-bottom:2px solid #abb8c3;-webkit-box-decoration-break:clone;box-decoration-break:clone;padding-bottom:30px;}.wp-block-kadence-advancedheading.kt-adv-heading18449_4ae44c-b0 img.kb-inline-image, .wp-block-kadence-advancedheading.kt-adv-heading18449_4ae44c-b0[data-kb-block=\"kb-adv-heading18449_4ae44c-b0\"] img.kb-inline-image{width:150px;vertical-align:baseline;}@media all and (max-width: 1024px){.wp-block-kadence-advancedheading.kt-adv-heading18449_4ae44c-b0 mark.kt-highlight, .wp-block-kadence-advancedheading.kt-adv-heading18449_4ae44c-b0[data-kb-block=\"kb-adv-heading18449_4ae44c-b0\"] mark.kt-highlight{border-bottom:2px solid #abb8c3;}}@media all and (max-width: 767px){.wp-block-kadence-advancedheading.kt-adv-heading18449_4ae44c-b0 mark.kt-highlight, .wp-block-kadence-advancedheading.kt-adv-heading18449_4ae44c-b0[data-kb-block=\"kb-adv-heading18449_4ae44c-b0\"] mark.kt-highlight{border-bottom:2px solid #abb8c3;}}<\/style>\n<h1 class=\"kt-adv-heading18449_4ae44c-b0 wp-block-kadence-advancedheading\" data-kb-block=\"kb-adv-heading18449_4ae44c-b0\">Le Palais id\u00e9al des ego \u00e9tranges<\/h1>\n\n\n<style>.wp-block-kadence-advancedheading.kt-adv-heading18449_a0222c-e7, .wp-block-kadence-advancedheading.kt-adv-heading18449_a0222c-e7[data-kb-block=\"kb-adv-heading18449_a0222c-e7\"]{margin-bottom:var(--global-kb-spacing-md, 2rem);text-align:center;font-style:normal;}.wp-block-kadence-advancedheading.kt-adv-heading18449_a0222c-e7 mark.kt-highlight, .wp-block-kadence-advancedheading.kt-adv-heading18449_a0222c-e7[data-kb-block=\"kb-adv-heading18449_a0222c-e7\"] mark.kt-highlight{font-style:normal;color:#f76a0c;-webkit-box-decoration-break:clone;box-decoration-break:clone;padding-top:0px;padding-right:0px;padding-bottom:0px;padding-left:0px;}.wp-block-kadence-advancedheading.kt-adv-heading18449_a0222c-e7 img.kb-inline-image, .wp-block-kadence-advancedheading.kt-adv-heading18449_a0222c-e7[data-kb-block=\"kb-adv-heading18449_a0222c-e7\"] img.kb-inline-image{width:150px;vertical-align:baseline;}<\/style>\n<h2 class=\"kt-adv-heading18449_a0222c-e7 wp-block-kadence-advancedheading\" data-kb-block=\"kb-adv-heading18449_a0222c-e7\">Mus\u00e9e de Hauterives<\/h2>\n\n\n<style>.kb-row-layout-id18449_31538d-5a > .kt-row-column-wrap{align-content:start;}:where(.kb-row-layout-id18449_31538d-5a > .kt-row-column-wrap) > .wp-block-kadence-column{justify-content:start;}.kb-row-layout-id18449_31538d-5a > .kt-row-column-wrap{column-gap:var(--global-kb-gap-md, 2rem);row-gap:var(--global-kb-gap-md, 2rem);max-width:var( --global-content-width, 1290px );padding-left:var(--global-content-edge-padding);padding-right:var(--global-content-edge-padding);padding-top:var(--global-kb-spacing-sm, 1.5rem);padding-bottom:var(--global-kb-spacing-sm, 1.5rem);grid-template-columns:minmax(0, 1fr);}.kb-row-layout-id18449_31538d-5a > .kt-row-layout-overlay{opacity:0.30;}@media all and (max-width: 1024px){.kb-row-layout-id18449_31538d-5a > .kt-row-column-wrap{grid-template-columns:minmax(0, 1fr);}}@media all and (max-width: 767px){.kb-row-layout-id18449_31538d-5a > .kt-row-column-wrap{grid-template-columns:minmax(0, 1fr);}}<\/style><div class=\"kb-row-layout-wrap kb-row-layout-id18449_31538d-5a alignnone wp-block-kadence-rowlayout\"><div class=\"kt-row-column-wrap kt-has-1-columns kt-row-layout-equal kt-tab-layout-inherit kt-mobile-layout-row kt-row-valign-top kb-theme-content-width\">\n<style>.kadence-column18449_1b9cce-09 > .kt-inside-inner-col,.kadence-column18449_1b9cce-09 > .kt-inside-inner-col:before{border-top-left-radius:0px;border-top-right-radius:0px;border-bottom-right-radius:0px;border-bottom-left-radius:0px;}.kadence-column18449_1b9cce-09 > .kt-inside-inner-col{column-gap:var(--global-kb-gap-sm, 1rem);}.kadence-column18449_1b9cce-09 > .kt-inside-inner-col{flex-direction:column;}.kadence-column18449_1b9cce-09 > .kt-inside-inner-col > .aligncenter{width:100%;}.kadence-column18449_1b9cce-09 > .kt-inside-inner-col:before{opacity:0.3;}.kadence-column18449_1b9cce-09{position:relative;}@media all and (max-width: 1024px){.kadence-column18449_1b9cce-09 > .kt-inside-inner-col{flex-direction:column;justify-content:center;}}@media all and (max-width: 767px){.kadence-column18449_1b9cce-09 > .kt-inside-inner-col{flex-direction:column;justify-content:center;}}<\/style>\n<div class=\"wp-block-kadence-column kadence-column18449_1b9cce-09\"><div class=\"kt-inside-inner-col\"><style>.wp-block-kadence-advancedheading.kt-adv-heading18449_f2c56f-e7, .wp-block-kadence-advancedheading.kt-adv-heading18449_f2c56f-e7[data-kb-block=\"kb-adv-heading18449_f2c56f-e7\"]{margin-bottom:var(--global-kb-spacing-md, 2rem);font-style:normal;}.wp-block-kadence-advancedheading.kt-adv-heading18449_f2c56f-e7 mark.kt-highlight, .wp-block-kadence-advancedheading.kt-adv-heading18449_f2c56f-e7[data-kb-block=\"kb-adv-heading18449_f2c56f-e7\"] mark.kt-highlight{font-style:normal;color:#f76a0c;-webkit-box-decoration-break:clone;box-decoration-break:clone;padding-top:0px;padding-right:0px;padding-bottom:0px;padding-left:0px;}.wp-block-kadence-advancedheading.kt-adv-heading18449_f2c56f-e7 img.kb-inline-image, .wp-block-kadence-advancedheading.kt-adv-heading18449_f2c56f-e7[data-kb-block=\"kb-adv-heading18449_f2c56f-e7\"] img.kb-inline-image{width:150px;vertical-align:baseline;}<\/style>\n<p class=\"kt-adv-heading18449_f2c56f-e7 wp-block-kadence-advancedheading\" data-kb-block=\"kb-adv-heading18449_f2c56f-e7\">Ben cr\u00e9e son Palais id\u00e9al des ego \u00e9tranges \u00e0 Hauterives, dans lequel il invite 40 artistes singuliers, cr\u00e9ateurs, peintres, plasticiens, inspir\u00e9s par l\u2019\u00e9tranget\u00e9 et la folie cr\u00e9atrice du Facteur Cheval. Cette confrontation est autant un d\u00e9fi lanc\u00e9 \u00e0 l\u2019imagination qu\u2019\u00e0 la force obstin\u00e9e de la cr\u00e9ation.<br>&nbsp;<br><strong>Palais Id\u00e9al du Facteur Cheval<\/strong><br>8 Rue du Palais Id\u00e9al,<br>26390 Hauterives<br><br><a href=\"https:\/\/www.facteurcheval.com\/programmation\/evenements\/ben\/\" target=\"_blank\" rel=\"noreferrer noopener\">https:\/\/www.facteurcheval.com\/programmation\/evenements\/ben\/<\/a><br><br>Une exposition collective \u00e0 l\u2019initiative de Ben Vautier, avec:<br>Jacques Halbert, Robert Combas, Fred Artlabo, Jo Guichou, Max Horde, L\u00e9a le Bricomte, Charles Dreyfus-Pechkoff, <strong>Franck Sa\u00efssi<\/strong>, Monique Thibaudin, Simon Friot, Alexandra Guillot, Laure Millet, Michel Batlle, Marcel Bataillard, Gerald Panighi, Marc Chevalier, Wim Delvoye, Christian Vialard, Robert ROUX \/ ART, Catherine Jacques Pineau, Gilbert Pedinielli, Philippe Parreno, Fran\u00e7ois Paris, Henri Olivier, Marie Morel, Laure Millet, Jacqueline Matteoda, Jean Mas, H\u00e9l\u00e8ne Maris, Pierre-Alain Mannoni, Jacques Liz\u00e8ne, Arnaud Labelle-Rojoux, Lyonel Kouro, Philippe Jusforgues, Isidore Isou, Jean-Claude Guillaumon, Jean-Baptiste Ganne, Jacqueline Gainon, Gregory Forstner, Kristof Everart, Bruno Duval, Claudie Dadu, Marc Chevalier, Baptiste C\u00e9sar, Cat Tac, Martin Caminiti, Julien Blaine, Beno\u00eet Barbagli, C\u00e9dric Teisseire, Stephane Steiner, Caroline Rivalan, isidore isou, presence panchounette\u2026<br><br><a href=\"https:\/\/www.francetvinfo.fr\/culture\/arts-expos\/peinture\/ben-cree-son-palais-ideal-des-ego-etranges-chez-le-facteur-cheval_3279245.html\" target=\"_blank\" rel=\"noreferrer noopener\">[\u21d2Article de<em> FranceTvInfo<\/em> \u00e0 lire ici]<\/a><\/p>\n\n\n<style>.kb-gallery-id-18449_6e5e23-ab.kb-gallery-ul.kb-gallery-type-fluidcarousel .kt-blocks-carousel figure .kb-gal-image-radius, .kb-gallery-id-18449_6e5e23-ab.kb-gallery-ul.kb-gallery-type-fluidcarousel .kt-blocks-carousel figure .kb-gal-image-radius img{height:450px;}.kb-gallery-id-18449_6e5e23-ab .kadence-blocks-gallery-item .kb-gal-image-radius, .kb-gallery-id-18449_6e5e23-ab .kb-slide-item .kb-gal-image-radius img{border-radius:0px 0px 0px 0px;;}.kb-gallery-wrap-id-18449_6e5e23-ab.wp-block-kadence-advancedgallery{overflow:visible;}.kb-gallery-wrap-id-18449_6e5e23-ab.wp-block-kadence-advancedgallery .kt-blocks-carousel{overflow:visible;max-width:100%;}<\/style><div class=\"kb-gallery-wrap-id-18449_6e5e23-ab alignnone wp-block-kadence-advancedgallery\"><div class=\"kb-gallery-ul kb-gallery-non-static kb-gallery-type-fluidcarousel kb-gallery-id-18449_6e5e23-ab kb-gallery-caption-style-bottom-hover kb-gallery-filter-none\" data-image-filter=\"none\" data-lightbox-caption=\"true\"><div class=\"kt-blocks-carousel splide kt-carousel-container-dotstyle-dark kt-carousel-arrowstyle-whiteondark kt-carousel-dotstyle-dark kb-slider-group-arrow kb-slider-arrow-position-center\" data-slider-anim-speed=\"400\" data-slider-scroll=\"1\" data-slider-arrows=\"true\" data-slider-dots=\"true\" data-slider-hover-pause=\"false\" data-slider-auto=\"\" data-slider-speed=\"7000\" data-slider-type=\"fluidcarousel\" data-slider-center-mode=\"true\" data-slider-gap=\"10px\" data-slider-gap-tablet=\"10px\" data-slider-gap-mobile=\"10px\" data-show-pause-button=\"false\"><div class=\"splide__track\"><ul class=\"kt-blocks-carousel-init kb-blocks-fluid-carousel splide__list\"><li class=\"kb-slide-item kb-gallery-carousel-item splide__slide\"><div class=\"kadence-blocks-gallery-item\"><div class=\"kadence-blocks-gallery-item-inner\"><figure class=\"kb-gallery-figure kadence-blocks-gallery-item-hide-caption\"><div class=\"kb-gal-image-radius\"><div class=\"kb-gallery-image-contain\" ><img loading=\"lazy\" decoding=\"async\" src=\"https:\/\/www.francksaissi.com\/wp-content\/uploads\/2016\/04\/museehauterive.jpg\" width=\"782\" height=\"586\" alt=\"vue de l&#039;exposition le palais des \u00e9gos \u00e9tranges au Mus\u00e9e de Hauterives, site de Franck Sa\u00efssi\" data-full-image=\"https:\/\/www.francksaissi.com\/wp-content\/uploads\/2016\/04\/museehauterive.jpg\" data-light-image=\"https:\/\/www.francksaissi.com\/wp-content\/uploads\/2016\/04\/museehauterive.jpg\" data-id=\"6229\" class=\"wp-image-6229 skip-lazy\" srcset=\"https:\/\/www.francksaissi.com\/wp-content\/uploads\/2016\/04\/museehauterive.jpg 782w, https:\/\/www.francksaissi.com\/wp-content\/uploads\/2016\/04\/museehauterive-750x562.jpg 750w, https:\/\/www.francksaissi.com\/wp-content\/uploads\/2016\/04\/museehauterive-600x450.jpg 600w, https:\/\/www.francksaissi.com\/wp-content\/uploads\/2016\/04\/museehauterive-768x576.jpg 768w\" sizes=\"auto, (max-width: 782px) 100vw, 782px\" \/><\/div><\/div><\/figure><\/div><\/div><\/li><li class=\"kb-slide-item kb-gallery-carousel-item splide__slide\"><div class=\"kadence-blocks-gallery-item\"><div class=\"kadence-blocks-gallery-item-inner\"><figure class=\"kb-gallery-figure kadence-blocks-gallery-item-hide-caption\"><div class=\"kb-gal-image-radius\"><div class=\"kb-gallery-image-contain\" ><img loading=\"lazy\" decoding=\"async\" src=\"https:\/\/www.francksaissi.com\/wp-content\/uploads\/2016\/04\/facademuseehauterives.jpg\" width=\"782\" height=\"586\" alt=\"Exposition le palais id\u00e9al des \u00e9gos \u00e9tranges\" data-full-image=\"https:\/\/www.francksaissi.com\/wp-content\/uploads\/2016\/04\/facademuseehauterives.jpg\" data-light-image=\"https:\/\/www.francksaissi.com\/wp-content\/uploads\/2016\/04\/facademuseehauterives.jpg\" data-id=\"6226\" class=\"wp-image-6226 skip-lazy\" srcset=\"https:\/\/www.francksaissi.com\/wp-content\/uploads\/2016\/04\/facademuseehauterives.jpg 782w, https:\/\/www.francksaissi.com\/wp-content\/uploads\/2016\/04\/facademuseehauterives-750x562.jpg 750w, https:\/\/www.francksaissi.com\/wp-content\/uploads\/2016\/04\/facademuseehauterives-600x450.jpg 600w, https:\/\/www.francksaissi.com\/wp-content\/uploads\/2016\/04\/facademuseehauterives-768x576.jpg 768w\" sizes=\"auto, (max-width: 782px) 100vw, 782px\" \/><\/div><\/div><\/figure><\/div><\/div><\/li><li class=\"kb-slide-item kb-gallery-carousel-item splide__slide\"><div class=\"kadence-blocks-gallery-item\"><div class=\"kadence-blocks-gallery-item-inner\"><figure class=\"kb-gallery-figure kadence-blocks-gallery-item-hide-caption\"><div class=\"kb-gal-image-radius\"><div class=\"kb-gallery-image-contain\" ><img loading=\"lazy\" decoding=\"async\" src=\"https:\/\/www.francksaissi.com\/wp-content\/uploads\/2016\/04\/saissimuseehauterive.jpg\" width=\"782\" height=\"586\" alt=\"\" data-full-image=\"https:\/\/www.francksaissi.com\/wp-content\/uploads\/2016\/04\/saissimuseehauterive.jpg\" data-light-image=\"https:\/\/www.francksaissi.com\/wp-content\/uploads\/2016\/04\/saissimuseehauterive.jpg\" data-id=\"6232\" class=\"wp-image-6232 skip-lazy\" srcset=\"https:\/\/www.francksaissi.com\/wp-content\/uploads\/2016\/04\/saissimuseehauterive.jpg 782w, https:\/\/www.francksaissi.com\/wp-content\/uploads\/2016\/04\/saissimuseehauterive-750x562.jpg 750w, https:\/\/www.francksaissi.com\/wp-content\/uploads\/2016\/04\/saissimuseehauterive-600x450.jpg 600w, https:\/\/www.francksaissi.com\/wp-content\/uploads\/2016\/04\/saissimuseehauterive-768x576.jpg 768w\" sizes=\"auto, (max-width: 782px) 100vw, 782px\" \/><\/div><\/div><\/figure><\/div><\/div><\/li><li class=\"kb-slide-item kb-gallery-carousel-item splide__slide\"><div class=\"kadence-blocks-gallery-item\"><div class=\"kadence-blocks-gallery-item-inner\"><figure class=\"kb-gallery-figure kadence-blocks-gallery-item-hide-caption\"><div class=\"kb-gal-image-radius\"><div class=\"kb-gallery-image-contain\" ><img loading=\"lazy\" decoding=\"async\" src=\"https:\/\/www.francksaissi.com\/wp-content\/uploads\/2016\/04\/saissietdelvoye.jpg\" width=\"782\" height=\"586\" alt=\"Le palais id\u00e9al des ego \u00e9tranges, site de Franck Sa\u00efssi\" data-full-image=\"https:\/\/www.francksaissi.com\/wp-content\/uploads\/2016\/04\/saissietdelvoye.jpg\" data-light-image=\"https:\/\/www.francksaissi.com\/wp-content\/uploads\/2016\/04\/saissietdelvoye.jpg\" data-id=\"6230\" class=\"wp-image-6230 skip-lazy\" srcset=\"https:\/\/www.francksaissi.com\/wp-content\/uploads\/2016\/04\/saissietdelvoye.jpg 782w, https:\/\/www.francksaissi.com\/wp-content\/uploads\/2016\/04\/saissietdelvoye-750x562.jpg 750w, https:\/\/www.francksaissi.com\/wp-content\/uploads\/2016\/04\/saissietdelvoye-600x450.jpg 600w, https:\/\/www.francksaissi.com\/wp-content\/uploads\/2016\/04\/saissietdelvoye-768x576.jpg 768w\" sizes=\"auto, (max-width: 782px) 100vw, 782px\" \/><\/div><\/div><\/figure><\/div><\/div><\/li><li class=\"kb-slide-item kb-gallery-carousel-item splide__slide\"><div class=\"kadence-blocks-gallery-item\"><div class=\"kadence-blocks-gallery-item-inner\"><figure class=\"kb-gallery-figure kadence-blocks-gallery-item-hide-caption\"><div class=\"kb-gal-image-radius\"><div class=\"kb-gallery-image-contain\" ><img loading=\"lazy\" decoding=\"async\" src=\"https:\/\/www.francksaissi.com\/wp-content\/uploads\/2016\/04\/mobilestjacques.jpg\" width=\"782\" height=\"586\" alt=\"Installation dans l&#039;exposition Le palais id\u00e9al des ego \u00e9tranges\" data-full-image=\"https:\/\/www.francksaissi.com\/wp-content\/uploads\/2016\/04\/mobilestjacques.jpg\" data-light-image=\"https:\/\/www.francksaissi.com\/wp-content\/uploads\/2016\/04\/mobilestjacques.jpg\" data-id=\"6228\" class=\"wp-image-6228 skip-lazy\" srcset=\"https:\/\/www.francksaissi.com\/wp-content\/uploads\/2016\/04\/mobilestjacques.jpg 782w, https:\/\/www.francksaissi.com\/wp-content\/uploads\/2016\/04\/mobilestjacques-750x562.jpg 750w, https:\/\/www.francksaissi.com\/wp-content\/uploads\/2016\/04\/mobilestjacques-600x450.jpg 600w, https:\/\/www.francksaissi.com\/wp-content\/uploads\/2016\/04\/mobilestjacques-768x576.jpg 768w\" sizes=\"auto, (max-width: 782px) 100vw, 782px\" \/><\/div><\/div><\/figure><\/div><\/div><\/li><li class=\"kb-slide-item kb-gallery-carousel-item splide__slide\"><div class=\"kadence-blocks-gallery-item\"><div class=\"kadence-blocks-gallery-item-inner\"><figure class=\"kb-gallery-figure kadence-blocks-gallery-item-hide-caption\"><div class=\"kb-gal-image-radius\"><div class=\"kb-gallery-image-contain\" ><img loading=\"lazy\" decoding=\"async\" src=\"https:\/\/www.francksaissi.com\/wp-content\/uploads\/2016\/04\/citationpicasso.jpg\" width=\"762\" height=\"542\" alt=\"Attaquer et se d\u00e9fendre...\" data-full-image=\"https:\/\/www.francksaissi.com\/wp-content\/uploads\/2016\/04\/citationpicasso.jpg\" data-light-image=\"https:\/\/www.francksaissi.com\/wp-content\/uploads\/2016\/04\/citationpicasso.jpg\" data-id=\"6225\" class=\"wp-image-6225 skip-lazy\" srcset=\"https:\/\/www.francksaissi.com\/wp-content\/uploads\/2016\/04\/citationpicasso.jpg 762w, https:\/\/www.francksaissi.com\/wp-content\/uploads\/2016\/04\/citationpicasso-750x533.jpg 750w, https:\/\/www.francksaissi.com\/wp-content\/uploads\/2016\/04\/citationpicasso-600x427.jpg 600w\" sizes=\"auto, (max-width: 762px) 100vw, 762px\" \/><\/div><\/div><\/figure><\/div><\/div><\/li><\/ul><\/div><\/div><\/div><\/div><\/div><\/div>\n\n<\/div><\/div>\n\n\n","protected":false},"excerpt":{"rendered":"<p>Le Palais id\u00e9al des ego \u00e9tranges Mus\u00e9e de Hauterives Ben cr\u00e9e son Palais id\u00e9al des ego \u00e9tranges \u00e0 Hauterives, dans lequel il invite 40 artistes singuliers, cr\u00e9ateurs, peintres, plasticiens, inspir\u00e9s par l\u2019\u00e9tranget\u00e9 et la folie cr\u00e9atrice du Facteur Cheval. Cette confrontation est autant un d\u00e9fi lanc\u00e9 \u00e0 l\u2019imagination qu\u2019\u00e0 la force obstin\u00e9e de la cr\u00e9ation.&nbsp;Palais&#8230;<\/p>","protected":false},"author":34,"featured_media":6232,"parent":18226,"menu_order":9,"comment_status":"closed","ping_status":"closed","template":"","meta":{"_acf_changed":false,"_kad_post_transparent":"","_kad_post_title":"","_kad_post_layout":"","_kad_post_sidebar_id":"","_kad_post_content_style":"","_kad_post_vertical_padding":"","_kad_post_feature":"","_kad_post_feature_position":"","_kad_post_header":false,"_kad_post_footer":false,"_kad_post_classname":"","iawp_total_views":6,"footnotes":""},"class_list":["post-18449","page","type-page","status-publish","has-post-thumbnail","hentry"],"acf":[],"_links":{"self":[{"href":"https:\/\/www.francksaissi.com\/en\/wp-json\/wp\/v2\/pages\/18449","targetHints":{"allow":["GET"]}}],"collection":[{"href":"https:\/\/www.francksaissi.com\/en\/wp-json\/wp\/v2\/pages"}],"about":[{"href":"https:\/\/www.francksaissi.com\/en\/wp-json\/wp\/v2\/types\/page"}],"author":[{"embeddable":true,"href":"https:\/\/www.francksaissi.com\/en\/wp-json\/wp\/v2\/users\/34"}],"replies":[{"embeddable":true,"href":"https:\/\/www.francksaissi.com\/en\/wp-json\/wp\/v2\/comments?post=18449"}],"version-history":[{"count":3,"href":"https:\/\/www.francksaissi.com\/en\/wp-json\/wp\/v2\/pages\/18449\/revisions"}],"predecessor-version":[{"id":21123,"href":"https:\/\/www.francksaissi.com\/en\/wp-json\/wp\/v2\/pages\/18449\/revisions\/21123"}],"up":[{"embeddable":true,"href":"https:\/\/www.francksaissi.com\/en\/wp-json\/wp\/v2\/pages\/18226"}],"wp:featuredmedia":[{"embeddable":true,"href":"https:\/\/www.francksaissi.com\/en\/wp-json\/wp\/v2\/media\/6232"}],"wp:attachment":[{"href":"https:\/\/www.francksaissi.com\/en\/wp-json\/wp\/v2\/media?parent=18449"}],"curies":[{"name":"wp","href":"https:\/\/api.w.org\/{rel}","templated":true}]}}