{"id":18443,"date":"2025-06-14T21:39:19","date_gmt":"2025-06-14T19:39:19","guid":{"rendered":"https:\/\/www.francksaissi.com\/?page_id=18443"},"modified":"2026-02-26T22:17:18","modified_gmt":"2026-02-26T21:17:18","slug":"la-vie-est-un-film","status":"publish","type":"page","link":"https:\/\/www.francksaissi.com\/en\/expositions\/la-vie-est-un-film\/","title":{"rendered":"La vie est un film"},"content":{"rendered":"<style>.wp-block-kadence-advancedheading.kt-adv-heading18443_62bb77-de, .wp-block-kadence-advancedheading.kt-adv-heading18443_62bb77-de[data-kb-block=\"kb-adv-heading18443_62bb77-de\"]{padding-bottom:25px;text-align:center;font-size:var(--global-kb-font-size-xl, 3rem);font-style:normal;text-transform:none;letter-spacing:1.3px;}.wp-block-kadence-advancedheading.kt-adv-heading18443_62bb77-de mark.kt-highlight, .wp-block-kadence-advancedheading.kt-adv-heading18443_62bb77-de[data-kb-block=\"kb-adv-heading18443_62bb77-de\"] mark.kt-highlight{letter-spacing:1.3px;font-style:normal;color:#f76a0c;border-bottom:2px solid #abb8c3;-webkit-box-decoration-break:clone;box-decoration-break:clone;padding-bottom:30px;}.wp-block-kadence-advancedheading.kt-adv-heading18443_62bb77-de img.kb-inline-image, .wp-block-kadence-advancedheading.kt-adv-heading18443_62bb77-de[data-kb-block=\"kb-adv-heading18443_62bb77-de\"] img.kb-inline-image{width:150px;vertical-align:baseline;}@media all and (max-width: 1024px){.wp-block-kadence-advancedheading.kt-adv-heading18443_62bb77-de mark.kt-highlight, .wp-block-kadence-advancedheading.kt-adv-heading18443_62bb77-de[data-kb-block=\"kb-adv-heading18443_62bb77-de\"] mark.kt-highlight{border-bottom:2px solid #abb8c3;}}@media all and (max-width: 767px){.wp-block-kadence-advancedheading.kt-adv-heading18443_62bb77-de mark.kt-highlight, .wp-block-kadence-advancedheading.kt-adv-heading18443_62bb77-de[data-kb-block=\"kb-adv-heading18443_62bb77-de\"] mark.kt-highlight{border-bottom:2px solid #abb8c3;}}<\/style>\n<h1 class=\"kt-adv-heading18443_62bb77-de wp-block-kadence-advancedheading\" data-kb-block=\"kb-adv-heading18443_62bb77-de\">La vie est un film<\/h1>\n\n\n<style>.wp-block-kadence-advancedheading.kt-adv-heading18443_727361-ff, .wp-block-kadence-advancedheading.kt-adv-heading18443_727361-ff[data-kb-block=\"kb-adv-heading18443_727361-ff\"]{margin-bottom:var(--global-kb-spacing-md, 2rem);text-align:center;font-style:normal;}.wp-block-kadence-advancedheading.kt-adv-heading18443_727361-ff mark.kt-highlight, .wp-block-kadence-advancedheading.kt-adv-heading18443_727361-ff[data-kb-block=\"kb-adv-heading18443_727361-ff\"] mark.kt-highlight{font-style:normal;color:#f76a0c;-webkit-box-decoration-break:clone;box-decoration-break:clone;padding-top:0px;padding-right:0px;padding-bottom:0px;padding-left:0px;}.wp-block-kadence-advancedheading.kt-adv-heading18443_727361-ff img.kb-inline-image, .wp-block-kadence-advancedheading.kt-adv-heading18443_727361-ff[data-kb-block=\"kb-adv-heading18443_727361-ff\"] img.kb-inline-image{width:150px;vertical-align:baseline;}<\/style>\n<h2 class=\"kt-adv-heading18443_727361-ff wp-block-kadence-advancedheading\" data-kb-block=\"kb-adv-heading18443_727361-ff\">Une exposition au 109<\/h2>\n\n\n<style>.kb-row-layout-id18443_4390c4-da > .kt-row-column-wrap{align-content:start;}:where(.kb-row-layout-id18443_4390c4-da > .kt-row-column-wrap) > .wp-block-kadence-column{justify-content:start;}.kb-row-layout-id18443_4390c4-da > .kt-row-column-wrap{column-gap:var(--global-kb-gap-md, 2rem);row-gap:var(--global-kb-gap-md, 2rem);max-width:var( --global-content-width, 1290px );padding-left:var(--global-content-edge-padding);padding-right:var(--global-content-edge-padding);padding-top:var(--global-kb-spacing-sm, 1.5rem);padding-bottom:var(--global-kb-spacing-sm, 1.5rem);grid-template-columns:minmax(0, 1fr);}.kb-row-layout-id18443_4390c4-da > .kt-row-layout-overlay{opacity:0.30;}@media all and (max-width: 1024px){.kb-row-layout-id18443_4390c4-da > .kt-row-column-wrap{grid-template-columns:minmax(0, 1fr);}}@media all and (max-width: 767px){.kb-row-layout-id18443_4390c4-da > .kt-row-column-wrap{grid-template-columns:minmax(0, 1fr);}}<\/style><div class=\"kb-row-layout-wrap kb-row-layout-id18443_4390c4-da alignnone wp-block-kadence-rowlayout\"><div class=\"kt-row-column-wrap kt-has-1-columns kt-row-layout-equal kt-tab-layout-inherit kt-mobile-layout-row kt-row-valign-top kb-theme-content-width\">\n<style>.kadence-column18443_a37b9d-6f > .kt-inside-inner-col,.kadence-column18443_a37b9d-6f > .kt-inside-inner-col:before{border-top-left-radius:0px;border-top-right-radius:0px;border-bottom-right-radius:0px;border-bottom-left-radius:0px;}.kadence-column18443_a37b9d-6f > .kt-inside-inner-col{column-gap:var(--global-kb-gap-sm, 1rem);}.kadence-column18443_a37b9d-6f > .kt-inside-inner-col{flex-direction:column;}.kadence-column18443_a37b9d-6f > .kt-inside-inner-col > .aligncenter{width:100%;}.kadence-column18443_a37b9d-6f > .kt-inside-inner-col:before{opacity:0.3;}.kadence-column18443_a37b9d-6f{position:relative;}@media all and (max-width: 1024px){.kadence-column18443_a37b9d-6f > .kt-inside-inner-col{flex-direction:column;justify-content:center;}}@media all and (max-width: 767px){.kadence-column18443_a37b9d-6f > .kt-inside-inner-col{flex-direction:column;justify-content:center;}}<\/style>\n<div class=\"wp-block-kadence-column kadence-column18443_a37b9d-6f\"><div class=\"kt-inside-inner-col\"><style>.wp-block-kadence-advancedheading.kt-adv-heading18443_9eb0fe-f8, .wp-block-kadence-advancedheading.kt-adv-heading18443_9eb0fe-f8[data-kb-block=\"kb-adv-heading18443_9eb0fe-f8\"]{font-style:normal;text-transform:none;}.wp-block-kadence-advancedheading.kt-adv-heading18443_9eb0fe-f8 mark.kt-highlight, .wp-block-kadence-advancedheading.kt-adv-heading18443_9eb0fe-f8[data-kb-block=\"kb-adv-heading18443_9eb0fe-f8\"] mark.kt-highlight{font-style:normal;color:#f76a0c;-webkit-box-decoration-break:clone;box-decoration-break:clone;padding-top:0px;padding-right:0px;padding-bottom:0px;padding-left:0px;}.wp-block-kadence-advancedheading.kt-adv-heading18443_9eb0fe-f8 img.kb-inline-image, .wp-block-kadence-advancedheading.kt-adv-heading18443_9eb0fe-f8[data-kb-block=\"kb-adv-heading18443_9eb0fe-f8\"] img.kb-inline-image{width:150px;vertical-align:baseline;}<\/style>\n<p class=\"kt-adv-heading18443_9eb0fe-f8 wp-block-kadence-advancedheading\" data-kb-block=\"kb-adv-heading18443_9eb0fe-f8\">Pour c\u00e9l\u00e9brer le centenaire des studios de la Victorine, la ville de Nice programme Nice 2019, L\u2019Odyss\u00e9e du cin\u00e9ma. La Ville de Nice et le collectif d\u2019artistes La Station, avec le soutien d\u2019Eva Vautier, invitent Ben pour une grande exposition d\u2019\u00e9t\u00e9.<br><br><strong>VERNISSAGE le 14 juin 2019 \u00e0 18h33<\/strong> \u00e0 l\u2019occasion de l\u2019inauguration de la 3\u00e8me \u00e9dition d\u2019ECLAIRAGE PUBLIC au 109.<br><br>Plus de 500 \u0153uvres de Ben, retra\u00e7ant 50 ans de cr\u00e9ation, seront install\u00e9es dans la grande halle de plus de 2000 m\u00e8tres carr\u00e9s, qu\u2019il a choisi de partager avec des invit\u00e9s, artistes, amis de longue date ou jeunes cr\u00e9ateurs. <br>Cet espace en perp\u00e9tuel mouvement accueillera production film\u00e9e, \u00e9v\u00e9nements, performances et d\u00e9bats, si chers \u00e0 l\u2019artiste.<br><\/p>\n\n\n<style>.wp-block-kadence-advancedheading.kt-adv-heading18443_1d0e0f-77, .wp-block-kadence-advancedheading.kt-adv-heading18443_1d0e0f-77[data-kb-block=\"kb-adv-heading18443_1d0e0f-77\"]{margin-bottom:var(--global-kb-spacing-lg, 3rem);font-weight:400;font-style:normal;font-family:'JetBrains Mono';}.wp-block-kadence-advancedheading.kt-adv-heading18443_1d0e0f-77 mark.kt-highlight, .wp-block-kadence-advancedheading.kt-adv-heading18443_1d0e0f-77[data-kb-block=\"kb-adv-heading18443_1d0e0f-77\"] mark.kt-highlight{font-style:normal;color:#f76a0c;-webkit-box-decoration-break:clone;box-decoration-break:clone;padding-top:0px;padding-right:0px;padding-bottom:0px;padding-left:0px;}.wp-block-kadence-advancedheading.kt-adv-heading18443_1d0e0f-77 img.kb-inline-image, .wp-block-kadence-advancedheading.kt-adv-heading18443_1d0e0f-77[data-kb-block=\"kb-adv-heading18443_1d0e0f-77\"] img.kb-inline-image{width:150px;vertical-align:baseline;}<\/style>\n<h3 class=\"kt-adv-heading18443_1d0e0f-77 wp-block-kadence-advancedheading\" data-kb-block=\"kb-adv-heading18443_1d0e0f-77\">Liste non exhaustive des artistes invit\u00e9s par Ben<\/h3>\n\n\n<style>.wp-block-kadence-advancedheading.kt-adv-heading18443_fb8f39-8c, .wp-block-kadence-advancedheading.kt-adv-heading18443_fb8f39-8c[data-kb-block=\"kb-adv-heading18443_fb8f39-8c\"]{margin-bottom:var(--global-kb-spacing-xl, 4rem);font-style:normal;}.wp-block-kadence-advancedheading.kt-adv-heading18443_fb8f39-8c mark.kt-highlight, .wp-block-kadence-advancedheading.kt-adv-heading18443_fb8f39-8c[data-kb-block=\"kb-adv-heading18443_fb8f39-8c\"] mark.kt-highlight{font-style:normal;color:#f76a0c;-webkit-box-decoration-break:clone;box-decoration-break:clone;padding-top:0px;padding-right:0px;padding-bottom:0px;padding-left:0px;}.wp-block-kadence-advancedheading.kt-adv-heading18443_fb8f39-8c img.kb-inline-image, .wp-block-kadence-advancedheading.kt-adv-heading18443_fb8f39-8c[data-kb-block=\"kb-adv-heading18443_fb8f39-8c\"] img.kb-inline-image{width:150px;vertical-align:baseline;}<\/style>\n<p class=\"kt-adv-heading18443_fb8f39-8c wp-block-kadence-advancedheading\" data-kb-block=\"kb-adv-heading18443_fb8f39-8c\">Marcel Alocco, H\u00e9lios Azoulay, Christian Balmier, Beno\u00eet Barbagli, Tom Barbagli, Marcel Bataillard, Charles Sebban dit B\u00e9bert, Emmanuel Benichou, Sylvie Boulloud, Sophie Braganti, Frederik Brandi, Anna Byskov, Vincent Calassi, Jean-Marc Calvet, Martin Caminiti, Max Cartier, Catherine Cattaneo, Baptiste C\u00e9sar, Marc Chevalier, Robert Combas, Verana Costa , No\u00ebl Dolla, Louis Doll\u00e9, Jean Dupuy, Kristof Everart, Jacqueline Gainon, Jean-Baptiste Ganne, Olivier Garcin, Jo Guichou, Bruno Guyet Laurie Jacquetty, Lyonel Kouro, Krajewicz et Rowlands, Arnaud Labelle-Rojoux, Thierry Lagalla, Patrick Lanneau, Agn\u00e8s Laurenti, Sandra Lecoq, Natacha Lesueur, Christine Lidon, Jean Mas, Maxime Matray, Florent Mattei, Maurice Maubert, Patrick Moya, Henri Olivier, Yoko Ono, Niv\u00e8se Oscari, G\u00e9rald Panighi, Jean-Luc Parant, Louis Pastorelli, Pascal Pinaud, Michel Rabanelly dit Raba, Caroline Rivalan, Omar Rodriguez Sanmartin, <strong>Franck Sa\u00efssi<\/strong>, Alain Snyers, St\u00e9phane Steiner, William Sweetlove, Monique Thibaudin, Agn\u00e8s Vitani , Anne-Laure Wuillai , Junko Yamasaki\u2026<\/p>\n\n\n<style>.wp-block-kadence-advancedgallery .kb-gallery-type-grid.kb-gallery-id-18443_c37b86-74{margin:-5px;}.kb-gallery-type-grid.kb-gallery-id-18443_c37b86-74 .kadence-blocks-gallery-item{padding:5px;}.kb-gallery-id-18443_c37b86-74 .kadence-blocks-gallery-item .kb-gal-image-radius, .kb-gallery-id-18443_c37b86-74 .kb-slide-item .kb-gal-image-radius img{border-radius:0px 0px 0px 0px;;}<\/style><div class=\"kb-gallery-wrap-id-18443_c37b86-74 alignnone wp-block-kadence-advancedgallery\"><ul class=\"kb-gallery-ul kb-gallery-non-static kb-gallery-type-grid kb-gallery-id-18443_c37b86-74 kb-gallery-caption-style-bottom-hover kb-gallery-filter-none kb-gallery-magnific-init\" data-image-filter=\"none\" data-item-selector=\".kadence-blocks-gallery-item\" data-lightbox-caption=\"true\" data-columns-xxl=\"3\" data-columns-xl=\"3\" data-columns-md=\"3\" data-columns-sm=\"2\" data-columns-xs=\"1\" data-columns-ss=\"1\"><li class=\"kadence-blocks-gallery-item\"><div class=\"kadence-blocks-gallery-item-inner\"><figure class=\"kb-gallery-figure kb-gallery-item-has-link kadence-blocks-gallery-item-hide-caption\"><a href=\"https:\/\/www.francksaissi.com\/wp-content\/uploads\/2019\/08\/la-vie-est-un-film-rouge-.jpg\" data-alt=\"L&#039;affiche de l&#039;Exposition la vie est un film\" class=\"kb-gallery-item-link\"   role=\"button\" aria-haspopup=\"dialog\"><div class=\"kb-gal-image-radius\"><div class=\"kb-gallery-image-contain kadence-blocks-gallery-intrinsic kb-gallery-image-ratio-land32 kb-has-image-ratio-land32\" ><img loading=\"lazy\" decoding=\"async\" src=\"https:\/\/www.francksaissi.com\/wp-content\/uploads\/2019\/08\/la-vie-est-un-film-rouge-.jpg\" width=\"366\" height=\"562\" alt=\"L&#039;affiche de l&#039;Exposition la vie est un film\" data-full-image=\"https:\/\/www.francksaissi.com\/wp-content\/uploads\/2019\/08\/la-vie-est-un-film-rouge-.jpg\" data-light-image=\"https:\/\/www.francksaissi.com\/wp-content\/uploads\/2019\/08\/la-vie-est-un-film-rouge-.jpg\" data-id=\"8358\" class=\"wp-image-8358\" srcset=\"https:\/\/www.francksaissi.com\/wp-content\/uploads\/2019\/08\/la-vie-est-un-film-rouge-.jpg 366w, https:\/\/www.francksaissi.com\/wp-content\/uploads\/2019\/08\/la-vie-est-un-film-rouge--130x200.jpg 130w\" sizes=\"auto, (max-width: 366px) 100vw, 366px\" \/><\/div><\/div><\/a><\/figure><\/div><\/li><li class=\"kadence-blocks-gallery-item\"><div class=\"kadence-blocks-gallery-item-inner\"><figure class=\"kb-gallery-figure kb-gallery-item-has-link kadence-blocks-gallery-item-hide-caption\"><a href=\"https:\/\/www.francksaissi.com\/wp-content\/uploads\/2019\/08\/saissi109w.jpg\" data-alt=\"Le mur de Franck Sa\u00efssi, exposition la vie est un film au 109\" class=\"kb-gallery-item-link\"   role=\"button\" aria-haspopup=\"dialog\"><div class=\"kb-gal-image-radius\"><div class=\"kb-gallery-image-contain kadence-blocks-gallery-intrinsic kb-gallery-image-ratio-land32 kb-has-image-ratio-land32\" ><img loading=\"lazy\" decoding=\"async\" src=\"https:\/\/www.francksaissi.com\/wp-content\/uploads\/2019\/08\/saissi109w-900x1200.jpg\" width=\"750\" height=\"1000\" alt=\"Le mur de Franck Sa\u00efssi, exposition la vie est un film au 109\" data-full-image=\"https:\/\/www.francksaissi.com\/wp-content\/uploads\/2019\/08\/saissi109w.jpg\" data-light-image=\"https:\/\/www.francksaissi.com\/wp-content\/uploads\/2019\/08\/saissi109w.jpg\" data-id=\"8360\" class=\"wp-image-8360\" srcset=\"https:\/\/www.francksaissi.com\/wp-content\/uploads\/2019\/08\/saissi109w-900x1200.jpg 900w, https:\/\/www.francksaissi.com\/wp-content\/uploads\/2019\/08\/saissi109w-1000x1333.jpg 1000w, https:\/\/www.francksaissi.com\/wp-content\/uploads\/2019\/08\/saissi109w-150x200.jpg 150w, https:\/\/www.francksaissi.com\/wp-content\/uploads\/2019\/08\/saissi109w-450x600.jpg 450w, https:\/\/www.francksaissi.com\/wp-content\/uploads\/2019\/08\/saissi109w-768x1024.jpg 768w, https:\/\/www.francksaissi.com\/wp-content\/uploads\/2019\/08\/saissi109w-1120x1493.jpg 1120w, https:\/\/www.francksaissi.com\/wp-content\/uploads\/2019\/08\/saissi109w-640x853.jpg 640w, https:\/\/www.francksaissi.com\/wp-content\/uploads\/2019\/08\/saissi109w.jpg 1125w\" sizes=\"auto, (max-width: 750px) 100vw, 750px\" \/><\/div><\/div><\/a><\/figure><\/div><\/li><li class=\"kadence-blocks-gallery-item\"><div class=\"kadence-blocks-gallery-item-inner\"><figure class=\"kb-gallery-figure kb-gallery-item-has-link kadence-blocks-gallery-item-hide-caption\"><a href=\"https:\/\/www.francksaissi.com\/wp-content\/uploads\/2019\/08\/109w.jpg\" data-alt=\"Vue de l&#039;exposition La vie est un film au 109, site de Franck Sa\u00efssi\" class=\"kb-gallery-item-link\"   role=\"button\" aria-haspopup=\"dialog\"><div class=\"kb-gal-image-radius\"><div class=\"kb-gallery-image-contain kadence-blocks-gallery-intrinsic kb-gallery-image-ratio-land32 kb-has-image-ratio-land32\" ><img loading=\"lazy\" decoding=\"async\" src=\"https:\/\/www.francksaissi.com\/wp-content\/uploads\/2019\/08\/109w-1200x900.jpg\" width=\"1000\" height=\"750\" alt=\"Vue de l&#039;exposition La vie est un film au 109, site de Franck Sa\u00efssi\" data-full-image=\"https:\/\/www.francksaissi.com\/wp-content\/uploads\/2019\/08\/109w.jpg\" data-light-image=\"https:\/\/www.francksaissi.com\/wp-content\/uploads\/2019\/08\/109w.jpg\" data-id=\"8361\" class=\"wp-image-8361\" srcset=\"https:\/\/www.francksaissi.com\/wp-content\/uploads\/2019\/08\/109w-1200x900.jpg 1200w, https:\/\/www.francksaissi.com\/wp-content\/uploads\/2019\/08\/109w-1000x750.jpg 1000w, https:\/\/www.francksaissi.com\/wp-content\/uploads\/2019\/08\/109w-200x150.jpg 200w, https:\/\/www.francksaissi.com\/wp-content\/uploads\/2019\/08\/109w-600x450.jpg 600w, https:\/\/www.francksaissi.com\/wp-content\/uploads\/2019\/08\/109w-768x576.jpg 768w, https:\/\/www.francksaissi.com\/wp-content\/uploads\/2019\/08\/109w-1120x840.jpg 1120w, https:\/\/www.francksaissi.com\/wp-content\/uploads\/2019\/08\/109w-640x480.jpg 640w, https:\/\/www.francksaissi.com\/wp-content\/uploads\/2019\/08\/109w.jpg 1500w\" sizes=\"auto, (max-width: 1000px) 100vw, 1000px\" \/><\/div><\/div><\/a><\/figure><\/div><\/li><\/ul><\/div><\/div><\/div>\n\n<\/div><\/div>\n\n\n","protected":false},"excerpt":{"rendered":"<p>La vie est un film Une exposition au 109 Pour c\u00e9l\u00e9brer le centenaire des studios de la Victorine, la ville de Nice programme Nice 2019, L\u2019Odyss\u00e9e du cin\u00e9ma. La Ville de Nice et le collectif d\u2019artistes La Station, avec le soutien d\u2019Eva Vautier, invitent Ben pour une grande exposition d\u2019\u00e9t\u00e9. VERNISSAGE le 14 juin 2019&#8230;<\/p>","protected":false},"author":34,"featured_media":8361,"parent":18226,"menu_order":13,"comment_status":"closed","ping_status":"closed","template":"","meta":{"_acf_changed":false,"_kad_post_transparent":"","_kad_post_title":"","_kad_post_layout":"","_kad_post_sidebar_id":"","_kad_post_content_style":"","_kad_post_vertical_padding":"","_kad_post_feature":"","_kad_post_feature_position":"","_kad_post_header":false,"_kad_post_footer":false,"_kad_post_classname":"","iawp_total_views":19,"footnotes":""},"class_list":["post-18443","page","type-page","status-publish","has-post-thumbnail","hentry"],"acf":[],"_links":{"self":[{"href":"https:\/\/www.francksaissi.com\/en\/wp-json\/wp\/v2\/pages\/18443","targetHints":{"allow":["GET"]}}],"collection":[{"href":"https:\/\/www.francksaissi.com\/en\/wp-json\/wp\/v2\/pages"}],"about":[{"href":"https:\/\/www.francksaissi.com\/en\/wp-json\/wp\/v2\/types\/page"}],"author":[{"embeddable":true,"href":"https:\/\/www.francksaissi.com\/en\/wp-json\/wp\/v2\/users\/34"}],"replies":[{"embeddable":true,"href":"https:\/\/www.francksaissi.com\/en\/wp-json\/wp\/v2\/comments?post=18443"}],"version-history":[{"count":4,"href":"https:\/\/www.francksaissi.com\/en\/wp-json\/wp\/v2\/pages\/18443\/revisions"}],"predecessor-version":[{"id":22872,"href":"https:\/\/www.francksaissi.com\/en\/wp-json\/wp\/v2\/pages\/18443\/revisions\/22872"}],"up":[{"embeddable":true,"href":"https:\/\/www.francksaissi.com\/en\/wp-json\/wp\/v2\/pages\/18226"}],"wp:featuredmedia":[{"embeddable":true,"href":"https:\/\/www.francksaissi.com\/en\/wp-json\/wp\/v2\/media\/8361"}],"wp:attachment":[{"href":"https:\/\/www.francksaissi.com\/en\/wp-json\/wp\/v2\/media?parent=18443"}],"curies":[{"name":"wp","href":"https:\/\/api.w.org\/{rel}","templated":true}]}}