{"id":18431,"date":"2025-06-14T20:53:04","date_gmt":"2025-06-14T18:53:04","guid":{"rendered":"https:\/\/www.francksaissi.com\/?page_id=18431"},"modified":"2026-02-05T17:27:41","modified_gmt":"2026-02-05T16:27:41","slug":"mon-artiste-et-moi","status":"publish","type":"page","link":"https:\/\/www.francksaissi.com\/en\/expositions\/mon-artiste-et-moi\/","title":{"rendered":"Mon artiste et moi"},"content":{"rendered":"<style>.wp-block-kadence-advancedheading.kt-adv-heading18431_4c9711-09, .wp-block-kadence-advancedheading.kt-adv-heading18431_4c9711-09[data-kb-block=\"kb-adv-heading18431_4c9711-09\"]{padding-bottom:25px;text-align:center;font-size:var(--global-kb-font-size-xl, 3rem);font-style:normal;text-transform:none;letter-spacing:1.3px;}.wp-block-kadence-advancedheading.kt-adv-heading18431_4c9711-09 mark.kt-highlight, .wp-block-kadence-advancedheading.kt-adv-heading18431_4c9711-09[data-kb-block=\"kb-adv-heading18431_4c9711-09\"] mark.kt-highlight{letter-spacing:1.3px;font-style:normal;color:#f76a0c;border-bottom:2px solid #abb8c3;-webkit-box-decoration-break:clone;box-decoration-break:clone;padding-bottom:30px;}.wp-block-kadence-advancedheading.kt-adv-heading18431_4c9711-09 img.kb-inline-image, .wp-block-kadence-advancedheading.kt-adv-heading18431_4c9711-09[data-kb-block=\"kb-adv-heading18431_4c9711-09\"] img.kb-inline-image{width:150px;vertical-align:baseline;}@media all and (max-width: 1024px){.wp-block-kadence-advancedheading.kt-adv-heading18431_4c9711-09 mark.kt-highlight, .wp-block-kadence-advancedheading.kt-adv-heading18431_4c9711-09[data-kb-block=\"kb-adv-heading18431_4c9711-09\"] mark.kt-highlight{border-bottom:2px solid #abb8c3;}}@media all and (max-width: 767px){.wp-block-kadence-advancedheading.kt-adv-heading18431_4c9711-09 mark.kt-highlight, .wp-block-kadence-advancedheading.kt-adv-heading18431_4c9711-09[data-kb-block=\"kb-adv-heading18431_4c9711-09\"] mark.kt-highlight{border-bottom:2px solid #abb8c3;}}<\/style>\n<h1 class=\"kt-adv-heading18431_4c9711-09 wp-block-kadence-advancedheading\" data-kb-block=\"kb-adv-heading18431_4c9711-09\">Mon artiste et moi<\/h1>\n\n\n<style>.wp-block-kadence-advancedheading.kt-adv-heading18431_934e18-e6, .wp-block-kadence-advancedheading.kt-adv-heading18431_934e18-e6[data-kb-block=\"kb-adv-heading18431_934e18-e6\"]{margin-bottom:var(--global-kb-spacing-md, 2rem);text-align:center;font-style:normal;}.wp-block-kadence-advancedheading.kt-adv-heading18431_934e18-e6 mark.kt-highlight, .wp-block-kadence-advancedheading.kt-adv-heading18431_934e18-e6[data-kb-block=\"kb-adv-heading18431_934e18-e6\"] mark.kt-highlight{font-style:normal;color:#f76a0c;-webkit-box-decoration-break:clone;box-decoration-break:clone;padding-top:0px;padding-right:0px;padding-bottom:0px;padding-left:0px;}.wp-block-kadence-advancedheading.kt-adv-heading18431_934e18-e6 img.kb-inline-image, .wp-block-kadence-advancedheading.kt-adv-heading18431_934e18-e6[data-kb-block=\"kb-adv-heading18431_934e18-e6\"] img.kb-inline-image{width:150px;vertical-align:baseline;}<\/style>\n<h2 class=\"kt-adv-heading18431_934e18-e6 wp-block-kadence-advancedheading\" data-kb-block=\"kb-adv-heading18431_934e18-e6\">Maison Abandonn\u00e9e [Villa Cameline]<\/h2>\n\n\n<style>.kb-row-layout-id18431_2b705b-0d > .kt-row-column-wrap{align-content:start;}:where(.kb-row-layout-id18431_2b705b-0d > .kt-row-column-wrap) > .wp-block-kadence-column{justify-content:start;}.kb-row-layout-id18431_2b705b-0d > .kt-row-column-wrap{column-gap:var(--global-kb-gap-md, 2rem);row-gap:var(--global-kb-gap-md, 2rem);max-width:var( --global-content-width, 1290px );padding-left:var(--global-content-edge-padding);padding-right:var(--global-content-edge-padding);padding-top:var(--global-kb-spacing-sm, 1.5rem);padding-bottom:var(--global-kb-spacing-sm, 1.5rem);grid-template-columns:minmax(0, 1fr);}.kb-row-layout-id18431_2b705b-0d > .kt-row-layout-overlay{opacity:0.30;}@media all and (max-width: 1024px){.kb-row-layout-id18431_2b705b-0d > .kt-row-column-wrap{grid-template-columns:minmax(0, 1fr);}}@media all and (max-width: 767px){.kb-row-layout-id18431_2b705b-0d > .kt-row-column-wrap{grid-template-columns:minmax(0, 1fr);}}<\/style><div class=\"kb-row-layout-wrap kb-row-layout-id18431_2b705b-0d alignnone wp-block-kadence-rowlayout\"><div class=\"kt-row-column-wrap kt-has-1-columns kt-row-layout-equal kt-tab-layout-inherit kt-mobile-layout-row kt-row-valign-top kb-theme-content-width\">\n<style>.kadence-column18431_c659bc-f8 > .kt-inside-inner-col,.kadence-column18431_c659bc-f8 > .kt-inside-inner-col:before{border-top-left-radius:0px;border-top-right-radius:0px;border-bottom-right-radius:0px;border-bottom-left-radius:0px;}.kadence-column18431_c659bc-f8 > .kt-inside-inner-col{column-gap:var(--global-kb-gap-sm, 1rem);}.kadence-column18431_c659bc-f8 > .kt-inside-inner-col{flex-direction:column;}.kadence-column18431_c659bc-f8 > .kt-inside-inner-col > .aligncenter{width:100%;}.kadence-column18431_c659bc-f8 > .kt-inside-inner-col:before{opacity:0.3;}.kadence-column18431_c659bc-f8{position:relative;}@media all and (max-width: 1024px){.kadence-column18431_c659bc-f8 > .kt-inside-inner-col{flex-direction:column;justify-content:center;}}@media all and (max-width: 767px){.kadence-column18431_c659bc-f8 > .kt-inside-inner-col{flex-direction:column;justify-content:center;}}<\/style>\n<div class=\"wp-block-kadence-column kadence-column18431_c659bc-f8\"><div class=\"kt-inside-inner-col\"><style>.wp-block-kadence-advancedheading.kt-adv-heading18431_6575ff-a3, .wp-block-kadence-advancedheading.kt-adv-heading18431_6575ff-a3[data-kb-block=\"kb-adv-heading18431_6575ff-a3\"]{margin-top:var(--global-kb-spacing-xxs, 0.5rem);margin-bottom:var(--global-kb-spacing-lg, 3rem);font-style:normal;text-transform:none;}.wp-block-kadence-advancedheading.kt-adv-heading18431_6575ff-a3 mark.kt-highlight, .wp-block-kadence-advancedheading.kt-adv-heading18431_6575ff-a3[data-kb-block=\"kb-adv-heading18431_6575ff-a3\"] mark.kt-highlight{font-style:normal;color:#f76a0c;-webkit-box-decoration-break:clone;box-decoration-break:clone;padding-top:0px;padding-right:0px;padding-bottom:0px;padding-left:0px;}.wp-block-kadence-advancedheading.kt-adv-heading18431_6575ff-a3 img.kb-inline-image, .wp-block-kadence-advancedheading.kt-adv-heading18431_6575ff-a3[data-kb-block=\"kb-adv-heading18431_6575ff-a3\"] img.kb-inline-image{width:150px;vertical-align:baseline;}<\/style>\n<p class=\"kt-adv-heading18431_6575ff-a3 wp-block-kadence-advancedheading\" data-kb-block=\"kb-adv-heading18431_6575ff-a3\"><strong>Focus sur mon travail pr\u00e9sent\u00e9 dans l&rsquo;une des pi\u00e8ces de la Maison Abandonn\u00e9e [Villa Cam\u00e9line], \u00e0 Nice, dans le cadre de l\u2019exposition-\u00e9v\u00e9nement \u201cMon Artiste et Moi\u201d.<\/strong><br><br><a href=\"https:\/\/www.villacameline.fr\/\" target=\"_blank\" rel=\"noreferrer noopener\">https:\/\/www.villacameline.fr\/<\/a><br><br>Install\u00e9e dans l\u2019atmosph\u00e8re singuli\u00e8re de cette maison charg\u00e9e d\u2019histoire, ma contribution explore plusieurs axes de recherche qui traversent mon travail actuel : les lieux de privation de libert\u00e9, les espaces abandonn\u00e9s, et les imaginaires marins, \u00e9voqu\u00e9s notamment \u00e0 travers plusieurs cartes maritimes et une peinture.<br>L\u2019exposition pr\u00e9sente \u00e9galement un grand dessin au fusain \u2014 r\u00e9interpr\u00e9tation de th\u00e8me classiques oscillant entre r\u00e9alisme minutieux et fragmentation, o\u00f9 l\u2019inachev\u00e9 devient un langage plastique \u00e0 part enti\u00e8re.<br><\/p>\n\n\n<style>.kb-gallery-id-18431_bbb22c-91.kb-gallery-ul.kb-gallery-type-fluidcarousel .kt-blocks-carousel figure .kb-gal-image-radius, .kb-gallery-id-18431_bbb22c-91.kb-gallery-ul.kb-gallery-type-fluidcarousel .kt-blocks-carousel figure .kb-gal-image-radius img{height:450px;}.kb-gallery-id-18431_bbb22c-91 .kadence-blocks-gallery-item .kb-gal-image-radius, .kb-gallery-id-18431_bbb22c-91 .kb-slide-item .kb-gal-image-radius img{border-radius:0px 0px 0px 0px;;}.kb-gallery-wrap-id-18431_bbb22c-91.wp-block-kadence-advancedgallery{overflow:visible;}.kb-gallery-wrap-id-18431_bbb22c-91.wp-block-kadence-advancedgallery .kt-blocks-carousel{overflow:visible;max-width:100%;}<\/style><div class=\"kb-gallery-wrap-id-18431_bbb22c-91 alignnone wp-block-kadence-advancedgallery\"><div class=\"kb-gallery-ul kb-gallery-non-static kb-gallery-type-fluidcarousel kb-gallery-id-18431_bbb22c-91 kb-gallery-caption-style-bottom-hover kb-gallery-filter-none\" data-image-filter=\"none\" data-lightbox-caption=\"true\"><div class=\"kt-blocks-carousel splide kt-carousel-container-dotstyle-dark kt-carousel-arrowstyle-whiteondark kt-carousel-dotstyle-dark kb-slider-group-arrow kb-slider-arrow-position-center\" data-slider-anim-speed=\"400\" data-slider-scroll=\"1\" data-slider-arrows=\"true\" data-slider-dots=\"true\" data-slider-hover-pause=\"false\" data-slider-auto=\"\" data-slider-speed=\"7000\" data-slider-type=\"fluidcarousel\" data-slider-center-mode=\"true\" data-slider-gap=\"10px\" data-slider-gap-tablet=\"10px\" data-slider-gap-mobile=\"10px\" data-show-pause-button=\"false\"><div class=\"splide__track\"><ul class=\"kt-blocks-carousel-init kb-blocks-fluid-carousel splide__list\"><li class=\"kb-slide-item kb-gallery-carousel-item splide__slide\"><div class=\"kadence-blocks-gallery-item\"><div class=\"kadence-blocks-gallery-item-inner\"><figure class=\"kb-gallery-figure kadence-blocks-gallery-item-hide-caption\"><div class=\"kb-gal-image-radius\"><div class=\"kb-gallery-image-contain\" ><img loading=\"lazy\" decoding=\"async\" src=\"https:\/\/www.francksaissi.com\/wp-content\/uploads\/2020\/10\/image-26-10-20-02-31-3.jpeg\" width=\"720\" height=\"960\" alt=\"La maison abandonn\u00e9e\/Villa cam\u00e9line\" data-full-image=\"https:\/\/www.francksaissi.com\/wp-content\/uploads\/2020\/10\/image-26-10-20-02-31-3.jpeg\" data-light-image=\"https:\/\/www.francksaissi.com\/wp-content\/uploads\/2020\/10\/image-26-10-20-02-31-3.jpeg\" data-id=\"8477\" class=\"wp-image-8477 skip-lazy\" srcset=\"https:\/\/www.francksaissi.com\/wp-content\/uploads\/2020\/10\/image-26-10-20-02-31-3.jpeg 720w, https:\/\/www.francksaissi.com\/wp-content\/uploads\/2020\/10\/image-26-10-20-02-31-3-600x800.jpeg 600w, https:\/\/www.francksaissi.com\/wp-content\/uploads\/2020\/10\/image-26-10-20-02-31-3-450x600.jpeg 450w, https:\/\/www.francksaissi.com\/wp-content\/uploads\/2020\/10\/image-26-10-20-02-31-3-150x200.jpeg 150w, https:\/\/www.francksaissi.com\/wp-content\/uploads\/2020\/10\/image-26-10-20-02-31-3-640x853.jpeg 640w\" sizes=\"auto, (max-width: 720px) 100vw, 720px\" \/><\/div><\/div><\/figure><\/div><\/div><\/li><li class=\"kb-slide-item kb-gallery-carousel-item splide__slide\"><div class=\"kadence-blocks-gallery-item\"><div class=\"kadence-blocks-gallery-item-inner\"><figure class=\"kb-gallery-figure kadence-blocks-gallery-item-hide-caption\"><div class=\"kb-gal-image-radius\"><div class=\"kb-gallery-image-contain\" ><img loading=\"lazy\" decoding=\"async\" src=\"https:\/\/www.francksaissi.com\/wp-content\/uploads\/2020\/10\/image-26-10-20-02-311.jpeg\" width=\"720\" height=\"960\" alt=\"Expo villa cam\u00e9line 5\" data-full-image=\"https:\/\/www.francksaissi.com\/wp-content\/uploads\/2020\/10\/image-26-10-20-02-311.jpeg\" data-light-image=\"https:\/\/www.francksaissi.com\/wp-content\/uploads\/2020\/10\/image-26-10-20-02-311.jpeg\" data-id=\"8479\" class=\"wp-image-8479 skip-lazy\" srcset=\"https:\/\/www.francksaissi.com\/wp-content\/uploads\/2020\/10\/image-26-10-20-02-311.jpeg 720w, https:\/\/www.francksaissi.com\/wp-content\/uploads\/2020\/10\/image-26-10-20-02-311-600x800.jpeg 600w, https:\/\/www.francksaissi.com\/wp-content\/uploads\/2020\/10\/image-26-10-20-02-311-450x600.jpeg 450w, https:\/\/www.francksaissi.com\/wp-content\/uploads\/2020\/10\/image-26-10-20-02-311-150x200.jpeg 150w, https:\/\/www.francksaissi.com\/wp-content\/uploads\/2020\/10\/image-26-10-20-02-311-640x853.jpeg 640w\" sizes=\"auto, (max-width: 720px) 100vw, 720px\" \/><\/div><\/div><\/figure><\/div><\/div><\/li><li class=\"kb-slide-item kb-gallery-carousel-item splide__slide\"><div class=\"kadence-blocks-gallery-item\"><div class=\"kadence-blocks-gallery-item-inner\"><figure class=\"kb-gallery-figure kadence-blocks-gallery-item-hide-caption\"><div class=\"kb-gal-image-radius\"><div class=\"kb-gallery-image-contain\" ><img loading=\"lazy\" decoding=\"async\" src=\"https:\/\/www.francksaissi.com\/wp-content\/uploads\/2020\/10\/image-26-10-20-02-31-1.jpeg\" width=\"960\" height=\"720\" alt=\"Expo villa cam\u00e9line 1\" data-full-image=\"https:\/\/www.francksaissi.com\/wp-content\/uploads\/2020\/10\/image-26-10-20-02-31-1.jpeg\" data-light-image=\"https:\/\/www.francksaissi.com\/wp-content\/uploads\/2020\/10\/image-26-10-20-02-31-1.jpeg\" data-id=\"8474\" class=\"wp-image-8474 skip-lazy\" srcset=\"https:\/\/www.francksaissi.com\/wp-content\/uploads\/2020\/10\/image-26-10-20-02-31-1.jpeg 960w, https:\/\/www.francksaissi.com\/wp-content\/uploads\/2020\/10\/image-26-10-20-02-31-1-750x563.jpeg 750w, https:\/\/www.francksaissi.com\/wp-content\/uploads\/2020\/10\/image-26-10-20-02-31-1-600x450.jpeg 600w, https:\/\/www.francksaissi.com\/wp-content\/uploads\/2020\/10\/image-26-10-20-02-31-1-200x150.jpeg 200w, https:\/\/www.francksaissi.com\/wp-content\/uploads\/2020\/10\/image-26-10-20-02-31-1-768x576.jpeg 768w, https:\/\/www.francksaissi.com\/wp-content\/uploads\/2020\/10\/image-26-10-20-02-31-1-640x480.jpeg 640w\" sizes=\"auto, (max-width: 960px) 100vw, 960px\" \/><\/div><\/div><\/figure><\/div><\/div><\/li><li class=\"kb-slide-item kb-gallery-carousel-item splide__slide\"><div class=\"kadence-blocks-gallery-item\"><div class=\"kadence-blocks-gallery-item-inner\"><figure class=\"kb-gallery-figure kadence-blocks-gallery-item-hide-caption\"><div class=\"kb-gal-image-radius\"><div class=\"kb-gallery-image-contain\" ><img loading=\"lazy\" decoding=\"async\" src=\"https:\/\/www.francksaissi.com\/wp-content\/uploads\/2020\/10\/image-26-10-20-02-31-11.jpeg\" width=\"960\" height=\"720\" alt=\"Collective Villa cam\u00e9line\" data-full-image=\"https:\/\/www.francksaissi.com\/wp-content\/uploads\/2020\/10\/image-26-10-20-02-31-11.jpeg\" data-light-image=\"https:\/\/www.francksaissi.com\/wp-content\/uploads\/2020\/10\/image-26-10-20-02-31-11.jpeg\" data-id=\"8475\" class=\"wp-image-8475 skip-lazy\" srcset=\"https:\/\/www.francksaissi.com\/wp-content\/uploads\/2020\/10\/image-26-10-20-02-31-11.jpeg 960w, https:\/\/www.francksaissi.com\/wp-content\/uploads\/2020\/10\/image-26-10-20-02-31-11-750x563.jpeg 750w, https:\/\/www.francksaissi.com\/wp-content\/uploads\/2020\/10\/image-26-10-20-02-31-11-600x450.jpeg 600w, https:\/\/www.francksaissi.com\/wp-content\/uploads\/2020\/10\/image-26-10-20-02-31-11-200x150.jpeg 200w, https:\/\/www.francksaissi.com\/wp-content\/uploads\/2020\/10\/image-26-10-20-02-31-11-768x576.jpeg 768w, https:\/\/www.francksaissi.com\/wp-content\/uploads\/2020\/10\/image-26-10-20-02-31-11-640x480.jpeg 640w\" sizes=\"auto, (max-width: 960px) 100vw, 960px\" \/><\/div><\/div><\/figure><\/div><\/div><\/li><\/ul><\/div><\/div><\/div><\/div><\/div><\/div>\n\n<\/div><\/div>\n\n\n","protected":false},"excerpt":{"rendered":"<p>Mon artiste et moi Maison Abandonn\u00e9e [Villa Cameline] Focus sur mon travail pr\u00e9sent\u00e9 dans l&rsquo;une des pi\u00e8ces de la Maison Abandonn\u00e9e [Villa Cam\u00e9line], \u00e0 Nice, dans le cadre de l\u2019exposition-\u00e9v\u00e9nement \u201cMon Artiste et Moi\u201d. https:\/\/www.villacameline.fr\/ Install\u00e9e dans l\u2019atmosph\u00e8re singuli\u00e8re de cette maison charg\u00e9e d\u2019histoire, ma contribution explore plusieurs axes de recherche qui traversent mon travail&#8230;<\/p>\n","protected":false},"author":34,"featured_media":8477,"parent":18226,"menu_order":14,"comment_status":"closed","ping_status":"closed","template":"","meta":{"_acf_changed":false,"_kad_post_transparent":"","_kad_post_title":"","_kad_post_layout":"","_kad_post_sidebar_id":"","_kad_post_content_style":"","_kad_post_vertical_padding":"","_kad_post_feature":"","_kad_post_feature_position":"","_kad_post_header":false,"_kad_post_footer":false,"_kad_post_classname":"","iawp_total_views":4,"footnotes":""},"class_list":["post-18431","page","type-page","status-publish","has-post-thumbnail","hentry"],"acf":[],"_links":{"self":[{"href":"https:\/\/www.francksaissi.com\/en\/wp-json\/wp\/v2\/pages\/18431","targetHints":{"allow":["GET"]}}],"collection":[{"href":"https:\/\/www.francksaissi.com\/en\/wp-json\/wp\/v2\/pages"}],"about":[{"href":"https:\/\/www.francksaissi.com\/en\/wp-json\/wp\/v2\/types\/page"}],"author":[{"embeddable":true,"href":"https:\/\/www.francksaissi.com\/en\/wp-json\/wp\/v2\/users\/34"}],"replies":[{"embeddable":true,"href":"https:\/\/www.francksaissi.com\/en\/wp-json\/wp\/v2\/comments?post=18431"}],"version-history":[{"count":3,"href":"https:\/\/www.francksaissi.com\/en\/wp-json\/wp\/v2\/pages\/18431\/revisions"}],"predecessor-version":[{"id":21880,"href":"https:\/\/www.francksaissi.com\/en\/wp-json\/wp\/v2\/pages\/18431\/revisions\/21880"}],"up":[{"embeddable":true,"href":"https:\/\/www.francksaissi.com\/en\/wp-json\/wp\/v2\/pages\/18226"}],"wp:featuredmedia":[{"embeddable":true,"href":"https:\/\/www.francksaissi.com\/en\/wp-json\/wp\/v2\/media\/8477"}],"wp:attachment":[{"href":"https:\/\/www.francksaissi.com\/en\/wp-json\/wp\/v2\/media?parent=18431"}],"curies":[{"name":"wp","href":"https:\/\/api.w.org\/{rel}","templated":true}]}}