{"id":18423,"date":"2025-06-14T20:27:06","date_gmt":"2025-06-14T18:27:06","guid":{"rendered":"https:\/\/www.francksaissi.com\/?page_id=18423"},"modified":"2026-02-05T17:25:17","modified_gmt":"2026-02-05T16:25:17","slug":"perfect-day-drug-and-art","status":"publish","type":"page","link":"https:\/\/www.francksaissi.com\/en\/expositions\/perfect-day-drug-and-art\/","title":{"rendered":"Perfect Day: Drug and Art"},"content":{"rendered":"<style>.wp-block-kadence-advancedheading.kt-adv-heading18423_871846-7a, .wp-block-kadence-advancedheading.kt-adv-heading18423_871846-7a[data-kb-block=\"kb-adv-heading18423_871846-7a\"]{padding-bottom:25px;text-align:center;font-size:var(--global-kb-font-size-xl, 3rem);font-style:normal;text-transform:none;letter-spacing:1.3px;}.wp-block-kadence-advancedheading.kt-adv-heading18423_871846-7a mark.kt-highlight, .wp-block-kadence-advancedheading.kt-adv-heading18423_871846-7a[data-kb-block=\"kb-adv-heading18423_871846-7a\"] mark.kt-highlight{letter-spacing:1.3px;font-style:normal;color:#f76a0c;border-bottom:2px solid #abb8c3;-webkit-box-decoration-break:clone;box-decoration-break:clone;padding-bottom:30px;}.wp-block-kadence-advancedheading.kt-adv-heading18423_871846-7a img.kb-inline-image, .wp-block-kadence-advancedheading.kt-adv-heading18423_871846-7a[data-kb-block=\"kb-adv-heading18423_871846-7a\"] img.kb-inline-image{width:150px;vertical-align:baseline;}@media all and (max-width: 1024px){.wp-block-kadence-advancedheading.kt-adv-heading18423_871846-7a mark.kt-highlight, .wp-block-kadence-advancedheading.kt-adv-heading18423_871846-7a[data-kb-block=\"kb-adv-heading18423_871846-7a\"] mark.kt-highlight{border-bottom:2px solid #abb8c3;}}@media all and (max-width: 767px){.wp-block-kadence-advancedheading.kt-adv-heading18423_871846-7a mark.kt-highlight, .wp-block-kadence-advancedheading.kt-adv-heading18423_871846-7a[data-kb-block=\"kb-adv-heading18423_871846-7a\"] mark.kt-highlight{border-bottom:2px solid #abb8c3;}}<\/style>\n<h1 class=\"kt-adv-heading18423_871846-7a wp-block-kadence-advancedheading\" data-kb-block=\"kb-adv-heading18423_871846-7a\">Perfect Day: Drugs and Art<\/h1>\n\n\n<style>.wp-block-kadence-advancedheading.kt-adv-heading18423_88ef2c-29, .wp-block-kadence-advancedheading.kt-adv-heading18423_88ef2c-29[data-kb-block=\"kb-adv-heading18423_88ef2c-29\"]{text-align:center;font-style:normal;}.wp-block-kadence-advancedheading.kt-adv-heading18423_88ef2c-29 mark.kt-highlight, .wp-block-kadence-advancedheading.kt-adv-heading18423_88ef2c-29[data-kb-block=\"kb-adv-heading18423_88ef2c-29\"] mark.kt-highlight{font-style:normal;color:#f76a0c;-webkit-box-decoration-break:clone;box-decoration-break:clone;padding-top:0px;padding-right:0px;padding-bottom:0px;padding-left:0px;}.wp-block-kadence-advancedheading.kt-adv-heading18423_88ef2c-29 img.kb-inline-image, .wp-block-kadence-advancedheading.kt-adv-heading18423_88ef2c-29[data-kb-block=\"kb-adv-heading18423_88ef2c-29\"] img.kb-inline-image{width:150px;vertical-align:baseline;}<\/style>\n<h2 class=\"kt-adv-heading18423_88ef2c-29 wp-block-kadence-advancedheading\" data-kb-block=\"kb-adv-heading18423_88ef2c-29\">White Box \u2014 New York<\/h2>\n\n\n<style>.kb-image18423_3b7e09-0c .kb-image-has-overlay:after{opacity:0.3;}<\/style>\n<div class=\"wp-block-kadence-image kb-image18423_3b7e09-0c\"><figure class=\"aligncenter size-full\"><img loading=\"lazy\" decoding=\"async\" width=\"654\" height=\"384\" src=\"https:\/\/www.francksaissi.com\/wp-content\/uploads\/2025\/06\/perfect-day.png\" alt=\"Perfect day, drug and art, collective WhiteBox, site de Franck Sa\u00efssi\" class=\"kb-img wp-image-18424\" srcset=\"https:\/\/www.francksaissi.com\/wp-content\/uploads\/2025\/06\/perfect-day.png 654w, https:\/\/www.francksaissi.com\/wp-content\/uploads\/2025\/06\/perfect-day-600x352.png 600w, https:\/\/www.francksaissi.com\/wp-content\/uploads\/2025\/06\/perfect-day-200x117.png 200w, https:\/\/www.francksaissi.com\/wp-content\/uploads\/2025\/06\/perfect-day-18x12.png 18w\" sizes=\"auto, (max-width: 654px) 100vw, 654px\" \/><\/figure><\/div>\n\n\n<style>.wp-block-kadence-advancedheading.kt-adv-heading18423_5c64d0-cd, .wp-block-kadence-advancedheading.kt-adv-heading18423_5c64d0-cd[data-kb-block=\"kb-adv-heading18423_5c64d0-cd\"]{text-align:center;font-style:normal;}.wp-block-kadence-advancedheading.kt-adv-heading18423_5c64d0-cd mark.kt-highlight, .wp-block-kadence-advancedheading.kt-adv-heading18423_5c64d0-cd[data-kb-block=\"kb-adv-heading18423_5c64d0-cd\"] mark.kt-highlight{font-style:normal;color:#f76a0c;-webkit-box-decoration-break:clone;box-decoration-break:clone;padding-top:0px;padding-right:0px;padding-bottom:0px;padding-left:0px;}.wp-block-kadence-advancedheading.kt-adv-heading18423_5c64d0-cd img.kb-inline-image, .wp-block-kadence-advancedheading.kt-adv-heading18423_5c64d0-cd[data-kb-block=\"kb-adv-heading18423_5c64d0-cd\"] img.kb-inline-image{width:150px;vertical-align:baseline;}<\/style>\n<p class=\"kt-adv-heading18423_5c64d0-cd wp-block-kadence-advancedheading\" data-kb-block=\"kb-adv-heading18423_5c64d0-cd\"><strong>Opens November 10th, 6-8PM<br>WhiteBox Annex @ ChaShaMa Space for Artists<br>1791 Lexington Avenue<br>Curated by Raul Zamudio and&nbsp;Juan&nbsp;Puntes<\/strong><br><strong>Organized with Kyoko Sato<\/strong><\/p>\n\n\n<style>.kb-row-layout-id18423_ef6331-3d > .kt-row-column-wrap{align-content:start;}:where(.kb-row-layout-id18423_ef6331-3d > .kt-row-column-wrap) > .wp-block-kadence-column{justify-content:start;}.kb-row-layout-id18423_ef6331-3d > .kt-row-column-wrap{column-gap:var(--global-kb-gap-md, 2rem);row-gap:var(--global-kb-gap-md, 2rem);max-width:var( --global-content-width, 1290px );padding-left:var(--global-content-edge-padding);padding-right:var(--global-content-edge-padding);padding-top:var(--global-kb-spacing-sm, 1.5rem);padding-bottom:var(--global-kb-spacing-sm, 1.5rem);grid-template-columns:minmax(0, 1fr);}.kb-row-layout-id18423_ef6331-3d > .kt-row-layout-overlay{opacity:0.30;}@media all and (max-width: 1024px){.kb-row-layout-id18423_ef6331-3d > .kt-row-column-wrap{grid-template-columns:minmax(0, 1fr);}}@media all and (max-width: 767px){.kb-row-layout-id18423_ef6331-3d > .kt-row-column-wrap{grid-template-columns:minmax(0, 1fr);}}<\/style><div class=\"kb-row-layout-wrap kb-row-layout-id18423_ef6331-3d alignnone wp-block-kadence-rowlayout\"><div class=\"kt-row-column-wrap kt-has-1-columns kt-row-layout-equal kt-tab-layout-inherit kt-mobile-layout-row kt-row-valign-top kb-theme-content-width\">\n<style>.kadence-column18423_3bd785-8c > .kt-inside-inner-col,.kadence-column18423_3bd785-8c > .kt-inside-inner-col:before{border-top-left-radius:0px;border-top-right-radius:0px;border-bottom-right-radius:0px;border-bottom-left-radius:0px;}.kadence-column18423_3bd785-8c > .kt-inside-inner-col{column-gap:var(--global-kb-gap-sm, 1rem);}.kadence-column18423_3bd785-8c > .kt-inside-inner-col{flex-direction:column;}.kadence-column18423_3bd785-8c > .kt-inside-inner-col > .aligncenter{width:100%;}.kadence-column18423_3bd785-8c > .kt-inside-inner-col:before{opacity:0.3;}.kadence-column18423_3bd785-8c{position:relative;}@media all and (max-width: 1024px){.kadence-column18423_3bd785-8c > .kt-inside-inner-col{flex-direction:column;justify-content:center;}}@media all and (max-width: 767px){.kadence-column18423_3bd785-8c > .kt-inside-inner-col{flex-direction:column;justify-content:center;}}<\/style>\n<div class=\"wp-block-kadence-column kadence-column18423_3bd785-8c\"><div class=\"kt-inside-inner-col\"><style>.wp-block-kadence-advancedheading.kt-adv-heading18423_c6a267-cc, .wp-block-kadence-advancedheading.kt-adv-heading18423_c6a267-cc[data-kb-block=\"kb-adv-heading18423_c6a267-cc\"]{font-style:normal;}.wp-block-kadence-advancedheading.kt-adv-heading18423_c6a267-cc mark.kt-highlight, .wp-block-kadence-advancedheading.kt-adv-heading18423_c6a267-cc[data-kb-block=\"kb-adv-heading18423_c6a267-cc\"] mark.kt-highlight{font-style:normal;color:#f76a0c;-webkit-box-decoration-break:clone;box-decoration-break:clone;padding-top:0px;padding-right:0px;padding-bottom:0px;padding-left:0px;}.wp-block-kadence-advancedheading.kt-adv-heading18423_c6a267-cc img.kb-inline-image, .wp-block-kadence-advancedheading.kt-adv-heading18423_c6a267-cc[data-kb-block=\"kb-adv-heading18423_c6a267-cc\"] img.kb-inline-image{width:150px;vertical-align:baseline;}<\/style>\n<p class=\"kt-adv-heading18423_c6a267-cc wp-block-kadence-advancedheading\" data-kb-block=\"kb-adv-heading18423_c6a267-cc\">GROUP SHOW in <a href=\"https:\/\/whiteboxnyc.org\/2021\/exhibitions\/perfect-day-drugs-and-art\/\" target=\"_blank\" rel=\"noreferrer noopener\">White Box Harlem<\/a>, New York City<\/p>\n\n\n<style>.wp-block-kadence-advancedheading.kt-adv-heading18423_a28ed3-67, .wp-block-kadence-advancedheading.kt-adv-heading18423_a28ed3-67[data-kb-block=\"kb-adv-heading18423_a28ed3-67\"]{line-height:1.7;font-style:normal;text-transform:none;}.wp-block-kadence-advancedheading.kt-adv-heading18423_a28ed3-67 mark.kt-highlight, .wp-block-kadence-advancedheading.kt-adv-heading18423_a28ed3-67[data-kb-block=\"kb-adv-heading18423_a28ed3-67\"] mark.kt-highlight{font-style:normal;color:#f76a0c;-webkit-box-decoration-break:clone;box-decoration-break:clone;padding-top:0px;padding-right:0px;padding-bottom:0px;padding-left:0px;}.wp-block-kadence-advancedheading.kt-adv-heading18423_a28ed3-67 img.kb-inline-image, .wp-block-kadence-advancedheading.kt-adv-heading18423_a28ed3-67[data-kb-block=\"kb-adv-heading18423_a28ed3-67\"] img.kb-inline-image{width:150px;vertical-align:baseline;}<\/style>\n<p class=\"kt-adv-heading18423_a28ed3-67 wp-block-kadence-advancedheading\" data-kb-block=\"kb-adv-heading18423_a28ed3-67\">Depuis la nuit des temps les enth\u00e9og\u00e8nes \u00e9taient consid\u00e9r\u00e9s comme des sacrements par les chamans, et leur ingestion permettait de communier avec les divinit\u00e9s, les anc\u00eatres d\u00e9funts et les esprits. Aujourd&rsquo;hui, la recherche m\u00e9dicale sur l&rsquo;\u00e9quivalent synth\u00e9tique de la flore et de la faune hallucinog\u00e8nes, notamment de puissants psych\u00e9d\u00e9liques comme le LSD et la MDMA, a ouvert la voie au traitement d&rsquo;une multitude de troubles psychologiques gr\u00e2ce \u00e0 leur administration \u00e0 faible dose, appel\u00e9e microdosage. Parall\u00e8lement, des analg\u00e9siques utilis\u00e9s pendant les interventions chirurgicales et en r\u00e9\u00e9ducation postop\u00e9ratoire ont fait l&rsquo;objet d&rsquo;abus, cr\u00e9ant une d\u00e9pendance \u00e0 grande \u00e9chelle et des surdoses mortelles par dizaines de milliers, ce qui a conduit \u00e0 des poursuites judiciaires contre le principal producteur d&rsquo;opio\u00efdes&nbsp;: Purdue Pharma. Le 21&nbsp;octobre&nbsp;2020, Purdue Pharma a annonc\u00e9 avoir conclu un accord \u00e0 l&rsquo;amiable d&rsquo;une valeur potentielle de 8,3&nbsp;milliards de dollars, reconnaissant avoir \u00ab&nbsp;sciemment et intentionnellement conspir\u00e9 et convenu avec d&rsquo;autres pour aider et encourager&nbsp;\u00bb des m\u00e9decins \u00e0 d\u00e9livrer des m\u00e9dicaments \u00ab&nbsp;sans but m\u00e9dical l\u00e9gitime&nbsp;\u00bb.<br><br>Outre les intentions criminelles de Perdue, la \u00ab&nbsp;guerre contre la drogue&nbsp;\u00bb lanc\u00e9e par Richard Nixon en 1971 a \u00e9t\u00e9 gagn\u00e9e, mais la drogue en est la gagnante. Dans la foul\u00e9e, des universitaires ont propos\u00e9 la d\u00e9p\u00e9nalisation de toutes les drogues, ce qui entra\u00eenerait une baisse de la criminalit\u00e9 et du nombre de sans-abri, de la surpopulation hospitali\u00e8re et carc\u00e9rale, et mettrait en avant une approche humaine de la toxicomanie mondiale, qui a atteint des proportions \u00e9pid\u00e9miques. La l\u00e9galisation du cannabis \u00e0 usage r\u00e9cr\u00e9atif constitue la premi\u00e8re \u00e9tape vers cet objectif et, comme l&rsquo;ont d\u00e9montr\u00e9 certains pays de l&rsquo;Union europ\u00e9enne, la d\u00e9p\u00e9nalisation des drogues a eu des cons\u00e9quences sociales positives, contrairement aux conservateurs qui estiment qu&rsquo;elle engendrerait la consommation de drogue.<br><br>Et puis, bien s\u00fbr, il y a l&rsquo;utilisation des enth\u00e9og\u00e8nes et des drogues \u00e0 des fins esth\u00e9tiques, qui a inspir\u00e9 de nombreuses \u0153uvres d&rsquo;art et de litt\u00e9rature embl\u00e9matiques. Int\u00e9grant toutes ces probl\u00e9matiques \u00e0 son cursus, Perfect Day: Drugs and Art est une exposition collective internationale de peintures, sculptures, \u0153uvres sur papier, photographies, vid\u00e9os et performances, qui explore les contextes sociaux, culturels et politiques des drogues et des substances psychotropes dans les soci\u00e9t\u00e9s humaines, tant historiquement que contemporainement.<br><br>Artistes participants : Abdul Vas | Antonio Caro | \u00c1lvaro Verduzco | Arl\u00e8ne Rush | Sala Avelino | Bill Berry | Bradley \u00c9ros | Chin Chih Yang | Claudia Baez | Daniel Rosenbaum | \u00c9glises sales | Eduardo Gil | Ernesto Restrepo | Eteri Chkadua | <strong>Franck Saissi <\/strong>| gua_s | Isolde Kille | Jaakko Heikkila | Jason M\u00e9na | Javier T\u00e9llez | Jeanette Doyle | Jelena Tomasevic | Jim Costanzo | Jorge Tacla | Julia Justo | Julia San Martin | Kiichiro Adachi | Lorin Roser | Loy Luo | Marni Kotak | Martin Durazo | Max Blagg | Miguel Rodr\u00edguez Sepulveda | Mona Saeed Kamal | Nina Kuo | No\u00ebl Hennelly | Oxana Kovalchuk | Pedro S\u00e1nchez III | Robert Boyd | Sasha \u00c9t\u00e9 | Seonming Ahn | Susana Sulic | Tamiko Kawata | Tana \u014cshima | Th\u00e9r\u00e8se Serrano | Yann L\u00e9to | &amp; Invit\u00e9s sp\u00e9ciaux<br><br><a href=\"https:\/\/vimeo.com\/48169773\" target=\"_blank\" rel=\"noopener\">Aper\u00e7u<\/a> : Max Blagg, \u00ab Smack Yourself Senseless \u00bb 1980<\/p>\n\n\n<style>.kb-row-layout-id18423_031ffa-f5 > .kt-row-column-wrap{align-content:start;}:where(.kb-row-layout-id18423_031ffa-f5 > .kt-row-column-wrap) > .wp-block-kadence-column{justify-content:start;}.kb-row-layout-id18423_031ffa-f5 > .kt-row-column-wrap{column-gap:var(--global-kb-gap-md, 2rem);row-gap:var(--global-kb-gap-md, 2rem);padding-top:var(--global-kb-spacing-sm, 1.5rem);padding-bottom:var(--global-kb-spacing-sm, 1.5rem);grid-template-columns:minmax(0, 1fr);}.kb-row-layout-id18423_031ffa-f5 > .kt-row-layout-overlay{opacity:0.30;}@media all and (max-width: 1024px){.kb-row-layout-id18423_031ffa-f5 > .kt-row-column-wrap{grid-template-columns:minmax(0, 1fr);}}@media all and (max-width: 767px){.kb-row-layout-id18423_031ffa-f5 > .kt-row-column-wrap{grid-template-columns:minmax(0, 1fr);}}<\/style><div class=\"kb-row-layout-wrap kb-row-layout-id18423_031ffa-f5 alignnone wp-block-kadence-rowlayout\"><div class=\"kt-row-column-wrap kt-has-1-columns kt-row-layout-equal kt-tab-layout-inherit kt-mobile-layout-row kt-row-valign-top\">\n<style>.kadence-column18423_b77d93-1e > .kt-inside-inner-col,.kadence-column18423_b77d93-1e > .kt-inside-inner-col:before{border-top-left-radius:0px;border-top-right-radius:0px;border-bottom-right-radius:0px;border-bottom-left-radius:0px;}.kadence-column18423_b77d93-1e > .kt-inside-inner-col{column-gap:var(--global-kb-gap-sm, 1rem);}.kadence-column18423_b77d93-1e > .kt-inside-inner-col{flex-direction:column;}.kadence-column18423_b77d93-1e > .kt-inside-inner-col > .aligncenter{width:100%;}.kadence-column18423_b77d93-1e > .kt-inside-inner-col:before{opacity:0.3;}.kadence-column18423_b77d93-1e{position:relative;}@media all and (max-width: 1024px){.kadence-column18423_b77d93-1e > .kt-inside-inner-col{flex-direction:column;justify-content:center;}}@media all and (max-width: 767px){.kadence-column18423_b77d93-1e > .kt-inside-inner-col{flex-direction:column;justify-content:center;}}<\/style>\n<div class=\"wp-block-kadence-column kadence-column18423_b77d93-1e\"><div class=\"kt-inside-inner-col\"><style>.kb-image18423_241ef1-88 .kb-image-has-overlay:after{opacity:0.3;background-color:#000000;}<\/style>\n<div class=\"wp-block-kadence-image kb-image18423_241ef1-88\"><figure class=\"aligncenter size-thumbnail\"><div class=\"kb-image-has-overlay\"><img loading=\"lazy\" decoding=\"async\" width=\"200\" height=\"147\" src=\"https:\/\/www.francksaissi.com\/wp-content\/uploads\/2025\/05\/chashama-article-200x147.jpg\" alt=\"D\u00e9tail de mon dessin d\u2019Artaud utilis\u00e9 pour illustrer l\u2019article du webzine new-yorkais Chashama sur l\u2019exposition Perfect Day \u00e0 la WhiteBox\" class=\"kb-img wp-image-17536\" srcset=\"https:\/\/www.francksaissi.com\/wp-content\/uploads\/2025\/05\/chashama-article-200x147.jpg 200w, https:\/\/www.francksaissi.com\/wp-content\/uploads\/2025\/05\/chashama-article-1000x733.jpg 1000w, https:\/\/www.francksaissi.com\/wp-content\/uploads\/2025\/05\/chashama-article-600x440.jpg 600w, https:\/\/www.francksaissi.com\/wp-content\/uploads\/2025\/05\/chashama-article-768x563.jpg 768w, https:\/\/www.francksaissi.com\/wp-content\/uploads\/2025\/05\/chashama-article-1536x1125.jpg 1536w, https:\/\/www.francksaissi.com\/wp-content\/uploads\/2025\/05\/chashama-article-16x12.jpg 16w, https:\/\/www.francksaissi.com\/wp-content\/uploads\/2025\/05\/chashama-article.jpg 1600w\" sizes=\"auto, (max-width: 200px) 100vw, 200px\" \/><\/div><\/figure><\/div>\n\n\n<style>.wp-block-kadence-advancedheading.kt-adv-heading18423_320dfb-83, .wp-block-kadence-advancedheading.kt-adv-heading18423_320dfb-83[data-kb-block=\"kb-adv-heading18423_320dfb-83\"]{text-align:center;font-style:normal;}.wp-block-kadence-advancedheading.kt-adv-heading18423_320dfb-83 mark.kt-highlight, .wp-block-kadence-advancedheading.kt-adv-heading18423_320dfb-83[data-kb-block=\"kb-adv-heading18423_320dfb-83\"] mark.kt-highlight{font-style:normal;color:#f76a0c;-webkit-box-decoration-break:clone;box-decoration-break:clone;padding-top:0px;padding-right:0px;padding-bottom:0px;padding-left:0px;}.wp-block-kadence-advancedheading.kt-adv-heading18423_320dfb-83 img.kb-inline-image, .wp-block-kadence-advancedheading.kt-adv-heading18423_320dfb-83[data-kb-block=\"kb-adv-heading18423_320dfb-83\"] img.kb-inline-image{width:150px;vertical-align:baseline;}<\/style>\n<p class=\"kt-adv-heading18423_320dfb-83 wp-block-kadence-advancedheading\" data-kb-block=\"kb-adv-heading18423_320dfb-83\"><strong>Mon dessin d\u2019Artaud dans <em>Perfect Day<\/em>, WhiteBox New York<\/strong><br><em>Chashama <\/em>\u2013 novembre 2022<br><a href=\"https:\/\/chashama.org\/event\/perfect-day\/\" target=\"_blank\" rel=\"noreferrer noopener\">[Lire l\u2019article dans Chashama]<\/a><\/p>\n<\/div><\/div>\n\n<\/div><\/div>\n\n<style>.wp-block-kadence-image.kb-image18423_ba9edb-a3:not(.kb-specificity-added):not(.kb-extra-specificity-added){margin-top:var(--global-kb-spacing-md, 2rem);margin-bottom:var(--global-kb-spacing-md, 2rem);}.kb-image18423_ba9edb-a3 .kb-image-has-overlay:after{opacity:0.3;background-color:#000000;}<\/style>\n<div class=\"wp-block-kadence-image kb-image18423_ba9edb-a3\"><figure class=\"aligncenter size-thumbnail\"><div class=\"kb-image-has-overlay\"><img loading=\"lazy\" decoding=\"async\" width=\"200\" height=\"59\" src=\"https:\/\/www.francksaissi.com\/wp-content\/uploads\/2023\/06\/nycaffairs-200x59.png\" alt=\"Logo NYC Cultural Affairs\" class=\"kb-img wp-image-10888\" srcset=\"https:\/\/www.francksaissi.com\/wp-content\/uploads\/2023\/06\/nycaffairs-200x59.png 200w, https:\/\/www.francksaissi.com\/wp-content\/uploads\/2023\/06\/nycaffairs.png 413w\" sizes=\"auto, (max-width: 200px) 100vw, 200px\" \/><\/div><\/figure><\/div>\n<\/div><\/div>\n\n<\/div><\/div>\n\n\n","protected":false},"excerpt":{"rendered":"<p>Perfect Day: Drugs and Art White Box \u2014 New York Opens November 10th, 6-8PMWhiteBox Annex @ ChaShaMa Space for Artists1791 Lexington AvenueCurated by Raul Zamudio and&nbsp;Juan&nbsp;PuntesOrganized with Kyoko Sato GROUP SHOW in White Box Harlem, New York City Depuis la nuit des temps les enth\u00e9og\u00e8nes \u00e9taient consid\u00e9r\u00e9s comme des sacrements par les chamans, et leur&#8230;<\/p>","protected":false},"author":34,"featured_media":10890,"parent":18226,"menu_order":16,"comment_status":"closed","ping_status":"closed","template":"","meta":{"_acf_changed":false,"_kad_post_transparent":"","_kad_post_title":"","_kad_post_layout":"","_kad_post_sidebar_id":"","_kad_post_content_style":"","_kad_post_vertical_padding":"","_kad_post_feature":"","_kad_post_feature_position":"","_kad_post_header":false,"_kad_post_footer":false,"_kad_post_classname":"","iawp_total_views":17,"footnotes":""},"class_list":["post-18423","page","type-page","status-publish","has-post-thumbnail","hentry"],"acf":[],"_links":{"self":[{"href":"https:\/\/www.francksaissi.com\/en\/wp-json\/wp\/v2\/pages\/18423","targetHints":{"allow":["GET"]}}],"collection":[{"href":"https:\/\/www.francksaissi.com\/en\/wp-json\/wp\/v2\/pages"}],"about":[{"href":"https:\/\/www.francksaissi.com\/en\/wp-json\/wp\/v2\/types\/page"}],"author":[{"embeddable":true,"href":"https:\/\/www.francksaissi.com\/en\/wp-json\/wp\/v2\/users\/34"}],"replies":[{"embeddable":true,"href":"https:\/\/www.francksaissi.com\/en\/wp-json\/wp\/v2\/comments?post=18423"}],"version-history":[{"count":7,"href":"https:\/\/www.francksaissi.com\/en\/wp-json\/wp\/v2\/pages\/18423\/revisions"}],"predecessor-version":[{"id":21877,"href":"https:\/\/www.francksaissi.com\/en\/wp-json\/wp\/v2\/pages\/18423\/revisions\/21877"}],"up":[{"embeddable":true,"href":"https:\/\/www.francksaissi.com\/en\/wp-json\/wp\/v2\/pages\/18226"}],"wp:featuredmedia":[{"embeddable":true,"href":"https:\/\/www.francksaissi.com\/en\/wp-json\/wp\/v2\/media\/10890"}],"wp:attachment":[{"href":"https:\/\/www.francksaissi.com\/en\/wp-json\/wp\/v2\/media?parent=18423"}],"curies":[{"name":"wp","href":"https:\/\/api.w.org\/{rel}","templated":true}]}}