{"id":18387,"date":"2025-06-14T19:01:33","date_gmt":"2025-06-14T17:01:33","guid":{"rendered":"https:\/\/www.francksaissi.com\/?page_id=18387"},"modified":"2026-02-05T17:06:51","modified_gmt":"2026-02-05T16:06:51","slug":"sojourner","status":"publish","type":"page","link":"https:\/\/www.francksaissi.com\/en\/expositions\/sojourner\/","title":{"rendered":"Sojourner"},"content":{"rendered":"<style>.wp-block-kadence-advancedheading.kt-adv-heading18387_a15aad-e1, .wp-block-kadence-advancedheading.kt-adv-heading18387_a15aad-e1[data-kb-block=\"kb-adv-heading18387_a15aad-e1\"]{padding-bottom:25px;text-align:center;font-size:var(--global-kb-font-size-xl, 3rem);font-style:normal;text-transform:none;letter-spacing:1.3px;}.wp-block-kadence-advancedheading.kt-adv-heading18387_a15aad-e1 mark.kt-highlight, .wp-block-kadence-advancedheading.kt-adv-heading18387_a15aad-e1[data-kb-block=\"kb-adv-heading18387_a15aad-e1\"] mark.kt-highlight{letter-spacing:1.3px;font-style:normal;color:#f76a0c;border-bottom:2px solid #abb8c3;-webkit-box-decoration-break:clone;box-decoration-break:clone;padding-bottom:30px;}.wp-block-kadence-advancedheading.kt-adv-heading18387_a15aad-e1 img.kb-inline-image, .wp-block-kadence-advancedheading.kt-adv-heading18387_a15aad-e1[data-kb-block=\"kb-adv-heading18387_a15aad-e1\"] img.kb-inline-image{width:150px;vertical-align:baseline;}@media all and (max-width: 1024px){.wp-block-kadence-advancedheading.kt-adv-heading18387_a15aad-e1 mark.kt-highlight, .wp-block-kadence-advancedheading.kt-adv-heading18387_a15aad-e1[data-kb-block=\"kb-adv-heading18387_a15aad-e1\"] mark.kt-highlight{border-bottom:2px solid #abb8c3;}}@media all and (max-width: 767px){.wp-block-kadence-advancedheading.kt-adv-heading18387_a15aad-e1 mark.kt-highlight, .wp-block-kadence-advancedheading.kt-adv-heading18387_a15aad-e1[data-kb-block=\"kb-adv-heading18387_a15aad-e1\"] mark.kt-highlight{border-bottom:2px solid #abb8c3;}}<\/style>\n<h1 class=\"kt-adv-heading18387_a15aad-e1 wp-block-kadence-advancedheading\" data-kb-block=\"kb-adv-heading18387_a15aad-e1\">Sojourner<\/h1>\n\n\n<style>.wp-block-kadence-advancedheading.kt-adv-heading18387_35edad-8f, .wp-block-kadence-advancedheading.kt-adv-heading18387_35edad-8f[data-kb-block=\"kb-adv-heading18387_35edad-8f\"]{text-align:center;font-style:normal;}.wp-block-kadence-advancedheading.kt-adv-heading18387_35edad-8f mark.kt-highlight, .wp-block-kadence-advancedheading.kt-adv-heading18387_35edad-8f[data-kb-block=\"kb-adv-heading18387_35edad-8f\"] mark.kt-highlight{font-style:normal;color:#f76a0c;-webkit-box-decoration-break:clone;box-decoration-break:clone;padding-top:0px;padding-right:0px;padding-bottom:0px;padding-left:0px;}.wp-block-kadence-advancedheading.kt-adv-heading18387_35edad-8f img.kb-inline-image, .wp-block-kadence-advancedheading.kt-adv-heading18387_35edad-8f[data-kb-block=\"kb-adv-heading18387_35edad-8f\"] img.kb-inline-image{width:150px;vertical-align:baseline;}<\/style>\n<h2 class=\"kt-adv-heading18387_35edad-8f wp-block-kadence-advancedheading\" data-kb-block=\"kb-adv-heading18387_35edad-8f\">Exposition inaugurale \u2013 S\u00e9lection sur appel \u00e0 candidatures<\/h2>\n\n\n<style>.kb-row-layout-id18387_d25ddf-cf > .kt-row-column-wrap{align-content:start;}:where(.kb-row-layout-id18387_d25ddf-cf > .kt-row-column-wrap) > .wp-block-kadence-column{justify-content:start;}.kb-row-layout-id18387_d25ddf-cf > .kt-row-column-wrap{column-gap:var(--global-kb-gap-md, 2rem);row-gap:var(--global-kb-gap-md, 2rem);max-width:var( --global-content-width, 1290px );padding-left:var(--global-content-edge-padding);padding-right:var(--global-content-edge-padding);padding-top:var(--global-kb-spacing-sm, 1.5rem);padding-bottom:var(--global-kb-spacing-sm, 1.5rem);grid-template-columns:minmax(0, 1fr);}.kb-row-layout-id18387_d25ddf-cf > .kt-row-layout-overlay{opacity:0.30;}@media all and (max-width: 1024px){.kb-row-layout-id18387_d25ddf-cf > .kt-row-column-wrap{grid-template-columns:minmax(0, 1fr);}}@media all and (max-width: 767px){.kb-row-layout-id18387_d25ddf-cf > .kt-row-column-wrap{grid-template-columns:minmax(0, 1fr);}}<\/style><div class=\"kb-row-layout-wrap kb-row-layout-id18387_d25ddf-cf alignnone wp-block-kadence-rowlayout\"><div class=\"kt-row-column-wrap kt-has-1-columns kt-row-layout-equal kt-tab-layout-inherit kt-mobile-layout-row kt-row-valign-top kb-theme-content-width\">\n<style>.kadence-column18387_bfb33b-b4 > .kt-inside-inner-col,.kadence-column18387_bfb33b-b4 > .kt-inside-inner-col:before{border-top-left-radius:0px;border-top-right-radius:0px;border-bottom-right-radius:0px;border-bottom-left-radius:0px;}.kadence-column18387_bfb33b-b4 > .kt-inside-inner-col{column-gap:var(--global-kb-gap-sm, 1rem);}.kadence-column18387_bfb33b-b4 > .kt-inside-inner-col{flex-direction:column;}.kadence-column18387_bfb33b-b4 > .kt-inside-inner-col > .aligncenter{width:100%;}.kadence-column18387_bfb33b-b4 > .kt-inside-inner-col:before{opacity:0.3;}.kadence-column18387_bfb33b-b4{position:relative;}@media all and (max-width: 1024px){.kadence-column18387_bfb33b-b4 > .kt-inside-inner-col{flex-direction:column;justify-content:center;}}@media all and (max-width: 767px){.kadence-column18387_bfb33b-b4 > .kt-inside-inner-col{flex-direction:column;justify-content:center;}}<\/style>\n<div class=\"wp-block-kadence-column kadence-column18387_bfb33b-b4\"><div class=\"kt-inside-inner-col\"><style>.kb-row-layout-id18387_6226f0-3b > .kt-row-column-wrap{align-content:start;}:where(.kb-row-layout-id18387_6226f0-3b > .kt-row-column-wrap) > .wp-block-kadence-column{justify-content:start;}.kb-row-layout-id18387_6226f0-3b > .kt-row-column-wrap{column-gap:var(--global-kb-gap-md, 2rem);row-gap:var(--global-kb-gap-md, 2rem);padding-top:var(--global-kb-spacing-sm, 1.5rem);padding-bottom:var(--global-kb-spacing-sm, 1.5rem);grid-template-columns:repeat(2, minmax(0, 1fr));}.kb-row-layout-id18387_6226f0-3b > .kt-row-layout-overlay{opacity:0.30;}@media all and (max-width: 1024px){.kb-row-layout-id18387_6226f0-3b > .kt-row-column-wrap{grid-template-columns:repeat(2, minmax(0, 1fr));}}@media all and (max-width: 767px){.kb-row-layout-id18387_6226f0-3b > .kt-row-column-wrap{grid-template-columns:minmax(0, 1fr);}}<\/style><div class=\"kb-row-layout-wrap kb-row-layout-id18387_6226f0-3b alignnone wp-block-kadence-rowlayout\"><div class=\"kt-row-column-wrap kt-has-2-columns kt-row-layout-equal kt-tab-layout-inherit kt-mobile-layout-row kt-row-valign-top\">\n<style>.kadence-column18387_05e43c-9d > .kt-inside-inner-col,.kadence-column18387_05e43c-9d > .kt-inside-inner-col:before{border-top-left-radius:0px;border-top-right-radius:0px;border-bottom-right-radius:0px;border-bottom-left-radius:0px;}.kadence-column18387_05e43c-9d > .kt-inside-inner-col{column-gap:var(--global-kb-gap-sm, 1rem);}.kadence-column18387_05e43c-9d > .kt-inside-inner-col{flex-direction:column;}.kadence-column18387_05e43c-9d > .kt-inside-inner-col > .aligncenter{width:100%;}.kadence-column18387_05e43c-9d > .kt-inside-inner-col:before{opacity:0.3;}.kadence-column18387_05e43c-9d{position:relative;}@media all and (max-width: 1024px){.kadence-column18387_05e43c-9d > .kt-inside-inner-col{flex-direction:column;justify-content:center;}}@media all and (max-width: 767px){.kadence-column18387_05e43c-9d > .kt-inside-inner-col{flex-direction:column;justify-content:center;}}<\/style>\n<div class=\"wp-block-kadence-column kadence-column18387_05e43c-9d\"><div class=\"kt-inside-inner-col\"><style>.wp-block-kadence-advancedheading.kt-adv-heading18387_45d0b8-fd, .wp-block-kadence-advancedheading.kt-adv-heading18387_45d0b8-fd[data-kb-block=\"kb-adv-heading18387_45d0b8-fd\"]{font-style:normal;}.wp-block-kadence-advancedheading.kt-adv-heading18387_45d0b8-fd mark.kt-highlight, .wp-block-kadence-advancedheading.kt-adv-heading18387_45d0b8-fd[data-kb-block=\"kb-adv-heading18387_45d0b8-fd\"] mark.kt-highlight{font-style:normal;color:#f76a0c;-webkit-box-decoration-break:clone;box-decoration-break:clone;padding-top:0px;padding-right:0px;padding-bottom:0px;padding-left:0px;}.wp-block-kadence-advancedheading.kt-adv-heading18387_45d0b8-fd img.kb-inline-image, .wp-block-kadence-advancedheading.kt-adv-heading18387_45d0b8-fd[data-kb-block=\"kb-adv-heading18387_45d0b8-fd\"] img.kb-inline-image{width:150px;vertical-align:baseline;}<\/style>\n<p class=\"kt-adv-heading18387_45d0b8-fd wp-block-kadence-advancedheading\" data-kb-block=\"kb-adv-heading18387_45d0b8-fd\"><strong>Exposition collective \u00e0 la Sojourner Gallery, New York<\/strong><br><br><strong>Vernissage<\/strong> : jeudi 9 f\u00e9vrier 2023, de 18h \u00e0 21h<br><strong>Exposition<\/strong> : du 9 f\u00e9vrier au 15 mars 2023<br><strong>Adresse<\/strong> : Sojourner Gallery, 446 West 34th Street, 4e \u00e9tage, New York, NY 10001<br><br><strong>Commissariat<\/strong> : <br>Kyoko Sato<br><br><strong>Artistes expos\u00e9s<\/strong>:<br>Andrew Chan, Arlene Rush, Chihiro ITO, China Blue, Chin Chih Yang, Ebenezer Singh, Egon Zippel, <strong>Franck Sa\u00efssi<\/strong>, Isolde Kille, Joseph Ayers, Joseph Fraia, Kate Fauvell, Kenji Kojima, Lilia Ziamou, Lily Kostrzewa, Loy Luo, Max Fujishima, Michele Brody, Nina Sobell, Ola Rondiak, Richard Rothenberg, Sadie Bridger, Seth Ellison, Taiyo Okamoto, Takuya Sugiyama, Tom Judd, Toshiki Hayasaka, William Evertson, Yoyo Xiao, Yuji Hamamura, Yukari Edamitsu, Zhang Lanjun, Zhang Zheyi<br><br><br><strong>SOJOURNER<\/strong> c\u00e9l\u00e8bre l\u2019ouverture d\u2019un nouvel espace d\u2019exposition \u00e0 New York, situ\u00e9 \u00e0 deux pas de Hudson Yards, au 446 West 34th Street. <br>Cette exposition inaugurale, issue d\u2019un appel \u00e0 candidatures international, a \u00e9t\u00e9 con\u00e7ue pour mettre en lumi\u00e8re des artistes du monde entier, r\u00e9unis autour d\u2019un th\u00e8me universel : celui du passage, du d\u00e9placement, de la recherche d\u2019appartenance.<br><em>Sojourner<\/em> (n.m.) \u2013 R\u00e9sident temporaire, voyageur de passage, \u00e9tranger s\u00e9journant quelque temps dans un lieu.<br>\u2014 <em>Dictionnaire Webster<\/em><br><br><\/p>\n<\/div><\/div>\n\n\n<style>.kadence-column18387_ab0a32-99 > .kt-inside-inner-col,.kadence-column18387_ab0a32-99 > .kt-inside-inner-col:before{border-top-left-radius:0px;border-top-right-radius:0px;border-bottom-right-radius:0px;border-bottom-left-radius:0px;}.kadence-column18387_ab0a32-99 > .kt-inside-inner-col{column-gap:var(--global-kb-gap-sm, 1rem);}.kadence-column18387_ab0a32-99 > .kt-inside-inner-col{flex-direction:column;}.kadence-column18387_ab0a32-99 > .kt-inside-inner-col > .aligncenter{width:100%;}.kadence-column18387_ab0a32-99 > .kt-inside-inner-col:before{opacity:0.3;}.kadence-column18387_ab0a32-99{position:relative;}@media all and (max-width: 1024px){.kadence-column18387_ab0a32-99 > .kt-inside-inner-col{flex-direction:column;justify-content:center;}}@media all and (max-width: 767px){.kadence-column18387_ab0a32-99 > .kt-inside-inner-col{flex-direction:column;justify-content:center;}}<\/style>\n<div class=\"wp-block-kadence-column kadence-column18387_ab0a32-99\"><div class=\"kt-inside-inner-col\"><style>.kb-image18387_5e32a4-3a.kb-image-is-ratio-size, .kb-image18387_5e32a4-3a .kb-image-is-ratio-size{max-width:1313px;width:100%;}.wp-block-kadence-column > .kt-inside-inner-col > .kb-image18387_5e32a4-3a.kb-image-is-ratio-size, .wp-block-kadence-column > .kt-inside-inner-col > .kb-image18387_5e32a4-3a .kb-image-is-ratio-size{align-self:unset;}.kb-image18387_5e32a4-3a{max-width:1313px;}.image-is-svg.kb-image18387_5e32a4-3a{-webkit-flex:0 1 100%;flex:0 1 100%;}.image-is-svg.kb-image18387_5e32a4-3a img{width:100%;}.kb-image18387_5e32a4-3a .kb-image-has-overlay:after{opacity:0.3;background-color:#000000;}<\/style>\n<figure class=\"wp-block-kadence-image kb-image18387_5e32a4-3a size-full\"><div class=\"kb-image-has-overlay\"><img loading=\"lazy\" decoding=\"async\" width=\"684\" height=\"900\" src=\"https:\/\/www.francksaissi.com\/wp-content\/uploads\/2023\/02\/Poster_artists.jpeg\" alt=\"Affiche de l'exposition Sojourner, galerie Sojourner New-York, site de Franck Sa\u00efssi\" class=\"kb-img wp-image-8830\" srcset=\"https:\/\/www.francksaissi.com\/wp-content\/uploads\/2023\/02\/Poster_artists.jpeg 684w, https:\/\/www.francksaissi.com\/wp-content\/uploads\/2023\/02\/Poster_artists-600x789.jpeg 600w, https:\/\/www.francksaissi.com\/wp-content\/uploads\/2023\/02\/Poster_artists-456x600.jpeg 456w, https:\/\/www.francksaissi.com\/wp-content\/uploads\/2023\/02\/Poster_artists-152x200.jpeg 152w, https:\/\/www.francksaissi.com\/wp-content\/uploads\/2023\/02\/Poster_artists-640x842.jpeg 640w\" sizes=\"auto, (max-width: 684px) 100vw, 684px\" \/><\/div><\/figure>\n<\/div><\/div>\n\n<\/div><\/div>\n\n<style>.wp-block-kadence-advancedheading.kt-adv-heading18387_0daf29-1e, .wp-block-kadence-advancedheading.kt-adv-heading18387_0daf29-1e[data-kb-block=\"kb-adv-heading18387_0daf29-1e\"]{margin-bottom:var(--global-kb-spacing-md, 2rem);font-style:normal;}.wp-block-kadence-advancedheading.kt-adv-heading18387_0daf29-1e mark.kt-highlight, .wp-block-kadence-advancedheading.kt-adv-heading18387_0daf29-1e[data-kb-block=\"kb-adv-heading18387_0daf29-1e\"] mark.kt-highlight{font-style:normal;color:#f76a0c;-webkit-box-decoration-break:clone;box-decoration-break:clone;padding-top:0px;padding-right:0px;padding-bottom:0px;padding-left:0px;}.wp-block-kadence-advancedheading.kt-adv-heading18387_0daf29-1e img.kb-inline-image, .wp-block-kadence-advancedheading.kt-adv-heading18387_0daf29-1e[data-kb-block=\"kb-adv-heading18387_0daf29-1e\"] img.kb-inline-image{width:150px;vertical-align:baseline;}<\/style>\n<h3 class=\"kt-adv-heading18387_0daf29-1e wp-block-kadence-advancedheading\" data-kb-block=\"kb-adv-heading18387_0daf29-1e\">Art, migration et r\u00e9silience<\/h3>\n\n\n<style>.wp-block-kadence-advancedheading.kt-adv-heading18387_990461-42, .wp-block-kadence-advancedheading.kt-adv-heading18387_990461-42[data-kb-block=\"kb-adv-heading18387_990461-42\"]{font-style:normal;text-transform:none;}.wp-block-kadence-advancedheading.kt-adv-heading18387_990461-42 mark.kt-highlight, .wp-block-kadence-advancedheading.kt-adv-heading18387_990461-42[data-kb-block=\"kb-adv-heading18387_990461-42\"] mark.kt-highlight{font-style:normal;color:#f76a0c;-webkit-box-decoration-break:clone;box-decoration-break:clone;padding-top:0px;padding-right:0px;padding-bottom:0px;padding-left:0px;}.wp-block-kadence-advancedheading.kt-adv-heading18387_990461-42 img.kb-inline-image, .wp-block-kadence-advancedheading.kt-adv-heading18387_990461-42[data-kb-block=\"kb-adv-heading18387_990461-42\"] img.kb-inline-image{width:150px;vertical-align:baseline;}<\/style>\n<p class=\"kt-adv-heading18387_990461-42 wp-block-kadence-advancedheading\" data-kb-block=\"kb-adv-heading18387_990461-42\">L&rsquo;histoire de l\u2019art \u00e0 New York s\u2019est \u00e9crite en grande partie gr\u00e2ce \u00e0 ces artistes venus d\u2019ailleurs : De Kooning, Dali, Duchamp, Mekas, Yoko Ono, Yayoi Ku<br>Ces \u201csojourners\u201d ont fa\u00e7onn\u00e9 un paysage artistique en perp\u00e9tuelle mutation, o\u00f9 la migration devient source d\u2019exploration identitaire et de renouvellement esth\u00e9tique.<br>Inspir\u00e9e par cette histoire, l\u2019exposition interroge les formes contemporaines d\u2019exil, de r\u00e9silience et de cr\u00e9ation : crises sociales, in\u00e9galit\u00e9s, environnement, genre, violence institutionnelle\u2026 Chaque \u0153uvre propose un regard personnel, souvent intime, sur ces th\u00e9matiques.<br>Enfin, l\u2019exposition rend hommage \u00e0 la figure embl\u00e9matique de <strong>Sojourner Truth<\/strong>, militante afro-am\u00e9ricaine du XIXe si\u00e8cle, esclave affranchie devenue voix majeure pour les droits civiques et l\u2019\u00e9galit\u00e9 des genres. <br>Son nom, repris par le premier rover martien de la NASA en 1996, continue de symboliser la qu\u00eate de v\u00e9rit\u00e9, de justice, et l\u2019exploration au-del\u00e0 des fronti\u00e8res.<\/p>\n<\/div><\/div>\n\n<\/div><\/div>\n\n\n","protected":false},"excerpt":{"rendered":"<p>Sojourner Exposition inaugurale \u2013 S\u00e9lection sur appel \u00e0 candidatures Exposition collective \u00e0 la Sojourner Gallery, New York Vernissage : jeudi 9 f\u00e9vrier 2023, de 18h \u00e0 21hExposition : du 9 f\u00e9vrier au 15 mars 2023Adresse : Sojourner Gallery, 446 West 34th Street, 4e \u00e9tage, New York, NY 10001 Commissariat : Kyoko Sato Artistes expos\u00e9s:Andrew Chan,&#8230;<\/p>","protected":false},"author":34,"featured_media":8830,"parent":18226,"menu_order":19,"comment_status":"closed","ping_status":"closed","template":"","meta":{"_acf_changed":false,"_kad_post_transparent":"","_kad_post_title":"","_kad_post_layout":"","_kad_post_sidebar_id":"","_kad_post_content_style":"","_kad_post_vertical_padding":"","_kad_post_feature":"","_kad_post_feature_position":"","_kad_post_header":false,"_kad_post_footer":false,"_kad_post_classname":"","iawp_total_views":6,"footnotes":""},"class_list":["post-18387","page","type-page","status-publish","has-post-thumbnail","hentry"],"acf":[],"_links":{"self":[{"href":"https:\/\/www.francksaissi.com\/en\/wp-json\/wp\/v2\/pages\/18387","targetHints":{"allow":["GET"]}}],"collection":[{"href":"https:\/\/www.francksaissi.com\/en\/wp-json\/wp\/v2\/pages"}],"about":[{"href":"https:\/\/www.francksaissi.com\/en\/wp-json\/wp\/v2\/types\/page"}],"author":[{"embeddable":true,"href":"https:\/\/www.francksaissi.com\/en\/wp-json\/wp\/v2\/users\/34"}],"replies":[{"embeddable":true,"href":"https:\/\/www.francksaissi.com\/en\/wp-json\/wp\/v2\/comments?post=18387"}],"version-history":[{"count":5,"href":"https:\/\/www.francksaissi.com\/en\/wp-json\/wp\/v2\/pages\/18387\/revisions"}],"predecessor-version":[{"id":21871,"href":"https:\/\/www.francksaissi.com\/en\/wp-json\/wp\/v2\/pages\/18387\/revisions\/21871"}],"up":[{"embeddable":true,"href":"https:\/\/www.francksaissi.com\/en\/wp-json\/wp\/v2\/pages\/18226"}],"wp:featuredmedia":[{"embeddable":true,"href":"https:\/\/www.francksaissi.com\/en\/wp-json\/wp\/v2\/media\/8830"}],"wp:attachment":[{"href":"https:\/\/www.francksaissi.com\/en\/wp-json\/wp\/v2\/media?parent=18387"}],"curies":[{"name":"wp","href":"https:\/\/api.w.org\/{rel}","templated":true}]}}