{"id":18370,"date":"2025-06-14T16:43:45","date_gmt":"2025-06-14T14:43:45","guid":{"rendered":"https:\/\/www.francksaissi.com\/?page_id=18370"},"modified":"2026-02-05T17:03:32","modified_gmt":"2026-02-05T16:03:32","slug":"on-est-tous-fous","status":"publish","type":"page","link":"https:\/\/www.francksaissi.com\/en\/expositions\/on-est-tous-fous\/","title":{"rendered":"On est tous fous"},"content":{"rendered":"<style>.wp-block-kadence-advancedheading.kt-adv-heading18370_299371-ae, .wp-block-kadence-advancedheading.kt-adv-heading18370_299371-ae[data-kb-block=\"kb-adv-heading18370_299371-ae\"]{padding-bottom:25px;text-align:center;font-size:var(--global-kb-font-size-xl, 3rem);font-style:normal;text-transform:none;letter-spacing:1.3px;}.wp-block-kadence-advancedheading.kt-adv-heading18370_299371-ae mark.kt-highlight, .wp-block-kadence-advancedheading.kt-adv-heading18370_299371-ae[data-kb-block=\"kb-adv-heading18370_299371-ae\"] mark.kt-highlight{letter-spacing:1.3px;font-style:normal;color:#f76a0c;border-bottom:2px solid #abb8c3;-webkit-box-decoration-break:clone;box-decoration-break:clone;padding-bottom:30px;}.wp-block-kadence-advancedheading.kt-adv-heading18370_299371-ae img.kb-inline-image, .wp-block-kadence-advancedheading.kt-adv-heading18370_299371-ae[data-kb-block=\"kb-adv-heading18370_299371-ae\"] img.kb-inline-image{width:150px;vertical-align:baseline;}@media all and (max-width: 1024px){.wp-block-kadence-advancedheading.kt-adv-heading18370_299371-ae mark.kt-highlight, .wp-block-kadence-advancedheading.kt-adv-heading18370_299371-ae[data-kb-block=\"kb-adv-heading18370_299371-ae\"] mark.kt-highlight{border-bottom:2px solid #abb8c3;}}@media all and (max-width: 767px){.wp-block-kadence-advancedheading.kt-adv-heading18370_299371-ae mark.kt-highlight, .wp-block-kadence-advancedheading.kt-adv-heading18370_299371-ae[data-kb-block=\"kb-adv-heading18370_299371-ae\"] mark.kt-highlight{border-bottom:2px solid #abb8c3;}}<\/style>\n<h1 class=\"kt-adv-heading18370_299371-ae wp-block-kadence-advancedheading\" data-kb-block=\"kb-adv-heading18370_299371-ae\">On est tous fous<\/h1>\n\n\n<style>.kb-row-layout-id18370_1a8219-45 > .kt-row-column-wrap{align-content:start;}:where(.kb-row-layout-id18370_1a8219-45 > .kt-row-column-wrap) > .wp-block-kadence-column{justify-content:start;}.kb-row-layout-id18370_1a8219-45 > .kt-row-column-wrap{column-gap:var(--global-kb-gap-md, 2rem);row-gap:var(--global-kb-gap-md, 2rem);max-width:var( --global-content-width, 1290px );padding-left:var(--global-content-edge-padding);padding-right:var(--global-content-edge-padding);padding-top:var(--global-kb-spacing-sm, 1.5rem);padding-bottom:var(--global-kb-spacing-sm, 1.5rem);grid-template-columns:minmax(0, 1fr);}.kb-row-layout-id18370_1a8219-45 > .kt-row-layout-overlay{opacity:0.30;}@media all and (max-width: 1024px){.kb-row-layout-id18370_1a8219-45 > .kt-row-column-wrap{grid-template-columns:minmax(0, 1fr);}}@media all and (max-width: 767px){.kb-row-layout-id18370_1a8219-45 > .kt-row-column-wrap{grid-template-columns:minmax(0, 1fr);}}<\/style><div class=\"kb-row-layout-wrap kb-row-layout-id18370_1a8219-45 alignnone wp-block-kadence-rowlayout\"><div class=\"kt-row-column-wrap kt-has-1-columns kt-row-layout-equal kt-tab-layout-inherit kt-mobile-layout-row kt-row-valign-top kb-theme-content-width\">\n<style>.kadence-column18370_504d6c-bd > .kt-inside-inner-col,.kadence-column18370_504d6c-bd > .kt-inside-inner-col:before{border-top-left-radius:0px;border-top-right-radius:0px;border-bottom-right-radius:0px;border-bottom-left-radius:0px;}.kadence-column18370_504d6c-bd > .kt-inside-inner-col{column-gap:var(--global-kb-gap-sm, 1rem);}.kadence-column18370_504d6c-bd > .kt-inside-inner-col{flex-direction:column;}.kadence-column18370_504d6c-bd > .kt-inside-inner-col > .aligncenter{width:100%;}.kadence-column18370_504d6c-bd > .kt-inside-inner-col:before{opacity:0.3;}.kadence-column18370_504d6c-bd{position:relative;}@media all and (max-width: 1024px){.kadence-column18370_504d6c-bd > .kt-inside-inner-col{flex-direction:column;justify-content:center;}}@media all and (max-width: 767px){.kadence-column18370_504d6c-bd > .kt-inside-inner-col{flex-direction:column;justify-content:center;}}<\/style>\n<div class=\"wp-block-kadence-column kadence-column18370_504d6c-bd\"><div class=\"kt-inside-inner-col\"><style>.kb-row-layout-id18370_016c38-a7 > .kt-row-column-wrap{align-content:start;}:where(.kb-row-layout-id18370_016c38-a7 > .kt-row-column-wrap) > .wp-block-kadence-column{justify-content:start;}.kb-row-layout-id18370_016c38-a7 > .kt-row-column-wrap{column-gap:var(--global-kb-gap-md, 2rem);row-gap:var(--global-kb-gap-md, 2rem);padding-top:var(--global-kb-spacing-sm, 1.5rem);padding-bottom:var(--global-kb-spacing-sm, 1.5rem);grid-template-columns:repeat(2, minmax(0, 1fr));}.kb-row-layout-id18370_016c38-a7 > .kt-row-layout-overlay{opacity:0.30;}@media all and (max-width: 1024px){.kb-row-layout-id18370_016c38-a7 > .kt-row-column-wrap{grid-template-columns:repeat(2, minmax(0, 1fr));}}@media all and (max-width: 767px){.kb-row-layout-id18370_016c38-a7 > .kt-row-column-wrap{grid-template-columns:minmax(0, 1fr);}}<\/style><div class=\"kb-row-layout-wrap kb-row-layout-id18370_016c38-a7 alignnone wp-block-kadence-rowlayout\"><div class=\"kt-row-column-wrap kt-has-2-columns kt-row-layout-equal kt-tab-layout-inherit kt-mobile-layout-row kt-row-valign-top\">\n<style>.kadence-column18370_65f518-9e > .kt-inside-inner-col,.kadence-column18370_65f518-9e > .kt-inside-inner-col:before{border-top-left-radius:0px;border-top-right-radius:0px;border-bottom-right-radius:0px;border-bottom-left-radius:0px;}.kadence-column18370_65f518-9e > .kt-inside-inner-col{column-gap:var(--global-kb-gap-sm, 1rem);}.kadence-column18370_65f518-9e > .kt-inside-inner-col{flex-direction:column;}.kadence-column18370_65f518-9e > .kt-inside-inner-col > .aligncenter{width:100%;}.kadence-column18370_65f518-9e > .kt-inside-inner-col:before{opacity:0.3;}.kadence-column18370_65f518-9e{position:relative;}@media all and (max-width: 1024px){.kadence-column18370_65f518-9e > .kt-inside-inner-col{flex-direction:column;justify-content:center;}}@media all and (max-width: 767px){.kadence-column18370_65f518-9e > .kt-inside-inner-col{flex-direction:column;justify-content:center;}}<\/style>\n<div class=\"wp-block-kadence-column kadence-column18370_65f518-9e\"><div class=\"kt-inside-inner-col\"><style>.wp-block-kadence-advancedheading.kt-adv-heading18370_6e5026-d9, .wp-block-kadence-advancedheading.kt-adv-heading18370_6e5026-d9[data-kb-block=\"kb-adv-heading18370_6e5026-d9\"]{font-size:var(--global-kb-font-size-md, 1.25rem);font-style:normal;}.wp-block-kadence-advancedheading.kt-adv-heading18370_6e5026-d9 mark.kt-highlight, .wp-block-kadence-advancedheading.kt-adv-heading18370_6e5026-d9[data-kb-block=\"kb-adv-heading18370_6e5026-d9\"] mark.kt-highlight{font-style:normal;color:#f76a0c;-webkit-box-decoration-break:clone;box-decoration-break:clone;padding-top:0px;padding-right:0px;padding-bottom:0px;padding-left:0px;}.wp-block-kadence-advancedheading.kt-adv-heading18370_6e5026-d9 img.kb-inline-image, .wp-block-kadence-advancedheading.kt-adv-heading18370_6e5026-d9[data-kb-block=\"kb-adv-heading18370_6e5026-d9\"] img.kb-inline-image{width:150px;vertical-align:baseline;}<\/style>\n<h3 class=\"kt-adv-heading18370_6e5026-d9 wp-block-kadence-advancedheading\" data-kb-block=\"kb-adv-heading18370_6e5026-d9\">Du 5 mai 2023 au 6 mai 2024<br><br>Mus\u00e9e international d\u2019art na\u00eff Anatole Jakovsky \u2013 Ch\u00e2teau Sainte-H\u00e9l\u00e8ne, Av de Fabron<\/h3>\n\n\n\n<p><br><\/p>\n\n\n<style>.wp-block-kadence-advancedheading.kt-adv-heading18370_f98252-a1, .wp-block-kadence-advancedheading.kt-adv-heading18370_f98252-a1[data-kb-block=\"kb-adv-heading18370_f98252-a1\"]{font-style:normal;text-transform:none;}.wp-block-kadence-advancedheading.kt-adv-heading18370_f98252-a1 mark.kt-highlight, .wp-block-kadence-advancedheading.kt-adv-heading18370_f98252-a1[data-kb-block=\"kb-adv-heading18370_f98252-a1\"] mark.kt-highlight{font-style:normal;color:#f76a0c;-webkit-box-decoration-break:clone;box-decoration-break:clone;padding-top:0px;padding-right:0px;padding-bottom:0px;padding-left:0px;}.wp-block-kadence-advancedheading.kt-adv-heading18370_f98252-a1 img.kb-inline-image, .wp-block-kadence-advancedheading.kt-adv-heading18370_f98252-a1[data-kb-block=\"kb-adv-heading18370_f98252-a1\"] img.kb-inline-image{width:150px;vertical-align:baseline;}<\/style>\n<p class=\"kt-adv-heading18370_f98252-a1 wp-block-kadence-advancedheading\" data-kb-block=\"kb-adv-heading18370_f98252-a1\">Le mus\u00e9e a donn\u00e9 carte blanche \u00e0 Ben qui, pendant une ann\u00e9e, investit plus de 500 m2 du mus\u00e9e habituellement d\u00e9di\u00e9 \u00e0 l\u2019art na\u00eff, brut et singulier avec affection et humour.<br><br><a href=\"https:\/\/www.nice.fr\/fr\/l-agenda\/on-est-tous-fous?type=events\" target=\"_blank\" rel=\"noreferrer noopener\">Voir l\u2019exposition sur le site de la Ville<\/a><br><br>L\u2019exposition \u00ab on est tous fous \u00bb est l\u2019histoire d\u2019une rencontre entre les \u0153uvres de Ben (plus de 200), celles de sa propre collection (plus de 150) et certaines \u0153uvres issues de la collection initiale d\u2019Anatole et Ren\u00e9e Jakovsky. <br>Cette derni\u00e8re a permis la cr\u00e9ation de ce mus\u00e9e en 1982, enrichies de dons, legs, donations et acquisitions portant \u00e0 pr\u00e8s de 3000 items la collection d\u2019aujourd\u2019hui. <br>C\u2019est aussi la rencontre entre Ben et son public. Le public est ainsi invit\u00e9 \u00e0 \u00ab plonger \u00bb dans son univers et m\u00eame \u00e0 participer notamment via une bo\u00eete \u00e0 id\u00e9es.<br><br><br><em>\u00ab Je pars du principe que tout artiste a un grain de folie qu\u2019il aimerait exposer, mais n\u2019ose pas \u00bb.<\/em><br>Ben<\/p>\n<\/div><\/div>\n\n\n<style>.kadence-column18370_e5fc4a-ce > .kt-inside-inner-col,.kadence-column18370_e5fc4a-ce > .kt-inside-inner-col:before{border-top-left-radius:0px;border-top-right-radius:0px;border-bottom-right-radius:0px;border-bottom-left-radius:0px;}.kadence-column18370_e5fc4a-ce > .kt-inside-inner-col{column-gap:var(--global-kb-gap-sm, 1rem);}.kadence-column18370_e5fc4a-ce > .kt-inside-inner-col{flex-direction:column;}.kadence-column18370_e5fc4a-ce > .kt-inside-inner-col > .aligncenter{width:100%;}.kadence-column18370_e5fc4a-ce > .kt-inside-inner-col:before{opacity:0.3;}.kadence-column18370_e5fc4a-ce{position:relative;}@media all and (max-width: 1024px){.kadence-column18370_e5fc4a-ce > .kt-inside-inner-col{flex-direction:column;justify-content:center;}}@media all and (max-width: 767px){.kadence-column18370_e5fc4a-ce > .kt-inside-inner-col{flex-direction:column;justify-content:center;}}<\/style>\n<div class=\"wp-block-kadence-column kadence-column18370_e5fc4a-ce\"><div class=\"kt-inside-inner-col\"><style>.wp-block-kadence-advancedheading.kt-adv-heading18370_329128-b9, .wp-block-kadence-advancedheading.kt-adv-heading18370_329128-b9[data-kb-block=\"kb-adv-heading18370_329128-b9\"]{padding-left:var(--global-kb-spacing-xs, 1rem);text-align:right;font-style:normal;}.wp-block-kadence-advancedheading.kt-adv-heading18370_329128-b9 mark.kt-highlight, .wp-block-kadence-advancedheading.kt-adv-heading18370_329128-b9[data-kb-block=\"kb-adv-heading18370_329128-b9\"] mark.kt-highlight{font-style:normal;color:#f76a0c;-webkit-box-decoration-break:clone;box-decoration-break:clone;padding-top:0px;padding-right:0px;padding-bottom:0px;padding-left:0px;}.wp-block-kadence-advancedheading.kt-adv-heading18370_329128-b9 img.kb-inline-image, .wp-block-kadence-advancedheading.kt-adv-heading18370_329128-b9[data-kb-block=\"kb-adv-heading18370_329128-b9\"] img.kb-inline-image{width:150px;vertical-align:baseline;}<\/style>\n<p class=\"kt-adv-heading18370_329128-b9 wp-block-kadence-advancedheading\" data-kb-block=\"kb-adv-heading18370_329128-b9\"><br><strong>Deux peaux de bananes<\/strong><br>Mon dessin, expos\u00e9 par Ben au <br>mus\u00e9e International d\u2019Art Na\u00eff Anatole Jakovsky \u00e0 Nice.<br><br>Ce jour l\u00e0 j\u2019ai fait au moins deux bonnes choses:<br>1: J\u2019ai mang\u00e9 deux bananes<br>2: J\u2019ai dessin\u00e9 les deux peaux de bananes<\/p>\n\n\n<style>.kb-image18370_72b69c-55:not(.kb-image-is-ratio-size) .kb-img, .kb-image18370_72b69c-55.kb-image-is-ratio-size{padding-left:var(--global-kb-spacing-xs, 1rem);}.kb-image18370_72b69c-55 .kb-image-has-overlay:after{opacity:0.3;}<\/style>\n<div class=\"wp-block-kadence-image kb-image18370_72b69c-55\"><figure class=\"alignright size-medium\"><img loading=\"lazy\" decoding=\"async\" width=\"419\" height=\"600\" src=\"https:\/\/www.francksaissi.com\/wp-content\/uploads\/2023\/08\/2peauxdebananes-419x600.jpg\" alt=\"2 peaux de bananes, dessin \u00e0 l'encre de chine par Franck Sa\u00efssi, Collection Ben Vautier\" class=\"kb-img wp-image-14328\" srcset=\"https:\/\/www.francksaissi.com\/wp-content\/uploads\/2023\/08\/2peauxdebananes-419x600.jpg 419w, https:\/\/www.francksaissi.com\/wp-content\/uploads\/2023\/08\/2peauxdebananes-1000x1432.jpg 1000w, https:\/\/www.francksaissi.com\/wp-content\/uploads\/2023\/08\/2peauxdebananes-698x1000.jpg 698w, https:\/\/www.francksaissi.com\/wp-content\/uploads\/2023\/08\/2peauxdebananes-140x200.jpg 140w, https:\/\/www.francksaissi.com\/wp-content\/uploads\/2023\/08\/2peauxdebananes-768x1100.jpg 768w, https:\/\/www.francksaissi.com\/wp-content\/uploads\/2023\/08\/2peauxdebananes-1073x1536.jpg 1073w, https:\/\/www.francksaissi.com\/wp-content\/uploads\/2023\/08\/2peauxdebananes.jpg 1389w\" sizes=\"auto, (max-width: 419px) 100vw, 419px\" \/><figcaption>encre de chine sur page de livre, collection Ben Vautier<\/figcaption><\/figure><\/div>\n<\/div><\/div>\n\n<\/div><\/div>\n\n<style>.wp-block-kadence-advancedgallery .kb-gallery-type-grid.kb-gallery-id-18370_e30b45-c9{margin:-5px;}.kb-gallery-type-grid.kb-gallery-id-18370_e30b45-c9 .kadence-blocks-gallery-item{padding:5px;}.kb-gallery-id-18370_e30b45-c9 .kadence-blocks-gallery-item .kb-gal-image-radius, .kb-gallery-id-18370_e30b45-c9 .kb-slide-item .kb-gal-image-radius img{border-radius:0px 0px 0px 0px;;}<\/style><div class=\"kb-gallery-wrap-id-18370_e30b45-c9 alignnone wp-block-kadence-advancedgallery\"><ul class=\"kb-gallery-ul kb-gallery-non-static kb-gallery-type-grid kb-gallery-id-18370_e30b45-c9 kb-gallery-caption-style-bottom-hover kb-gallery-filter-none kb-gallery-magnific-init\" data-image-filter=\"none\" data-item-selector=\".kadence-blocks-gallery-item\" data-lightbox-caption=\"true\" data-columns-xxl=\"3\" data-columns-xl=\"3\" data-columns-md=\"3\" data-columns-sm=\"2\" data-columns-xs=\"1\" data-columns-ss=\"1\"><li class=\"kadence-blocks-gallery-item\"><div class=\"kadence-blocks-gallery-item-inner\"><figure class=\"kb-gallery-figure kb-gallery-item-has-link kadence-blocks-gallery-item-hide-caption\"><a href=\"https:\/\/www.francksaissi.com\/wp-content\/uploads\/2023\/08\/afficheben.jpg\" data-description=\"Expositions Ben au Mus\u00e9e d&#039;Art Na\u00eff Anatole Jakovsky\" data-alt=\"On est tous fous, Mus\u00e9e Anatole Jakovsky\" class=\"kb-gallery-item-link\"   role=\"button\" aria-haspopup=\"dialog\"><div class=\"kb-gal-image-radius\"><div class=\"kb-gallery-image-contain kadence-blocks-gallery-intrinsic kb-gallery-image-ratio-land32 kb-has-image-ratio-land32\" ><img loading=\"lazy\" decoding=\"async\" src=\"https:\/\/www.francksaissi.com\/wp-content\/uploads\/2023\/08\/afficheben-628x1000.jpg\" width=\"628\" height=\"1000\" alt=\"On est tous fous, Mus\u00e9e Anatole Jakovsky\" data-full-image=\"https:\/\/www.francksaissi.com\/wp-content\/uploads\/2023\/08\/afficheben.jpg\" data-light-image=\"https:\/\/www.francksaissi.com\/wp-content\/uploads\/2023\/08\/afficheben.jpg\" data-id=\"14329\" class=\"wp-image-14329\" srcset=\"https:\/\/www.francksaissi.com\/wp-content\/uploads\/2023\/08\/afficheben-628x1000.jpg 628w, https:\/\/www.francksaissi.com\/wp-content\/uploads\/2023\/08\/afficheben-1000x1591.jpg 1000w, https:\/\/www.francksaissi.com\/wp-content\/uploads\/2023\/08\/afficheben-377x600.jpg 377w, https:\/\/www.francksaissi.com\/wp-content\/uploads\/2023\/08\/afficheben-126x200.jpg 126w, https:\/\/www.francksaissi.com\/wp-content\/uploads\/2023\/08\/afficheben-768x1222.jpg 768w, https:\/\/www.francksaissi.com\/wp-content\/uploads\/2023\/08\/afficheben-965x1536.jpg 965w, https:\/\/www.francksaissi.com\/wp-content\/uploads\/2023\/08\/afficheben.jpg 1197w\" sizes=\"auto, (max-width: 628px) 100vw, 628px\" \/><\/div><\/div><\/a><\/figure><\/div><\/li><li class=\"kadence-blocks-gallery-item\"><div class=\"kadence-blocks-gallery-item-inner\"><figure class=\"kb-gallery-figure kb-gallery-item-has-link kadence-blocks-gallery-item-hide-caption\"><a href=\"https:\/\/www.francksaissi.com\/wp-content\/uploads\/2023\/08\/dessinssaissi.jpg\" data-description=\"Mus\u00e9e International d&#039;Art Na\u00eff Anatole Jakovsky, Nice\" data-alt=\"Dessin de Franck Sa\u00efssi dans l&#039;exposition On est tous fous au Mus\u00e9e d&#039;Art Na\u00eff, Nice\" class=\"kb-gallery-item-link\"   role=\"button\" aria-haspopup=\"dialog\"><div class=\"kb-gal-image-radius\"><div class=\"kb-gallery-image-contain kadence-blocks-gallery-intrinsic kb-gallery-image-ratio-land32 kb-has-image-ratio-land32\" ><img loading=\"lazy\" decoding=\"async\" src=\"https:\/\/www.francksaissi.com\/wp-content\/uploads\/2023\/08\/dessinssaissi-750x1000.jpg\" width=\"750\" height=\"1000\" alt=\"Dessin de Franck Sa\u00efssi dans l&#039;exposition On est tous fous au Mus\u00e9e d&#039;Art Na\u00eff, Nice\" data-full-image=\"https:\/\/www.francksaissi.com\/wp-content\/uploads\/2023\/08\/dessinssaissi.jpg\" data-light-image=\"https:\/\/www.francksaissi.com\/wp-content\/uploads\/2023\/08\/dessinssaissi.jpg\" data-id=\"14330\" class=\"wp-image-14330\" srcset=\"https:\/\/www.francksaissi.com\/wp-content\/uploads\/2023\/08\/dessinssaissi-750x1000.jpg 750w, https:\/\/www.francksaissi.com\/wp-content\/uploads\/2023\/08\/dessinssaissi-1000x1333.jpg 1000w, https:\/\/www.francksaissi.com\/wp-content\/uploads\/2023\/08\/dessinssaissi-450x600.jpg 450w, https:\/\/www.francksaissi.com\/wp-content\/uploads\/2023\/08\/dessinssaissi-150x200.jpg 150w, https:\/\/www.francksaissi.com\/wp-content\/uploads\/2023\/08\/dessinssaissi-768x1024.jpg 768w, https:\/\/www.francksaissi.com\/wp-content\/uploads\/2023\/08\/dessinssaissi-1152x1536.jpg 1152w, https:\/\/www.francksaissi.com\/wp-content\/uploads\/2023\/08\/dessinssaissi.jpg 1512w\" sizes=\"auto, (max-width: 750px) 100vw, 750px\" \/><\/div><\/div><\/a><\/figure><\/div><\/li><li class=\"kadence-blocks-gallery-item\"><div class=\"kadence-blocks-gallery-item-inner\"><figure class=\"kb-gallery-figure kb-gallery-item-has-link kadence-blocks-gallery-item-hide-caption\"><a href=\"https:\/\/www.francksaissi.com\/wp-content\/uploads\/2023\/08\/onesttousfous.jpg\" data-description=\"On est tous fous !\" data-alt=\"Vue de l&#039;exposition On est tous fous au mus\u00e9e d&#039;art na\u00eff \u00e0 Nice\" class=\"kb-gallery-item-link\"   role=\"button\" aria-haspopup=\"dialog\"><div class=\"kb-gal-image-radius\"><div class=\"kb-gallery-image-contain kadence-blocks-gallery-intrinsic kb-gallery-image-ratio-land32 kb-has-image-ratio-land32\" ><img loading=\"lazy\" decoding=\"async\" src=\"https:\/\/www.francksaissi.com\/wp-content\/uploads\/2023\/08\/onesttousfous-750x1000.jpg\" width=\"750\" height=\"1000\" alt=\"Vue de l&#039;exposition On est tous fous au mus\u00e9e d&#039;art na\u00eff \u00e0 Nice\" data-full-image=\"https:\/\/www.francksaissi.com\/wp-content\/uploads\/2023\/08\/onesttousfous.jpg\" data-light-image=\"https:\/\/www.francksaissi.com\/wp-content\/uploads\/2023\/08\/onesttousfous.jpg\" data-id=\"14331\" class=\"wp-image-14331\" srcset=\"https:\/\/www.francksaissi.com\/wp-content\/uploads\/2023\/08\/onesttousfous-750x1000.jpg 750w, https:\/\/www.francksaissi.com\/wp-content\/uploads\/2023\/08\/onesttousfous-1000x1333.jpg 1000w, https:\/\/www.francksaissi.com\/wp-content\/uploads\/2023\/08\/onesttousfous-450x600.jpg 450w, https:\/\/www.francksaissi.com\/wp-content\/uploads\/2023\/08\/onesttousfous-150x200.jpg 150w, https:\/\/www.francksaissi.com\/wp-content\/uploads\/2023\/08\/onesttousfous-768x1024.jpg 768w, https:\/\/www.francksaissi.com\/wp-content\/uploads\/2023\/08\/onesttousfous-1152x1536.jpg 1152w, https:\/\/www.francksaissi.com\/wp-content\/uploads\/2023\/08\/onesttousfous.jpg 1512w\" sizes=\"auto, (max-width: 750px) 100vw, 750px\" \/><\/div><\/div><\/a><\/figure><\/div><\/li><\/ul><\/div><\/div><\/div>\n\n<\/div><\/div>\n\n\n","protected":false},"excerpt":{"rendered":"<p>On est tous fous Du 5 mai 2023 au 6 mai 2024 Mus\u00e9e international d\u2019art na\u00eff Anatole Jakovsky \u2013 Ch\u00e2teau Sainte-H\u00e9l\u00e8ne, Av de Fabron Le mus\u00e9e a donn\u00e9 carte blanche \u00e0 Ben qui, pendant une ann\u00e9e, investit plus de 500 m2 du mus\u00e9e habituellement d\u00e9di\u00e9 \u00e0 l\u2019art na\u00eff, brut et singulier avec affection et humour&#8230;.<\/p>","protected":false},"author":34,"featured_media":14330,"parent":18226,"menu_order":21,"comment_status":"closed","ping_status":"closed","template":"","meta":{"_acf_changed":false,"_kad_post_transparent":"","_kad_post_title":"","_kad_post_layout":"","_kad_post_sidebar_id":"","_kad_post_content_style":"","_kad_post_vertical_padding":"","_kad_post_feature":"","_kad_post_feature_position":"","_kad_post_header":false,"_kad_post_footer":false,"_kad_post_classname":"","iawp_total_views":7,"footnotes":"[]"},"class_list":["post-18370","page","type-page","status-publish","has-post-thumbnail","hentry"],"acf":[],"_links":{"self":[{"href":"https:\/\/www.francksaissi.com\/en\/wp-json\/wp\/v2\/pages\/18370","targetHints":{"allow":["GET"]}}],"collection":[{"href":"https:\/\/www.francksaissi.com\/en\/wp-json\/wp\/v2\/pages"}],"about":[{"href":"https:\/\/www.francksaissi.com\/en\/wp-json\/wp\/v2\/types\/page"}],"author":[{"embeddable":true,"href":"https:\/\/www.francksaissi.com\/en\/wp-json\/wp\/v2\/users\/34"}],"replies":[{"embeddable":true,"href":"https:\/\/www.francksaissi.com\/en\/wp-json\/wp\/v2\/comments?post=18370"}],"version-history":[{"count":5,"href":"https:\/\/www.francksaissi.com\/en\/wp-json\/wp\/v2\/pages\/18370\/revisions"}],"predecessor-version":[{"id":21867,"href":"https:\/\/www.francksaissi.com\/en\/wp-json\/wp\/v2\/pages\/18370\/revisions\/21867"}],"up":[{"embeddable":true,"href":"https:\/\/www.francksaissi.com\/en\/wp-json\/wp\/v2\/pages\/18226"}],"wp:featuredmedia":[{"embeddable":true,"href":"https:\/\/www.francksaissi.com\/en\/wp-json\/wp\/v2\/media\/14330"}],"wp:attachment":[{"href":"https:\/\/www.francksaissi.com\/en\/wp-json\/wp\/v2\/media?parent=18370"}],"curies":[{"name":"wp","href":"https:\/\/api.w.org\/{rel}","templated":true}]}}