{"id":18358,"date":"2025-06-14T15:57:45","date_gmt":"2025-06-14T13:57:45","guid":{"rendered":"https:\/\/www.francksaissi.com\/?page_id=18358"},"modified":"2026-02-05T17:01:51","modified_gmt":"2026-02-05T16:01:51","slug":"endgame","status":"publish","type":"page","link":"https:\/\/www.francksaissi.com\/en\/expositions\/endgame\/","title":{"rendered":"EndGame"},"content":{"rendered":"<style>.wp-block-kadence-advancedheading.kt-adv-heading18358_c01152-21, .wp-block-kadence-advancedheading.kt-adv-heading18358_c01152-21[data-kb-block=\"kb-adv-heading18358_c01152-21\"]{padding-bottom:25px;text-align:center;font-size:var(--global-kb-font-size-xl, 3rem);font-style:normal;text-transform:none;letter-spacing:1.3px;}.wp-block-kadence-advancedheading.kt-adv-heading18358_c01152-21 mark.kt-highlight, .wp-block-kadence-advancedheading.kt-adv-heading18358_c01152-21[data-kb-block=\"kb-adv-heading18358_c01152-21\"] mark.kt-highlight{letter-spacing:1.3px;font-style:normal;color:#f76a0c;border-bottom:2px solid #abb8c3;-webkit-box-decoration-break:clone;box-decoration-break:clone;padding-bottom:30px;}.wp-block-kadence-advancedheading.kt-adv-heading18358_c01152-21 img.kb-inline-image, .wp-block-kadence-advancedheading.kt-adv-heading18358_c01152-21[data-kb-block=\"kb-adv-heading18358_c01152-21\"] img.kb-inline-image{width:150px;vertical-align:baseline;}@media all and (max-width: 1024px){.wp-block-kadence-advancedheading.kt-adv-heading18358_c01152-21 mark.kt-highlight, .wp-block-kadence-advancedheading.kt-adv-heading18358_c01152-21[data-kb-block=\"kb-adv-heading18358_c01152-21\"] mark.kt-highlight{border-bottom:2px solid #abb8c3;}}@media all and (max-width: 767px){.wp-block-kadence-advancedheading.kt-adv-heading18358_c01152-21 mark.kt-highlight, .wp-block-kadence-advancedheading.kt-adv-heading18358_c01152-21[data-kb-block=\"kb-adv-heading18358_c01152-21\"] mark.kt-highlight{border-bottom:2px solid #abb8c3;}}<\/style>\n<h1 class=\"kt-adv-heading18358_c01152-21 wp-block-kadence-advancedheading\" data-kb-block=\"kb-adv-heading18358_c01152-21\">EndGame<\/h1>\n\n\n<style>.wp-block-kadence-advancedheading.kt-adv-heading18358_af68e9-de, .wp-block-kadence-advancedheading.kt-adv-heading18358_af68e9-de[data-kb-block=\"kb-adv-heading18358_af68e9-de\"]{margin-bottom:var(--global-kb-spacing-lg, 3rem);text-align:center;font-size:var(--global-kb-font-size-lg, 2rem);font-style:normal;text-transform:none;letter-spacing:1.3px;}.wp-block-kadence-advancedheading.kt-adv-heading18358_af68e9-de mark.kt-highlight, .wp-block-kadence-advancedheading.kt-adv-heading18358_af68e9-de[data-kb-block=\"kb-adv-heading18358_af68e9-de\"] mark.kt-highlight{letter-spacing:1.3px;font-style:normal;color:#f76a0c;border-bottom:2px solid #abb8c3;-webkit-box-decoration-break:clone;box-decoration-break:clone;padding-bottom:30px;}.wp-block-kadence-advancedheading.kt-adv-heading18358_af68e9-de img.kb-inline-image, .wp-block-kadence-advancedheading.kt-adv-heading18358_af68e9-de[data-kb-block=\"kb-adv-heading18358_af68e9-de\"] img.kb-inline-image{width:150px;vertical-align:baseline;}@media all and (max-width: 1024px){.wp-block-kadence-advancedheading.kt-adv-heading18358_af68e9-de mark.kt-highlight, .wp-block-kadence-advancedheading.kt-adv-heading18358_af68e9-de[data-kb-block=\"kb-adv-heading18358_af68e9-de\"] mark.kt-highlight{border-bottom:2px solid #abb8c3;}}@media all and (max-width: 767px){.wp-block-kadence-advancedheading.kt-adv-heading18358_af68e9-de mark.kt-highlight, .wp-block-kadence-advancedheading.kt-adv-heading18358_af68e9-de[data-kb-block=\"kb-adv-heading18358_af68e9-de\"] mark.kt-highlight{border-bottom:2px solid #abb8c3;}}<\/style>\n<h2 class=\"kt-adv-heading18358_af68e9-de wp-block-kadence-advancedheading\" data-kb-block=\"kb-adv-heading18358_af68e9-de\">WhiteBox, New York<\/h2>\n\n\n<style>.kb-image18358_d1badd-48 .kb-image-has-overlay:after{opacity:0.3;}<\/style>\n<div class=\"wp-block-kadence-image kb-image18358_d1badd-48\"><figure class=\"aligncenter size-large\"><img loading=\"lazy\" decoding=\"async\" width=\"1000\" height=\"497\" src=\"https:\/\/www.francksaissi.com\/wp-content\/uploads\/2024\/10\/Banner-slider-End-Game-1000x497.jpg\" alt=\"EndGame, WhiteBox New York City\" class=\"kb-img wp-image-15778\" srcset=\"https:\/\/www.francksaissi.com\/wp-content\/uploads\/2024\/10\/Banner-slider-End-Game-1000x497.jpg 1000w, https:\/\/www.francksaissi.com\/wp-content\/uploads\/2024\/10\/Banner-slider-End-Game-600x298.jpg 600w, https:\/\/www.francksaissi.com\/wp-content\/uploads\/2024\/10\/Banner-slider-End-Game-200x99.jpg 200w, https:\/\/www.francksaissi.com\/wp-content\/uploads\/2024\/10\/Banner-slider-End-Game-768x382.jpg 768w, https:\/\/www.francksaissi.com\/wp-content\/uploads\/2024\/10\/Banner-slider-End-Game-1536x764.jpg 1536w, https:\/\/www.francksaissi.com\/wp-content\/uploads\/2024\/10\/Banner-slider-End-Game.jpg 1594w\" sizes=\"auto, (max-width: 1000px) 100vw, 1000px\" \/><\/figure><\/div>\n\n\n<style>.kb-row-layout-id18358_97cbef-8b > .kt-row-column-wrap{align-content:start;}:where(.kb-row-layout-id18358_97cbef-8b > .kt-row-column-wrap) > .wp-block-kadence-column{justify-content:start;}.kb-row-layout-id18358_97cbef-8b > .kt-row-column-wrap{column-gap:var(--global-kb-gap-md, 2rem);row-gap:var(--global-kb-gap-md, 2rem);max-width:var( --global-content-width, 1290px );padding-left:var(--global-content-edge-padding);padding-right:var(--global-content-edge-padding);padding-top:var(--global-kb-spacing-sm, 1.5rem);padding-bottom:var(--global-kb-spacing-sm, 1.5rem);grid-template-columns:minmax(0, 1fr);}.kb-row-layout-id18358_97cbef-8b > .kt-row-layout-overlay{opacity:0.30;}@media all and (max-width: 1024px){.kb-row-layout-id18358_97cbef-8b > .kt-row-column-wrap{grid-template-columns:minmax(0, 1fr);}}@media all and (max-width: 767px){.kb-row-layout-id18358_97cbef-8b > .kt-row-column-wrap{grid-template-columns:minmax(0, 1fr);}}<\/style><div class=\"kb-row-layout-wrap kb-row-layout-id18358_97cbef-8b alignnone wp-block-kadence-rowlayout\"><div class=\"kt-row-column-wrap kt-has-1-columns kt-row-layout-equal kt-tab-layout-inherit kt-mobile-layout-row kt-row-valign-top kb-theme-content-width\">\n<style>.kadence-column18358_b1f8f5-dd > .kt-inside-inner-col,.kadence-column18358_b1f8f5-dd > .kt-inside-inner-col:before{border-top-left-radius:0px;border-top-right-radius:0px;border-bottom-right-radius:0px;border-bottom-left-radius:0px;}.kadence-column18358_b1f8f5-dd > .kt-inside-inner-col{column-gap:var(--global-kb-gap-sm, 1rem);}.kadence-column18358_b1f8f5-dd > .kt-inside-inner-col{flex-direction:column;}.kadence-column18358_b1f8f5-dd > .kt-inside-inner-col > .aligncenter{width:100%;}.kadence-column18358_b1f8f5-dd > .kt-inside-inner-col:before{opacity:0.3;}.kadence-column18358_b1f8f5-dd{position:relative;}@media all and (max-width: 1024px){.kadence-column18358_b1f8f5-dd > .kt-inside-inner-col{flex-direction:column;justify-content:center;}}@media all and (max-width: 767px){.kadence-column18358_b1f8f5-dd > .kt-inside-inner-col{flex-direction:column;justify-content:center;}}<\/style>\n<div class=\"wp-block-kadence-column kadence-column18358_b1f8f5-dd\"><div class=\"kt-inside-inner-col\"><style>.wp-block-kadence-advancedheading.kt-adv-heading18358_549672-0e, .wp-block-kadence-advancedheading.kt-adv-heading18358_549672-0e[data-kb-block=\"kb-adv-heading18358_549672-0e\"]{margin-top:var(--global-kb-spacing-sm, 1.5rem);margin-bottom:var(--global-kb-spacing-md, 2rem);text-align:center;font-style:normal;}.wp-block-kadence-advancedheading.kt-adv-heading18358_549672-0e mark.kt-highlight, .wp-block-kadence-advancedheading.kt-adv-heading18358_549672-0e[data-kb-block=\"kb-adv-heading18358_549672-0e\"] mark.kt-highlight{font-style:normal;color:#f76a0c;-webkit-box-decoration-break:clone;box-decoration-break:clone;padding-top:0px;padding-right:0px;padding-bottom:0px;padding-left:0px;}.wp-block-kadence-advancedheading.kt-adv-heading18358_549672-0e img.kb-inline-image, .wp-block-kadence-advancedheading.kt-adv-heading18358_549672-0e[data-kb-block=\"kb-adv-heading18358_549672-0e\"] img.kb-inline-image{width:150px;vertical-align:baseline;}<\/style>\n<p class=\"kt-adv-heading18358_549672-0e wp-block-kadence-advancedheading\" data-kb-block=\"kb-adv-heading18358_549672-0e\">Je suis heureux de participer \u00e0 l\u2019exposition <em>End Game<\/em>, organis\u00e9e par WhiteBox, aux c\u00f4t\u00e9s de nombreux artistes engag\u00e9s. Voici le communiqu\u00e9 officiel qui pr\u00e9sente l\u2019approche curatoriale et le contexte de cette exposition collective majeure.<br><a href=\"https:\/\/whiteboxnyc.org\/2024\/les\/en-game\/\" target=\"_blank\" rel=\"noopener\">https:\/\/whiteboxnyc.org\/2024\/les\/en-game\/<\/a><\/p>\n\n\n<style>.kb-row-layout-id18358_dd2358-2a > .kt-row-column-wrap{align-content:start;}:where(.kb-row-layout-id18358_dd2358-2a > .kt-row-column-wrap) > .wp-block-kadence-column{justify-content:start;}.kb-row-layout-id18358_dd2358-2a > .kt-row-column-wrap{column-gap:var(--global-kb-gap-md, 2rem);row-gap:var(--global-kb-gap-md, 2rem);padding-top:var(--global-kb-spacing-sm, 1.5rem);padding-bottom:var(--global-kb-spacing-sm, 1.5rem);grid-template-columns:minmax(0, 1fr) minmax(0, 2fr);}.kb-row-layout-id18358_dd2358-2a > .kt-row-layout-overlay{opacity:0.30;}@media all and (max-width: 1024px){.kb-row-layout-id18358_dd2358-2a > .kt-row-column-wrap{grid-template-columns:minmax(0, 1fr) minmax(0, 2fr);}}@media all and (max-width: 767px){.kb-row-layout-id18358_dd2358-2a > .kt-row-column-wrap{grid-template-columns:minmax(0, 1fr);}}<\/style><div class=\"kb-row-layout-wrap kb-row-layout-id18358_dd2358-2a alignnone wp-block-kadence-rowlayout\"><div class=\"kt-row-column-wrap kt-has-2-columns kt-row-layout-right-golden kt-tab-layout-inherit kt-mobile-layout-row kt-row-valign-top\">\n<style>.kadence-column18358_b2c2d2-f5 > .kt-inside-inner-col,.kadence-column18358_b2c2d2-f5 > .kt-inside-inner-col:before{border-top-left-radius:0px;border-top-right-radius:0px;border-bottom-right-radius:0px;border-bottom-left-radius:0px;}.kadence-column18358_b2c2d2-f5 > .kt-inside-inner-col{column-gap:var(--global-kb-gap-sm, 1rem);}.kadence-column18358_b2c2d2-f5 > .kt-inside-inner-col{flex-direction:column;}.kadence-column18358_b2c2d2-f5 > .kt-inside-inner-col > .aligncenter{width:100%;}.kadence-column18358_b2c2d2-f5 > .kt-inside-inner-col:before{opacity:0.3;}.kadence-column18358_b2c2d2-f5{position:relative;}@media all and (max-width: 1024px){.kadence-column18358_b2c2d2-f5 > .kt-inside-inner-col{flex-direction:column;justify-content:center;}}@media all and (max-width: 767px){.kadence-column18358_b2c2d2-f5 > .kt-inside-inner-col{flex-direction:column;justify-content:center;}}<\/style>\n<div class=\"wp-block-kadence-column kadence-column18358_b2c2d2-f5\"><div class=\"kt-inside-inner-col\"><style>.wp-block-kadence-advancedheading.kt-adv-heading18358_184ab9-d6, .wp-block-kadence-advancedheading.kt-adv-heading18358_184ab9-d6[data-kb-block=\"kb-adv-heading18358_184ab9-d6\"]{font-style:normal;}.wp-block-kadence-advancedheading.kt-adv-heading18358_184ab9-d6 mark.kt-highlight, .wp-block-kadence-advancedheading.kt-adv-heading18358_184ab9-d6[data-kb-block=\"kb-adv-heading18358_184ab9-d6\"] mark.kt-highlight{font-style:normal;color:#f76a0c;-webkit-box-decoration-break:clone;box-decoration-break:clone;padding-top:0px;padding-right:0px;padding-bottom:0px;padding-left:0px;}.wp-block-kadence-advancedheading.kt-adv-heading18358_184ab9-d6 img.kb-inline-image, .wp-block-kadence-advancedheading.kt-adv-heading18358_184ab9-d6[data-kb-block=\"kb-adv-heading18358_184ab9-d6\"] img.kb-inline-image{width:150px;vertical-align:baseline;}<\/style>\n<p class=\"kt-adv-heading18358_184ab9-d6 wp-block-kadence-advancedheading\" data-kb-block=\"kb-adv-heading18358_184ab9-d6\"><strong>Commissaires<\/strong><br><br>Ali Hossaini \u00b7 Anthony Haden-Guest<br>Jack Waters \u00b7 Joshua Harris<br>Juan Puntes \u00b7 Marat Guelman<br>Noah Fischer \u00b7 Peter Cramer<br>Peter Wayne Lewis \u00b7 Raul Zamudio<br>Stephen Zacks \u00b7 Yev Gelman<br>Yohanna M. Roa<\/p>\n<\/div><\/div>\n\n\n<style>.kadence-column18358_8f838c-a7 > .kt-inside-inner-col,.kadence-column18358_8f838c-a7 > .kt-inside-inner-col:before{border-top-left-radius:0px;border-top-right-radius:0px;border-bottom-right-radius:0px;border-bottom-left-radius:0px;}.kadence-column18358_8f838c-a7 > .kt-inside-inner-col{column-gap:var(--global-kb-gap-sm, 1rem);}.kadence-column18358_8f838c-a7 > .kt-inside-inner-col{flex-direction:column;}.kadence-column18358_8f838c-a7 > .kt-inside-inner-col > .aligncenter{width:100%;}.kadence-column18358_8f838c-a7 > .kt-inside-inner-col:before{opacity:0.3;}.kadence-column18358_8f838c-a7{position:relative;}@media all and (max-width: 1024px){.kadence-column18358_8f838c-a7 > .kt-inside-inner-col{flex-direction:column;justify-content:center;}}@media all and (max-width: 767px){.kadence-column18358_8f838c-a7 > .kt-inside-inner-col{flex-direction:column;justify-content:center;}}<\/style>\n<div class=\"wp-block-kadence-column kadence-column18358_8f838c-a7\"><div class=\"kt-inside-inner-col\"><style>.wp-block-kadence-advancedheading.kt-adv-heading18358_c6edfa-c1, .wp-block-kadence-advancedheading.kt-adv-heading18358_c6edfa-c1[data-kb-block=\"kb-adv-heading18358_c6edfa-c1\"]{font-style:normal;}.wp-block-kadence-advancedheading.kt-adv-heading18358_c6edfa-c1 mark.kt-highlight, .wp-block-kadence-advancedheading.kt-adv-heading18358_c6edfa-c1[data-kb-block=\"kb-adv-heading18358_c6edfa-c1\"] mark.kt-highlight{font-style:normal;color:#f76a0c;-webkit-box-decoration-break:clone;box-decoration-break:clone;padding-top:0px;padding-right:0px;padding-bottom:0px;padding-left:0px;}.wp-block-kadence-advancedheading.kt-adv-heading18358_c6edfa-c1 img.kb-inline-image, .wp-block-kadence-advancedheading.kt-adv-heading18358_c6edfa-c1[data-kb-block=\"kb-adv-heading18358_c6edfa-c1\"] img.kb-inline-image{width:150px;vertical-align:baseline;}<\/style>\n<p class=\"kt-adv-heading18358_c6edfa-c1 wp-block-kadence-advancedheading\" data-kb-block=\"kb-adv-heading18358_c6edfa-c1\"><strong>Artistes<\/strong><br><br>Crackhead Barney and Friends, Kyle Goen, Terry Berkowitz, Tania Candiani, Peter Cramer, Comme Des Marxits, Jim Costanzo, Nate Dallimore, DETEXT, Dirty Churches, Jason File, Noah Fischer, Rainer Ganahl, Carla Gannis, Guerrilla Girls, Joshua Harris, Pablo Helguera, GH Hovagimyan, John Jackson, Enrique Je\u017eik , Marie Christine Katz, Nina Leo et Moez Surani, Ferran Martin, Mark Stephen Meadows \/ pighed, Alex Melamid, Jason Mena, Eugenio Merino, Ricardo Miranda Z\u00fa\u00f1iga, Simonetta Moro, Ivan Navarro, Dennis Oppenheim, William Powhida, Lorenzo Pace, Paris 68 Redux, Duke Riley, Arlene Rush, Avelino Sala, <strong>Franck Sa\u00efssi<\/strong>, Jake Scharbach , Raphaele Shirley et Al Ramos, Gregory Sholette, Federico Solmi, Studio IO aka Olive Gingrich &amp; Shama Rahman, Alesha Stupin, Rob Strati, the29.art avec les artistes de GetOutTheVote.art, Jon Tsoi, Jack Waters, Monika Weiss, Phyllis Yampolsky et d&rsquo;autres.<\/p>\n<\/div><\/div>\n\n<\/div><\/div>\n\n<style>.wp-block-kadence-advancedheading.kt-adv-heading18358_28c2fb-73, .wp-block-kadence-advancedheading.kt-adv-heading18358_28c2fb-73[data-kb-block=\"kb-adv-heading18358_28c2fb-73\"]{font-style:normal;}.wp-block-kadence-advancedheading.kt-adv-heading18358_28c2fb-73 mark.kt-highlight, .wp-block-kadence-advancedheading.kt-adv-heading18358_28c2fb-73[data-kb-block=\"kb-adv-heading18358_28c2fb-73\"] mark.kt-highlight{font-style:normal;color:#f76a0c;-webkit-box-decoration-break:clone;box-decoration-break:clone;padding-top:0px;padding-right:0px;padding-bottom:0px;padding-left:0px;}.wp-block-kadence-advancedheading.kt-adv-heading18358_28c2fb-73 img.kb-inline-image, .wp-block-kadence-advancedheading.kt-adv-heading18358_28c2fb-73[data-kb-block=\"kb-adv-heading18358_28c2fb-73\"] img.kb-inline-image{width:150px;vertical-align:baseline;}<\/style>\n<h3 class=\"kt-adv-heading18358_28c2fb-73 wp-block-kadence-advancedheading\" data-kb-block=\"kb-adv-heading18358_28c2fb-73\">EndGame&nbsp;: Cinqui\u00e8me exposition sur l&rsquo;\u00e9lection pr\u00e9sidentielle de WhiteBox \u2013 S\u00e9rie quadriennale<\/h3>\n\n\n<style>.wp-block-kadence-advancedheading.kt-adv-heading18358_fd77a3-33, .wp-block-kadence-advancedheading.kt-adv-heading18358_fd77a3-33[data-kb-block=\"kb-adv-heading18358_fd77a3-33\"]{font-style:normal;text-transform:none;}.wp-block-kadence-advancedheading.kt-adv-heading18358_fd77a3-33 mark.kt-highlight, .wp-block-kadence-advancedheading.kt-adv-heading18358_fd77a3-33[data-kb-block=\"kb-adv-heading18358_fd77a3-33\"] mark.kt-highlight{font-style:normal;color:#f76a0c;-webkit-box-decoration-break:clone;box-decoration-break:clone;padding-top:0px;padding-right:0px;padding-bottom:0px;padding-left:0px;}.wp-block-kadence-advancedheading.kt-adv-heading18358_fd77a3-33 img.kb-inline-image, .wp-block-kadence-advancedheading.kt-adv-heading18358_fd77a3-33[data-kb-block=\"kb-adv-heading18358_fd77a3-33\"] img.kb-inline-image{width:150px;vertical-align:baseline;}<\/style>\n<p class=\"kt-adv-heading18358_fd77a3-33 wp-block-kadence-advancedheading\" data-kb-block=\"kb-adv-heading18358_fd77a3-33\"><em>EndGame,<\/em> cinqui\u00e8me \u00e9dition de la s\u00e9rie d&rsquo;expositions quadriennales de WhiteBox consacr\u00e9e \u00e0 l&rsquo;\u00e9lection pr\u00e9sidentielle, s&rsquo;inspire de la repr\u00e9sentation troublante de la finalit\u00e9 cyclique par Samuel Beckett. <br>Cette exposition s&rsquo;interroge sur les r\u00e9sonances de l&rsquo;histoire \u2013 des moments qui, s&rsquo;ils ne se reproduisent pas, r\u00e9sonnent n\u00e9anmoins avec des urgences famili\u00e8res. Face aux d\u00e9cisions cruciales qui d\u00e9finiront l&rsquo;\u00e9lection pr\u00e9sidentielle de 2024 pour la R\u00e9publique,<br><br><em>EndGame<\/em> invite les artistes \u00e0 pr\u00e9senter des r\u00e9flexions percutantes, engageant un discours qui transcende les fronti\u00e8res pour aborder des questions sociopolitiques et humanitaires aux r\u00e9percussions mondiales.<br>L&rsquo;exposition se pr\u00e9sente \u00e0 la fois comme une composition \u00e0 plusieurs niveaux et une exploration proactive, utilisant des formes artistiques pour s&rsquo;attaquer aux menaces qui p\u00e8sent sur le bien commun. <br>Son \u00e9ventail d&rsquo;expressions aborde des questions urgentes&nbsp;: in\u00e9galit\u00e9s sociales, crise du logement, immigration, violence institutionnalis\u00e9e, tensions raciales et de genre, nationalisme et d\u00e9gradation environnementale. Chaque commissaire s\u00e9lectionne un \u00e0 trois artistes pour pr\u00e9senter des \u0153uvres visuelles, litt\u00e9raires, filmiques ou performatives de moyenne ou petite envergure, favorisant ainsi un dialogue \u00e0 la fois intime et profond avec ces th\u00e8mes.<br><br>En collaboration avec <strong>&lt;more art&gt;, <\/strong><em>EndGame<\/em> pr\u00e9sente sa production du journal <em>News Kiosk<\/em> de Noah Fischer, <em>New York 2024,<\/em> ainsi que des zines consacr\u00e9s \u00e0 l&rsquo;immigration et \u00e0 la crise du logement \u00e0 New York. <br>En partenariat avec le Jane Street Space de Raul Zamudio, la s\u00e9rie pr\u00e9sente \u00ab<em>L&rsquo;enfer est vide et tous les diables sont l\u00e0&nbsp;\u00bb<\/em> , un concept d&rsquo;exposition double, inaugur\u00e9 le 2 novembre au 78 Jane Street, West Village, de 18&nbsp;h \u00e0 21&nbsp;h, et le soir des \u00e9lections, le 5&nbsp;novembre, \u00e0 la WhiteBox, 9&nbsp;Avenue B, de 18&nbsp;h jusqu&rsquo;au petit matin du 6&nbsp;novembre.<br><br>Fid\u00e8le \u00e0 la tradition de la soir\u00e9e \u00e9lectorale de WhiteBox, d\u00e8s 21 h environ, deux flux vid\u00e9o, s\u00e9lectionn\u00e9s par des artistes s\u00e9lectionn\u00e9s, seront diffus\u00e9s tout au long de la soir\u00e9e. Un \u00e9cran diffusera des vid\u00e9os de VJng et des informations \u00e9lectorales en direct de FOX News et NEWSMAX, tandis que l&rsquo;autre alternera entre CNN et MSNBC, offrant ainsi un spectre m\u00e9diatique \u00e9quilibr\u00e9. Cette configuration dynamique invite les artistes et leurs invit\u00e9s \u00e0 s&rsquo;int\u00e9resser de mani\u00e8re critique au d\u00e9roulement du d\u00e9bat \u00e9lectoral jusqu&rsquo;au petit matin.<\/p>\n<\/div><\/div>\n\n<\/div><\/div>\n\n\n","protected":false},"excerpt":{"rendered":"<p>EndGame WhiteBox, New York Je suis heureux de participer \u00e0 l\u2019exposition End Game, organis\u00e9e par WhiteBox, aux c\u00f4t\u00e9s de nombreux artistes engag\u00e9s. Voici le communiqu\u00e9 officiel qui pr\u00e9sente l\u2019approche curatoriale et le contexte de cette exposition collective majeure.https:\/\/whiteboxnyc.org\/2024\/les\/en-game\/ Commissaires Ali Hossaini \u00b7 Anthony Haden-GuestJack Waters \u00b7 Joshua HarrisJuan Puntes \u00b7 Marat GuelmanNoah Fischer \u00b7 Peter&#8230;<\/p>","protected":false},"author":34,"featured_media":0,"parent":18226,"menu_order":23,"comment_status":"closed","ping_status":"closed","template":"","meta":{"_acf_changed":false,"_kad_post_transparent":"","_kad_post_title":"","_kad_post_layout":"","_kad_post_sidebar_id":"","_kad_post_content_style":"","_kad_post_vertical_padding":"","_kad_post_feature":"","_kad_post_feature_position":"","_kad_post_header":false,"_kad_post_footer":false,"_kad_post_classname":"","iawp_total_views":3,"footnotes":""},"class_list":["post-18358","page","type-page","status-publish","hentry"],"acf":[],"_links":{"self":[{"href":"https:\/\/www.francksaissi.com\/en\/wp-json\/wp\/v2\/pages\/18358","targetHints":{"allow":["GET"]}}],"collection":[{"href":"https:\/\/www.francksaissi.com\/en\/wp-json\/wp\/v2\/pages"}],"about":[{"href":"https:\/\/www.francksaissi.com\/en\/wp-json\/wp\/v2\/types\/page"}],"author":[{"embeddable":true,"href":"https:\/\/www.francksaissi.com\/en\/wp-json\/wp\/v2\/users\/34"}],"replies":[{"embeddable":true,"href":"https:\/\/www.francksaissi.com\/en\/wp-json\/wp\/v2\/comments?post=18358"}],"version-history":[{"count":3,"href":"https:\/\/www.francksaissi.com\/en\/wp-json\/wp\/v2\/pages\/18358\/revisions"}],"predecessor-version":[{"id":21864,"href":"https:\/\/www.francksaissi.com\/en\/wp-json\/wp\/v2\/pages\/18358\/revisions\/21864"}],"up":[{"embeddable":true,"href":"https:\/\/www.francksaissi.com\/en\/wp-json\/wp\/v2\/pages\/18226"}],"wp:attachment":[{"href":"https:\/\/www.francksaissi.com\/en\/wp-json\/wp\/v2\/media?parent=18358"}],"curies":[{"name":"wp","href":"https:\/\/api.w.org\/{rel}","templated":true}]}}