{"id":18349,"date":"2025-06-14T15:03:21","date_gmt":"2025-06-14T13:03:21","guid":{"rendered":"https:\/\/www.francksaissi.com\/?page_id=18349"},"modified":"2026-02-05T17:34:31","modified_gmt":"2026-02-05T16:34:31","slug":"lever-lencre","status":"publish","type":"page","link":"https:\/\/www.francksaissi.com\/en\/expositions\/lever-lencre\/","title":{"rendered":"Lever l&rsquo;encre"},"content":{"rendered":"<style>.wp-block-kadence-advancedheading.kt-adv-heading18349_91d8b1-13, .wp-block-kadence-advancedheading.kt-adv-heading18349_91d8b1-13[data-kb-block=\"kb-adv-heading18349_91d8b1-13\"]{padding-bottom:25px;text-align:center;font-size:var(--global-kb-font-size-xl, 3rem);font-style:normal;text-transform:none;letter-spacing:1.3px;}.wp-block-kadence-advancedheading.kt-adv-heading18349_91d8b1-13 mark.kt-highlight, .wp-block-kadence-advancedheading.kt-adv-heading18349_91d8b1-13[data-kb-block=\"kb-adv-heading18349_91d8b1-13\"] mark.kt-highlight{letter-spacing:1.3px;font-style:normal;color:#f76a0c;border-bottom:2px solid #abb8c3;-webkit-box-decoration-break:clone;box-decoration-break:clone;padding-bottom:30px;}.wp-block-kadence-advancedheading.kt-adv-heading18349_91d8b1-13 img.kb-inline-image, .wp-block-kadence-advancedheading.kt-adv-heading18349_91d8b1-13[data-kb-block=\"kb-adv-heading18349_91d8b1-13\"] img.kb-inline-image{width:150px;vertical-align:baseline;}@media all and (max-width: 1024px){.wp-block-kadence-advancedheading.kt-adv-heading18349_91d8b1-13 mark.kt-highlight, .wp-block-kadence-advancedheading.kt-adv-heading18349_91d8b1-13[data-kb-block=\"kb-adv-heading18349_91d8b1-13\"] mark.kt-highlight{border-bottom:2px solid #abb8c3;}}@media all and (max-width: 767px){.wp-block-kadence-advancedheading.kt-adv-heading18349_91d8b1-13 mark.kt-highlight, .wp-block-kadence-advancedheading.kt-adv-heading18349_91d8b1-13[data-kb-block=\"kb-adv-heading18349_91d8b1-13\"] mark.kt-highlight{border-bottom:2px solid #abb8c3;}}<\/style>\n<h1 class=\"kt-adv-heading18349_91d8b1-13 wp-block-kadence-advancedheading\" data-kb-block=\"kb-adv-heading18349_91d8b1-13\">Lever l&rsquo;Encre<\/h1>\n\n\n<style>.wp-block-kadence-advancedheading.kt-adv-heading18349_7f7f53-6f, .wp-block-kadence-advancedheading.kt-adv-heading18349_7f7f53-6f[data-kb-block=\"kb-adv-heading18349_7f7f53-6f\"]{margin-bottom:var(--global-kb-spacing-lg, 3rem);text-align:center;font-size:var(--global-kb-font-size-lg, 2rem);font-style:normal;text-transform:none;letter-spacing:1.3px;}.wp-block-kadence-advancedheading.kt-adv-heading18349_7f7f53-6f mark.kt-highlight, .wp-block-kadence-advancedheading.kt-adv-heading18349_7f7f53-6f[data-kb-block=\"kb-adv-heading18349_7f7f53-6f\"] mark.kt-highlight{letter-spacing:1.3px;font-style:normal;color:#f76a0c;border-bottom:2px solid #abb8c3;-webkit-box-decoration-break:clone;box-decoration-break:clone;padding-bottom:30px;}.wp-block-kadence-advancedheading.kt-adv-heading18349_7f7f53-6f img.kb-inline-image, .wp-block-kadence-advancedheading.kt-adv-heading18349_7f7f53-6f[data-kb-block=\"kb-adv-heading18349_7f7f53-6f\"] img.kb-inline-image{width:150px;vertical-align:baseline;}@media all and (max-width: 1024px){.wp-block-kadence-advancedheading.kt-adv-heading18349_7f7f53-6f mark.kt-highlight, .wp-block-kadence-advancedheading.kt-adv-heading18349_7f7f53-6f[data-kb-block=\"kb-adv-heading18349_7f7f53-6f\"] mark.kt-highlight{border-bottom:2px solid #abb8c3;}}@media all and (max-width: 767px){.wp-block-kadence-advancedheading.kt-adv-heading18349_7f7f53-6f mark.kt-highlight, .wp-block-kadence-advancedheading.kt-adv-heading18349_7f7f53-6f[data-kb-block=\"kb-adv-heading18349_7f7f53-6f\"] mark.kt-highlight{border-bottom:2px solid #abb8c3;}}<\/style>\n<h2 class=\"kt-adv-heading18349_7f7f53-6f wp-block-kadence-advancedheading\" data-kb-block=\"kb-adv-heading18349_7f7f53-6f\">Solo Show \u00e0 Monaco<\/h2>\n\n\n<style>.wp-block-kadence-advancedheading.kt-adv-heading18349_55de12-b2, .wp-block-kadence-advancedheading.kt-adv-heading18349_55de12-b2[data-kb-block=\"kb-adv-heading18349_55de12-b2\"]{margin-bottom:var(--global-kb-spacing-sm, 1.5rem);text-align:center;font-style:normal;}.wp-block-kadence-advancedheading.kt-adv-heading18349_55de12-b2 mark.kt-highlight, .wp-block-kadence-advancedheading.kt-adv-heading18349_55de12-b2[data-kb-block=\"kb-adv-heading18349_55de12-b2\"] mark.kt-highlight{font-style:normal;color:#f76a0c;-webkit-box-decoration-break:clone;box-decoration-break:clone;padding-top:0px;padding-right:0px;padding-bottom:0px;padding-left:0px;}.wp-block-kadence-advancedheading.kt-adv-heading18349_55de12-b2 img.kb-inline-image, .wp-block-kadence-advancedheading.kt-adv-heading18349_55de12-b2[data-kb-block=\"kb-adv-heading18349_55de12-b2\"] img.kb-inline-image{width:150px;vertical-align:baseline;}<\/style>\n<p class=\"kt-adv-heading18349_55de12-b2 wp-block-kadence-advancedheading\" data-kb-block=\"kb-adv-heading18349_55de12-b2\"><strong>10 septembre \u2013 9 octobre 2015<\/strong><br>Galerie L\u2019Entrep\u00f4t Monaco,<br>22, rue de Millo \u2013 MC 98000 Monaco<\/p>\n\n\n<style>.kb-row-layout-id18349_d71da2-7c > .kt-row-column-wrap{align-content:start;}:where(.kb-row-layout-id18349_d71da2-7c > .kt-row-column-wrap) > .wp-block-kadence-column{justify-content:start;}.kb-row-layout-id18349_d71da2-7c > .kt-row-column-wrap{column-gap:var(--global-kb-gap-md, 2rem);row-gap:var(--global-kb-gap-md, 2rem);max-width:var( --global-content-width, 1290px );padding-left:var(--global-content-edge-padding);padding-right:var(--global-content-edge-padding);padding-top:var(--global-kb-spacing-sm, 1.5rem);padding-bottom:var(--global-kb-spacing-sm, 1.5rem);grid-template-columns:minmax(0, 1fr);}.kb-row-layout-id18349_d71da2-7c > .kt-row-layout-overlay{opacity:0.30;}@media all and (max-width: 1024px){.kb-row-layout-id18349_d71da2-7c > .kt-row-column-wrap{grid-template-columns:minmax(0, 1fr);}}@media all and (max-width: 767px){.kb-row-layout-id18349_d71da2-7c > .kt-row-column-wrap{grid-template-columns:minmax(0, 1fr);}}<\/style><div class=\"kb-row-layout-wrap kb-row-layout-id18349_d71da2-7c alignnone wp-block-kadence-rowlayout\"><div class=\"kt-row-column-wrap kt-has-1-columns kt-row-layout-equal kt-tab-layout-inherit kt-mobile-layout-row kt-row-valign-top kb-theme-content-width\">\n<style>.kadence-column18349_72a28e-ea > .kt-inside-inner-col,.kadence-column18349_72a28e-ea > .kt-inside-inner-col:before{border-top-left-radius:0px;border-top-right-radius:0px;border-bottom-right-radius:0px;border-bottom-left-radius:0px;}.kadence-column18349_72a28e-ea > .kt-inside-inner-col{column-gap:var(--global-kb-gap-sm, 1rem);}.kadence-column18349_72a28e-ea > .kt-inside-inner-col{flex-direction:column;}.kadence-column18349_72a28e-ea > .kt-inside-inner-col > .aligncenter{width:100%;}.kadence-column18349_72a28e-ea > .kt-inside-inner-col:before{opacity:0.3;}.kadence-column18349_72a28e-ea{position:relative;}@media all and (max-width: 1024px){.kadence-column18349_72a28e-ea > .kt-inside-inner-col{flex-direction:column;justify-content:center;}}@media all and (max-width: 767px){.kadence-column18349_72a28e-ea > .kt-inside-inner-col{flex-direction:column;justify-content:center;}}<\/style>\n<div class=\"wp-block-kadence-column kadence-column18349_72a28e-ea\"><div class=\"kt-inside-inner-col\"><style>.wp-block-kadence-advancedheading.kt-adv-heading18349_dff6e1-4a, .wp-block-kadence-advancedheading.kt-adv-heading18349_dff6e1-4a[data-kb-block=\"kb-adv-heading18349_dff6e1-4a\"]{margin-bottom:var(--global-kb-spacing-md, 2rem);font-style:normal;text-transform:none;}.wp-block-kadence-advancedheading.kt-adv-heading18349_dff6e1-4a mark.kt-highlight, .wp-block-kadence-advancedheading.kt-adv-heading18349_dff6e1-4a[data-kb-block=\"kb-adv-heading18349_dff6e1-4a\"] mark.kt-highlight{font-style:normal;color:#f76a0c;-webkit-box-decoration-break:clone;box-decoration-break:clone;padding-top:0px;padding-right:0px;padding-bottom:0px;padding-left:0px;}.wp-block-kadence-advancedheading.kt-adv-heading18349_dff6e1-4a img.kb-inline-image, .wp-block-kadence-advancedheading.kt-adv-heading18349_dff6e1-4a[data-kb-block=\"kb-adv-heading18349_dff6e1-4a\"] img.kb-inline-image{width:150px;vertical-align:baseline;}<\/style>\n<p class=\"kt-adv-heading18349_dff6e1-4a wp-block-kadence-advancedheading\" data-kb-block=\"kb-adv-heading18349_dff6e1-4a\">Sur des pages de livres trouv\u00e9s dans les rues ici ou ailleurs, des vieilles partitions ou des papiers plus classiques, Sa\u00efssi en remet une couche et raconte avec v\u00e9h\u00e9mence des histoires plus ou moins louches, entre r\u00e9el et imaginaire, improvisation et crashs assum\u00e9s.<br>&nbsp;<br><strong>A Monaco, galerie de l\u2019Entrep\u00f4t, Sa\u00efssi, artiste franc-tireur sans \u00e9cole ni chapelle, pr\u00e9sente quelques 50 dessins.<\/strong><br><br>\u00ab Ils sont le r\u00e9sultat d\u2019une pens\u00e9e rageuse, puissante, aguerrie par de longues ann\u00e9es d\u2019une lutte f\u00e9roce pour exister dans le monde de l\u2019art. <br>Tout aussi f\u00e9roces sont les dessins qu\u2019il expose, cinglante r\u00e9ponse \u00e0 la difficult\u00e9 d\u2019\u00eatre accueilli dans un univers carnassier que r\u00e9git la loi des modes et la valeur marchande. <br>Sur des pages de livres trouv\u00e9s dans la rue, des pages imprim\u00e9es de l\u2019\u00e9l\u00e9gante calligraphie arabe, sur des partitions de musique, l\u2019homme jette sa vie, ses visions, ce que lui inspire le monde au fusain, \u00e0 l\u2019encre de chine et fait jaillir des images d\u2019une mordante ironie. \u00bb<br><br>Extrait de l\u2019article de Mich\u00e8le Nakache pour La Strada<\/p>\n\n\n<style>.wp-block-kadence-advancedgallery.kb-gallery-wrap-id-18349_cd552a-d2{margin-top:var(--global-kb-spacing-xs, 1rem);margin-bottom:var(--global-kb-spacing-lg, 3rem);}.wp-block-kadence-advancedgallery .kb-gallery-type-grid.kb-gallery-id-18349_cd552a-d2{margin:-5px;}.kb-gallery-type-grid.kb-gallery-id-18349_cd552a-d2 .kadence-blocks-gallery-item{padding:5px;}.kb-gallery-id-18349_cd552a-d2 .kadence-blocks-gallery-item .kb-gal-image-radius, .kb-gallery-id-18349_cd552a-d2 .kb-slide-item .kb-gal-image-radius img{border-radius:0px 0px 0px 0px;;}<\/style><div class=\"kb-gallery-wrap-id-18349_cd552a-d2 alignnone wp-block-kadence-advancedgallery\"><ul class=\"kb-gallery-ul kb-gallery-non-static kb-gallery-type-grid kb-gallery-id-18349_cd552a-d2 kb-gallery-caption-style-bottom-hover kb-gallery-filter-none kb-gallery-magnific-init\" data-image-filter=\"none\" data-item-selector=\".kadence-blocks-gallery-item\" data-lightbox-caption=\"true\" data-columns-xxl=\"3\" data-columns-xl=\"3\" data-columns-md=\"3\" data-columns-sm=\"2\" data-columns-xs=\"1\" data-columns-ss=\"1\"><li class=\"kadence-blocks-gallery-item\"><div class=\"kadence-blocks-gallery-item-inner\"><figure class=\"kb-gallery-figure kb-gallery-item-has-link kadence-blocks-gallery-item-hide-caption\"><a href=\"https:\/\/www.francksaissi.com\/wp-content\/uploads\/2015\/08\/affiche-SaissiNL.jpg\" data-alt=\"Affiche de l&#039;exposition Lever l&#039;encre de Franck Sa\u00efssi \u00e0 l&#039;Entrep\u00f4t, Monaco\" class=\"kb-gallery-item-link\"   role=\"button\" aria-haspopup=\"dialog\"><div class=\"kb-gal-image-radius\"><div class=\"kb-gallery-image-contain kadence-blocks-gallery-intrinsic kb-gallery-image-ratio-land32 kb-has-image-ratio-land32\" ><img loading=\"lazy\" decoding=\"async\" src=\"https:\/\/www.francksaissi.com\/wp-content\/uploads\/2015\/08\/affiche-SaissiNL.jpg\" width=\"707\" height=\"1000\" alt=\"Affiche de l&#039;exposition Lever l&#039;encre de Franck Sa\u00efssi \u00e0 l&#039;Entrep\u00f4t, Monaco\" data-full-image=\"https:\/\/www.francksaissi.com\/wp-content\/uploads\/2015\/08\/affiche-SaissiNL.jpg\" data-light-image=\"https:\/\/www.francksaissi.com\/wp-content\/uploads\/2015\/08\/affiche-SaissiNL.jpg\" data-id=\"5709\" class=\"wp-image-5709\" srcset=\"https:\/\/www.francksaissi.com\/wp-content\/uploads\/2015\/08\/affiche-SaissiNL.jpg 707w, https:\/\/www.francksaissi.com\/wp-content\/uploads\/2015\/08\/affiche-SaissiNL-600x849.jpg 600w, https:\/\/www.francksaissi.com\/wp-content\/uploads\/2015\/08\/affiche-SaissiNL-424x600.jpg 424w, https:\/\/www.francksaissi.com\/wp-content\/uploads\/2015\/08\/affiche-SaissiNL-642x908.jpg 642w\" sizes=\"auto, (max-width: 707px) 100vw, 707px\" \/><\/div><\/div><\/a><\/figure><\/div><\/li><li class=\"kadence-blocks-gallery-item\"><div class=\"kadence-blocks-gallery-item-inner\"><figure class=\"kb-gallery-figure kb-gallery-item-has-link kadence-blocks-gallery-item-hide-caption\"><a href=\"https:\/\/www.francksaissi.com\/wp-content\/uploads\/2015\/08\/IMG_4547-scaled.jpg\" data-alt=\"Vernissage expo lever l&#039;encre\" class=\"kb-gallery-item-link\"   role=\"button\" aria-haspopup=\"dialog\"><div class=\"kb-gal-image-radius\"><div class=\"kb-gallery-image-contain kadence-blocks-gallery-intrinsic kb-gallery-image-ratio-land32 kb-has-image-ratio-land32\" ><img loading=\"lazy\" decoding=\"async\" src=\"https:\/\/www.francksaissi.com\/wp-content\/uploads\/2015\/08\/IMG_4547-1024x768.jpg\" width=\"1000\" height=\"750\" alt=\"Vernissage expo lever l&#039;encre\" data-full-image=\"https:\/\/www.francksaissi.com\/wp-content\/uploads\/2015\/08\/IMG_4547-scaled.jpg\" data-light-image=\"https:\/\/www.francksaissi.com\/wp-content\/uploads\/2015\/08\/IMG_4547-scaled.jpg\" data-id=\"5720\" class=\"wp-image-5720\" srcset=\"https:\/\/www.francksaissi.com\/wp-content\/uploads\/2015\/08\/IMG_4547-1024x768.jpg 1024w, https:\/\/www.francksaissi.com\/wp-content\/uploads\/2015\/08\/IMG_4547-scaled-1000x750.jpg 1000w, https:\/\/www.francksaissi.com\/wp-content\/uploads\/2015\/08\/IMG_4547-600x450.jpg 600w, https:\/\/www.francksaissi.com\/wp-content\/uploads\/2015\/08\/IMG_4547-642x482.jpg 642w, https:\/\/www.francksaissi.com\/wp-content\/uploads\/2015\/08\/IMG_4547-978x734.jpg 978w\" sizes=\"auto, (max-width: 1000px) 100vw, 1000px\" \/><\/div><\/div><\/a><\/figure><\/div><\/li><li class=\"kadence-blocks-gallery-item\"><div class=\"kadence-blocks-gallery-item-inner\"><figure class=\"kb-gallery-figure kb-gallery-item-has-link kadence-blocks-gallery-item-hide-caption\"><a href=\"https:\/\/www.francksaissi.com\/wp-content\/uploads\/2015\/08\/IMG_4566-scaled.jpg\" data-alt=\"Vue de l&#039;exposition Lever l&#039;encre \u00e0 Monaco de Franck Sa\u00efssi\" class=\"kb-gallery-item-link\"   role=\"button\" aria-haspopup=\"dialog\"><div class=\"kb-gal-image-radius\"><div class=\"kb-gallery-image-contain kadence-blocks-gallery-intrinsic kb-gallery-image-ratio-land32 kb-has-image-ratio-land32\" ><img loading=\"lazy\" decoding=\"async\" src=\"https:\/\/www.francksaissi.com\/wp-content\/uploads\/2015\/08\/IMG_4566-1024x768.jpg\" width=\"1000\" height=\"750\" alt=\"Vue de l&#039;exposition Lever l&#039;encre \u00e0 Monaco de Franck Sa\u00efssi\" data-full-image=\"https:\/\/www.francksaissi.com\/wp-content\/uploads\/2015\/08\/IMG_4566-scaled.jpg\" data-light-image=\"https:\/\/www.francksaissi.com\/wp-content\/uploads\/2015\/08\/IMG_4566-scaled.jpg\" data-id=\"5722\" class=\"wp-image-5722\" srcset=\"https:\/\/www.francksaissi.com\/wp-content\/uploads\/2015\/08\/IMG_4566-1024x768.jpg 1024w, https:\/\/www.francksaissi.com\/wp-content\/uploads\/2015\/08\/IMG_4566-scaled-1000x750.jpg 1000w, https:\/\/www.francksaissi.com\/wp-content\/uploads\/2015\/08\/IMG_4566-600x450.jpg 600w, https:\/\/www.francksaissi.com\/wp-content\/uploads\/2015\/08\/IMG_4566-642x482.jpg 642w, https:\/\/www.francksaissi.com\/wp-content\/uploads\/2015\/08\/IMG_4566-978x734.jpg 978w\" sizes=\"auto, (max-width: 1000px) 100vw, 1000px\" \/><\/div><\/div><\/a><\/figure><\/div><\/li><\/ul><\/div>\n\n<style>.kb-row-layout-wrap.wp-block-kadence-rowlayout.kb-row-layout-id18349_1aad99-59{margin-bottom:var(--global-kb-spacing-sm, 1.5rem);}.kb-row-layout-id18349_1aad99-59 > .kt-row-column-wrap{align-content:start;}:where(.kb-row-layout-id18349_1aad99-59 > .kt-row-column-wrap) > .wp-block-kadence-column{justify-content:start;}.kb-row-layout-id18349_1aad99-59 > .kt-row-column-wrap{column-gap:var(--global-kb-gap-md, 2rem);row-gap:var(--global-kb-gap-md, 2rem);max-width:600px;margin-left:auto;margin-right:auto;padding-top:var(--global-kb-spacing-sm, 1.5rem);padding-bottom:var(--global-kb-spacing-sm, 1.5rem);grid-template-columns:repeat(2, minmax(0, 1fr));}.kb-row-layout-id18349_1aad99-59 > .kt-row-layout-overlay{opacity:0.30;}@media all and (max-width: 1024px){.kb-row-layout-id18349_1aad99-59 > .kt-row-column-wrap{grid-template-columns:repeat(2, minmax(0, 1fr));}}@media all and (max-width: 767px){.kb-row-layout-id18349_1aad99-59 > .kt-row-column-wrap{grid-template-columns:minmax(0, 1fr);}}<\/style><div class=\"kb-row-layout-wrap kb-row-layout-id18349_1aad99-59 alignnone wp-block-kadence-rowlayout\"><div class=\"kt-row-column-wrap kt-has-2-columns kt-row-layout-equal kt-tab-layout-inherit kt-mobile-layout-row kt-row-valign-top\">\n<style>.kadence-column18349_9b6ed0-f8 > .kt-inside-inner-col,.kadence-column18349_9b6ed0-f8 > .kt-inside-inner-col:before{border-top-left-radius:0px;border-top-right-radius:0px;border-bottom-right-radius:0px;border-bottom-left-radius:0px;}.kadence-column18349_9b6ed0-f8 > .kt-inside-inner-col{column-gap:var(--global-kb-gap-sm, 1rem);}.kadence-column18349_9b6ed0-f8 > .kt-inside-inner-col{flex-direction:column;}.kadence-column18349_9b6ed0-f8 > .kt-inside-inner-col > .aligncenter{width:100%;}.kadence-column18349_9b6ed0-f8 > .kt-inside-inner-col:before{opacity:0.3;}.kadence-column18349_9b6ed0-f8{position:relative;}@media all and (max-width: 1024px){.kadence-column18349_9b6ed0-f8 > .kt-inside-inner-col{flex-direction:column;justify-content:center;}}@media all and (max-width: 767px){.kadence-column18349_9b6ed0-f8 > .kt-inside-inner-col{flex-direction:column;justify-content:center;}}<\/style>\n<div class=\"wp-block-kadence-column kadence-column18349_9b6ed0-f8\"><div class=\"kt-inside-inner-col\"><style>.kb-image18349_3963c6-67 .kb-image-has-overlay:after{opacity:0.3;}<\/style>\n<div class=\"wp-block-kadence-image kb-image18349_3963c6-67\"><figure class=\"aligncenter size-thumbnail\"><a href=\"https:\/\/www.francksaissi.com\/wp-content\/uploads\/2015\/09\/12007101_10204409005400459_650055088_n.jpg\" class=\"kb-advanced-image-link\" target=\"_blank\" rel=\"noopener noreferrer\"><img loading=\"lazy\" decoding=\"async\" width=\"200\" height=\"200\" src=\"https:\/\/www.francksaissi.com\/wp-content\/uploads\/2015\/09\/12007101_10204409005400459_650055088_n-200x200.jpg\" alt=\"Article sur l'exposition Lever l'Encre \u00e0 Monaco de Franck Sa\u00efssi dans Le patriote\" class=\"kb-img wp-image-5742\" srcset=\"https:\/\/www.francksaissi.com\/wp-content\/uploads\/2015\/09\/12007101_10204409005400459_650055088_n-200x200.jpg 200w, https:\/\/www.francksaissi.com\/wp-content\/uploads\/2015\/09\/12007101_10204409005400459_650055088_n-750x746.jpg 750w, https:\/\/www.francksaissi.com\/wp-content\/uploads\/2015\/09\/12007101_10204409005400459_650055088_n-100x100.jpg 100w, https:\/\/www.francksaissi.com\/wp-content\/uploads\/2015\/09\/12007101_10204409005400459_650055088_n-125x125.jpg 125w\" sizes=\"auto, (max-width: 200px) 100vw, 200px\" \/><\/a><\/figure><\/div>\n\n\n<style>.wp-block-kadence-advancedheading.kt-adv-heading18349_2464d9-57, .wp-block-kadence-advancedheading.kt-adv-heading18349_2464d9-57[data-kb-block=\"kb-adv-heading18349_2464d9-57\"]{text-align:center;font-style:normal;}.wp-block-kadence-advancedheading.kt-adv-heading18349_2464d9-57 mark.kt-highlight, .wp-block-kadence-advancedheading.kt-adv-heading18349_2464d9-57[data-kb-block=\"kb-adv-heading18349_2464d9-57\"] mark.kt-highlight{font-style:normal;color:#f76a0c;-webkit-box-decoration-break:clone;box-decoration-break:clone;padding-top:0px;padding-right:0px;padding-bottom:0px;padding-left:0px;}.wp-block-kadence-advancedheading.kt-adv-heading18349_2464d9-57 img.kb-inline-image, .wp-block-kadence-advancedheading.kt-adv-heading18349_2464d9-57[data-kb-block=\"kb-adv-heading18349_2464d9-57\"] img.kb-inline-image{width:150px;vertical-align:baseline;}<\/style>\n<p class=\"kt-adv-heading18349_2464d9-57 wp-block-kadence-advancedheading\" data-kb-block=\"kb-adv-heading18349_2464d9-57\"><strong>La libert\u00e9 en noir et blanc<\/strong><br><em>La Strada <\/em>\u2013 2017<br><a href=\"https:\/\/www.francksaissi.com\/wp-content\/uploads\/2017\/07\/articlestradaw.jpg\" target=\"_blank\" rel=\"noreferrer noopener\">[Voir l\u2019article]<\/a><\/p>\n<\/div><\/div>\n\n\n<style>.kadence-column18349_bed388-77 > .kt-inside-inner-col,.kadence-column18349_bed388-77 > .kt-inside-inner-col:before{border-top-left-radius:0px;border-top-right-radius:0px;border-bottom-right-radius:0px;border-bottom-left-radius:0px;}.kadence-column18349_bed388-77 > .kt-inside-inner-col{column-gap:var(--global-kb-gap-sm, 1rem);}.kadence-column18349_bed388-77 > .kt-inside-inner-col{flex-direction:column;}.kadence-column18349_bed388-77 > .kt-inside-inner-col > .aligncenter{width:100%;}.kadence-column18349_bed388-77 > .kt-inside-inner-col:before{opacity:0.3;}.kadence-column18349_bed388-77{position:relative;}@media all and (max-width: 1024px){.kadence-column18349_bed388-77 > .kt-inside-inner-col{flex-direction:column;justify-content:center;}}@media all and (max-width: 767px){.kadence-column18349_bed388-77 > .kt-inside-inner-col{flex-direction:column;justify-content:center;}}<\/style>\n<div class=\"wp-block-kadence-column kadence-column18349_bed388-77\"><div class=\"kt-inside-inner-col\"><style>.kb-image18349_ac7534-95 .kb-image-has-overlay:after{opacity:0.3;}<\/style>\n<div class=\"wp-block-kadence-image kb-image18349_ac7534-95\"><figure class=\"aligncenter size-thumbnail\"><a href=\"https:\/\/www.francksaissi.com\/wp-content\/uploads\/2025\/04\/MONACO-MATIN-07-10-2015-1400-1000x756.jpg\" class=\"kb-advanced-image-link\" target=\"_blank\" rel=\"noopener noreferrer\"><img loading=\"lazy\" decoding=\"async\" width=\"200\" height=\"151\" src=\"https:\/\/www.francksaissi.com\/wp-content\/uploads\/2025\/04\/MONACO-MATIN-07-10-2015-1400-200x151.jpg\" alt=\"Vue de l'exposition Lever l'encre \u00e0 Monaco par Franck Sa\u00efssi, article de presse dans Monaco Matin\" class=\"kb-img wp-image-16264\" srcset=\"https:\/\/www.francksaissi.com\/wp-content\/uploads\/2025\/04\/MONACO-MATIN-07-10-2015-1400-200x151.jpg 200w, https:\/\/www.francksaissi.com\/wp-content\/uploads\/2025\/04\/MONACO-MATIN-07-10-2015-1400-1000x756.jpg 1000w, https:\/\/www.francksaissi.com\/wp-content\/uploads\/2025\/04\/MONACO-MATIN-07-10-2015-1400-600x454.jpg 600w, https:\/\/www.francksaissi.com\/wp-content\/uploads\/2025\/04\/MONACO-MATIN-07-10-2015-1400-768x581.jpg 768w, https:\/\/www.francksaissi.com\/wp-content\/uploads\/2025\/04\/MONACO-MATIN-07-10-2015-1400-800x600.jpg 800w, https:\/\/www.francksaissi.com\/wp-content\/uploads\/2025\/04\/MONACO-MATIN-07-10-2015-1400.jpg 1400w\" sizes=\"auto, (max-width: 200px) 100vw, 200px\" \/><\/a><\/figure><\/div>\n\n\n<style>.wp-block-kadence-advancedheading.kt-adv-heading18349_3df423-45, .wp-block-kadence-advancedheading.kt-adv-heading18349_3df423-45[data-kb-block=\"kb-adv-heading18349_3df423-45\"]{text-align:center;font-style:normal;}.wp-block-kadence-advancedheading.kt-adv-heading18349_3df423-45 mark.kt-highlight, .wp-block-kadence-advancedheading.kt-adv-heading18349_3df423-45[data-kb-block=\"kb-adv-heading18349_3df423-45\"] mark.kt-highlight{font-style:normal;color:#f76a0c;-webkit-box-decoration-break:clone;box-decoration-break:clone;padding-top:0px;padding-right:0px;padding-bottom:0px;padding-left:0px;}.wp-block-kadence-advancedheading.kt-adv-heading18349_3df423-45 img.kb-inline-image, .wp-block-kadence-advancedheading.kt-adv-heading18349_3df423-45[data-kb-block=\"kb-adv-heading18349_3df423-45\"] img.kb-inline-image{width:150px;vertical-align:baseline;}<\/style>\n<p class=\"kt-adv-heading18349_3df423-45 wp-block-kadence-advancedheading\" data-kb-block=\"kb-adv-heading18349_3df423-45\"><strong>L\u2019homme qui donne une deuxi\u00e8me vie au papier<\/strong><br><em>Monaco Matin <\/em>\u2013 2015<br><a href=\"https:\/\/www.francksaissi.com\/wp-content\/uploads\/2025\/04\/MONACO-MATIN-07-10-2015-1400.jpg\" target=\"_blank\" rel=\"noreferrer noopener\">[Voir l\u2019article]<\/a><\/p>\n<\/div><\/div>\n\n<\/div><\/div><\/div><\/div>\n\n<\/div><\/div>\n\n\n","protected":false},"excerpt":{"rendered":"<p>Lever l&rsquo;Encre Solo Show \u00e0 Monaco 10 septembre \u2013 9 octobre 2015Galerie L\u2019Entrep\u00f4t Monaco,22, rue de Millo \u2013 MC 98000 Monaco Sur des pages de livres trouv\u00e9s dans les rues ici ou ailleurs, des vieilles partitions ou des papiers plus classiques, Sa\u00efssi en remet une couche et raconte avec v\u00e9h\u00e9mence des histoires plus ou moins&#8230;<\/p>","protected":false},"author":34,"featured_media":5720,"parent":18226,"menu_order":7,"comment_status":"closed","ping_status":"closed","template":"","meta":{"_acf_changed":false,"_kad_post_transparent":"","_kad_post_title":"","_kad_post_layout":"","_kad_post_sidebar_id":"","_kad_post_content_style":"","_kad_post_vertical_padding":"","_kad_post_feature":"","_kad_post_feature_position":"","_kad_post_header":false,"_kad_post_footer":false,"_kad_post_classname":"","iawp_total_views":8,"footnotes":""},"class_list":["post-18349","page","type-page","status-publish","has-post-thumbnail","hentry"],"acf":[],"_links":{"self":[{"href":"https:\/\/www.francksaissi.com\/en\/wp-json\/wp\/v2\/pages\/18349","targetHints":{"allow":["GET"]}}],"collection":[{"href":"https:\/\/www.francksaissi.com\/en\/wp-json\/wp\/v2\/pages"}],"about":[{"href":"https:\/\/www.francksaissi.com\/en\/wp-json\/wp\/v2\/types\/page"}],"author":[{"embeddable":true,"href":"https:\/\/www.francksaissi.com\/en\/wp-json\/wp\/v2\/users\/34"}],"replies":[{"embeddable":true,"href":"https:\/\/www.francksaissi.com\/en\/wp-json\/wp\/v2\/comments?post=18349"}],"version-history":[{"count":3,"href":"https:\/\/www.francksaissi.com\/en\/wp-json\/wp\/v2\/pages\/18349\/revisions"}],"predecessor-version":[{"id":21885,"href":"https:\/\/www.francksaissi.com\/en\/wp-json\/wp\/v2\/pages\/18349\/revisions\/21885"}],"up":[{"embeddable":true,"href":"https:\/\/www.francksaissi.com\/en\/wp-json\/wp\/v2\/pages\/18226"}],"wp:featuredmedia":[{"embeddable":true,"href":"https:\/\/www.francksaissi.com\/en\/wp-json\/wp\/v2\/media\/5720"}],"wp:attachment":[{"href":"https:\/\/www.francksaissi.com\/en\/wp-json\/wp\/v2\/media?parent=18349"}],"curies":[{"name":"wp","href":"https:\/\/api.w.org\/{rel}","templated":true}]}}