{"id":18341,"date":"2025-06-14T13:27:59","date_gmt":"2025-06-14T11:27:59","guid":{"rendered":"https:\/\/www.francksaissi.com\/?page_id=18341"},"modified":"2026-02-05T17:33:46","modified_gmt":"2026-02-05T16:33:46","slug":"dessins-expo","status":"publish","type":"page","link":"https:\/\/www.francksaissi.com\/en\/expositions\/dessins-expo\/","title":{"rendered":"Drawings"},"content":{"rendered":"<style>.wp-block-kadence-advancedheading.kt-adv-heading18341_a54915-a7, .wp-block-kadence-advancedheading.kt-adv-heading18341_a54915-a7[data-kb-block=\"kb-adv-heading18341_a54915-a7\"]{padding-bottom:25px;text-align:center;font-size:var(--global-kb-font-size-xl, 3rem);font-style:normal;text-transform:none;letter-spacing:1.3px;}.wp-block-kadence-advancedheading.kt-adv-heading18341_a54915-a7 mark.kt-highlight, .wp-block-kadence-advancedheading.kt-adv-heading18341_a54915-a7[data-kb-block=\"kb-adv-heading18341_a54915-a7\"] mark.kt-highlight{letter-spacing:1.3px;font-style:normal;color:#f76a0c;border-bottom:2px solid #abb8c3;-webkit-box-decoration-break:clone;box-decoration-break:clone;padding-bottom:30px;}.wp-block-kadence-advancedheading.kt-adv-heading18341_a54915-a7 img.kb-inline-image, .wp-block-kadence-advancedheading.kt-adv-heading18341_a54915-a7[data-kb-block=\"kb-adv-heading18341_a54915-a7\"] img.kb-inline-image{width:150px;vertical-align:baseline;}@media all and (max-width: 1024px){.wp-block-kadence-advancedheading.kt-adv-heading18341_a54915-a7 mark.kt-highlight, .wp-block-kadence-advancedheading.kt-adv-heading18341_a54915-a7[data-kb-block=\"kb-adv-heading18341_a54915-a7\"] mark.kt-highlight{border-bottom:2px solid #abb8c3;}}@media all and (max-width: 767px){.wp-block-kadence-advancedheading.kt-adv-heading18341_a54915-a7 mark.kt-highlight, .wp-block-kadence-advancedheading.kt-adv-heading18341_a54915-a7[data-kb-block=\"kb-adv-heading18341_a54915-a7\"] mark.kt-highlight{border-bottom:2px solid #abb8c3;}}<\/style>\n<h1 class=\"kt-adv-heading18341_a54915-a7 wp-block-kadence-advancedheading\" data-kb-block=\"kb-adv-heading18341_a54915-a7\">Dessins<\/h1>\n\n\n<style>.wp-block-kadence-advancedheading.kt-adv-heading18341_b32ab5-69, .wp-block-kadence-advancedheading.kt-adv-heading18341_b32ab5-69[data-kb-block=\"kb-adv-heading18341_b32ab5-69\"]{margin-bottom:var(--global-kb-spacing-lg, 3rem);text-align:center;font-size:var(--global-kb-font-size-lg, 2rem);font-style:normal;text-transform:none;letter-spacing:1.3px;}.wp-block-kadence-advancedheading.kt-adv-heading18341_b32ab5-69 mark.kt-highlight, .wp-block-kadence-advancedheading.kt-adv-heading18341_b32ab5-69[data-kb-block=\"kb-adv-heading18341_b32ab5-69\"] mark.kt-highlight{letter-spacing:1.3px;font-style:normal;color:#f76a0c;border-bottom:2px solid #abb8c3;-webkit-box-decoration-break:clone;box-decoration-break:clone;padding-bottom:30px;}.wp-block-kadence-advancedheading.kt-adv-heading18341_b32ab5-69 img.kb-inline-image, .wp-block-kadence-advancedheading.kt-adv-heading18341_b32ab5-69[data-kb-block=\"kb-adv-heading18341_b32ab5-69\"] img.kb-inline-image{width:150px;vertical-align:baseline;}@media all and (max-width: 1024px){.wp-block-kadence-advancedheading.kt-adv-heading18341_b32ab5-69 mark.kt-highlight, .wp-block-kadence-advancedheading.kt-adv-heading18341_b32ab5-69[data-kb-block=\"kb-adv-heading18341_b32ab5-69\"] mark.kt-highlight{border-bottom:2px solid #abb8c3;}}@media all and (max-width: 767px){.wp-block-kadence-advancedheading.kt-adv-heading18341_b32ab5-69 mark.kt-highlight, .wp-block-kadence-advancedheading.kt-adv-heading18341_b32ab5-69[data-kb-block=\"kb-adv-heading18341_b32ab5-69\"] mark.kt-highlight{border-bottom:2px solid #abb8c3;}}<\/style>\n<h2 class=\"kt-adv-heading18341_b32ab5-69 wp-block-kadence-advancedheading\" data-kb-block=\"kb-adv-heading18341_b32ab5-69\">Galerie Depardieu<\/h2>\n\n\n<style>.kb-row-layout-id18341_d75805-21 > .kt-row-column-wrap{align-content:center;}:where(.kb-row-layout-id18341_d75805-21 > .kt-row-column-wrap) > .wp-block-kadence-column{justify-content:center;}.kb-row-layout-id18341_d75805-21 > .kt-row-column-wrap{column-gap:var(--global-kb-gap-md, 2rem);row-gap:var(--global-kb-gap-md, 2rem);max-width:var( --global-content-width, 1290px );padding-left:var(--global-content-edge-padding);padding-right:var(--global-content-edge-padding);padding-top:var(--global-kb-spacing-sm, 1.5rem);padding-bottom:var(--global-kb-spacing-sm, 1.5rem);grid-template-columns:minmax(0, 2fr) minmax(0, 1fr);}.kb-row-layout-id18341_d75805-21 > .kt-row-layout-overlay{opacity:0.30;}@media all and (max-width: 1024px){.kb-row-layout-id18341_d75805-21 > .kt-row-column-wrap{grid-template-columns:minmax(0, 2fr) minmax(0, 1fr);}}@media all and (max-width: 767px){.kb-row-layout-id18341_d75805-21 > .kt-row-column-wrap{grid-template-columns:minmax(0, 1fr);}}<\/style><div class=\"kb-row-layout-wrap kb-row-layout-id18341_d75805-21 alignnone wp-block-kadence-rowlayout\"><div class=\"kt-row-column-wrap kt-has-2-columns kt-row-layout-left-golden kt-tab-layout-inherit kt-mobile-layout-row kt-row-valign-middle kb-theme-content-width\">\n<style>.kadence-column18341_98f3ac-45 > .kt-inside-inner-col,.kadence-column18341_98f3ac-45 > .kt-inside-inner-col:before{border-top-left-radius:0px;border-top-right-radius:0px;border-bottom-right-radius:0px;border-bottom-left-radius:0px;}.kadence-column18341_98f3ac-45 > .kt-inside-inner-col{column-gap:var(--global-kb-gap-sm, 1rem);}.kadence-column18341_98f3ac-45 > .kt-inside-inner-col{flex-direction:column;}.kadence-column18341_98f3ac-45 > .kt-inside-inner-col > .aligncenter{width:100%;}.kadence-column18341_98f3ac-45 > .kt-inside-inner-col:before{opacity:0.3;}.kadence-column18341_98f3ac-45{position:relative;}@media all and (max-width: 1024px){.kadence-column18341_98f3ac-45 > .kt-inside-inner-col{flex-direction:column;justify-content:center;}}@media all and (max-width: 767px){.kadence-column18341_98f3ac-45 > .kt-inside-inner-col{flex-direction:column;justify-content:center;}}<\/style>\n<div class=\"wp-block-kadence-column kadence-column18341_98f3ac-45\"><div class=\"kt-inside-inner-col\"><style>.wp-block-kadence-advancedheading.kt-adv-heading18341_810e0b-4f, .wp-block-kadence-advancedheading.kt-adv-heading18341_810e0b-4f[data-kb-block=\"kb-adv-heading18341_810e0b-4f\"]{font-style:normal;text-transform:none;}.wp-block-kadence-advancedheading.kt-adv-heading18341_810e0b-4f mark.kt-highlight, .wp-block-kadence-advancedheading.kt-adv-heading18341_810e0b-4f[data-kb-block=\"kb-adv-heading18341_810e0b-4f\"] mark.kt-highlight{font-style:normal;color:#f76a0c;-webkit-box-decoration-break:clone;box-decoration-break:clone;padding-top:0px;padding-right:0px;padding-bottom:0px;padding-left:0px;}.wp-block-kadence-advancedheading.kt-adv-heading18341_810e0b-4f img.kb-inline-image, .wp-block-kadence-advancedheading.kt-adv-heading18341_810e0b-4f[data-kb-block=\"kb-adv-heading18341_810e0b-4f\"] img.kb-inline-image{width:150px;vertical-align:baseline;}<\/style>\n<p class=\"kt-adv-heading18341_810e0b-4f wp-block-kadence-advancedheading\" data-kb-block=\"kb-adv-heading18341_810e0b-4f\">Vernissage Jeudi 6 juillet 2017 de 18h \u00e0 20h<br>Exposition jusqu\u2019au 29 juillet 2017<br><br>J\u2019y pr\u00e9sente un ensemble de dessins r\u00e9cents r\u00e9alis\u00e9s \u00e0 l\u2019encre sur pages de livres, partitions musicales et cartes marines. Ces supports, porteurs d\u2019histoires et de strates de lecture, deviennent le th\u00e9\u00e2tre d\u2019interventions graphiques qui interrogent la m\u00e9moire, l\u2019oubli, et la circulation des formes.<br><br>6, rue du docteur Jacques Guidoni<br>(ex passage Gioffredo)<br>06000 Nice<br>Ouvert du lundi au samedi de 14h30 \u00e0 18h30<\/p>\n<\/div><\/div>\n\n\n<style>.kadence-column18341_7f10a9-69 > .kt-inside-inner-col,.kadence-column18341_7f10a9-69 > .kt-inside-inner-col:before{border-top-left-radius:0px;border-top-right-radius:0px;border-bottom-right-radius:0px;border-bottom-left-radius:0px;}.kadence-column18341_7f10a9-69 > .kt-inside-inner-col{column-gap:var(--global-kb-gap-sm, 1rem);}.kadence-column18341_7f10a9-69 > .kt-inside-inner-col{flex-direction:column;}.kadence-column18341_7f10a9-69 > .kt-inside-inner-col > .aligncenter{width:100%;}.kadence-column18341_7f10a9-69 > .kt-inside-inner-col:before{opacity:0.3;}.kadence-column18341_7f10a9-69{position:relative;}@media all and (max-width: 1024px){.kadence-column18341_7f10a9-69 > .kt-inside-inner-col{flex-direction:column;justify-content:center;}}@media all and (max-width: 767px){.kadence-column18341_7f10a9-69 > .kt-inside-inner-col{flex-direction:column;justify-content:center;}}<\/style>\n<div class=\"wp-block-kadence-column kadence-column18341_7f10a9-69\"><div class=\"kt-inside-inner-col\"><style>.kb-image18341_1e6f51-c2 .kb-image-has-overlay:after{opacity:0.3;background-color:#000000;}<\/style>\n<figure class=\"wp-block-kadence-image kb-image18341_1e6f51-c2 size-full\"><div class=\"kb-image-has-overlay\"><img loading=\"lazy\" decoding=\"async\" width=\"1000\" height=\"713\" src=\"https:\/\/www.francksaissi.com\/wp-content\/uploads\/2017\/07\/carton-verso.jpg\" alt=\"carton-verso-expo-depardieu\" class=\"kb-img wp-image-7960\" srcset=\"https:\/\/www.francksaissi.com\/wp-content\/uploads\/2017\/07\/carton-verso.jpg 1000w, https:\/\/www.francksaissi.com\/wp-content\/uploads\/2017\/07\/carton-verso-750x535.jpg 750w, https:\/\/www.francksaissi.com\/wp-content\/uploads\/2017\/07\/carton-verso-200x143.jpg 200w, https:\/\/www.francksaissi.com\/wp-content\/uploads\/2017\/07\/carton-verso-600x428.jpg 600w, https:\/\/www.francksaissi.com\/wp-content\/uploads\/2017\/07\/carton-verso-768x548.jpg 768w, https:\/\/www.francksaissi.com\/wp-content\/uploads\/2017\/07\/carton-verso-640x456.jpg 640w\" sizes=\"auto, (max-width: 1000px) 100vw, 1000px\" \/><\/div><\/figure>\n<\/div><\/div>\n\n<\/div><\/div>\n\n\n","protected":false},"excerpt":{"rendered":"<p>Dessins Galerie Depardieu Vernissage Jeudi 6 juillet 2017 de 18h \u00e0 20hExposition jusqu\u2019au 29 juillet 2017 J\u2019y pr\u00e9sente un ensemble de dessins r\u00e9cents r\u00e9alis\u00e9s \u00e0 l\u2019encre sur pages de livres, partitions musicales et cartes marines. Ces supports, porteurs d\u2019histoires et de strates de lecture, deviennent le th\u00e9\u00e2tre d\u2019interventions graphiques qui interrogent la m\u00e9moire, l\u2019oubli, et&#8230;<\/p>","protected":false},"author":34,"featured_media":7960,"parent":18226,"menu_order":10,"comment_status":"closed","ping_status":"closed","template":"","meta":{"_acf_changed":false,"_kad_post_transparent":"","_kad_post_title":"","_kad_post_layout":"","_kad_post_sidebar_id":"","_kad_post_content_style":"","_kad_post_vertical_padding":"","_kad_post_feature":"","_kad_post_feature_position":"","_kad_post_header":false,"_kad_post_footer":false,"_kad_post_classname":"","iawp_total_views":8,"footnotes":""},"class_list":["post-18341","page","type-page","status-publish","has-post-thumbnail","hentry"],"acf":[],"_links":{"self":[{"href":"https:\/\/www.francksaissi.com\/en\/wp-json\/wp\/v2\/pages\/18341","targetHints":{"allow":["GET"]}}],"collection":[{"href":"https:\/\/www.francksaissi.com\/en\/wp-json\/wp\/v2\/pages"}],"about":[{"href":"https:\/\/www.francksaissi.com\/en\/wp-json\/wp\/v2\/types\/page"}],"author":[{"embeddable":true,"href":"https:\/\/www.francksaissi.com\/en\/wp-json\/wp\/v2\/users\/34"}],"replies":[{"embeddable":true,"href":"https:\/\/www.francksaissi.com\/en\/wp-json\/wp\/v2\/comments?post=18341"}],"version-history":[{"count":3,"href":"https:\/\/www.francksaissi.com\/en\/wp-json\/wp\/v2\/pages\/18341\/revisions"}],"predecessor-version":[{"id":21884,"href":"https:\/\/www.francksaissi.com\/en\/wp-json\/wp\/v2\/pages\/18341\/revisions\/21884"}],"up":[{"embeddable":true,"href":"https:\/\/www.francksaissi.com\/en\/wp-json\/wp\/v2\/pages\/18226"}],"wp:featuredmedia":[{"embeddable":true,"href":"https:\/\/www.francksaissi.com\/en\/wp-json\/wp\/v2\/media\/7960"}],"wp:attachment":[{"href":"https:\/\/www.francksaissi.com\/en\/wp-json\/wp\/v2\/media?parent=18341"}],"curies":[{"name":"wp","href":"https:\/\/api.w.org\/{rel}","templated":true}]}}