{"id":18329,"date":"2025-06-14T13:07:54","date_gmt":"2025-06-14T11:07:54","guid":{"rendered":"https:\/\/www.francksaissi.com\/?page_id=18329"},"modified":"2026-02-05T17:32:42","modified_gmt":"2026-02-05T16:32:42","slug":"le-mur","status":"publish","type":"page","link":"https:\/\/www.francksaissi.com\/en\/expositions\/le-mur\/","title":{"rendered":"Le mur"},"content":{"rendered":"<style>.wp-block-kadence-advancedheading.kt-adv-heading18329_b51519-6b, .wp-block-kadence-advancedheading.kt-adv-heading18329_b51519-6b[data-kb-block=\"kb-adv-heading18329_b51519-6b\"]{padding-bottom:25px;text-align:center;font-size:var(--global-kb-font-size-xl, 3rem);font-style:normal;text-transform:none;letter-spacing:1.3px;}.wp-block-kadence-advancedheading.kt-adv-heading18329_b51519-6b mark.kt-highlight, .wp-block-kadence-advancedheading.kt-adv-heading18329_b51519-6b[data-kb-block=\"kb-adv-heading18329_b51519-6b\"] mark.kt-highlight{letter-spacing:1.3px;font-style:normal;color:#f76a0c;border-bottom:2px solid #abb8c3;-webkit-box-decoration-break:clone;box-decoration-break:clone;padding-bottom:30px;}.wp-block-kadence-advancedheading.kt-adv-heading18329_b51519-6b img.kb-inline-image, .wp-block-kadence-advancedheading.kt-adv-heading18329_b51519-6b[data-kb-block=\"kb-adv-heading18329_b51519-6b\"] img.kb-inline-image{width:150px;vertical-align:baseline;}@media all and (max-width: 1024px){.wp-block-kadence-advancedheading.kt-adv-heading18329_b51519-6b mark.kt-highlight, .wp-block-kadence-advancedheading.kt-adv-heading18329_b51519-6b[data-kb-block=\"kb-adv-heading18329_b51519-6b\"] mark.kt-highlight{border-bottom:2px solid #abb8c3;}}@media all and (max-width: 767px){.wp-block-kadence-advancedheading.kt-adv-heading18329_b51519-6b mark.kt-highlight, .wp-block-kadence-advancedheading.kt-adv-heading18329_b51519-6b[data-kb-block=\"kb-adv-heading18329_b51519-6b\"] mark.kt-highlight{border-bottom:2px solid #abb8c3;}}<\/style>\n<h1 class=\"kt-adv-heading18329_b51519-6b wp-block-kadence-advancedheading\" data-kb-block=\"kb-adv-heading18329_b51519-6b\">Le Mur<\/h1>\n\n\n<style>.wp-block-kadence-advancedheading.kt-adv-heading18329_c3932a-e1, .wp-block-kadence-advancedheading.kt-adv-heading18329_c3932a-e1[data-kb-block=\"kb-adv-heading18329_c3932a-e1\"]{margin-bottom:var(--global-kb-spacing-lg, 3rem);text-align:center;font-size:var(--global-kb-font-size-lg, 2rem);font-style:normal;text-transform:none;letter-spacing:1.3px;}.wp-block-kadence-advancedheading.kt-adv-heading18329_c3932a-e1 mark.kt-highlight, .wp-block-kadence-advancedheading.kt-adv-heading18329_c3932a-e1[data-kb-block=\"kb-adv-heading18329_c3932a-e1\"] mark.kt-highlight{letter-spacing:1.3px;font-style:normal;color:#f76a0c;border-bottom:2px solid #abb8c3;-webkit-box-decoration-break:clone;box-decoration-break:clone;padding-bottom:30px;}.wp-block-kadence-advancedheading.kt-adv-heading18329_c3932a-e1 img.kb-inline-image, .wp-block-kadence-advancedheading.kt-adv-heading18329_c3932a-e1[data-kb-block=\"kb-adv-heading18329_c3932a-e1\"] img.kb-inline-image{width:150px;vertical-align:baseline;}@media all and (max-width: 1024px){.wp-block-kadence-advancedheading.kt-adv-heading18329_c3932a-e1 mark.kt-highlight, .wp-block-kadence-advancedheading.kt-adv-heading18329_c3932a-e1[data-kb-block=\"kb-adv-heading18329_c3932a-e1\"] mark.kt-highlight{border-bottom:2px solid #abb8c3;}}@media all and (max-width: 767px){.wp-block-kadence-advancedheading.kt-adv-heading18329_c3932a-e1 mark.kt-highlight, .wp-block-kadence-advancedheading.kt-adv-heading18329_c3932a-e1[data-kb-block=\"kb-adv-heading18329_c3932a-e1\"] mark.kt-highlight{border-bottom:2px solid #abb8c3;}}<\/style>\n<h2 class=\"kt-adv-heading18329_c3932a-e1 wp-block-kadence-advancedheading\" data-kb-block=\"kb-adv-heading18329_c3932a-e1\">Laboratoire 16<\/h2>\n\n\n<style>.kb-row-layout-id18329_3c6c3c-13 > .kt-row-column-wrap{align-content:start;}:where(.kb-row-layout-id18329_3c6c3c-13 > .kt-row-column-wrap) > .wp-block-kadence-column{justify-content:start;}.kb-row-layout-id18329_3c6c3c-13 > .kt-row-column-wrap{column-gap:var(--global-kb-gap-md, 2rem);row-gap:var(--global-kb-gap-md, 2rem);max-width:var( --global-content-width, 1290px );padding-left:var(--global-content-edge-padding);padding-right:var(--global-content-edge-padding);padding-top:var(--global-kb-spacing-sm, 1.5rem);padding-bottom:var(--global-kb-spacing-sm, 1.5rem);grid-template-columns:minmax(0, 1fr);}.kb-row-layout-id18329_3c6c3c-13 > .kt-row-layout-overlay{opacity:0.30;}@media all and (max-width: 1024px){.kb-row-layout-id18329_3c6c3c-13 > .kt-row-column-wrap{grid-template-columns:minmax(0, 1fr);}}@media all and (max-width: 767px){.kb-row-layout-id18329_3c6c3c-13 > .kt-row-column-wrap{grid-template-columns:minmax(0, 1fr);}}<\/style><div class=\"kb-row-layout-wrap kb-row-layout-id18329_3c6c3c-13 alignnone wp-block-kadence-rowlayout\"><div class=\"kt-row-column-wrap kt-has-1-columns kt-row-layout-equal kt-tab-layout-inherit kt-mobile-layout-row kt-row-valign-top kb-theme-content-width\">\n<style>.kadence-column18329_e67701-1c > .kt-inside-inner-col,.kadence-column18329_e67701-1c > .kt-inside-inner-col:before{border-top-left-radius:0px;border-top-right-radius:0px;border-bottom-right-radius:0px;border-bottom-left-radius:0px;}.kadence-column18329_e67701-1c > .kt-inside-inner-col{column-gap:var(--global-kb-gap-sm, 1rem);}.kadence-column18329_e67701-1c > .kt-inside-inner-col{flex-direction:column;}.kadence-column18329_e67701-1c > .kt-inside-inner-col > .aligncenter{width:100%;}.kadence-column18329_e67701-1c > .kt-inside-inner-col:before{opacity:0.3;}.kadence-column18329_e67701-1c{position:relative;}@media all and (max-width: 1024px){.kadence-column18329_e67701-1c > .kt-inside-inner-col{flex-direction:column;justify-content:center;}}@media all and (max-width: 767px){.kadence-column18329_e67701-1c > .kt-inside-inner-col{flex-direction:column;justify-content:center;}}<\/style>\n<div class=\"wp-block-kadence-column kadence-column18329_e67701-1c\"><div class=\"kt-inside-inner-col\"><style>.wp-block-kadence-advancedheading.kt-adv-heading18329_ad2feb-dd, .wp-block-kadence-advancedheading.kt-adv-heading18329_ad2feb-dd[data-kb-block=\"kb-adv-heading18329_ad2feb-dd\"]{margin-bottom:var(--global-kb-spacing-lg, 3rem);font-style:normal;text-transform:none;}.wp-block-kadence-advancedheading.kt-adv-heading18329_ad2feb-dd mark.kt-highlight, .wp-block-kadence-advancedheading.kt-adv-heading18329_ad2feb-dd[data-kb-block=\"kb-adv-heading18329_ad2feb-dd\"] mark.kt-highlight{font-style:normal;color:#f76a0c;-webkit-box-decoration-break:clone;box-decoration-break:clone;padding-top:0px;padding-right:0px;padding-bottom:0px;padding-left:0px;}.wp-block-kadence-advancedheading.kt-adv-heading18329_ad2feb-dd img.kb-inline-image, .wp-block-kadence-advancedheading.kt-adv-heading18329_ad2feb-dd[data-kb-block=\"kb-adv-heading18329_ad2feb-dd\"] img.kb-inline-image{width:150px;vertical-align:baseline;}<\/style>\n<p class=\"kt-adv-heading18329_ad2feb-dd wp-block-kadence-advancedheading\" data-kb-block=\"kb-adv-heading18329_ad2feb-dd\">Exposition personnelle du 10 au 25 juillet 2017.<br><br>R\u00e9pondant \u00e0 l\u2019invitation de Ben, j\u2019investis le grand mur du laboratoire 16. Cet ancien atelier du sculpteur C\u00e9sar Baldaccini, situ\u00e9 dans le vieux Nice, est devenu avec Ben, un lieu de rencontres, de d\u00e9bats, d&rsquo;expositions, de performances. Le concept des expositions \u00e9tait simple, apporter son carton \u00e0 dessin, et faire le mur !<br><br>Vernissage jeudi 13 juillet de 18 \u00e0 20h<br>suivi d\u2019un d\u00e9bat \u201cArt et psychiatrie\u201d<br>Laboratoire 16<br>(Ancien atelier de C\u00e9sar Baldaccini)<br>16, rue Colonna d\u2019Istria<br>06300 Nice<\/p>\n\n\n<style>.wp-block-kadence-advancedgallery.kb-gallery-wrap-id-18329_b53fdb-be{margin-top:var(--global-kb-spacing-xxs, 0.5rem);margin-bottom:var(--global-kb-spacing-lg, 3rem);}.wp-block-kadence-advancedgallery .kb-gallery-type-masonry.kb-gallery-id-18329_b53fdb-be{margin:-5px;}.kb-gallery-type-masonry.kb-gallery-id-18329_b53fdb-be .kadence-blocks-gallery-item{padding:5px;}.kb-gallery-id-18329_b53fdb-be .kadence-blocks-gallery-item .kb-gal-image-radius, .kb-gallery-id-18329_b53fdb-be .kb-slide-item .kb-gal-image-radius img{border-radius:0px 0px 0px 0px;;}<\/style><div class=\"kb-gallery-wrap-id-18329_b53fdb-be alignnone wp-block-kadence-advancedgallery\"><ul class=\"kb-gallery-ul kb-gallery-non-static kb-gallery-type-masonry kb-masonry-init kb-gallery-id-18329_b53fdb-be kb-gallery-caption-style-bottom-hover kb-gallery-filter-none kb-gallery-magnific-init\" data-image-filter=\"none\" data-item-selector=\".kadence-blocks-gallery-item\" data-lightbox-caption=\"true\" data-columns-xxl=\"4\" data-columns-xl=\"4\" data-columns-md=\"4\" data-columns-sm=\"3\" data-columns-xs=\"2\" data-columns-ss=\"2\"><li class=\"kadence-blocks-gallery-item\"><div class=\"kadence-blocks-gallery-item-inner\"><figure class=\"kb-gallery-figure kb-gallery-item-has-link kadence-blocks-gallery-item-hide-caption\"><a href=\"https:\/\/www.francksaissi.com\/wp-content\/uploads\/2017\/07\/murcanap.jpg\" data-alt=\"Le mur exposition Franck Sa\u00efssi 2\" class=\"kb-gallery-item-link\"   role=\"button\" aria-haspopup=\"dialog\"><div class=\"kb-gal-image-radius\" style=\"max-width:1000px;\"><div class=\"kb-gallery-image-contain kadence-blocks-gallery-intrinsic\" style=\"padding-bottom:75%;\"><img loading=\"lazy\" decoding=\"async\" src=\"https:\/\/www.francksaissi.com\/wp-content\/uploads\/2017\/07\/murcanap.jpg\" width=\"1000\" height=\"750\" alt=\"Le mur exposition Franck Sa\u00efssi 2\" data-full-image=\"https:\/\/www.francksaissi.com\/wp-content\/uploads\/2017\/07\/murcanap.jpg\" data-light-image=\"https:\/\/www.francksaissi.com\/wp-content\/uploads\/2017\/07\/murcanap.jpg\" data-id=\"7988\" class=\"wp-image-7988\" srcset=\"https:\/\/www.francksaissi.com\/wp-content\/uploads\/2017\/07\/murcanap.jpg 1000w, https:\/\/www.francksaissi.com\/wp-content\/uploads\/2017\/07\/murcanap-750x563.jpg 750w, https:\/\/www.francksaissi.com\/wp-content\/uploads\/2017\/07\/murcanap-200x150.jpg 200w, https:\/\/www.francksaissi.com\/wp-content\/uploads\/2017\/07\/murcanap-600x450.jpg 600w, https:\/\/www.francksaissi.com\/wp-content\/uploads\/2017\/07\/murcanap-768x576.jpg 768w, https:\/\/www.francksaissi.com\/wp-content\/uploads\/2017\/07\/murcanap-640x480.jpg 640w\" sizes=\"auto, (max-width: 1000px) 100vw, 1000px\" \/><\/div><\/div><\/a><\/figure><\/div><\/li><li class=\"kadence-blocks-gallery-item\"><div class=\"kadence-blocks-gallery-item-inner\"><figure class=\"kb-gallery-figure kb-gallery-item-has-link kadence-blocks-gallery-item-hide-caption\"><a href=\"https:\/\/www.francksaissi.com\/wp-content\/uploads\/2017\/07\/murangle.jpg\" data-alt=\"Cr\u00e9dit photo: Patric Del Gamba\" class=\"kb-gallery-item-link\"   role=\"button\" aria-haspopup=\"dialog\"><div class=\"kb-gal-image-radius\" style=\"max-width:1000px;\"><div class=\"kb-gallery-image-contain kadence-blocks-gallery-intrinsic\" style=\"padding-bottom:75%;\"><img loading=\"lazy\" decoding=\"async\" src=\"https:\/\/www.francksaissi.com\/wp-content\/uploads\/2017\/07\/murangle-1200x900.jpg\" width=\"1000\" height=\"750\" alt=\"Cr\u00e9dit photo: Patric Del Gamba\" data-full-image=\"https:\/\/www.francksaissi.com\/wp-content\/uploads\/2017\/07\/murangle.jpg\" data-light-image=\"https:\/\/www.francksaissi.com\/wp-content\/uploads\/2017\/07\/murangle.jpg\" data-id=\"7987\" class=\"wp-image-7987\" srcset=\"https:\/\/www.francksaissi.com\/wp-content\/uploads\/2017\/07\/murangle-1200x900.jpg 1200w, https:\/\/www.francksaissi.com\/wp-content\/uploads\/2017\/07\/murangle-1000x750.jpg 1000w, https:\/\/www.francksaissi.com\/wp-content\/uploads\/2017\/07\/murangle-200x150.jpg 200w, https:\/\/www.francksaissi.com\/wp-content\/uploads\/2017\/07\/murangle-600x450.jpg 600w, https:\/\/www.francksaissi.com\/wp-content\/uploads\/2017\/07\/murangle-768x576.jpg 768w, https:\/\/www.francksaissi.com\/wp-content\/uploads\/2017\/07\/murangle-1120x840.jpg 1120w, https:\/\/www.francksaissi.com\/wp-content\/uploads\/2017\/07\/murangle-640x480.jpg 640w, https:\/\/www.francksaissi.com\/wp-content\/uploads\/2017\/07\/murangle.jpg 1440w\" sizes=\"auto, (max-width: 1000px) 100vw, 1000px\" \/><\/div><\/div><\/a><\/figure><\/div><\/li><li class=\"kadence-blocks-gallery-item\"><div class=\"kadence-blocks-gallery-item-inner\"><figure class=\"kb-gallery-figure kb-gallery-item-has-link kadence-blocks-gallery-item-hide-caption\"><a href=\"https:\/\/www.francksaissi.com\/wp-content\/uploads\/2017\/07\/murcesar.jpg\" data-alt=\"Exposition Le mur de Franck Sa\u00efssi\" class=\"kb-gallery-item-link\"   role=\"button\" aria-haspopup=\"dialog\"><div class=\"kb-gal-image-radius\" style=\"max-width:1000px;\"><div class=\"kb-gallery-image-contain kadence-blocks-gallery-intrinsic\" style=\"padding-bottom:67%;\"><img loading=\"lazy\" decoding=\"async\" src=\"https:\/\/www.francksaissi.com\/wp-content\/uploads\/2017\/07\/murcesar-1200x814.jpg\" width=\"1000\" height=\"678\" alt=\"Exposition Le mur de Franck Sa\u00efssi\" data-full-image=\"https:\/\/www.francksaissi.com\/wp-content\/uploads\/2017\/07\/murcesar.jpg\" data-light-image=\"https:\/\/www.francksaissi.com\/wp-content\/uploads\/2017\/07\/murcesar.jpg\" data-id=\"7976\" class=\"wp-image-7976\" srcset=\"https:\/\/www.francksaissi.com\/wp-content\/uploads\/2017\/07\/murcesar.jpg 1200w, https:\/\/www.francksaissi.com\/wp-content\/uploads\/2017\/07\/murcesar-1000x678.jpg 1000w, https:\/\/www.francksaissi.com\/wp-content\/uploads\/2017\/07\/murcesar-200x136.jpg 200w, https:\/\/www.francksaissi.com\/wp-content\/uploads\/2017\/07\/murcesar-600x407.jpg 600w, https:\/\/www.francksaissi.com\/wp-content\/uploads\/2017\/07\/murcesar-768x521.jpg 768w, https:\/\/www.francksaissi.com\/wp-content\/uploads\/2017\/07\/murcesar-1120x760.jpg 1120w, https:\/\/www.francksaissi.com\/wp-content\/uploads\/2017\/07\/murcesar-640x434.jpg 640w\" sizes=\"auto, (max-width: 1000px) 100vw, 1000px\" \/><\/div><\/div><\/a><\/figure><\/div><\/li><li class=\"kadence-blocks-gallery-item\"><div class=\"kadence-blocks-gallery-item-inner\"><figure class=\"kb-gallery-figure kb-gallery-item-has-link kadence-blocks-gallery-item-hide-caption\"><a href=\"https:\/\/www.francksaissi.com\/wp-content\/uploads\/2017\/07\/lemur2w-1.jpg\" data-alt=\"Le mur exposition Franck Sa\u00efssi\" class=\"kb-gallery-item-link\"   role=\"button\" aria-haspopup=\"dialog\"><div class=\"kb-gal-image-radius\" style=\"max-width:1000px;\"><div class=\"kb-gallery-image-contain kadence-blocks-gallery-intrinsic\" style=\"padding-bottom:75%;\"><img loading=\"lazy\" decoding=\"async\" src=\"https:\/\/www.francksaissi.com\/wp-content\/uploads\/2017\/07\/lemur2w-1-1200x900.jpg\" width=\"1000\" height=\"750\" alt=\"Le mur exposition Franck Sa\u00efssi\" data-full-image=\"https:\/\/www.francksaissi.com\/wp-content\/uploads\/2017\/07\/lemur2w-1.jpg\" data-light-image=\"https:\/\/www.francksaissi.com\/wp-content\/uploads\/2017\/07\/lemur2w-1.jpg\" data-id=\"7984\" class=\"wp-image-7984\" srcset=\"https:\/\/www.francksaissi.com\/wp-content\/uploads\/2017\/07\/lemur2w-1.jpg 1200w, https:\/\/www.francksaissi.com\/wp-content\/uploads\/2017\/07\/lemur2w-1-1000x750.jpg 1000w, https:\/\/www.francksaissi.com\/wp-content\/uploads\/2017\/07\/lemur2w-1-200x150.jpg 200w, https:\/\/www.francksaissi.com\/wp-content\/uploads\/2017\/07\/lemur2w-1-600x450.jpg 600w, https:\/\/www.francksaissi.com\/wp-content\/uploads\/2017\/07\/lemur2w-1-768x576.jpg 768w, https:\/\/www.francksaissi.com\/wp-content\/uploads\/2017\/07\/lemur2w-1-1120x840.jpg 1120w, https:\/\/www.francksaissi.com\/wp-content\/uploads\/2017\/07\/lemur2w-1-640x480.jpg 640w\" sizes=\"auto, (max-width: 1000px) 100vw, 1000px\" \/><\/div><\/div><\/a><\/figure><\/div><\/li><\/ul><\/div>\n\n<style>.kb-image18329_b606be-95 .kb-image-has-overlay:after{opacity:0.3;}<\/style>\n<div class=\"wp-block-kadence-image kb-image18329_b606be-95\"><figure class=\"aligncenter size-medium\"><a href=\"https:\/\/www.francksaissi.com\/wp-content\/uploads\/2017\/07\/articlestradaw.jpg\" class=\"kb-advanced-image-link\" target=\"_blank\" rel=\"noopener noreferrer\"><img loading=\"lazy\" decoding=\"async\" width=\"600\" height=\"132\" src=\"https:\/\/www.francksaissi.com\/wp-content\/uploads\/2017\/07\/articlestradaw-600x132.jpg\" alt=\"Article de presse de l'exposition Le mur de Franck Sa\u00efssi dans La Strada n\u00b0277\" class=\"kb-img wp-image-7991\" srcset=\"https:\/\/www.francksaissi.com\/wp-content\/uploads\/2017\/07\/articlestradaw-600x132.jpg 600w, https:\/\/www.francksaissi.com\/wp-content\/uploads\/2017\/07\/articlestradaw-1000x219.jpg 1000w, https:\/\/www.francksaissi.com\/wp-content\/uploads\/2017\/07\/articlestradaw-200x44.jpg 200w, https:\/\/www.francksaissi.com\/wp-content\/uploads\/2017\/07\/articlestradaw-768x168.jpg 768w, https:\/\/www.francksaissi.com\/wp-content\/uploads\/2017\/07\/articlestradaw-1200x263.jpg 1200w, https:\/\/www.francksaissi.com\/wp-content\/uploads\/2017\/07\/articlestradaw-1120x246.jpg 1120w, https:\/\/www.francksaissi.com\/wp-content\/uploads\/2017\/07\/articlestradaw-640x140.jpg 640w, https:\/\/www.francksaissi.com\/wp-content\/uploads\/2017\/07\/articlestradaw.jpg 1400w\" sizes=\"auto, (max-width: 600px) 100vw, 600px\" \/><\/a><\/figure><\/div>\n<\/div><\/div>\n\n<\/div><\/div>\n\n<style>.wp-block-kadence-advancedheading.kt-adv-heading18329_1bafd7-63, .wp-block-kadence-advancedheading.kt-adv-heading18329_1bafd7-63[data-kb-block=\"kb-adv-heading18329_1bafd7-63\"]{margin-bottom:var(--global-kb-spacing-md, 2rem);text-align:center;font-style:normal;}.wp-block-kadence-advancedheading.kt-adv-heading18329_1bafd7-63 mark.kt-highlight, .wp-block-kadence-advancedheading.kt-adv-heading18329_1bafd7-63[data-kb-block=\"kb-adv-heading18329_1bafd7-63\"] mark.kt-highlight{font-style:normal;color:#f76a0c;-webkit-box-decoration-break:clone;box-decoration-break:clone;padding-top:0px;padding-right:0px;padding-bottom:0px;padding-left:0px;}.wp-block-kadence-advancedheading.kt-adv-heading18329_1bafd7-63 img.kb-inline-image, .wp-block-kadence-advancedheading.kt-adv-heading18329_1bafd7-63[data-kb-block=\"kb-adv-heading18329_1bafd7-63\"] img.kb-inline-image{width:150px;vertical-align:baseline;}<\/style>\n<p class=\"kt-adv-heading18329_1bafd7-63 wp-block-kadence-advancedheading\" data-kb-block=\"kb-adv-heading18329_1bafd7-63\">Article dans la Strada<\/p>\n\n\n\n","protected":false},"excerpt":{"rendered":"<p>Le Mur Laboratoire 16 Exposition personnelle du 10 au 25 juillet 2017. R\u00e9pondant \u00e0 l\u2019invitation de Ben, j\u2019investis le grand mur du laboratoire 16. Cet ancien atelier du sculpteur C\u00e9sar Baldaccini, situ\u00e9 dans le vieux Nice, est devenu avec Ben, un lieu de rencontres, de d\u00e9bats, d&rsquo;expositions, de performances. Le concept des expositions \u00e9tait simple,&#8230;<\/p>","protected":false},"author":34,"featured_media":7984,"parent":18226,"menu_order":11,"comment_status":"closed","ping_status":"closed","template":"","meta":{"_acf_changed":false,"_kad_post_transparent":"","_kad_post_title":"","_kad_post_layout":"","_kad_post_sidebar_id":"","_kad_post_content_style":"","_kad_post_vertical_padding":"","_kad_post_feature":"","_kad_post_feature_position":"","_kad_post_header":false,"_kad_post_footer":false,"_kad_post_classname":"","iawp_total_views":4,"footnotes":""},"class_list":["post-18329","page","type-page","status-publish","has-post-thumbnail","hentry"],"acf":[],"_links":{"self":[{"href":"https:\/\/www.francksaissi.com\/en\/wp-json\/wp\/v2\/pages\/18329","targetHints":{"allow":["GET"]}}],"collection":[{"href":"https:\/\/www.francksaissi.com\/en\/wp-json\/wp\/v2\/pages"}],"about":[{"href":"https:\/\/www.francksaissi.com\/en\/wp-json\/wp\/v2\/types\/page"}],"author":[{"embeddable":true,"href":"https:\/\/www.francksaissi.com\/en\/wp-json\/wp\/v2\/users\/34"}],"replies":[{"embeddable":true,"href":"https:\/\/www.francksaissi.com\/en\/wp-json\/wp\/v2\/comments?post=18329"}],"version-history":[{"count":3,"href":"https:\/\/www.francksaissi.com\/en\/wp-json\/wp\/v2\/pages\/18329\/revisions"}],"predecessor-version":[{"id":21883,"href":"https:\/\/www.francksaissi.com\/en\/wp-json\/wp\/v2\/pages\/18329\/revisions\/21883"}],"up":[{"embeddable":true,"href":"https:\/\/www.francksaissi.com\/en\/wp-json\/wp\/v2\/pages\/18226"}],"wp:featuredmedia":[{"embeddable":true,"href":"https:\/\/www.francksaissi.com\/en\/wp-json\/wp\/v2\/media\/7984"}],"wp:attachment":[{"href":"https:\/\/www.francksaissi.com\/en\/wp-json\/wp\/v2\/media?parent=18329"}],"curies":[{"name":"wp","href":"https:\/\/api.w.org\/{rel}","templated":true}]}}