{"id":18321,"date":"2025-06-14T12:32:39","date_gmt":"2025-06-14T10:32:39","guid":{"rendered":"https:\/\/www.francksaissi.com\/?page_id=18321"},"modified":"2026-02-05T17:31:44","modified_gmt":"2026-02-05T16:31:44","slug":"la-bouteille-a-lencre","status":"publish","type":"page","link":"https:\/\/www.francksaissi.com\/en\/expositions\/la-bouteille-a-lencre\/","title":{"rendered":"La bouteille \u00e0 l&rsquo;encre"},"content":{"rendered":"<style>.wp-block-kadence-advancedheading.kt-adv-heading18321_67a25e-17, .wp-block-kadence-advancedheading.kt-adv-heading18321_67a25e-17[data-kb-block=\"kb-adv-heading18321_67a25e-17\"]{padding-bottom:25px;text-align:center;font-size:var(--global-kb-font-size-xl, 3rem);font-style:normal;text-transform:none;letter-spacing:1.3px;}.wp-block-kadence-advancedheading.kt-adv-heading18321_67a25e-17 mark.kt-highlight, .wp-block-kadence-advancedheading.kt-adv-heading18321_67a25e-17[data-kb-block=\"kb-adv-heading18321_67a25e-17\"] mark.kt-highlight{letter-spacing:1.3px;font-style:normal;color:#f76a0c;border-bottom:2px solid #abb8c3;-webkit-box-decoration-break:clone;box-decoration-break:clone;padding-bottom:30px;}.wp-block-kadence-advancedheading.kt-adv-heading18321_67a25e-17 img.kb-inline-image, .wp-block-kadence-advancedheading.kt-adv-heading18321_67a25e-17[data-kb-block=\"kb-adv-heading18321_67a25e-17\"] img.kb-inline-image{width:150px;vertical-align:baseline;}@media all and (max-width: 1024px){.wp-block-kadence-advancedheading.kt-adv-heading18321_67a25e-17 mark.kt-highlight, .wp-block-kadence-advancedheading.kt-adv-heading18321_67a25e-17[data-kb-block=\"kb-adv-heading18321_67a25e-17\"] mark.kt-highlight{border-bottom:2px solid #abb8c3;}}@media all and (max-width: 767px){.wp-block-kadence-advancedheading.kt-adv-heading18321_67a25e-17 mark.kt-highlight, .wp-block-kadence-advancedheading.kt-adv-heading18321_67a25e-17[data-kb-block=\"kb-adv-heading18321_67a25e-17\"] mark.kt-highlight{border-bottom:2px solid #abb8c3;}}<\/style>\n<h1 class=\"kt-adv-heading18321_67a25e-17 wp-block-kadence-advancedheading\" data-kb-block=\"kb-adv-heading18321_67a25e-17\">La bouteille \u00e0 l&rsquo;encre<\/h1>\n\n\n<style>.wp-block-kadence-advancedheading.kt-adv-heading18321_2d54fd-a3, .wp-block-kadence-advancedheading.kt-adv-heading18321_2d54fd-a3[data-kb-block=\"kb-adv-heading18321_2d54fd-a3\"]{margin-bottom:var(--global-kb-spacing-lg, 3rem);text-align:center;font-size:var(--global-kb-font-size-lg, 2rem);font-style:normal;text-transform:none;letter-spacing:1.3px;}.wp-block-kadence-advancedheading.kt-adv-heading18321_2d54fd-a3 mark.kt-highlight, .wp-block-kadence-advancedheading.kt-adv-heading18321_2d54fd-a3[data-kb-block=\"kb-adv-heading18321_2d54fd-a3\"] mark.kt-highlight{letter-spacing:1.3px;font-style:normal;color:#f76a0c;border-bottom:2px solid #abb8c3;-webkit-box-decoration-break:clone;box-decoration-break:clone;padding-bottom:30px;}.wp-block-kadence-advancedheading.kt-adv-heading18321_2d54fd-a3 img.kb-inline-image, .wp-block-kadence-advancedheading.kt-adv-heading18321_2d54fd-a3[data-kb-block=\"kb-adv-heading18321_2d54fd-a3\"] img.kb-inline-image{width:150px;vertical-align:baseline;}@media all and (max-width: 1024px){.wp-block-kadence-advancedheading.kt-adv-heading18321_2d54fd-a3 mark.kt-highlight, .wp-block-kadence-advancedheading.kt-adv-heading18321_2d54fd-a3[data-kb-block=\"kb-adv-heading18321_2d54fd-a3\"] mark.kt-highlight{border-bottom:2px solid #abb8c3;}}@media all and (max-width: 767px){.wp-block-kadence-advancedheading.kt-adv-heading18321_2d54fd-a3 mark.kt-highlight, .wp-block-kadence-advancedheading.kt-adv-heading18321_2d54fd-a3[data-kb-block=\"kb-adv-heading18321_2d54fd-a3\"] mark.kt-highlight{border-bottom:2px solid #abb8c3;}}<\/style>\n<h2 class=\"kt-adv-heading18321_2d54fd-a3 wp-block-kadence-advancedheading\" data-kb-block=\"kb-adv-heading18321_2d54fd-a3\">Exposition Galerie Christian Depardieu<\/h2>\n\n\n<style>.wp-block-kadence-advancedheading.kt-adv-heading18321_45b635-7e, .wp-block-kadence-advancedheading.kt-adv-heading18321_45b635-7e[data-kb-block=\"kb-adv-heading18321_45b635-7e\"]{text-align:center;font-style:normal;}.wp-block-kadence-advancedheading.kt-adv-heading18321_45b635-7e mark.kt-highlight, .wp-block-kadence-advancedheading.kt-adv-heading18321_45b635-7e[data-kb-block=\"kb-adv-heading18321_45b635-7e\"] mark.kt-highlight{font-style:normal;color:#f76a0c;-webkit-box-decoration-break:clone;box-decoration-break:clone;padding-top:0px;padding-right:0px;padding-bottom:0px;padding-left:0px;}.wp-block-kadence-advancedheading.kt-adv-heading18321_45b635-7e img.kb-inline-image, .wp-block-kadence-advancedheading.kt-adv-heading18321_45b635-7e[data-kb-block=\"kb-adv-heading18321_45b635-7e\"] img.kb-inline-image{width:150px;vertical-align:baseline;}<\/style>\n<p class=\"kt-adv-heading18321_45b635-7e wp-block-kadence-advancedheading\" data-kb-block=\"kb-adv-heading18321_45b635-7e\"><strong>Exposition du 11 mai au 11 juin 2018.<\/strong><br>Galerie Depardieu<br>6, rue du docteur Jacques Guidoni<br>06000 Nice<br>Vernissage jeudi 11 mai 2018<\/p>\n\n\n<style>.kb-row-layout-id18321_96dfb3-28 > .kt-row-column-wrap{align-content:center;}:where(.kb-row-layout-id18321_96dfb3-28 > .kt-row-column-wrap) > .wp-block-kadence-column{justify-content:center;}.kb-row-layout-id18321_96dfb3-28 > .kt-row-column-wrap{column-gap:var(--global-kb-gap-md, 2rem);row-gap:var(--global-kb-gap-md, 2rem);max-width:var( --global-content-width, 1290px );padding-left:var(--global-content-edge-padding);padding-right:var(--global-content-edge-padding);padding-top:var(--global-kb-spacing-sm, 1.5rem);padding-bottom:var(--global-kb-spacing-sm, 1.5rem);grid-template-columns:minmax(0, 2fr) minmax(0, 1fr);}.kb-row-layout-id18321_96dfb3-28 > .kt-row-layout-overlay{opacity:0.30;}@media all and (max-width: 1024px){.kb-row-layout-id18321_96dfb3-28 > .kt-row-column-wrap{grid-template-columns:minmax(0, 2fr) minmax(0, 1fr);}}@media all and (max-width: 767px){.kb-row-layout-id18321_96dfb3-28 > .kt-row-column-wrap{grid-template-columns:minmax(0, 1fr);}}<\/style><div class=\"kb-row-layout-wrap kb-row-layout-id18321_96dfb3-28 alignnone wp-block-kadence-rowlayout\"><div class=\"kt-row-column-wrap kt-has-2-columns kt-row-layout-left-golden kt-tab-layout-inherit kt-mobile-layout-row kt-row-valign-middle kb-theme-content-width\">\n<style>.kadence-column18321_7d911e-5f > .kt-inside-inner-col{padding-right:var(--global-kb-spacing-xxs, 0.5rem);}.kadence-column18321_7d911e-5f > .kt-inside-inner-col,.kadence-column18321_7d911e-5f > .kt-inside-inner-col:before{border-top-left-radius:0px;border-top-right-radius:0px;border-bottom-right-radius:0px;border-bottom-left-radius:0px;}.kadence-column18321_7d911e-5f > .kt-inside-inner-col{column-gap:var(--global-kb-gap-sm, 1rem);}.kadence-column18321_7d911e-5f > .kt-inside-inner-col{flex-direction:column;}.kadence-column18321_7d911e-5f > .kt-inside-inner-col > .aligncenter{width:100%;}.kadence-column18321_7d911e-5f > .kt-inside-inner-col:before{opacity:0.3;}.kadence-column18321_7d911e-5f{text-align:left;}.kadence-column18321_7d911e-5f{position:relative;}@media all and (max-width: 1024px){.kadence-column18321_7d911e-5f > .kt-inside-inner-col{flex-direction:column;justify-content:center;}}@media all and (max-width: 767px){.kadence-column18321_7d911e-5f > .kt-inside-inner-col{flex-direction:column;justify-content:center;}}<\/style>\n<div class=\"wp-block-kadence-column kadence-column18321_7d911e-5f\"><div class=\"kt-inside-inner-col\"><style>.wp-block-kadence-advancedheading.kt-adv-heading18321_5264ad-8c, .wp-block-kadence-advancedheading.kt-adv-heading18321_5264ad-8c[data-kb-block=\"kb-adv-heading18321_5264ad-8c\"]{font-style:normal;text-transform:none;}.wp-block-kadence-advancedheading.kt-adv-heading18321_5264ad-8c mark.kt-highlight, .wp-block-kadence-advancedheading.kt-adv-heading18321_5264ad-8c[data-kb-block=\"kb-adv-heading18321_5264ad-8c\"] mark.kt-highlight{font-style:normal;color:#f76a0c;-webkit-box-decoration-break:clone;box-decoration-break:clone;padding-top:0px;padding-right:0px;padding-bottom:0px;padding-left:0px;}.wp-block-kadence-advancedheading.kt-adv-heading18321_5264ad-8c img.kb-inline-image, .wp-block-kadence-advancedheading.kt-adv-heading18321_5264ad-8c[data-kb-block=\"kb-adv-heading18321_5264ad-8c\"] img.kb-inline-image{width:150px;vertical-align:baseline;}<\/style>\n<p class=\"kt-adv-heading18321_5264ad-8c wp-block-kadence-advancedheading\" data-kb-block=\"kb-adv-heading18321_5264ad-8c\">La bouteille \u00e0 l\u2019encre, c\u2019est une situation embrouill\u00e9e, un probl\u00e8me \u00e9pineux voire impossible \u00e0 r\u00e9soudre. A travers une bouteille d\u2019encre, m\u00eame vide, difficile d\u2019y voir clair et pourtant, il suffit parfois de quelques traces d\u2019encre pour rendre visible, prendre du recul, trouver le d\u00e9but d\u2019une solution. Qu\u2019il soit d\u2019origine mentale, inspir\u00e9 par la nature ou en \u00e9cho \u00e0 un affect, le dessin vient combler un vide. Face \u00e0 l\u2019absurdit\u00e9 du monde, cet espace de libert\u00e9 est indispensable \u00e0 mon \u00e9quilibre. Le dessin, au del\u00e0 du geste sur le papier, est aussi source de rencontres, de partages, il donne une saveur particuli\u00e8re \u00e0 la vie.<\/p>\n<\/div><\/div>\n\n\n<style>.kadence-column18321_48a1b5-5a > .kt-inside-inner-col,.kadence-column18321_48a1b5-5a > .kt-inside-inner-col:before{border-top-left-radius:0px;border-top-right-radius:0px;border-bottom-right-radius:0px;border-bottom-left-radius:0px;}.kadence-column18321_48a1b5-5a > .kt-inside-inner-col{column-gap:var(--global-kb-gap-sm, 1rem);}.kadence-column18321_48a1b5-5a > .kt-inside-inner-col{flex-direction:column;}.kadence-column18321_48a1b5-5a > .kt-inside-inner-col > .aligncenter{width:100%;}.kadence-column18321_48a1b5-5a > .kt-inside-inner-col:before{opacity:0.3;}.kadence-column18321_48a1b5-5a{position:relative;}@media all and (max-width: 1024px){.kadence-column18321_48a1b5-5a > .kt-inside-inner-col{flex-direction:column;justify-content:center;}}@media all and (max-width: 767px){.kadence-column18321_48a1b5-5a > .kt-inside-inner-col{flex-direction:column;justify-content:center;}}<\/style>\n<div class=\"wp-block-kadence-column kadence-column18321_48a1b5-5a\"><div class=\"kt-inside-inner-col\"><style>.kb-image18321_081a72-7b .kb-image-has-overlay:after{opacity:0.3;background-color:#000000;}<\/style>\n<figure class=\"wp-block-kadence-image kb-image18321_081a72-7b size-full\"><div class=\"kb-image-has-overlay\"><img loading=\"lazy\" decoding=\"async\" width=\"1000\" height=\"689\" src=\"https:\/\/www.francksaissi.com\/wp-content\/uploads\/2018\/04\/carton-verso.jpg\" alt=\"Carton verso la bouteille \u00e0 l'encre\" class=\"kb-img wp-image-8190\" srcset=\"https:\/\/www.francksaissi.com\/wp-content\/uploads\/2018\/04\/carton-verso.jpg 1000w, https:\/\/www.francksaissi.com\/wp-content\/uploads\/2018\/04\/carton-verso-750x517.jpg 750w, https:\/\/www.francksaissi.com\/wp-content\/uploads\/2018\/04\/carton-verso-200x138.jpg 200w, https:\/\/www.francksaissi.com\/wp-content\/uploads\/2018\/04\/carton-verso-600x413.jpg 600w, https:\/\/www.francksaissi.com\/wp-content\/uploads\/2018\/04\/carton-verso-768x529.jpg 768w, https:\/\/www.francksaissi.com\/wp-content\/uploads\/2018\/04\/carton-verso-640x441.jpg 640w\" sizes=\"auto, (max-width: 1000px) 100vw, 1000px\" \/><\/div><\/figure>\n<\/div><\/div>\n\n<\/div><\/div>\n\n\n","protected":false},"excerpt":{"rendered":"<p>La bouteille \u00e0 l&rsquo;encre Exposition Galerie Christian Depardieu Exposition du 11 mai au 11 juin 2018.Galerie Depardieu6, rue du docteur Jacques Guidoni06000 NiceVernissage jeudi 11 mai 2018 La bouteille \u00e0 l\u2019encre, c\u2019est une situation embrouill\u00e9e, un probl\u00e8me \u00e9pineux voire impossible \u00e0 r\u00e9soudre. A travers une bouteille d\u2019encre, m\u00eame vide, difficile d\u2019y voir clair et pourtant,&#8230;<\/p>","protected":false},"author":34,"featured_media":8190,"parent":18226,"menu_order":12,"comment_status":"closed","ping_status":"closed","template":"","meta":{"_acf_changed":false,"_kad_post_transparent":"","_kad_post_title":"","_kad_post_layout":"","_kad_post_sidebar_id":"","_kad_post_content_style":"","_kad_post_vertical_padding":"","_kad_post_feature":"","_kad_post_feature_position":"","_kad_post_header":false,"_kad_post_footer":false,"_kad_post_classname":"","iawp_total_views":4,"footnotes":""},"class_list":["post-18321","page","type-page","status-publish","has-post-thumbnail","hentry"],"acf":[],"_links":{"self":[{"href":"https:\/\/www.francksaissi.com\/en\/wp-json\/wp\/v2\/pages\/18321","targetHints":{"allow":["GET"]}}],"collection":[{"href":"https:\/\/www.francksaissi.com\/en\/wp-json\/wp\/v2\/pages"}],"about":[{"href":"https:\/\/www.francksaissi.com\/en\/wp-json\/wp\/v2\/types\/page"}],"author":[{"embeddable":true,"href":"https:\/\/www.francksaissi.com\/en\/wp-json\/wp\/v2\/users\/34"}],"replies":[{"embeddable":true,"href":"https:\/\/www.francksaissi.com\/en\/wp-json\/wp\/v2\/comments?post=18321"}],"version-history":[{"count":4,"href":"https:\/\/www.francksaissi.com\/en\/wp-json\/wp\/v2\/pages\/18321\/revisions"}],"predecessor-version":[{"id":21882,"href":"https:\/\/www.francksaissi.com\/en\/wp-json\/wp\/v2\/pages\/18321\/revisions\/21882"}],"up":[{"embeddable":true,"href":"https:\/\/www.francksaissi.com\/en\/wp-json\/wp\/v2\/pages\/18226"}],"wp:featuredmedia":[{"embeddable":true,"href":"https:\/\/www.francksaissi.com\/en\/wp-json\/wp\/v2\/media\/8190"}],"wp:attachment":[{"href":"https:\/\/www.francksaissi.com\/en\/wp-json\/wp\/v2\/media?parent=18321"}],"curies":[{"name":"wp","href":"https:\/\/api.w.org\/{rel}","templated":true}]}}