{"id":18289,"date":"2025-06-13T19:23:48","date_gmt":"2025-06-13T17:23:48","guid":{"rendered":"https:\/\/www.francksaissi.com\/?page_id=18289"},"modified":"2026-02-05T17:08:19","modified_gmt":"2026-02-05T16:08:19","slug":"friches","status":"publish","type":"page","link":"https:\/\/www.francksaissi.com\/en\/expositions\/friches\/","title":{"rendered":"Friches"},"content":{"rendered":"<style>.wp-block-kadence-advancedheading.kt-adv-heading18289_2cd814-81, .wp-block-kadence-advancedheading.kt-adv-heading18289_2cd814-81[data-kb-block=\"kb-adv-heading18289_2cd814-81\"]{padding-bottom:40px;text-align:center;font-size:var(--global-kb-font-size-xl, 3rem);font-style:normal;text-transform:none;letter-spacing:1.3px;}.wp-block-kadence-advancedheading.kt-adv-heading18289_2cd814-81 mark.kt-highlight, .wp-block-kadence-advancedheading.kt-adv-heading18289_2cd814-81[data-kb-block=\"kb-adv-heading18289_2cd814-81\"] mark.kt-highlight{letter-spacing:1.3px;font-style:normal;color:#f76a0c;border-bottom:2px solid #abb8c3;-webkit-box-decoration-break:clone;box-decoration-break:clone;padding-bottom:30px;}.wp-block-kadence-advancedheading.kt-adv-heading18289_2cd814-81 img.kb-inline-image, .wp-block-kadence-advancedheading.kt-adv-heading18289_2cd814-81[data-kb-block=\"kb-adv-heading18289_2cd814-81\"] img.kb-inline-image{width:150px;vertical-align:baseline;}@media all and (max-width: 1024px){.wp-block-kadence-advancedheading.kt-adv-heading18289_2cd814-81 mark.kt-highlight, .wp-block-kadence-advancedheading.kt-adv-heading18289_2cd814-81[data-kb-block=\"kb-adv-heading18289_2cd814-81\"] mark.kt-highlight{border-bottom:2px solid #abb8c3;}}@media all and (max-width: 767px){.wp-block-kadence-advancedheading.kt-adv-heading18289_2cd814-81 mark.kt-highlight, .wp-block-kadence-advancedheading.kt-adv-heading18289_2cd814-81[data-kb-block=\"kb-adv-heading18289_2cd814-81\"] mark.kt-highlight{border-bottom:2px solid #abb8c3;}}<\/style>\n<h1 class=\"kt-adv-heading18289_2cd814-81 wp-block-kadence-advancedheading\" data-kb-block=\"kb-adv-heading18289_2cd814-81\">Friches<\/h1>\n\n\n<style>.wp-block-kadence-advancedheading.kt-adv-heading18289_a24e9e-e7, .wp-block-kadence-advancedheading.kt-adv-heading18289_a24e9e-e7[data-kb-block=\"kb-adv-heading18289_a24e9e-e7\"]{padding-bottom:40px;text-align:center;font-size:var(--global-kb-font-size-lg, 2rem);font-style:normal;text-transform:none;letter-spacing:1.3px;}.wp-block-kadence-advancedheading.kt-adv-heading18289_a24e9e-e7 mark.kt-highlight, .wp-block-kadence-advancedheading.kt-adv-heading18289_a24e9e-e7[data-kb-block=\"kb-adv-heading18289_a24e9e-e7\"] mark.kt-highlight{letter-spacing:1.3px;font-style:normal;color:#f76a0c;border-bottom:2px solid #abb8c3;-webkit-box-decoration-break:clone;box-decoration-break:clone;padding-bottom:30px;}.wp-block-kadence-advancedheading.kt-adv-heading18289_a24e9e-e7 img.kb-inline-image, .wp-block-kadence-advancedheading.kt-adv-heading18289_a24e9e-e7[data-kb-block=\"kb-adv-heading18289_a24e9e-e7\"] img.kb-inline-image{width:150px;vertical-align:baseline;}@media all and (max-width: 1024px){.wp-block-kadence-advancedheading.kt-adv-heading18289_a24e9e-e7 mark.kt-highlight, .wp-block-kadence-advancedheading.kt-adv-heading18289_a24e9e-e7[data-kb-block=\"kb-adv-heading18289_a24e9e-e7\"] mark.kt-highlight{border-bottom:2px solid #abb8c3;}}@media all and (max-width: 767px){.wp-block-kadence-advancedheading.kt-adv-heading18289_a24e9e-e7 mark.kt-highlight, .wp-block-kadence-advancedheading.kt-adv-heading18289_a24e9e-e7[data-kb-block=\"kb-adv-heading18289_a24e9e-e7\"] mark.kt-highlight{border-bottom:2px solid #abb8c3;}}<\/style>\n<h2 class=\"kt-adv-heading18289_a24e9e-e7 wp-block-kadence-advancedheading\" data-kb-block=\"kb-adv-heading18289_a24e9e-e7\">Exposition Galerie G, La Garde<\/h2>\n\n\n<style>.kb-row-layout-id18289_b5d76c-21 > .kt-row-column-wrap{align-content:start;}:where(.kb-row-layout-id18289_b5d76c-21 > .kt-row-column-wrap) > .wp-block-kadence-column{justify-content:start;}.kb-row-layout-id18289_b5d76c-21 > .kt-row-column-wrap{column-gap:var(--global-kb-gap-md, 2rem);row-gap:var(--global-kb-gap-md, 2rem);max-width:var( --global-content-width, 1290px );padding-left:var(--global-content-edge-padding);padding-right:var(--global-content-edge-padding);padding-top:var(--global-kb-spacing-sm, 1.5rem);padding-bottom:var(--global-kb-spacing-sm, 1.5rem);grid-template-columns:minmax(0, 1fr);}.kb-row-layout-id18289_b5d76c-21 > .kt-row-layout-overlay{opacity:0.30;}@media all and (max-width: 1024px){.kb-row-layout-id18289_b5d76c-21 > .kt-row-column-wrap{grid-template-columns:minmax(0, 1fr);}}@media all and (max-width: 767px){.kb-row-layout-id18289_b5d76c-21 > .kt-row-column-wrap{grid-template-columns:minmax(0, 1fr);}}<\/style><div class=\"kb-row-layout-wrap kb-row-layout-id18289_b5d76c-21 alignnone wp-block-kadence-rowlayout\"><div class=\"kt-row-column-wrap kt-has-1-columns kt-row-layout-equal kt-tab-layout-inherit kt-mobile-layout-row kt-row-valign-top kb-theme-content-width\">\n<style>.kadence-column18289_7b21c6-19 > .kt-inside-inner-col,.kadence-column18289_7b21c6-19 > .kt-inside-inner-col:before{border-top-left-radius:0px;border-top-right-radius:0px;border-bottom-right-radius:0px;border-bottom-left-radius:0px;}.kadence-column18289_7b21c6-19 > .kt-inside-inner-col{column-gap:var(--global-kb-gap-sm, 1rem);}.kadence-column18289_7b21c6-19 > .kt-inside-inner-col{flex-direction:column;}.kadence-column18289_7b21c6-19 > .kt-inside-inner-col > .aligncenter{width:100%;}.kadence-column18289_7b21c6-19 > .kt-inside-inner-col:before{opacity:0.3;}.kadence-column18289_7b21c6-19{position:relative;}@media all and (max-width: 1024px){.kadence-column18289_7b21c6-19 > .kt-inside-inner-col{flex-direction:column;justify-content:center;}}@media all and (max-width: 767px){.kadence-column18289_7b21c6-19 > .kt-inside-inner-col{flex-direction:column;justify-content:center;}}<\/style>\n<div class=\"wp-block-kadence-column kadence-column18289_7b21c6-19\"><div class=\"kt-inside-inner-col\"><style>.kb-row-layout-id18289_d283b3-d4 > .kt-row-column-wrap{align-content:start;}:where(.kb-row-layout-id18289_d283b3-d4 > .kt-row-column-wrap) > .wp-block-kadence-column{justify-content:start;}.kb-row-layout-id18289_d283b3-d4 > .kt-row-column-wrap{column-gap:var(--global-kb-gap-md, 2rem);row-gap:var(--global-kb-gap-md, 2rem);padding-top:var(--global-kb-spacing-sm, 1.5rem);padding-bottom:var(--global-kb-spacing-sm, 1.5rem);grid-template-columns:minmax(0, 2fr) minmax(0, 1fr);}.kb-row-layout-id18289_d283b3-d4 > .kt-row-layout-overlay{opacity:0.30;}@media all and (max-width: 1024px){.kb-row-layout-id18289_d283b3-d4 > .kt-row-column-wrap{grid-template-columns:minmax(0, 2fr) minmax(0, 1fr);}}@media all and (max-width: 767px){.kb-row-layout-id18289_d283b3-d4 > .kt-row-column-wrap{grid-template-columns:minmax(0, 1fr);}}<\/style><div class=\"kb-row-layout-wrap kb-row-layout-id18289_d283b3-d4 aligncenter wp-block-kadence-rowlayout\"><div class=\"kt-row-column-wrap kt-has-2-columns kt-row-layout-left-golden kt-tab-layout-inherit kt-mobile-layout-row kt-row-valign-top\">\n<style>.kadence-column18289_a55759-06 > .kt-inside-inner-col,.kadence-column18289_a55759-06 > .kt-inside-inner-col:before{border-top-left-radius:0px;border-top-right-radius:0px;border-bottom-right-radius:0px;border-bottom-left-radius:0px;}.kadence-column18289_a55759-06 > .kt-inside-inner-col{column-gap:var(--global-kb-gap-sm, 1rem);}.kadence-column18289_a55759-06 > .kt-inside-inner-col{flex-direction:column;}.kadence-column18289_a55759-06 > .kt-inside-inner-col > .aligncenter{width:100%;}.kadence-column18289_a55759-06 > .kt-inside-inner-col:before{opacity:0.3;}.kadence-column18289_a55759-06{position:relative;}@media all and (max-width: 1024px){.kadence-column18289_a55759-06 > .kt-inside-inner-col{flex-direction:column;justify-content:center;}}@media all and (max-width: 767px){.kadence-column18289_a55759-06 > .kt-inside-inner-col{flex-direction:column;justify-content:center;}}<\/style>\n<div class=\"wp-block-kadence-column kadence-column18289_a55759-06\"><div class=\"kt-inside-inner-col\"><style>.wp-block-kadence-advancedheading.kt-adv-heading18289_106a05-23, .wp-block-kadence-advancedheading.kt-adv-heading18289_106a05-23[data-kb-block=\"kb-adv-heading18289_106a05-23\"]{font-style:normal;text-transform:none;}.wp-block-kadence-advancedheading.kt-adv-heading18289_106a05-23 mark.kt-highlight, .wp-block-kadence-advancedheading.kt-adv-heading18289_106a05-23[data-kb-block=\"kb-adv-heading18289_106a05-23\"] mark.kt-highlight{font-style:normal;color:#f76a0c;-webkit-box-decoration-break:clone;box-decoration-break:clone;padding-top:0px;padding-right:0px;padding-bottom:0px;padding-left:0px;}.wp-block-kadence-advancedheading.kt-adv-heading18289_106a05-23 img.kb-inline-image, .wp-block-kadence-advancedheading.kt-adv-heading18289_106a05-23[data-kb-block=\"kb-adv-heading18289_106a05-23\"] img.kb-inline-image{width:150px;vertical-align:baseline;}<\/style>\n<p class=\"kt-adv-heading18289_106a05-23 wp-block-kadence-advancedheading\" data-kb-block=\"kb-adv-heading18289_106a05-23\">Avec <em>Friches<\/em>, Franck Sa\u00efssi pr\u00e9sente une s\u00e9rie de peintures o\u00f9 les fronti\u00e8res entre int\u00e9rieur et ext\u00e9rieur se brouillent. Murs, passages, sols et structures s\u2019imbriquent dans des compositions fragment\u00e9es, travers\u00e9es de ruptures, de silences et de tensions. Par un travail de mati\u00e8re et d\u2019espaces disjoints, l\u2019artiste compose des paysages mentaux \u00e0 la fois sensibles et instables, qui convoquent la m\u00e9moire des lieux autant que l\u2019\u00e9motion brute.<\/p>\n<\/div><\/div>\n\n\n<style>.kadence-column18289_c8598f-9c > .kt-inside-inner-col,.kadence-column18289_c8598f-9c > .kt-inside-inner-col:before{border-top-left-radius:0px;border-top-right-radius:0px;border-bottom-right-radius:0px;border-bottom-left-radius:0px;}.kadence-column18289_c8598f-9c > .kt-inside-inner-col{column-gap:var(--global-kb-gap-sm, 1rem);}.kadence-column18289_c8598f-9c > .kt-inside-inner-col{flex-direction:column;}.kadence-column18289_c8598f-9c > .kt-inside-inner-col > .aligncenter{width:100%;}.kadence-column18289_c8598f-9c > .kt-inside-inner-col:before{opacity:0.3;}.kadence-column18289_c8598f-9c{position:relative;}@media all and (max-width: 1024px){.kadence-column18289_c8598f-9c > .kt-inside-inner-col{flex-direction:column;justify-content:center;}}@media all and (max-width: 767px){.kadence-column18289_c8598f-9c > .kt-inside-inner-col{flex-direction:column;justify-content:center;}}<\/style>\n<div class=\"wp-block-kadence-column kadence-column18289_c8598f-9c\"><div class=\"kt-inside-inner-col\"><style>.wp-block-kadence-advancedheading.kt-adv-heading18289_2aa727-7b, .wp-block-kadence-advancedheading.kt-adv-heading18289_2aa727-7b[data-kb-block=\"kb-adv-heading18289_2aa727-7b\"]{font-style:normal;}.wp-block-kadence-advancedheading.kt-adv-heading18289_2aa727-7b mark.kt-highlight, .wp-block-kadence-advancedheading.kt-adv-heading18289_2aa727-7b[data-kb-block=\"kb-adv-heading18289_2aa727-7b\"] mark.kt-highlight{font-style:normal;color:#f76a0c;-webkit-box-decoration-break:clone;box-decoration-break:clone;padding-top:0px;padding-right:0px;padding-bottom:0px;padding-left:0px;}.wp-block-kadence-advancedheading.kt-adv-heading18289_2aa727-7b img.kb-inline-image, .wp-block-kadence-advancedheading.kt-adv-heading18289_2aa727-7b[data-kb-block=\"kb-adv-heading18289_2aa727-7b\"] img.kb-inline-image{width:150px;vertical-align:baseline;}<\/style>\n<p class=\"kt-adv-heading18289_2aa727-7b wp-block-kadence-advancedheading\" data-kb-block=\"kb-adv-heading18289_2aa727-7b\"><strong>Du 2 septembre au 19 octobre 2022<\/strong><br>Vernissage: vendredi 2 septembre \u00e0 18h30<br>&nbsp;<br>Galerie G<br>83130 La Garde<br>Galerie G, rue Charles Sandro, 83130 La Garde<\/p>\n<\/div><\/div>\n\n<\/div><\/div>\n\n<style>.kb-image18289_40eb36-4c .kb-image-has-overlay:after{opacity:0.3;}<\/style>\n<div class=\"wp-block-kadence-image kb-image18289_40eb36-4c\"><figure class=\"aligncenter size-large\"><img loading=\"lazy\" decoding=\"async\" width=\"1200\" height=\"635\" src=\"https:\/\/www.francksaissi.com\/wp-content\/uploads\/2022\/09\/image-03-09-22-04-49-1200x635.jpeg\" alt=\"Vue de l'exposition Friches par Franck Sa\u00efssi, Galerie G \u00e0 La Garde\" class=\"kb-img wp-image-8753\" srcset=\"https:\/\/www.francksaissi.com\/wp-content\/uploads\/2022\/09\/image-03-09-22-04-49-1200x635.jpeg 1200w, https:\/\/www.francksaissi.com\/wp-content\/uploads\/2022\/09\/image-03-09-22-04-49-1000x529.jpeg 1000w, https:\/\/www.francksaissi.com\/wp-content\/uploads\/2022\/09\/image-03-09-22-04-49-600x318.jpeg 600w, https:\/\/www.francksaissi.com\/wp-content\/uploads\/2022\/09\/image-03-09-22-04-49-200x106.jpeg 200w, https:\/\/www.francksaissi.com\/wp-content\/uploads\/2022\/09\/image-03-09-22-04-49-768x406.jpeg 768w, https:\/\/www.francksaissi.com\/wp-content\/uploads\/2022\/09\/image-03-09-22-04-49-1120x593.jpeg 1120w, https:\/\/www.francksaissi.com\/wp-content\/uploads\/2022\/09\/image-03-09-22-04-49-640x339.jpeg 640w, https:\/\/www.francksaissi.com\/wp-content\/uploads\/2022\/09\/image-03-09-22-04-49.jpeg 1440w\" sizes=\"auto, (max-width: 1200px) 100vw, 1200px\" \/><\/figure><\/div>\n\n\n<style>.kb-row-layout-wrap.wp-block-kadence-rowlayout.kb-row-layout-id18289_335913-c2{margin-bottom:var(--global-kb-spacing-md, 2rem);}.kb-row-layout-id18289_335913-c2 > .kt-row-column-wrap{align-content:start;}:where(.kb-row-layout-id18289_335913-c2 > .kt-row-column-wrap) > .wp-block-kadence-column{justify-content:start;}.kb-row-layout-id18289_335913-c2 > .kt-row-column-wrap{column-gap:var(--global-kb-gap-md, 2rem);row-gap:var(--global-kb-gap-md, 2rem);max-width:600px;margin-left:auto;margin-right:auto;padding-top:var(--global-kb-spacing-sm, 1.5rem);padding-bottom:var(--global-kb-spacing-sm, 1.5rem);}.kb-row-layout-id18289_335913-c2 > .kt-row-column-wrap > div:not(.added-for-specificity){grid-column:initial;}.kb-row-layout-id18289_335913-c2 > .kt-row-column-wrap{grid-template-columns:repeat(3, minmax(0, 1fr));}.kb-row-layout-id18289_335913-c2 > .kt-row-layout-overlay{opacity:0.30;}@media all and (max-width: 1024px){.kb-row-layout-id18289_335913-c2 > .kt-row-column-wrap > div:not(.added-for-specificity){grid-column:initial;}}@media all and (max-width: 1024px){.kb-row-layout-id18289_335913-c2 > .kt-row-column-wrap{grid-template-columns:repeat(3, minmax(0, 1fr));}}@media all and (max-width: 767px){.kb-row-layout-id18289_335913-c2 > .kt-row-column-wrap > div:not(.added-for-specificity){grid-column:initial;}.kb-row-layout-id18289_335913-c2 > .kt-row-column-wrap{grid-template-columns:minmax(0, 1fr);}}<\/style><div class=\"kb-row-layout-wrap kb-row-layout-id18289_335913-c2 alignnone wp-block-kadence-rowlayout\"><div class=\"kt-row-column-wrap kt-has-3-columns kt-row-layout-equal kt-tab-layout-inherit kt-mobile-layout-row kt-row-valign-top\">\n<style>.kadence-column18289_56169a-4d > .kt-inside-inner-col,.kadence-column18289_56169a-4d > .kt-inside-inner-col:before{border-top-left-radius:0px;border-top-right-radius:0px;border-bottom-right-radius:0px;border-bottom-left-radius:0px;}.kadence-column18289_56169a-4d > .kt-inside-inner-col{column-gap:var(--global-kb-gap-sm, 1rem);}.kadence-column18289_56169a-4d > .kt-inside-inner-col{flex-direction:column;}.kadence-column18289_56169a-4d > .kt-inside-inner-col > .aligncenter{width:100%;}.kadence-column18289_56169a-4d > .kt-inside-inner-col:before{opacity:0.3;}.kadence-column18289_56169a-4d{position:relative;}@media all and (max-width: 1024px){.kadence-column18289_56169a-4d > .kt-inside-inner-col{flex-direction:column;justify-content:center;}}@media all and (max-width: 767px){.kadence-column18289_56169a-4d > .kt-inside-inner-col{flex-direction:column;justify-content:center;}}<\/style>\n<div class=\"wp-block-kadence-column kadence-column18289_56169a-4d\"><div class=\"kt-inside-inner-col\"><style>.kb-image18289_85474b-51 .kb-image-has-overlay:after{opacity:0.3;}<\/style>\n<div class=\"wp-block-kadence-image kb-image18289_85474b-51\"><figure class=\"aligncenter size-thumbnail\"><a href=\"https:\/\/www.francksaissi.com\/wp-content\/uploads\/2022\/09\/2022-06-29-www.artcotedazur.fr-29-June-2022-50000000364579636.jpg\" class=\"kb-advanced-image-link\" target=\"_blank\" aria-label=\"Art C\u00f4te d'Azur\" rel=\"noopener noreferrer\"><img loading=\"lazy\" decoding=\"async\" width=\"141\" height=\"200\" src=\"https:\/\/www.francksaissi.com\/wp-content\/uploads\/2022\/09\/2022-06-29-www.artcotedazur.fr-29-June-2022-50000000364579636-141x200.jpg\" alt=\"Presse artcotedazur\" class=\"kb-img wp-image-8770\" srcset=\"https:\/\/www.francksaissi.com\/wp-content\/uploads\/2022\/09\/2022-06-29-www.artcotedazur.fr-29-June-2022-50000000364579636-141x200.jpg 141w, https:\/\/www.francksaissi.com\/wp-content\/uploads\/2022\/09\/2022-06-29-www.artcotedazur.fr-29-June-2022-50000000364579636-1000x1414.jpg 1000w, https:\/\/www.francksaissi.com\/wp-content\/uploads\/2022\/09\/2022-06-29-www.artcotedazur.fr-29-June-2022-50000000364579636-424x600.jpg 424w, https:\/\/www.francksaissi.com\/wp-content\/uploads\/2022\/09\/2022-06-29-www.artcotedazur.fr-29-June-2022-50000000364579636-849x1200.jpg 849w, https:\/\/www.francksaissi.com\/wp-content\/uploads\/2022\/09\/2022-06-29-www.artcotedazur.fr-29-June-2022-50000000364579636-768x1086.jpg 768w, https:\/\/www.francksaissi.com\/wp-content\/uploads\/2022\/09\/2022-06-29-www.artcotedazur.fr-29-June-2022-50000000364579636-1087x1536.jpg 1087w, https:\/\/www.francksaissi.com\/wp-content\/uploads\/2022\/09\/2022-06-29-www.artcotedazur.fr-29-June-2022-50000000364579636-1120x1583.jpg 1120w, https:\/\/www.francksaissi.com\/wp-content\/uploads\/2022\/09\/2022-06-29-www.artcotedazur.fr-29-June-2022-50000000364579636-640x905.jpg 640w, https:\/\/www.francksaissi.com\/wp-content\/uploads\/2022\/09\/2022-06-29-www.artcotedazur.fr-29-June-2022-50000000364579636.jpg 1240w\" sizes=\"auto, (max-width: 141px) 100vw, 141px\" \/><\/a><\/figure><\/div>\n<\/div><\/div>\n\n\n<style>.kadence-column18289_68f036-d9 > .kt-inside-inner-col,.kadence-column18289_68f036-d9 > .kt-inside-inner-col:before{border-top-left-radius:0px;border-top-right-radius:0px;border-bottom-right-radius:0px;border-bottom-left-radius:0px;}.kadence-column18289_68f036-d9 > .kt-inside-inner-col{column-gap:var(--global-kb-gap-sm, 1rem);}.kadence-column18289_68f036-d9 > .kt-inside-inner-col{flex-direction:column;}.kadence-column18289_68f036-d9 > .kt-inside-inner-col > .aligncenter{width:100%;}.kadence-column18289_68f036-d9 > .kt-inside-inner-col:before{opacity:0.3;}.kadence-column18289_68f036-d9{position:relative;}@media all and (max-width: 1024px){.kadence-column18289_68f036-d9 > .kt-inside-inner-col{flex-direction:column;justify-content:center;}}@media all and (max-width: 767px){.kadence-column18289_68f036-d9 > .kt-inside-inner-col{flex-direction:column;justify-content:center;}}<\/style>\n<div class=\"wp-block-kadence-column kadence-column18289_68f036-d9\"><div class=\"kt-inside-inner-col\"><style>.kb-image18289_3b0723-16 .kb-image-has-overlay:after{opacity:0.3;}<\/style>\n<div class=\"wp-block-kadence-image kb-image18289_3b0723-16\"><figure class=\"aligncenter size-thumbnail\"><a href=\"https:\/\/www.francksaissi.com\/wp-content\/uploads\/2022\/09\/2022-06-29-www.artcotedazur.fr-29-June-2022-50000000364579636-2.jpg\" class=\"kb-advanced-image-link\" target=\"_blank\" rel=\"noopener noreferrer\"><img loading=\"lazy\" decoding=\"async\" width=\"141\" height=\"200\" src=\"https:\/\/www.francksaissi.com\/wp-content\/uploads\/2022\/09\/2022-06-29-www.artcotedazur.fr-29-June-2022-50000000364579636-2-141x200.jpg\" alt=\"Presse artcotedazur2\" class=\"kb-img wp-image-8771\" srcset=\"https:\/\/www.francksaissi.com\/wp-content\/uploads\/2022\/09\/2022-06-29-www.artcotedazur.fr-29-June-2022-50000000364579636-2-141x200.jpg 141w, https:\/\/www.francksaissi.com\/wp-content\/uploads\/2022\/09\/2022-06-29-www.artcotedazur.fr-29-June-2022-50000000364579636-2-1000x1414.jpg 1000w, https:\/\/www.francksaissi.com\/wp-content\/uploads\/2022\/09\/2022-06-29-www.artcotedazur.fr-29-June-2022-50000000364579636-2-424x600.jpg 424w, https:\/\/www.francksaissi.com\/wp-content\/uploads\/2022\/09\/2022-06-29-www.artcotedazur.fr-29-June-2022-50000000364579636-2-849x1200.jpg 849w, https:\/\/www.francksaissi.com\/wp-content\/uploads\/2022\/09\/2022-06-29-www.artcotedazur.fr-29-June-2022-50000000364579636-2-768x1086.jpg 768w, https:\/\/www.francksaissi.com\/wp-content\/uploads\/2022\/09\/2022-06-29-www.artcotedazur.fr-29-June-2022-50000000364579636-2-1087x1536.jpg 1087w, https:\/\/www.francksaissi.com\/wp-content\/uploads\/2022\/09\/2022-06-29-www.artcotedazur.fr-29-June-2022-50000000364579636-2-1120x1583.jpg 1120w, https:\/\/www.francksaissi.com\/wp-content\/uploads\/2022\/09\/2022-06-29-www.artcotedazur.fr-29-June-2022-50000000364579636-2-640x905.jpg 640w, https:\/\/www.francksaissi.com\/wp-content\/uploads\/2022\/09\/2022-06-29-www.artcotedazur.fr-29-June-2022-50000000364579636-2.jpg 1240w\" sizes=\"auto, (max-width: 141px) 100vw, 141px\" \/><\/a><\/figure><\/div>\n<\/div><\/div>\n\n\n<style>.kadence-column18289_2b84cd-4a > .kt-inside-inner-col,.kadence-column18289_2b84cd-4a > .kt-inside-inner-col:before{border-top-left-radius:0px;border-top-right-radius:0px;border-bottom-right-radius:0px;border-bottom-left-radius:0px;}.kadence-column18289_2b84cd-4a > .kt-inside-inner-col{column-gap:var(--global-kb-gap-sm, 1rem);}.kadence-column18289_2b84cd-4a > .kt-inside-inner-col{flex-direction:column;}.kadence-column18289_2b84cd-4a > .kt-inside-inner-col > .aligncenter{width:100%;}.kadence-column18289_2b84cd-4a > .kt-inside-inner-col:before{opacity:0.3;}.kadence-column18289_2b84cd-4a{position:relative;}@media all and (max-width: 1024px){.kadence-column18289_2b84cd-4a > .kt-inside-inner-col{flex-direction:column;justify-content:center;}}@media all and (max-width: 767px){.kadence-column18289_2b84cd-4a > .kt-inside-inner-col{flex-direction:column;justify-content:center;}}<\/style>\n<div class=\"wp-block-kadence-column kadence-column18289_2b84cd-4a\"><div class=\"kt-inside-inner-col\"><style>.kb-image18289_d0efbd-71 .kb-image-has-overlay:after{opacity:0.3;}<\/style>\n<div class=\"wp-block-kadence-image kb-image18289_d0efbd-71\"><figure class=\"aligncenter size-thumbnail\"><a href=\"https:\/\/www.francksaissi.com\/wp-content\/uploads\/2022\/09\/2022-06-29-www.artcotedazur.fr-29-June-2022-50000000364579636-3.jpg\" class=\"kb-advanced-image-link\" target=\"_blank\" rel=\"noopener noreferrer\"><img loading=\"lazy\" decoding=\"async\" width=\"141\" height=\"200\" src=\"https:\/\/www.francksaissi.com\/wp-content\/uploads\/2022\/09\/2022-06-29-www.artcotedazur.fr-29-June-2022-50000000364579636-3-141x200.jpg\" alt=\"presse artcotedazur3\" class=\"kb-img wp-image-8772\" srcset=\"https:\/\/www.francksaissi.com\/wp-content\/uploads\/2022\/09\/2022-06-29-www.artcotedazur.fr-29-June-2022-50000000364579636-3-141x200.jpg 141w, https:\/\/www.francksaissi.com\/wp-content\/uploads\/2022\/09\/2022-06-29-www.artcotedazur.fr-29-June-2022-50000000364579636-3-1000x1414.jpg 1000w, https:\/\/www.francksaissi.com\/wp-content\/uploads\/2022\/09\/2022-06-29-www.artcotedazur.fr-29-June-2022-50000000364579636-3-424x600.jpg 424w, https:\/\/www.francksaissi.com\/wp-content\/uploads\/2022\/09\/2022-06-29-www.artcotedazur.fr-29-June-2022-50000000364579636-3-849x1200.jpg 849w, https:\/\/www.francksaissi.com\/wp-content\/uploads\/2022\/09\/2022-06-29-www.artcotedazur.fr-29-June-2022-50000000364579636-3-768x1086.jpg 768w, https:\/\/www.francksaissi.com\/wp-content\/uploads\/2022\/09\/2022-06-29-www.artcotedazur.fr-29-June-2022-50000000364579636-3-1087x1536.jpg 1087w, https:\/\/www.francksaissi.com\/wp-content\/uploads\/2022\/09\/2022-06-29-www.artcotedazur.fr-29-June-2022-50000000364579636-3-1120x1583.jpg 1120w, https:\/\/www.francksaissi.com\/wp-content\/uploads\/2022\/09\/2022-06-29-www.artcotedazur.fr-29-June-2022-50000000364579636-3-640x905.jpg 640w, https:\/\/www.francksaissi.com\/wp-content\/uploads\/2022\/09\/2022-06-29-www.artcotedazur.fr-29-June-2022-50000000364579636-3.jpg 1240w\" sizes=\"auto, (max-width: 141px) 100vw, 141px\" \/><\/a><\/figure><\/div>\n<\/div><\/div>\n\n<\/div><\/div>\n\n<style>.wp-block-kadence-advancedheading.kt-adv-heading18289_843e4a-4a, .wp-block-kadence-advancedheading.kt-adv-heading18289_843e4a-4a[data-kb-block=\"kb-adv-heading18289_843e4a-4a\"]{margin-bottom:var(--global-kb-spacing-md, 2rem);text-align:center;font-style:normal;}.wp-block-kadence-advancedheading.kt-adv-heading18289_843e4a-4a mark.kt-highlight, .wp-block-kadence-advancedheading.kt-adv-heading18289_843e4a-4a[data-kb-block=\"kb-adv-heading18289_843e4a-4a\"] mark.kt-highlight{font-style:normal;color:#f76a0c;-webkit-box-decoration-break:clone;box-decoration-break:clone;padding-top:0px;padding-right:0px;padding-bottom:0px;padding-left:0px;}.wp-block-kadence-advancedheading.kt-adv-heading18289_843e4a-4a img.kb-inline-image, .wp-block-kadence-advancedheading.kt-adv-heading18289_843e4a-4a[data-kb-block=\"kb-adv-heading18289_843e4a-4a\"] img.kb-inline-image{width:150px;vertical-align:baseline;}<\/style>\n<p class=\"kt-adv-heading18289_843e4a-4a wp-block-kadence-advancedheading\" data-kb-block=\"kb-adv-heading18289_843e4a-4a\">Article dans Art C\u00f4te d&rsquo;Azur<\/p>\n<\/div><\/div>\n\n<\/div><\/div>\n\n\n","protected":false},"excerpt":{"rendered":"<p>Friches Exposition Galerie G, La Garde Avec Friches, Franck Sa\u00efssi pr\u00e9sente une s\u00e9rie de peintures o\u00f9 les fronti\u00e8res entre int\u00e9rieur et ext\u00e9rieur se brouillent. Murs, passages, sols et structures s\u2019imbriquent dans des compositions fragment\u00e9es, travers\u00e9es de ruptures, de silences et de tensions. Par un travail de mati\u00e8re et d\u2019espaces disjoints, l\u2019artiste compose des paysages mentaux&#8230;<\/p>","protected":false},"author":34,"featured_media":8753,"parent":18226,"menu_order":17,"comment_status":"closed","ping_status":"closed","template":"","meta":{"_acf_changed":false,"_kad_post_transparent":"","_kad_post_title":"","_kad_post_layout":"","_kad_post_sidebar_id":"","_kad_post_content_style":"","_kad_post_vertical_padding":"","_kad_post_feature":"","_kad_post_feature_position":"","_kad_post_header":false,"_kad_post_footer":false,"_kad_post_classname":"","iawp_total_views":5,"footnotes":""},"class_list":["post-18289","page","type-page","status-publish","has-post-thumbnail","hentry"],"acf":[],"_links":{"self":[{"href":"https:\/\/www.francksaissi.com\/en\/wp-json\/wp\/v2\/pages\/18289","targetHints":{"allow":["GET"]}}],"collection":[{"href":"https:\/\/www.francksaissi.com\/en\/wp-json\/wp\/v2\/pages"}],"about":[{"href":"https:\/\/www.francksaissi.com\/en\/wp-json\/wp\/v2\/types\/page"}],"author":[{"embeddable":true,"href":"https:\/\/www.francksaissi.com\/en\/wp-json\/wp\/v2\/users\/34"}],"replies":[{"embeddable":true,"href":"https:\/\/www.francksaissi.com\/en\/wp-json\/wp\/v2\/comments?post=18289"}],"version-history":[{"count":4,"href":"https:\/\/www.francksaissi.com\/en\/wp-json\/wp\/v2\/pages\/18289\/revisions"}],"predecessor-version":[{"id":21873,"href":"https:\/\/www.francksaissi.com\/en\/wp-json\/wp\/v2\/pages\/18289\/revisions\/21873"}],"up":[{"embeddable":true,"href":"https:\/\/www.francksaissi.com\/en\/wp-json\/wp\/v2\/pages\/18226"}],"wp:featuredmedia":[{"embeddable":true,"href":"https:\/\/www.francksaissi.com\/en\/wp-json\/wp\/v2\/media\/8753"}],"wp:attachment":[{"href":"https:\/\/www.francksaissi.com\/en\/wp-json\/wp\/v2\/media?parent=18289"}],"curies":[{"name":"wp","href":"https:\/\/api.w.org\/{rel}","templated":true}]}}