{"id":18274,"date":"2025-06-13T18:41:36","date_gmt":"2025-06-13T16:41:36","guid":{"rendered":"https:\/\/www.francksaissi.com\/?page_id=18274"},"modified":"2026-02-05T17:04:23","modified_gmt":"2026-02-05T16:04:23","slug":"st-art","status":"publish","type":"page","link":"https:\/\/www.francksaissi.com\/en\/expositions\/st-art\/","title":{"rendered":"St-Art"},"content":{"rendered":"<style>.wp-block-kadence-advancedheading.kt-adv-heading18274_6cd8c0-19, .wp-block-kadence-advancedheading.kt-adv-heading18274_6cd8c0-19[data-kb-block=\"kb-adv-heading18274_6cd8c0-19\"]{padding-bottom:40px;text-align:center;font-size:var(--global-kb-font-size-xl, 3rem);font-style:normal;text-transform:none;letter-spacing:1.3px;}.wp-block-kadence-advancedheading.kt-adv-heading18274_6cd8c0-19 mark.kt-highlight, .wp-block-kadence-advancedheading.kt-adv-heading18274_6cd8c0-19[data-kb-block=\"kb-adv-heading18274_6cd8c0-19\"] mark.kt-highlight{letter-spacing:1.3px;font-style:normal;color:#f76a0c;border-bottom:2px solid #abb8c3;-webkit-box-decoration-break:clone;box-decoration-break:clone;padding-bottom:30px;}.wp-block-kadence-advancedheading.kt-adv-heading18274_6cd8c0-19 img.kb-inline-image, .wp-block-kadence-advancedheading.kt-adv-heading18274_6cd8c0-19[data-kb-block=\"kb-adv-heading18274_6cd8c0-19\"] img.kb-inline-image{width:150px;vertical-align:baseline;}@media all and (max-width: 1024px){.wp-block-kadence-advancedheading.kt-adv-heading18274_6cd8c0-19 mark.kt-highlight, .wp-block-kadence-advancedheading.kt-adv-heading18274_6cd8c0-19[data-kb-block=\"kb-adv-heading18274_6cd8c0-19\"] mark.kt-highlight{border-bottom:2px solid #abb8c3;}}@media all and (max-width: 767px){.wp-block-kadence-advancedheading.kt-adv-heading18274_6cd8c0-19 mark.kt-highlight, .wp-block-kadence-advancedheading.kt-adv-heading18274_6cd8c0-19[data-kb-block=\"kb-adv-heading18274_6cd8c0-19\"] mark.kt-highlight{border-bottom:2px solid #abb8c3;}}<\/style>\n<h1 class=\"kt-adv-heading18274_6cd8c0-19 wp-block-kadence-advancedheading\" data-kb-block=\"kb-adv-heading18274_6cd8c0-19\">St-Art<\/h1>\n\n\n<style>.wp-block-kadence-advancedheading.kt-adv-heading18274_75b23f-32, .wp-block-kadence-advancedheading.kt-adv-heading18274_75b23f-32[data-kb-block=\"kb-adv-heading18274_75b23f-32\"]{padding-bottom:40px;text-align:center;font-style:normal;text-transform:none;letter-spacing:1.3px;}.wp-block-kadence-advancedheading.kt-adv-heading18274_75b23f-32 mark.kt-highlight, .wp-block-kadence-advancedheading.kt-adv-heading18274_75b23f-32[data-kb-block=\"kb-adv-heading18274_75b23f-32\"] mark.kt-highlight{letter-spacing:1.3px;font-style:normal;color:#f76a0c;border-bottom:2px solid #abb8c3;-webkit-box-decoration-break:clone;box-decoration-break:clone;padding-bottom:30px;}.wp-block-kadence-advancedheading.kt-adv-heading18274_75b23f-32 img.kb-inline-image, .wp-block-kadence-advancedheading.kt-adv-heading18274_75b23f-32[data-kb-block=\"kb-adv-heading18274_75b23f-32\"] img.kb-inline-image{width:150px;vertical-align:baseline;}@media all and (max-width: 1024px){.wp-block-kadence-advancedheading.kt-adv-heading18274_75b23f-32 mark.kt-highlight, .wp-block-kadence-advancedheading.kt-adv-heading18274_75b23f-32[data-kb-block=\"kb-adv-heading18274_75b23f-32\"] mark.kt-highlight{border-bottom:2px solid #abb8c3;}}@media all and (max-width: 767px){.wp-block-kadence-advancedheading.kt-adv-heading18274_75b23f-32 mark.kt-highlight, .wp-block-kadence-advancedheading.kt-adv-heading18274_75b23f-32[data-kb-block=\"kb-adv-heading18274_75b23f-32\"] mark.kt-highlight{border-bottom:2px solid #abb8c3;}}<\/style>\n<h2 class=\"kt-adv-heading18274_75b23f-32 wp-block-kadence-advancedheading\" data-kb-block=\"kb-adv-heading18274_75b23f-32\">Foire Europ\u00e9enne d&rsquo;Art Contemporain de Strasbourg<\/h2>\n\n\n<style>.kb-row-layout-id18274_c577ec-01 > .kt-row-column-wrap{align-content:start;}:where(.kb-row-layout-id18274_c577ec-01 > .kt-row-column-wrap) > .wp-block-kadence-column{justify-content:start;}.kb-row-layout-id18274_c577ec-01 > .kt-row-column-wrap{column-gap:var(--global-kb-gap-md, 2rem);row-gap:var(--global-kb-gap-md, 2rem);max-width:var( --global-content-width, 1290px );padding-left:var(--global-content-edge-padding);padding-right:var(--global-content-edge-padding);padding-top:var(--global-kb-spacing-sm, 1.5rem);padding-bottom:var(--global-kb-spacing-sm, 1.5rem);grid-template-columns:minmax(0, 2fr) minmax(0, 1fr);}.kb-row-layout-id18274_c577ec-01 > .kt-row-layout-overlay{opacity:0.30;}@media all and (max-width: 1024px){.kb-row-layout-id18274_c577ec-01 > .kt-row-column-wrap{grid-template-columns:minmax(0, 2fr) minmax(0, 1fr);}}@media all and (max-width: 767px){.kb-row-layout-id18274_c577ec-01 > .kt-row-column-wrap{grid-template-columns:minmax(0, 1fr);}}<\/style><div class=\"kb-row-layout-wrap kb-row-layout-id18274_c577ec-01 alignnone wp-block-kadence-rowlayout\"><div class=\"kt-row-column-wrap kt-has-2-columns kt-row-layout-left-golden kt-tab-layout-inherit kt-mobile-layout-row kt-row-valign-top kb-theme-content-width\">\n<style>.kadence-column18274_8c6d50-80 > .kt-inside-inner-col,.kadence-column18274_8c6d50-80 > .kt-inside-inner-col:before{border-top-left-radius:0px;border-top-right-radius:0px;border-bottom-right-radius:0px;border-bottom-left-radius:0px;}.kadence-column18274_8c6d50-80 > .kt-inside-inner-col{column-gap:var(--global-kb-gap-sm, 1rem);}.kadence-column18274_8c6d50-80 > .kt-inside-inner-col{flex-direction:column;}.kadence-column18274_8c6d50-80 > .kt-inside-inner-col > .aligncenter{width:100%;}.kadence-column18274_8c6d50-80 > .kt-inside-inner-col:before{opacity:0.3;}.kadence-column18274_8c6d50-80{position:relative;}@media all and (max-width: 1024px){.kadence-column18274_8c6d50-80 > .kt-inside-inner-col{flex-direction:column;justify-content:center;}}@media all and (max-width: 767px){.kadence-column18274_8c6d50-80 > .kt-inside-inner-col{flex-direction:column;justify-content:center;}}<\/style>\n<div class=\"wp-block-kadence-column kadence-column18274_8c6d50-80\"><div class=\"kt-inside-inner-col\"><style>.wp-block-kadence-advancedheading.kt-adv-heading18274_6082f7-29, .wp-block-kadence-advancedheading.kt-adv-heading18274_6082f7-29[data-kb-block=\"kb-adv-heading18274_6082f7-29\"]{font-style:normal;text-transform:none;}.wp-block-kadence-advancedheading.kt-adv-heading18274_6082f7-29 mark.kt-highlight, .wp-block-kadence-advancedheading.kt-adv-heading18274_6082f7-29[data-kb-block=\"kb-adv-heading18274_6082f7-29\"] mark.kt-highlight{font-style:normal;color:#f76a0c;-webkit-box-decoration-break:clone;box-decoration-break:clone;padding-top:0px;padding-right:0px;padding-bottom:0px;padding-left:0px;}.wp-block-kadence-advancedheading.kt-adv-heading18274_6082f7-29 img.kb-inline-image, .wp-block-kadence-advancedheading.kt-adv-heading18274_6082f7-29[data-kb-block=\"kb-adv-heading18274_6082f7-29\"] img.kb-inline-image{width:150px;vertical-align:baseline;}<\/style>\n<p class=\"kt-adv-heading18274_6082f7-29 wp-block-kadence-advancedheading\" data-kb-block=\"kb-adv-heading18274_6082f7-29\">Pour sa 27<sup>\u00e8me<\/sup> \u00e9dition, la foire d\u2019art contemporain <strong>ST-ART Strasbourg<\/strong> s\u2019est tenue du <strong>24 au 26 novembre 2023<\/strong> au nouveau Parc des Expositions, au pied des Rives de l\u2019Aar.<br>Reconnue comme l\u2019une des premi\u00e8res foires r\u00e9gionales d\u2019art contemporain en France, ST-ART r\u00e9unit chaque ann\u00e9e un public de collectionneurs, amateurs et professionnels autour d\u2019une s\u00e9lection \u00e9clectique d\u2019\u0153uvres, allant de l\u2019art brut \u00e0 l\u2019art urbain.<\/p>\n\n\n<style>.wp-block-kadence-advancedheading.kt-adv-heading18274_576d56-99, .wp-block-kadence-advancedheading.kt-adv-heading18274_576d56-99[data-kb-block=\"kb-adv-heading18274_576d56-99\"]{font-style:normal;}.wp-block-kadence-advancedheading.kt-adv-heading18274_576d56-99 mark.kt-highlight, .wp-block-kadence-advancedheading.kt-adv-heading18274_576d56-99[data-kb-block=\"kb-adv-heading18274_576d56-99\"] mark.kt-highlight{font-style:normal;color:#f76a0c;-webkit-box-decoration-break:clone;box-decoration-break:clone;padding-top:0px;padding-right:0px;padding-bottom:0px;padding-left:0px;}.wp-block-kadence-advancedheading.kt-adv-heading18274_576d56-99 img.kb-inline-image, .wp-block-kadence-advancedheading.kt-adv-heading18274_576d56-99[data-kb-block=\"kb-adv-heading18274_576d56-99\"] img.kb-inline-image{width:150px;vertical-align:baseline;}<\/style>\n<p class=\"kt-adv-heading18274_576d56-99 wp-block-kadence-advancedheading\" data-kb-block=\"kb-adv-heading18274_576d56-99\">J\u2019y ai expos\u00e9 en solo, \u00e0 l\u2019invitation du centre d\u2019art La Maison Abandonn\u00e9e [Villa Cameline]<br><br> <a href=\"https:\/\/www.villacameline.fr\/Events\/Details\/franck-sassi-salon-st-art-strasbourg\" target=\"_blank\" rel=\"noreferrer noopener\">\u21d2Voir sur le site de la galerie<\/a><br><br>L\u2019ensemble pr\u00e9sent\u00e9 rassemblait plusieurs s\u00e9ries r\u00e9centes, entre dessins \u00e0 l\u2019encre sur cartes marines, pages de livres anciens et quelques peintures. Chaque pi\u00e8ce rejoue la tension entre m\u00e9moire du support et pr\u00e9sence du dessin, dans un va-et-vient entre cartographie, r\u00e9cit imprim\u00e9 et fiction graphique.<\/p>\n<\/div><\/div>\n\n\n<style>.kadence-column18274_544cd4-29 > .kt-inside-inner-col,.kadence-column18274_544cd4-29 > .kt-inside-inner-col:before{border-top-left-radius:0px;border-top-right-radius:0px;border-bottom-right-radius:0px;border-bottom-left-radius:0px;}.kadence-column18274_544cd4-29 > .kt-inside-inner-col{column-gap:var(--global-kb-gap-sm, 1rem);}.kadence-column18274_544cd4-29 > .kt-inside-inner-col{flex-direction:column;}.kadence-column18274_544cd4-29 > .kt-inside-inner-col > .aligncenter{width:100%;}.kadence-column18274_544cd4-29 > .kt-inside-inner-col:before{opacity:0.3;}.kadence-column18274_544cd4-29{position:relative;}@media all and (max-width: 1024px){.kadence-column18274_544cd4-29 > .kt-inside-inner-col{flex-direction:column;justify-content:center;}}@media all and (max-width: 767px){.kadence-column18274_544cd4-29 > .kt-inside-inner-col{flex-direction:column;justify-content:center;}}<\/style>\n<div class=\"wp-block-kadence-column kadence-column18274_544cd4-29\"><div class=\"kt-inside-inner-col\"><style>.kb-image18274_37b8ef-26 .kb-image-has-overlay:after{opacity:0.3;}<\/style>\n<div class=\"wp-block-kadence-image kb-image18274_37b8ef-26\"><figure class=\"aligncenter size-thumbnail\"><img loading=\"lazy\" decoding=\"async\" width=\"160\" height=\"200\" src=\"https:\/\/www.francksaissi.com\/wp-content\/uploads\/2025\/05\/article-loeil-en-160x200.jpeg\" alt=\"Franck Sa\u00efssi\u2019s painting Incandescence featured in L\u2019\u0152il magazine to illustrate the Strasbourg art fair\" class=\"kb-img wp-image-16970\" srcset=\"https:\/\/www.francksaissi.com\/wp-content\/uploads\/2025\/05\/article-loeil-en-160x200.jpeg 160w, https:\/\/www.francksaissi.com\/wp-content\/uploads\/2025\/05\/article-loeil-en-750x938.jpeg 750w, https:\/\/www.francksaissi.com\/wp-content\/uploads\/2025\/05\/article-loeil-en-480x600.jpeg 480w, https:\/\/www.francksaissi.com\/wp-content\/uploads\/2025\/05\/article-loeil-en-800x1000.jpeg 800w, https:\/\/www.francksaissi.com\/wp-content\/uploads\/2025\/05\/article-loeil-en-768x960.jpeg 768w, https:\/\/www.francksaissi.com\/wp-content\/uploads\/2025\/05\/article-loeil-en-10x12.jpeg 10w, https:\/\/www.francksaissi.com\/wp-content\/uploads\/2025\/05\/article-loeil-en.jpeg 864w\" sizes=\"auto, (max-width: 160px) 100vw, 160px\" \/><\/figure><\/div>\n\n\n<style>.wp-block-kadence-advancedheading.kt-adv-heading18274_90a487-d0, .wp-block-kadence-advancedheading.kt-adv-heading18274_90a487-d0[data-kb-block=\"kb-adv-heading18274_90a487-d0\"]{max-width:350px;margin-right:auto;margin-left:auto;text-align:center;font-style:normal;}.wp-block-kadence-advancedheading.kt-adv-heading18274_90a487-d0 mark.kt-highlight, .wp-block-kadence-advancedheading.kt-adv-heading18274_90a487-d0[data-kb-block=\"kb-adv-heading18274_90a487-d0\"] mark.kt-highlight{font-style:normal;color:#f76a0c;-webkit-box-decoration-break:clone;box-decoration-break:clone;padding-top:0px;padding-right:0px;padding-bottom:0px;padding-left:0px;}.wp-block-kadence-advancedheading.kt-adv-heading18274_90a487-d0 img.kb-inline-image, .wp-block-kadence-advancedheading.kt-adv-heading18274_90a487-d0[data-kb-block=\"kb-adv-heading18274_90a487-d0\"] img.kb-inline-image{width:150px;vertical-align:baseline;}<\/style>\n<p class=\"kt-adv-heading18274_90a487-d0 wp-block-kadence-advancedheading\" data-kb-block=\"kb-adv-heading18274_90a487-d0\"><strong>A Strasourg, St-Art s\u2019ouvre sur l\u2019Europe<\/strong><br><em>La Revue l\u2019Oeil<\/em> \u2013 novembre 2023<br>Article publi\u00e9 \u00e0 l\u2019occasion de St-Art,<br>illustr\u00e9 par une \u0153uvre de Sa\u00efssi<br><a href=\"https:\/\/www.francksaissi.com\/wp-content\/uploads\/2023\/11\/articleloeil-800x1000.jpeg\" target=\"_blank\" rel=\"noreferrer noopener\">[Voir l\u2019article]<\/a><\/p>\n\n\n<style>.wp-block-kadence-advancedheading.kt-adv-heading18274_ec7472-29, .wp-block-kadence-advancedheading.kt-adv-heading18274_ec7472-29[data-kb-block=\"kb-adv-heading18274_ec7472-29\"]{text-align:center;font-style:normal;}.wp-block-kadence-advancedheading.kt-adv-heading18274_ec7472-29 mark.kt-highlight, .wp-block-kadence-advancedheading.kt-adv-heading18274_ec7472-29[data-kb-block=\"kb-adv-heading18274_ec7472-29\"] mark.kt-highlight{font-style:normal;color:#f76a0c;-webkit-box-decoration-break:clone;box-decoration-break:clone;padding-top:0px;padding-right:0px;padding-bottom:0px;padding-left:0px;}.wp-block-kadence-advancedheading.kt-adv-heading18274_ec7472-29 img.kb-inline-image, .wp-block-kadence-advancedheading.kt-adv-heading18274_ec7472-29[data-kb-block=\"kb-adv-heading18274_ec7472-29\"] img.kb-inline-image{width:150px;vertical-align:baseline;}<\/style>\n<p class=\"kt-adv-heading18274_ec7472-29 wp-block-kadence-advancedheading\" data-kb-block=\"kb-adv-heading18274_ec7472-29\"><br><strong>Le Salon d\u2019art contemporain qui fait vibrer Strasbourg<\/strong><br><em>Connaissance des Arts <\/em>\u2013 novembre 2023<br><a href=\"https:\/\/www.connaissancedesarts.com\/arts-expositions\/art-contemporain\/nos-visiteurs-decouvrent-des-oeuvres-quils-ne-verront-pas-ailleurs-st-art-le-salon-dart-contemporain-qui-fait-vibrer-strasbourg-11186751\/\" target=\"_blank\" rel=\"noreferrer noopener\">[Lire l\u2019article dans Connaissance des Arts]<\/a><\/p>\n<\/div><\/div>\n\n<\/div><\/div>\n\n\n","protected":false},"excerpt":{"rendered":"<p>St-Art Foire Europ\u00e9enne d&rsquo;Art Contemporain de Strasbourg Pour sa 27\u00e8me \u00e9dition, la foire d\u2019art contemporain ST-ART Strasbourg s\u2019est tenue du 24 au 26 novembre 2023 au nouveau Parc des Expositions, au pied des Rives de l\u2019Aar.Reconnue comme l\u2019une des premi\u00e8res foires r\u00e9gionales d\u2019art contemporain en France, ST-ART r\u00e9unit chaque ann\u00e9e un public de collectionneurs, amateurs&#8230;<\/p>","protected":false},"author":34,"featured_media":14114,"parent":18226,"menu_order":20,"comment_status":"closed","ping_status":"closed","template":"","meta":{"_acf_changed":false,"_kad_post_transparent":"","_kad_post_title":"","_kad_post_layout":"","_kad_post_sidebar_id":"","_kad_post_content_style":"","_kad_post_vertical_padding":"","_kad_post_feature":"","_kad_post_feature_position":"","_kad_post_header":false,"_kad_post_footer":false,"_kad_post_classname":"","iawp_total_views":8,"footnotes":""},"class_list":["post-18274","page","type-page","status-publish","has-post-thumbnail","hentry"],"acf":[],"_links":{"self":[{"href":"https:\/\/www.francksaissi.com\/en\/wp-json\/wp\/v2\/pages\/18274","targetHints":{"allow":["GET"]}}],"collection":[{"href":"https:\/\/www.francksaissi.com\/en\/wp-json\/wp\/v2\/pages"}],"about":[{"href":"https:\/\/www.francksaissi.com\/en\/wp-json\/wp\/v2\/types\/page"}],"author":[{"embeddable":true,"href":"https:\/\/www.francksaissi.com\/en\/wp-json\/wp\/v2\/users\/34"}],"replies":[{"embeddable":true,"href":"https:\/\/www.francksaissi.com\/en\/wp-json\/wp\/v2\/comments?post=18274"}],"version-history":[{"count":5,"href":"https:\/\/www.francksaissi.com\/en\/wp-json\/wp\/v2\/pages\/18274\/revisions"}],"predecessor-version":[{"id":21868,"href":"https:\/\/www.francksaissi.com\/en\/wp-json\/wp\/v2\/pages\/18274\/revisions\/21868"}],"up":[{"embeddable":true,"href":"https:\/\/www.francksaissi.com\/en\/wp-json\/wp\/v2\/pages\/18226"}],"wp:featuredmedia":[{"embeddable":true,"href":"https:\/\/www.francksaissi.com\/en\/wp-json\/wp\/v2\/media\/14114"}],"wp:attachment":[{"href":"https:\/\/www.francksaissi.com\/en\/wp-json\/wp\/v2\/media?parent=18274"}],"curies":[{"name":"wp","href":"https:\/\/api.w.org\/{rel}","templated":true}]}}