{"id":18095,"date":"2025-06-10T16:08:29","date_gmt":"2025-06-10T14:08:29","guid":{"rendered":"https:\/\/www.francksaissi.com\/?page_id=18095"},"modified":"2026-03-07T14:12:26","modified_gmt":"2026-03-07T13:12:26","slug":"etoile-du-roy","status":"publish","type":"page","link":"https:\/\/www.francksaissi.com\/en\/cartes-marines\/etoile-du-roy\/","title":{"rendered":"\u00c9toile du Roy"},"content":{"rendered":"<style>.kb-image18095_99aefa-a4.kb-image-is-ratio-size, .kb-image18095_99aefa-a4 .kb-image-is-ratio-size{max-width:500px;width:100%;}.wp-block-kadence-column > .kt-inside-inner-col > .kb-image18095_99aefa-a4.kb-image-is-ratio-size, .wp-block-kadence-column > .kt-inside-inner-col > .kb-image18095_99aefa-a4 .kb-image-is-ratio-size{align-self:unset;}.kb-image18095_99aefa-a4 figure{max-width:500px;}.kb-image18095_99aefa-a4 .image-is-svg, .kb-image18095_99aefa-a4 .image-is-svg img{width:100%;}.kb-image18095_99aefa-a4 .kb-image-has-overlay:after{opacity:0.3;}.kb-image18095_99aefa-a4 img.kb-img, .kb-image18095_99aefa-a4 .kb-img img{filter:drop-shadow(0px 0px 14px rgba(0, 0, 0, 0.2));}<\/style>\n<div class=\"wp-block-kadence-image kb-image18095_99aefa-a4\"><figure class=\"aligncenter size-large\"><img loading=\"lazy\" decoding=\"async\" width=\"637\" height=\"1000\" src=\"https:\/\/www.francksaissi.com\/wp-content\/uploads\/2026\/01\/carte-marine-etoile-du-roy-franck-saissi-1200-637x1000.webp\" alt=\"L\u2019\u00c9toile du Roy - dessin contemporain de Franck Sa\u00efssi, encre de Chine sur carte marine\" class=\"kb-img wp-image-21460\" srcset=\"https:\/\/www.francksaissi.com\/wp-content\/uploads\/2026\/01\/carte-marine-etoile-du-roy-franck-saissi-1200-637x1000.webp 637w, https:\/\/www.francksaissi.com\/wp-content\/uploads\/2026\/01\/carte-marine-etoile-du-roy-franck-saissi-1200-750x1178.webp 750w, https:\/\/www.francksaissi.com\/wp-content\/uploads\/2026\/01\/carte-marine-etoile-du-roy-franck-saissi-1200-382x600.webp 382w, https:\/\/www.francksaissi.com\/wp-content\/uploads\/2026\/01\/carte-marine-etoile-du-roy-franck-saissi-1200-127x200.webp 127w, https:\/\/www.francksaissi.com\/wp-content\/uploads\/2026\/01\/carte-marine-etoile-du-roy-franck-saissi-1200-8x12.webp 8w, https:\/\/www.francksaissi.com\/wp-content\/uploads\/2026\/01\/carte-marine-etoile-du-roy-franck-saissi-1200.webp 764w\" sizes=\"auto, (max-width: 637px) 100vw, 637px\" \/><\/figure><\/div>\n\n\n<style>.wp-block-kadence-advancedheading.kt-adv-heading18095_95b726-a9, .wp-block-kadence-advancedheading.kt-adv-heading18095_95b726-a9[data-kb-block=\"kb-adv-heading18095_95b726-a9\"]{text-align:center;font-style:normal;}.wp-block-kadence-advancedheading.kt-adv-heading18095_95b726-a9 mark.kt-highlight, .wp-block-kadence-advancedheading.kt-adv-heading18095_95b726-a9[data-kb-block=\"kb-adv-heading18095_95b726-a9\"] mark.kt-highlight{font-style:normal;color:#f76a0c;-webkit-box-decoration-break:clone;box-decoration-break:clone;padding-top:0px;padding-right:0px;padding-bottom:0px;padding-left:0px;}.wp-block-kadence-advancedheading.kt-adv-heading18095_95b726-a9 img.kb-inline-image, .wp-block-kadence-advancedheading.kt-adv-heading18095_95b726-a9[data-kb-block=\"kb-adv-heading18095_95b726-a9\"] img.kb-inline-image{width:150px;vertical-align:baseline;}<\/style>\n<h1 class=\"kt-adv-heading18095_95b726-a9 wp-block-kadence-advancedheading\" data-kb-block=\"kb-adv-heading18095_95b726-a9\">\u00c9toile du Roy<\/h1>\n\n\n<style>.wp-block-kadence-advancedheading.kt-adv-heading18095_9adf52-99, .wp-block-kadence-advancedheading.kt-adv-heading18095_9adf52-99[data-kb-block=\"kb-adv-heading18095_9adf52-99\"]{max-width:600px;margin-right:auto;margin-left:auto;margin-bottom:50px;text-align:center;font-size:var(--global-kb-font-size-md, 1.25rem);line-height:1.6;font-style:normal;text-transform:none;}.wp-block-kadence-advancedheading.kt-adv-heading18095_9adf52-99 mark.kt-highlight, .wp-block-kadence-advancedheading.kt-adv-heading18095_9adf52-99[data-kb-block=\"kb-adv-heading18095_9adf52-99\"] mark.kt-highlight{font-style:normal;color:#f76a0c;-webkit-box-decoration-break:clone;box-decoration-break:clone;padding-top:0px;padding-right:0px;padding-bottom:0px;padding-left:0px;}.wp-block-kadence-advancedheading.kt-adv-heading18095_9adf52-99 img.kb-inline-image, .wp-block-kadence-advancedheading.kt-adv-heading18095_9adf52-99[data-kb-block=\"kb-adv-heading18095_9adf52-99\"] img.kb-inline-image{width:150px;vertical-align:baseline;}@media all and (max-width: 767px){.wp-block-kadence-advancedheading.kt-adv-heading18095_9adf52-99, .wp-block-kadence-advancedheading.kt-adv-heading18095_9adf52-99[data-kb-block=\"kb-adv-heading18095_9adf52-99\"]{padding-right:var(--global-kb-spacing-xs, 1rem);padding-left:var(--global-kb-spacing-xs, 1rem);}}<\/style>\n<p class=\"kt-adv-heading18095_9adf52-99 wp-block-kadence-advancedheading\" data-kb-block=\"kb-adv-heading18095_9adf52-99\">Encre de Chine sur carte marine, 110 x 70 cm, 2020<br>Am\u00e9rique m\u00e9ridionale, 1864<\/p>\n\n\n\n","protected":false},"excerpt":{"rendered":"<p>\u00c9toile du Roy Encre de Chine sur carte marine, 110 x 70 cm, 2020Am\u00e9rique m\u00e9ridionale, 1864<\/p>","protected":false},"author":34,"featured_media":21460,"parent":17933,"menu_order":22,"comment_status":"closed","ping_status":"closed","template":"","meta":{"_acf_changed":false,"_kad_post_transparent":"","_kad_post_title":"","_kad_post_layout":"","_kad_post_sidebar_id":"","_kad_post_content_style":"","_kad_post_vertical_padding":"","_kad_post_feature":"","_kad_post_feature_position":"","_kad_post_header":false,"_kad_post_footer":false,"_kad_post_classname":"","iawp_total_views":14,"footnotes":""},"class_list":["post-18095","page","type-page","status-publish","has-post-thumbnail","hentry"],"acf":[],"_links":{"self":[{"href":"https:\/\/www.francksaissi.com\/en\/wp-json\/wp\/v2\/pages\/18095","targetHints":{"allow":["GET"]}}],"collection":[{"href":"https:\/\/www.francksaissi.com\/en\/wp-json\/wp\/v2\/pages"}],"about":[{"href":"https:\/\/www.francksaissi.com\/en\/wp-json\/wp\/v2\/types\/page"}],"author":[{"embeddable":true,"href":"https:\/\/www.francksaissi.com\/en\/wp-json\/wp\/v2\/users\/34"}],"replies":[{"embeddable":true,"href":"https:\/\/www.francksaissi.com\/en\/wp-json\/wp\/v2\/comments?post=18095"}],"version-history":[{"count":8,"href":"https:\/\/www.francksaissi.com\/en\/wp-json\/wp\/v2\/pages\/18095\/revisions"}],"predecessor-version":[{"id":24250,"href":"https:\/\/www.francksaissi.com\/en\/wp-json\/wp\/v2\/pages\/18095\/revisions\/24250"}],"up":[{"embeddable":true,"href":"https:\/\/www.francksaissi.com\/en\/wp-json\/wp\/v2\/pages\/17933"}],"wp:featuredmedia":[{"embeddable":true,"href":"https:\/\/www.francksaissi.com\/en\/wp-json\/wp\/v2\/media\/21460"}],"wp:attachment":[{"href":"https:\/\/www.francksaissi.com\/en\/wp-json\/wp\/v2\/media?parent=18095"}],"curies":[{"name":"wp","href":"https:\/\/api.w.org\/{rel}","templated":true}]}}