{"id":18061,"date":"2025-06-10T14:12:59","date_gmt":"2025-06-10T12:12:59","guid":{"rendered":"https:\/\/www.francksaissi.com\/?page_id=18061"},"modified":"2026-03-07T14:06:52","modified_gmt":"2026-03-07T13:06:52","slug":"le-poulpe","status":"publish","type":"page","link":"https:\/\/www.francksaissi.com\/en\/cartes-marines\/le-poulpe\/","title":{"rendered":"Le poulpe"},"content":{"rendered":"<style>.kb-image18061_fee521-ed .kb-image-has-overlay:after{opacity:0.3;}.kb-image18061_fee521-ed img.kb-img, .kb-image18061_fee521-ed .kb-img img{filter:drop-shadow(0px 0px 14px rgba(0, 0, 0, 0.2));}<\/style>\n<div class=\"wp-block-kadence-image kb-image18061_fee521-ed\"><figure class=\"aligncenter size-large\"><img loading=\"lazy\" decoding=\"async\" width=\"1000\" height=\"697\" src=\"https:\/\/www.francksaissi.com\/wp-content\/uploads\/2026\/01\/carte-marine-poulpe-franck-saissi-1200-1000x697.webp\" alt=\"Poulpe - dessin contemporain de Franck Sa\u00efssi, encre de Chine sur carte marine\" class=\"kb-img wp-image-21442\" srcset=\"https:\/\/www.francksaissi.com\/wp-content\/uploads\/2026\/01\/carte-marine-poulpe-franck-saissi-1200-1000x697.webp 1000w, https:\/\/www.francksaissi.com\/wp-content\/uploads\/2026\/01\/carte-marine-poulpe-franck-saissi-1200-600x418.webp 600w, https:\/\/www.francksaissi.com\/wp-content\/uploads\/2026\/01\/carte-marine-poulpe-franck-saissi-1200-200x139.webp 200w, https:\/\/www.francksaissi.com\/wp-content\/uploads\/2026\/01\/carte-marine-poulpe-franck-saissi-1200-768x535.webp 768w, https:\/\/www.francksaissi.com\/wp-content\/uploads\/2026\/01\/carte-marine-poulpe-franck-saissi-1200-18x12.webp 18w, https:\/\/www.francksaissi.com\/wp-content\/uploads\/2026\/01\/carte-marine-poulpe-franck-saissi-1200.webp 1200w\" sizes=\"auto, (max-width: 1000px) 100vw, 1000px\" \/><\/figure><\/div>\n\n\n<style>.wp-block-kadence-advancedheading.kt-adv-heading18061_34c24d-a4, .wp-block-kadence-advancedheading.kt-adv-heading18061_34c24d-a4[data-kb-block=\"kb-adv-heading18061_34c24d-a4\"]{text-align:center;font-style:normal;}.wp-block-kadence-advancedheading.kt-adv-heading18061_34c24d-a4 mark.kt-highlight, .wp-block-kadence-advancedheading.kt-adv-heading18061_34c24d-a4[data-kb-block=\"kb-adv-heading18061_34c24d-a4\"] mark.kt-highlight{font-style:normal;color:#f76a0c;-webkit-box-decoration-break:clone;box-decoration-break:clone;padding-top:0px;padding-right:0px;padding-bottom:0px;padding-left:0px;}.wp-block-kadence-advancedheading.kt-adv-heading18061_34c24d-a4 img.kb-inline-image, .wp-block-kadence-advancedheading.kt-adv-heading18061_34c24d-a4[data-kb-block=\"kb-adv-heading18061_34c24d-a4\"] img.kb-inline-image{width:150px;vertical-align:baseline;}<\/style>\n<h1 class=\"kt-adv-heading18061_34c24d-a4 wp-block-kadence-advancedheading\" data-kb-block=\"kb-adv-heading18061_34c24d-a4\">Le poulpe<\/h1>\n\n\n<style>.wp-block-kadence-advancedheading.kt-adv-heading18061_ff8be0-91, .wp-block-kadence-advancedheading.kt-adv-heading18061_ff8be0-91[data-kb-block=\"kb-adv-heading18061_ff8be0-91\"]{max-width:600px;margin-right:auto;margin-left:auto;margin-bottom:50px;text-align:center;font-size:var(--global-kb-font-size-md, 1.25rem);line-height:1.6;font-style:normal;text-transform:none;}.wp-block-kadence-advancedheading.kt-adv-heading18061_ff8be0-91 mark.kt-highlight, .wp-block-kadence-advancedheading.kt-adv-heading18061_ff8be0-91[data-kb-block=\"kb-adv-heading18061_ff8be0-91\"] mark.kt-highlight{font-style:normal;color:#f76a0c;-webkit-box-decoration-break:clone;box-decoration-break:clone;padding-top:0px;padding-right:0px;padding-bottom:0px;padding-left:0px;}.wp-block-kadence-advancedheading.kt-adv-heading18061_ff8be0-91 img.kb-inline-image, .wp-block-kadence-advancedheading.kt-adv-heading18061_ff8be0-91[data-kb-block=\"kb-adv-heading18061_ff8be0-91\"] img.kb-inline-image{width:150px;vertical-align:baseline;}@media all and (max-width: 767px){.wp-block-kadence-advancedheading.kt-adv-heading18061_ff8be0-91, .wp-block-kadence-advancedheading.kt-adv-heading18061_ff8be0-91[data-kb-block=\"kb-adv-heading18061_ff8be0-91\"]{padding-right:var(--global-kb-spacing-xs, 1rem);padding-left:var(--global-kb-spacing-xs, 1rem);}}<\/style>\n<p class=\"kt-adv-heading18061_ff8be0-91 wp-block-kadence-advancedheading\" data-kb-block=\"kb-adv-heading18061_ff8be0-91\"> Encre de Chine sur carte marine, 70 x 110 cm, 2022<br>Oc\u00e9an Atlantique Nord, C\u00f4te Est des \u00c9tats-Unis, 1922<br><\/p>\n\n\n\n","protected":false},"excerpt":{"rendered":"<p>Le poulpe Encre de Chine sur carte marine, 70 x 110 cm, 2022Oc\u00e9an Atlantique Nord, C\u00f4te Est des \u00c9tats-Unis, 1922<\/p>","protected":false},"author":34,"featured_media":21442,"parent":17933,"menu_order":17,"comment_status":"closed","ping_status":"closed","template":"","meta":{"_acf_changed":false,"_kad_post_transparent":"","_kad_post_title":"","_kad_post_layout":"","_kad_post_sidebar_id":"","_kad_post_content_style":"","_kad_post_vertical_padding":"","_kad_post_feature":"","_kad_post_feature_position":"","_kad_post_header":false,"_kad_post_footer":false,"_kad_post_classname":"","iawp_total_views":19,"footnotes":""},"class_list":["post-18061","page","type-page","status-publish","has-post-thumbnail","hentry"],"acf":[],"_links":{"self":[{"href":"https:\/\/www.francksaissi.com\/en\/wp-json\/wp\/v2\/pages\/18061","targetHints":{"allow":["GET"]}}],"collection":[{"href":"https:\/\/www.francksaissi.com\/en\/wp-json\/wp\/v2\/pages"}],"about":[{"href":"https:\/\/www.francksaissi.com\/en\/wp-json\/wp\/v2\/types\/page"}],"author":[{"embeddable":true,"href":"https:\/\/www.francksaissi.com\/en\/wp-json\/wp\/v2\/users\/34"}],"replies":[{"embeddable":true,"href":"https:\/\/www.francksaissi.com\/en\/wp-json\/wp\/v2\/comments?post=18061"}],"version-history":[{"count":7,"href":"https:\/\/www.francksaissi.com\/en\/wp-json\/wp\/v2\/pages\/18061\/revisions"}],"predecessor-version":[{"id":24245,"href":"https:\/\/www.francksaissi.com\/en\/wp-json\/wp\/v2\/pages\/18061\/revisions\/24245"}],"up":[{"embeddable":true,"href":"https:\/\/www.francksaissi.com\/en\/wp-json\/wp\/v2\/pages\/17933"}],"wp:featuredmedia":[{"embeddable":true,"href":"https:\/\/www.francksaissi.com\/en\/wp-json\/wp\/v2\/media\/21442"}],"wp:attachment":[{"href":"https:\/\/www.francksaissi.com\/en\/wp-json\/wp\/v2\/media?parent=18061"}],"curies":[{"name":"wp","href":"https:\/\/api.w.org\/{rel}","templated":true}]}}