{"id":18017,"date":"2025-06-10T11:40:17","date_gmt":"2025-06-10T09:40:17","guid":{"rendered":"https:\/\/www.francksaissi.com\/?page_id=18017"},"modified":"2026-03-07T13:47:34","modified_gmt":"2026-03-07T12:47:34","slug":"recif-artificiel","status":"publish","type":"page","link":"https:\/\/www.francksaissi.com\/en\/cartes-marines\/recif-artificiel\/","title":{"rendered":"R\u00e9cif artificiel"},"content":{"rendered":"<style>.kb-image18017_ed02f1-6e .kb-image-has-overlay:after{opacity:0.3;}.kb-image18017_ed02f1-6e img.kb-img, .kb-image18017_ed02f1-6e .kb-img img{filter:drop-shadow(0px 0px 14px rgba(0, 0, 0, 0.2));}<\/style>\n<div class=\"wp-block-kadence-image kb-image18017_ed02f1-6e\"><figure class=\"aligncenter size-large\"><img loading=\"lazy\" decoding=\"async\" width=\"1000\" height=\"710\" src=\"https:\/\/www.francksaissi.com\/wp-content\/uploads\/2026\/01\/carte-marine-recif-artificiel-franck-saissi-1000x710.webp\" alt=\"R\u00e9cif artificiel - dessin contemporain de Franck Sa\u00efssi, encre de Chine sur carte marine\" class=\"kb-img wp-image-21365\" srcset=\"https:\/\/www.francksaissi.com\/wp-content\/uploads\/2026\/01\/carte-marine-recif-artificiel-franck-saissi-1000x710.webp 1000w, https:\/\/www.francksaissi.com\/wp-content\/uploads\/2026\/01\/carte-marine-recif-artificiel-franck-saissi-600x426.webp 600w, https:\/\/www.francksaissi.com\/wp-content\/uploads\/2026\/01\/carte-marine-recif-artificiel-franck-saissi-200x142.webp 200w, https:\/\/www.francksaissi.com\/wp-content\/uploads\/2026\/01\/carte-marine-recif-artificiel-franck-saissi-768x545.webp 768w, https:\/\/www.francksaissi.com\/wp-content\/uploads\/2026\/01\/carte-marine-recif-artificiel-franck-saissi-18x12.webp 18w, https:\/\/www.francksaissi.com\/wp-content\/uploads\/2026\/01\/carte-marine-recif-artificiel-franck-saissi.webp 1200w\" sizes=\"auto, (max-width: 1000px) 100vw, 1000px\" \/><\/figure><\/div>\n\n\n<style>.wp-block-kadence-advancedheading.kt-adv-heading18017_dacd51-c9, .wp-block-kadence-advancedheading.kt-adv-heading18017_dacd51-c9[data-kb-block=\"kb-adv-heading18017_dacd51-c9\"]{text-align:center;font-style:normal;}.wp-block-kadence-advancedheading.kt-adv-heading18017_dacd51-c9 mark.kt-highlight, .wp-block-kadence-advancedheading.kt-adv-heading18017_dacd51-c9[data-kb-block=\"kb-adv-heading18017_dacd51-c9\"] mark.kt-highlight{font-style:normal;color:#f76a0c;-webkit-box-decoration-break:clone;box-decoration-break:clone;padding-top:0px;padding-right:0px;padding-bottom:0px;padding-left:0px;}.wp-block-kadence-advancedheading.kt-adv-heading18017_dacd51-c9 img.kb-inline-image, .wp-block-kadence-advancedheading.kt-adv-heading18017_dacd51-c9[data-kb-block=\"kb-adv-heading18017_dacd51-c9\"] img.kb-inline-image{width:150px;vertical-align:baseline;}<\/style>\n<h1 class=\"kt-adv-heading18017_dacd51-c9 wp-block-kadence-advancedheading\" data-kb-block=\"kb-adv-heading18017_dacd51-c9\">R\u00e9cif artificiel<\/h1>\n\n\n<style>.wp-block-kadence-advancedheading.kt-adv-heading18017_24d756-f3, .wp-block-kadence-advancedheading.kt-adv-heading18017_24d756-f3[data-kb-block=\"kb-adv-heading18017_24d756-f3\"]{max-width:600px;margin-right:auto;margin-left:auto;margin-bottom:50px;text-align:center;font-size:var(--global-kb-font-size-md, 1.25rem);line-height:1.6;font-style:normal;text-transform:none;}.wp-block-kadence-advancedheading.kt-adv-heading18017_24d756-f3 mark.kt-highlight, .wp-block-kadence-advancedheading.kt-adv-heading18017_24d756-f3[data-kb-block=\"kb-adv-heading18017_24d756-f3\"] mark.kt-highlight{font-style:normal;color:#f76a0c;-webkit-box-decoration-break:clone;box-decoration-break:clone;padding-top:0px;padding-right:0px;padding-bottom:0px;padding-left:0px;}.wp-block-kadence-advancedheading.kt-adv-heading18017_24d756-f3 img.kb-inline-image, .wp-block-kadence-advancedheading.kt-adv-heading18017_24d756-f3[data-kb-block=\"kb-adv-heading18017_24d756-f3\"] img.kb-inline-image{width:150px;vertical-align:baseline;}@media all and (max-width: 767px){.wp-block-kadence-advancedheading.kt-adv-heading18017_24d756-f3, .wp-block-kadence-advancedheading.kt-adv-heading18017_24d756-f3[data-kb-block=\"kb-adv-heading18017_24d756-f3\"]{padding-right:var(--global-kb-spacing-xs, 1rem);padding-left:var(--global-kb-spacing-xs, 1rem);}}<\/style>\n<p class=\"kt-adv-heading18017_24d756-f3 wp-block-kadence-advancedheading\" data-kb-block=\"kb-adv-heading18017_24d756-f3\">Encre de Chine sur carte marine, 75 x 105 cm, 2024<br>M\u00e9diterran\u00e9e, de Monaco \u00e0 San Lorenzo<\/p>\n\n\n\n","protected":false},"excerpt":{"rendered":"<p>R\u00e9cif artificiel Encre de Chine sur carte marine, 75 x 105 cm, 2024M\u00e9diterran\u00e9e, de Monaco \u00e0 San Lorenzo<\/p>","protected":false},"author":34,"featured_media":21365,"parent":17933,"menu_order":9,"comment_status":"closed","ping_status":"closed","template":"","meta":{"_acf_changed":false,"_kad_post_transparent":"","_kad_post_title":"","_kad_post_layout":"","_kad_post_sidebar_id":"","_kad_post_content_style":"","_kad_post_vertical_padding":"","_kad_post_feature":"","_kad_post_feature_position":"","_kad_post_header":false,"_kad_post_footer":false,"_kad_post_classname":"","iawp_total_views":18,"footnotes":""},"class_list":["post-18017","page","type-page","status-publish","has-post-thumbnail","hentry"],"acf":[],"_links":{"self":[{"href":"https:\/\/www.francksaissi.com\/en\/wp-json\/wp\/v2\/pages\/18017","targetHints":{"allow":["GET"]}}],"collection":[{"href":"https:\/\/www.francksaissi.com\/en\/wp-json\/wp\/v2\/pages"}],"about":[{"href":"https:\/\/www.francksaissi.com\/en\/wp-json\/wp\/v2\/types\/page"}],"author":[{"embeddable":true,"href":"https:\/\/www.francksaissi.com\/en\/wp-json\/wp\/v2\/users\/34"}],"replies":[{"embeddable":true,"href":"https:\/\/www.francksaissi.com\/en\/wp-json\/wp\/v2\/comments?post=18017"}],"version-history":[{"count":7,"href":"https:\/\/www.francksaissi.com\/en\/wp-json\/wp\/v2\/pages\/18017\/revisions"}],"predecessor-version":[{"id":24237,"href":"https:\/\/www.francksaissi.com\/en\/wp-json\/wp\/v2\/pages\/18017\/revisions\/24237"}],"up":[{"embeddable":true,"href":"https:\/\/www.francksaissi.com\/en\/wp-json\/wp\/v2\/pages\/17933"}],"wp:featuredmedia":[{"embeddable":true,"href":"https:\/\/www.francksaissi.com\/en\/wp-json\/wp\/v2\/media\/21365"}],"wp:attachment":[{"href":"https:\/\/www.francksaissi.com\/en\/wp-json\/wp\/v2\/media?parent=18017"}],"curies":[{"name":"wp","href":"https:\/\/api.w.org\/{rel}","templated":true}]}}