{"id":17641,"date":"2025-06-03T19:31:08","date_gmt":"2025-06-03T17:31:08","guid":{"rendered":"https:\/\/www.francksaissi.com\/?page_id=17641"},"modified":"2026-03-05T22:21:45","modified_gmt":"2026-03-05T21:21:45","slug":"archives-critiques","status":"publish","type":"page","link":"https:\/\/www.francksaissi.com\/en\/archives-critiques\/","title":{"rendered":"Critical archives"},"content":{"rendered":"<style>.wp-block-kadence-advancedheading.kt-adv-heading17641_f193df-60, .wp-block-kadence-advancedheading.kt-adv-heading17641_f193df-60[data-kb-block=\"kb-adv-heading17641_f193df-60\"]{text-align:center;font-style:normal;}.wp-block-kadence-advancedheading.kt-adv-heading17641_f193df-60 mark.kt-highlight, .wp-block-kadence-advancedheading.kt-adv-heading17641_f193df-60[data-kb-block=\"kb-adv-heading17641_f193df-60\"] mark.kt-highlight{font-style:normal;color:#f76a0c;-webkit-box-decoration-break:clone;box-decoration-break:clone;padding-top:0px;padding-right:0px;padding-bottom:0px;padding-left:0px;}.wp-block-kadence-advancedheading.kt-adv-heading17641_f193df-60 img.kb-inline-image, .wp-block-kadence-advancedheading.kt-adv-heading17641_f193df-60[data-kb-block=\"kb-adv-heading17641_f193df-60\"] img.kb-inline-image{width:150px;vertical-align:baseline;}<\/style>\n<h1 class=\"kt-adv-heading17641_f193df-60 wp-block-kadence-advancedheading\" data-kb-block=\"kb-adv-heading17641_f193df-60\">Archives critiques<\/h1>\n\n\n<style>.kb-row-layout-id17641_59aca2-2e > .kt-row-column-wrap{align-content:start;}:where(.kb-row-layout-id17641_59aca2-2e > .kt-row-column-wrap) > .wp-block-kadence-column{justify-content:start;}.kb-row-layout-id17641_59aca2-2e > .kt-row-column-wrap{column-gap:var(--global-kb-gap-md, 2rem);row-gap:var(--global-kb-gap-md, 2rem);padding-top:var(--global-kb-spacing-sm, 1.5rem);padding-bottom:var(--global-kb-spacing-sm, 1.5rem);grid-template-columns:minmax(0, 1fr);}.kb-row-layout-id17641_59aca2-2e > .kt-row-layout-overlay{opacity:0.30;}@media all and (max-width: 1024px){.kb-row-layout-id17641_59aca2-2e > .kt-row-column-wrap{grid-template-columns:minmax(0, 1fr);}}@media all and (max-width: 767px){.kb-row-layout-id17641_59aca2-2e > .kt-row-column-wrap{padding-right:var(--global-kb-spacing-xs, 1rem);padding-left:var(--global-kb-spacing-xs, 1rem);grid-template-columns:minmax(0, 1fr);}}<\/style><div class=\"kb-row-layout-wrap kb-row-layout-id17641_59aca2-2e alignnone wp-block-kadence-rowlayout\"><div class=\"kt-row-column-wrap kt-has-1-columns kt-row-layout-equal kt-tab-layout-inherit kt-mobile-layout-row kt-row-valign-top\">\n<style>.kadence-column17641_0b4316-66 > .kt-inside-inner-col{display:flex;}.kadence-column17641_0b4316-66 > .kt-inside-inner-col,.kadence-column17641_0b4316-66 > .kt-inside-inner-col:before{border-top-left-radius:0px;border-top-right-radius:0px;border-bottom-right-radius:0px;border-bottom-left-radius:0px;}.kadence-column17641_0b4316-66 > .kt-inside-inner-col{column-gap:var(--global-kb-gap-sm, 1rem);}.kadence-column17641_0b4316-66 > .kt-inside-inner-col{flex-direction:column;align-items:center;}.kadence-column17641_0b4316-66 > .kt-inside-inner-col > .kb-image-is-ratio-size{align-self:stretch;}.kadence-column17641_0b4316-66 > .kt-inside-inner-col > .wp-block-kadence-advancedgallery{align-self:stretch;}.kadence-column17641_0b4316-66 > .kt-inside-inner-col > .aligncenter{width:100%;}.kadence-column17641_0b4316-66 > .kt-inside-inner-col:before{opacity:0.3;}.kadence-column17641_0b4316-66{position:relative;}@media all and (max-width: 1024px){.kadence-column17641_0b4316-66 > .kt-inside-inner-col{flex-direction:column;justify-content:center;align-items:center;}}@media all and (max-width: 767px){.kadence-column17641_0b4316-66 > .kt-inside-inner-col{flex-direction:column;justify-content:center;align-items:center;}}<\/style>\n<div class=\"wp-block-kadence-column kadence-column17641_0b4316-66\"><div class=\"kt-inside-inner-col\"><style>.wp-block-kadence-advancedheading.kt-adv-heading17641_083254-d5, .wp-block-kadence-advancedheading.kt-adv-heading17641_083254-d5[data-kb-block=\"kb-adv-heading17641_083254-d5\"]{margin-top:var(--global-kb-spacing-lg, 3rem);margin-bottom:var(--global-kb-spacing-md, 2rem);text-align:left;font-style:normal;}.wp-block-kadence-advancedheading.kt-adv-heading17641_083254-d5 mark.kt-highlight, .wp-block-kadence-advancedheading.kt-adv-heading17641_083254-d5[data-kb-block=\"kb-adv-heading17641_083254-d5\"] mark.kt-highlight{font-style:normal;color:#f76a0c;-webkit-box-decoration-break:clone;box-decoration-break:clone;padding-top:0px;padding-right:0px;padding-bottom:0px;padding-left:0px;}.wp-block-kadence-advancedheading.kt-adv-heading17641_083254-d5 img.kb-inline-image, .wp-block-kadence-advancedheading.kt-adv-heading17641_083254-d5[data-kb-block=\"kb-adv-heading17641_083254-d5\"] img.kb-inline-image{width:150px;vertical-align:baseline;}<\/style>\n<h2 class=\"kt-adv-heading17641_083254-d5 wp-block-kadence-advancedheading\" data-kb-block=\"kb-adv-heading17641_083254-d5\">Textes historiques (2007-2021)<\/h2>\n\n\n<style>.wp-block-kadence-advancedheading.kt-adv-heading17641_0a9f57-a4, .wp-block-kadence-advancedheading.kt-adv-heading17641_0a9f57-a4[data-kb-block=\"kb-adv-heading17641_0a9f57-a4\"]{max-width:800px;font-size:18px;font-style:normal;}.wp-block-kadence-advancedheading.kt-adv-heading17641_0a9f57-a4 mark.kt-highlight, .wp-block-kadence-advancedheading.kt-adv-heading17641_0a9f57-a4[data-kb-block=\"kb-adv-heading17641_0a9f57-a4\"] mark.kt-highlight{font-style:normal;color:#f76a0c;-webkit-box-decoration-break:clone;box-decoration-break:clone;padding-top:0px;padding-right:0px;padding-bottom:0px;padding-left:0px;}.wp-block-kadence-advancedheading.kt-adv-heading17641_0a9f57-a4 img.kb-inline-image, .wp-block-kadence-advancedheading.kt-adv-heading17641_0a9f57-a4[data-kb-block=\"kb-adv-heading17641_0a9f57-a4\"] img.kb-inline-image{width:150px;vertical-align:baseline;}<\/style>\n<p class=\"kt-adv-heading17641_0a9f57-a4 wp-block-kadence-advancedheading\" data-kb-block=\"kb-adv-heading17641_0a9f57-a4\"><em>Ces textes rassemblent des lectures de mon travail produites entre 2007 et 2021.<br>Ils constituent aujourd\u2019hui une archive : des rep\u00e8res et des voix qui ont accompagn\u00e9 les premi\u00e8res \u00e9tapes de ma pratique, au moment o\u00f9 celle-ci se transformait.<br>Ils sont conserv\u00e9s ici pour leur valeur historique.<\/em><\/p>\n\n\n\n<div style=\"height:100px\" aria-hidden=\"true\" class=\"wp-block-spacer\"><\/div>\n\n\n<style>.wp-block-kadence-advancedheading.kt-adv-heading17641_087103-92, .wp-block-kadence-advancedheading.kt-adv-heading17641_087103-92[data-kb-block=\"kb-adv-heading17641_087103-92\"]{margin-top:50px;margin-bottom:50px;text-align:center;font-style:normal;color:#666666;}.wp-block-kadence-advancedheading.kt-adv-heading17641_087103-92 mark.kt-highlight, .wp-block-kadence-advancedheading.kt-adv-heading17641_087103-92[data-kb-block=\"kb-adv-heading17641_087103-92\"] mark.kt-highlight{font-style:normal;color:#f76a0c;-webkit-box-decoration-break:clone;box-decoration-break:clone;padding-top:0px;padding-right:0px;padding-bottom:0px;padding-left:0px;}.wp-block-kadence-advancedheading.kt-adv-heading17641_087103-92 img.kb-inline-image, .wp-block-kadence-advancedheading.kt-adv-heading17641_087103-92[data-kb-block=\"kb-adv-heading17641_087103-92\"] img.kb-inline-image{width:150px;vertical-align:baseline;}<\/style>\n<h3 class=\"kt-adv-heading17641_087103-92 wp-block-kadence-advancedheading\" data-kb-block=\"kb-adv-heading17641_087103-92\">Franck Sa\u00efssi ou la travers\u00e9e du miroir<\/h3>\n\n\n<style>.wp-block-kadence-advancedheading.kt-adv-heading17641_29e282-0f, .wp-block-kadence-advancedheading.kt-adv-heading17641_29e282-0f[data-kb-block=\"kb-adv-heading17641_29e282-0f\"]{max-width:800px;padding-top:20px;padding-right:0px;padding-bottom:20px;padding-left:0px;text-align:left;font-size:18px;line-height:1.7;font-style:normal;text-transform:none;}.wp-block-kadence-advancedheading.kt-adv-heading17641_29e282-0f mark.kt-highlight, .wp-block-kadence-advancedheading.kt-adv-heading17641_29e282-0f[data-kb-block=\"kb-adv-heading17641_29e282-0f\"] mark.kt-highlight{font-style:normal;color:#f76a0c;-webkit-box-decoration-break:clone;box-decoration-break:clone;padding-top:0px;padding-right:0px;padding-bottom:0px;padding-left:0px;}.wp-block-kadence-advancedheading.kt-adv-heading17641_29e282-0f img.kb-inline-image, .wp-block-kadence-advancedheading.kt-adv-heading17641_29e282-0f[data-kb-block=\"kb-adv-heading17641_29e282-0f\"] img.kb-inline-image{width:150px;vertical-align:baseline;}<\/style>\n<p class=\"kt-adv-heading17641_29e282-0f wp-block-kadence-advancedheading\" data-kb-block=\"kb-adv-heading17641_29e282-0f\">Voici l\u2019histoire d\u2019un monde renvers\u00e9 tel que Lewis Carroll l\u2019imagina dans \u00abDe l\u2019autre c\u00f4t\u00e9 du miroir\u00bb. C\u2019est sur ce miroir-l\u00e0 que le r\u00e9el se d\u00e9pose et se d\u00e9double avant de se transformer \u00e0 travers les m\u00e9andres d\u2019une fiction. Si bien que le miroir se brise, que les perspectives se d\u00e9sagr\u00e8gent et que chacun de ses \u00e9clat extirpe la m\u00e9moire de l\u2019armure du r\u00e9el qui alors se fend. Ici elle se pars\u00e8me de lignes indistinctes, celles des angoisses ou des r\u00eaves et celles du souvenir de l\u2019art \u2013 ce terreau sur lequel toujours l\u2019artiste compose sa propre histoire.<br><br>Franck Sa\u00efssi rassemble tous ces d\u00e9combres, il les exhume et les met en lumi\u00e8re. Il les radiographie, les recompose en regard des ma\u00eetres pass\u00e9s pour penser ce n\u00e9gatif o\u00f9 ne subsistent plus que lignes, t\u00e2ches et \u00e9bauches de couleurs pour figurer la trame d\u2019un r\u00e9cit \u00e0 l\u2019int\u00e9rieur duquel, pourtant, nous nous contemplons.<br>Ce miroir bris\u00e9 refl\u00e8te des lignes de fuite comme autant de points de chute. Et des stries comme des balbutiements. Ou l\u2019infusion du vide au c\u0153ur de l\u2019orage. Quelque part c\u2019est le silence des visages qui r\u00e9pond \u00e0 l\u2019absence. Et les architectures se d\u00e9ploient sur les ruines d\u2019un ciel sans nuage ni soleil. Les images ne r\u00e9pondent alors qu\u2019\u00e0 ces plages o\u00f9 s\u2019\u00e9choue tout ce que nous savons de l\u2019art, avec ses sc\u00e8nes th\u00e9\u00e2trales dans le retour de l\u2019\u00e9ternit\u00e9 des mythologies, des gestes h\u00e9ro\u00efques ou du silence des natures mortes. L\u2019artiste en restitue les signes d\u00e9compos\u00e9s comme autant de fragments pour reconstituer la repr\u00e9sentation de notre propre image mentale, l\u00e0 ou se joue la v\u00e9rit\u00e9 de notre regard.<br><br>Le cadre demeure toujours un enfermement dans l\u2019espace. S\u2019en lib\u00e9rer, telle serait l\u2019utopie vertigineuse \u00e0 laquelle l\u2019artiste se confronte mais il sait que c\u2019est \u00e0 l\u2019int\u00e9rieur de cette cl\u00f4ture, \u00e0 l\u2019\u00e9gal de la grammaire en tout langage, que tout pourtant recommence et qu\u2019il ne s\u2019agit donc que d\u2019y introduire un vocabulaire nouveau pour d\u2019autres voyages dans le temps. Si les dessins illustrent cette page originelle avec leurs fonds g\u00e9ographiques ou leurs visages emmur\u00e9s, la peinture ne cesse de le hanter et Franck Sa\u00efssi excelle \u00e0 ces d\u00e9bordements de l\u2019un vers l\u2019autre.<br><br>Travail d\u2019explorateur pour \u00e9lucider ces passages souterrains entre l\u2019ombre et les formes qu\u2019elle fa\u00e7onne. Comme s\u2019il fallait toujours s\u2019en \u00e9chapper, trouver une trou\u00e9e vers la lumi\u00e8re. Et s\u2019y engouffrer, se hisser sur les cordages de perspectives impossibles pour saisir le c\u0153ur battant de l\u2019espace. Toujours aller plus loin, strate apr\u00e8s strate, pour pr\u00e9lever des \u00e9chantillons de vie et de sens.<br><br>Les \u0153uvres, instinctivement, se lisent comme un po\u00e8me lumineux \u00e0 la nuit, \u00e0 ce qu\u2019elle poss\u00e8de et \u00e0 ce qu\u2019elle distille. Dans ce qui pourrait sugg\u00e9rer des ruines abandonn\u00e9es, inutile pourtant d\u2019y rechercher quelque fant\u00f4me. A moins que le cadre de chaque image ne restitue enfin le spectre qui hante chacun de nous, tapi dans les profondeurs de nos propres angoisses et d\u00e9sirs.<br><br>     Si la composition du tableau s\u2019assure d\u2019un \u00e9quilibre extr\u00eame, attendons-nous qu\u2019elle soit pourtant perturb\u00e9e par l\u2019\u00e9nigme qu\u2019elle rec\u00e8le. La peinture, souvent, se nimbe d\u2019une brume monochrome comme si la couleur se trouvait absorb\u00e9e par la forme. Les lignes cisaillent l\u2019espace tandis que les cama\u00efeux l\u2019\u00e9pongent comme pour en caut\u00e9riser la plaie. Dessins et peintures, dans les coulisses du sens, s\u2019affrontent dans un grand combat qui remue ciel et terre pour des visages \u00e9br\u00e9ch\u00e9s et des palais \u00e9ventr\u00e9s.<br>Franck Sa\u00efssi est dessinateur et peintre et il sait, dans l\u2019interaction de la ligne et de la couleur, introduire les fractures du r\u00e9el et de tous les st\u00e9r\u00e9otypes qui le conditionnent. Aussi, parfois, l\u2019apparition d\u2019une r\u00e9f\u00e9rence cin\u00e9matographique accentue cet impression de brouillage que l\u2019artiste m\u00eale \u00e0 d\u2019autres effets de superposition entre balafres et fondus d\u00e9licats. L\u2019image se refuse pourtant obstin\u00e9ment \u00e0 toute anecdote dans ce face \u00e0 face tendu avec la mat\u00e9rialit\u00e9 de l\u2019\u0153uvre tant on attend d\u2019elle qu\u2019elle se d\u00e9voile. Mais on comprend d\u00e9j\u00e0, dans ce jeu de miroir, qu\u2019il nous revient de nourrir l\u2019\u0153uvre de notre propre regard pour que celle-ci prenne vie. Et toutes ces images s\u2019impriment soudain sur l\u2019\u00e9cran vide o\u00f9 s\u2019\u00e9crit notre propre fiction.<\/p>\n\n\n<style>.wp-block-kadence-advancedheading.kt-adv-heading17641_1de842-6c, .wp-block-kadence-advancedheading.kt-adv-heading17641_1de842-6c[data-kb-block=\"kb-adv-heading17641_1de842-6c\"]{margin-bottom:30px;text-align:left;font-size:18px;font-style:normal;text-transform:none;}.wp-block-kadence-advancedheading.kt-adv-heading17641_1de842-6c mark.kt-highlight, .wp-block-kadence-advancedheading.kt-adv-heading17641_1de842-6c[data-kb-block=\"kb-adv-heading17641_1de842-6c\"] mark.kt-highlight{font-style:normal;color:#f76a0c;-webkit-box-decoration-break:clone;box-decoration-break:clone;padding-top:0px;padding-right:0px;padding-bottom:0px;padding-left:0px;}.wp-block-kadence-advancedheading.kt-adv-heading17641_1de842-6c img.kb-inline-image, .wp-block-kadence-advancedheading.kt-adv-heading17641_1de842-6c[data-kb-block=\"kb-adv-heading17641_1de842-6c\"] img.kb-inline-image{width:150px;vertical-align:baseline;}<\/style>\n<p class=\"kt-adv-heading17641_1de842-6c wp-block-kadence-advancedheading\" data-kb-block=\"kb-adv-heading17641_1de842-6c\">Michel Gathier (2021)<br>Critique d\u2019art, journaliste<\/p>\n\n\n<style>.wp-block-kadence-spacer.kt-block-spacer-17641_c3419e-15 .kt-block-spacer{height:60px;}.wp-block-kadence-spacer.kt-block-spacer-17641_c3419e-15 .kt-divider{border-top-width:1px;height:1px;border-top-color:#555555;width:60%;border-top-style:solid;}<\/style>\n<div class=\"wp-block-kadence-spacer aligncenter kt-block-spacer-17641_c3419e-15\"><div class=\"kt-block-spacer kt-block-spacer-halign-center\"><hr class=\"kt-divider\"\/><\/div><\/div>\n\n\n<style>.wp-block-kadence-advancedheading.kt-adv-heading17641_23f4ad-49, .wp-block-kadence-advancedheading.kt-adv-heading17641_23f4ad-49[data-kb-block=\"kb-adv-heading17641_23f4ad-49\"]{max-width:800px;font-size:18px;line-height:1.7;font-style:normal;text-transform:none;}.wp-block-kadence-advancedheading.kt-adv-heading17641_23f4ad-49 mark.kt-highlight, .wp-block-kadence-advancedheading.kt-adv-heading17641_23f4ad-49[data-kb-block=\"kb-adv-heading17641_23f4ad-49\"] mark.kt-highlight{font-style:normal;color:#f76a0c;-webkit-box-decoration-break:clone;box-decoration-break:clone;padding-top:0px;padding-right:0px;padding-bottom:0px;padding-left:0px;}.wp-block-kadence-advancedheading.kt-adv-heading17641_23f4ad-49 img.kb-inline-image, .wp-block-kadence-advancedheading.kt-adv-heading17641_23f4ad-49[data-kb-block=\"kb-adv-heading17641_23f4ad-49\"] img.kb-inline-image{width:150px;vertical-align:baseline;}<\/style>\n<p class=\"kt-adv-heading17641_23f4ad-49 wp-block-kadence-advancedheading\" data-kb-block=\"kb-adv-heading17641_23f4ad-49\"><br><br><br>L&rsquo;atelier d&rsquo;un peintre offre au p\u00e8lerin de l&rsquo;art la possibilit\u00e9 du choc, de la d\u00e9couverte, de l&rsquo;insolite brusquement pr\u00e9sent\u00e9, contradictoirement \u00e0 ce que pr\u00e9cis\u00e9ment on attendait.<br><br>Chez Franck Sa\u00efssi, sous le d\u00e9cha\u00eenement des lignes et des couleurs que l&rsquo;on pouvait imaginer, on capte d\u00e8s l&rsquo;abord l&rsquo;attitude picturale, celle qui \u00e9quilibre les formes, assied les proportions, stabilise les fulgurances, affine les exag\u00e9rations voulues&#8230;<br><br>Une sagesse s&rsquo;impose, elle organise la pi\u00e8ce peinte ou dessin\u00e9e et, loin de limiter la fr\u00e9n\u00e9sie apparente, la renforce en lui accordant sa pr\u00e9sence. Ainsi \u00e9voluent sous le contr\u00f4le de l&rsquo;artiste la sensibilit\u00e9 de son envol\u00e9e et le respect de l&rsquo;art de peindre.<br><br>Sa\u00efssi appartient \u00e0 l&rsquo;expression figurative. Des nus, des portraits, des paysages sont visibles et se pr\u00e9tendent tels. La modernit\u00e9 efface bien entendu le d\u00e9tail inutile, la soumission au v\u00e9risme ou l&rsquo;\u00e9clat factice. Le clin d&rsquo;oeil complice au contemplateur est banni comme l&rsquo;agr\u00e9ment de la facilit\u00e9.<br><br>Il faut au contraire, pour p\u00e9n\u00e9trer cet univers, admettre sa violence volontaire, les grandes lignes de ses lanc\u00e9es sch\u00e9matiques, ses contrastes, voire ses d\u00e9chirures.<br><br>Alors interviendront les donn\u00e9es po\u00e9tiques, la finesse de certaines graphies, le charme que propose la peinture quand elle se pare de sinc\u00e9rit\u00e9, de l&rsquo;humilit\u00e9 de son \u00e9motion.<br><br>Ces oeuvres sont vastes, non par les dimensions favorables au gestuel, elle acqui\u00e8rent leur vastitude de la largesse de leur conception car le sujet n&rsquo;est ici que pr\u00e9texte. En fait la voltige et l&rsquo;adresse de l&rsquo;acte de peindre s&rsquo;accomplissent ici pleinement dans l&rsquo;\u00e9thique de la vocation.<br><br>D\u00e9sir de cr\u00e9er, de conna\u00eetre et de dominer la difficult\u00e9 jusqu&rsquo;\u00e0 l&rsquo;\u00e9l\u00e9gance personnelle de l&rsquo;autocritique et du doute. Pers\u00e9v\u00e9rer malgr\u00e9 l&rsquo;incompr\u00e9hension et la critique, n&rsquo;est-ce pas ainsi que l&rsquo;on peut pr\u00e9tendre \u00eatre peintre?<br><br><br>Michel Gaudet (2007)<br>AICA,  Chevalier de l&rsquo;ordre des Arts et des lettres<\/p>\n<\/div><\/div>\n\n<\/div><\/div>","protected":false},"excerpt":{"rendered":"<p>Archives critiques Textes historiques (2007-2021) Ces textes rassemblent des lectures de mon travail produites entre 2007 et 2021.Ils constituent aujourd\u2019hui une archive : des rep\u00e8res et des voix qui ont accompagn\u00e9 les premi\u00e8res \u00e9tapes de ma pratique, au moment o\u00f9 celle-ci se transformait.Ils sont conserv\u00e9s ici pour leur valeur historique. Franck Sa\u00efssi ou la travers\u00e9e&#8230;<\/p>","protected":false},"author":34,"featured_media":15928,"parent":0,"menu_order":0,"comment_status":"closed","ping_status":"closed","template":"","meta":{"_acf_changed":false,"_kad_post_transparent":"","_kad_post_title":"","_kad_post_layout":"","_kad_post_sidebar_id":"","_kad_post_content_style":"","_kad_post_vertical_padding":"","_kad_post_feature":"","_kad_post_feature_position":"","_kad_post_header":false,"_kad_post_footer":false,"_kad_post_classname":"","iawp_total_views":61,"footnotes":""},"class_list":["post-17641","page","type-page","status-publish","has-post-thumbnail","hentry"],"acf":[],"_links":{"self":[{"href":"https:\/\/www.francksaissi.com\/en\/wp-json\/wp\/v2\/pages\/17641","targetHints":{"allow":["GET"]}}],"collection":[{"href":"https:\/\/www.francksaissi.com\/en\/wp-json\/wp\/v2\/pages"}],"about":[{"href":"https:\/\/www.francksaissi.com\/en\/wp-json\/wp\/v2\/types\/page"}],"author":[{"embeddable":true,"href":"https:\/\/www.francksaissi.com\/en\/wp-json\/wp\/v2\/users\/34"}],"replies":[{"embeddable":true,"href":"https:\/\/www.francksaissi.com\/en\/wp-json\/wp\/v2\/comments?post=17641"}],"version-history":[{"count":25,"href":"https:\/\/www.francksaissi.com\/en\/wp-json\/wp\/v2\/pages\/17641\/revisions"}],"predecessor-version":[{"id":23929,"href":"https:\/\/www.francksaissi.com\/en\/wp-json\/wp\/v2\/pages\/17641\/revisions\/23929"}],"wp:featuredmedia":[{"embeddable":true,"href":"https:\/\/www.francksaissi.com\/en\/wp-json\/wp\/v2\/media\/15928"}],"wp:attachment":[{"href":"https:\/\/www.francksaissi.com\/en\/wp-json\/wp\/v2\/media?parent=17641"}],"curies":[{"name":"wp","href":"https:\/\/api.w.org\/{rel}","templated":true}]}}