{"id":17611,"date":"2025-06-03T04:25:30","date_gmt":"2025-06-03T02:25:30","guid":{"rendered":"https:\/\/www.francksaissi.com\/?page_id=17611"},"modified":"2026-04-28T04:39:50","modified_gmt":"2026-04-28T02:39:50","slug":"franck-saissi-biographie-statement","status":"publish","type":"page","link":"https:\/\/www.francksaissi.com\/en\/franck-saissi-biographie-statement\/","title":{"rendered":"Statement &amp; Biographie"},"content":{"rendered":"<style>.wp-block-kadence-advancedheading.kt-adv-heading17611_554d76-10, .wp-block-kadence-advancedheading.kt-adv-heading17611_554d76-10[data-kb-block=\"kb-adv-heading17611_554d76-10\"]{margin-bottom:var(--global-kb-spacing-xl, 4rem);text-align:center;font-size:var(--global-kb-font-size-xl, 3rem);font-style:normal;color:#7f7f7f;}.wp-block-kadence-advancedheading.kt-adv-heading17611_554d76-10 mark.kt-highlight, .wp-block-kadence-advancedheading.kt-adv-heading17611_554d76-10[data-kb-block=\"kb-adv-heading17611_554d76-10\"] mark.kt-highlight{font-style:normal;color:#f76a0c;-webkit-box-decoration-break:clone;box-decoration-break:clone;padding-top:0px;padding-right:0px;padding-bottom:0px;padding-left:0px;}.wp-block-kadence-advancedheading.kt-adv-heading17611_554d76-10 img.kb-inline-image, .wp-block-kadence-advancedheading.kt-adv-heading17611_554d76-10[data-kb-block=\"kb-adv-heading17611_554d76-10\"] img.kb-inline-image{width:150px;vertical-align:baseline;}@media all and (max-width: 767px){.wp-block-kadence-advancedheading.kt-adv-heading17611_554d76-10, .wp-block-kadence-advancedheading.kt-adv-heading17611_554d76-10[data-kb-block=\"kb-adv-heading17611_554d76-10\"]{line-height:1.4;}}<\/style>\n<h1 class=\"kt-adv-heading17611_554d76-10 wp-block-kadence-advancedheading\" data-kb-block=\"kb-adv-heading17611_554d76-10\">Statement<\/h1>\n\n\n<style>.kb-row-layout-wrap.wp-block-kadence-rowlayout.kb-row-layout-id17611_836910-98{margin-bottom:var(--global-kb-spacing-sm, 1.5rem);}.kb-row-layout-id17611_836910-98 > .kt-row-column-wrap{align-content:start;}:where(.kb-row-layout-id17611_836910-98 > .kt-row-column-wrap) > .wp-block-kadence-column{justify-content:start;}.kb-row-layout-id17611_836910-98 > .kt-row-column-wrap{column-gap:var(--global-kb-gap-md, 2rem);row-gap:var(--global-kb-gap-md, 2rem);padding-top:var(--global-kb-spacing-sm, 1.5rem);padding-bottom:var(--global-kb-spacing-sm, 1.5rem);grid-template-columns:minmax(0, 1fr);}.kb-row-layout-id17611_836910-98 > .kt-row-layout-overlay{opacity:0.30;}@media all and (max-width: 1024px){.kb-row-layout-id17611_836910-98 > .kt-row-column-wrap{grid-template-columns:minmax(0, 1fr);}}@media all and (max-width: 767px){.kb-row-layout-id17611_836910-98 > .kt-row-column-wrap{padding-right:var(--global-kb-spacing-xs, 1rem);padding-left:var(--global-kb-spacing-xs, 1rem);grid-template-columns:minmax(0, 1fr);}}<\/style><div class=\"kb-row-layout-wrap kb-row-layout-id17611_836910-98 alignnone wp-block-kadence-rowlayout\"><div class=\"kt-row-column-wrap kt-has-1-columns kt-row-layout-equal kt-tab-layout-inherit kt-mobile-layout-row kt-row-valign-top\">\n<style>.kadence-column17611_b90fc2-d2 > .kt-inside-inner-col{display:flex;}.kadence-column17611_b90fc2-d2 > .kt-inside-inner-col,.kadence-column17611_b90fc2-d2 > .kt-inside-inner-col:before{border-top-left-radius:0px;border-top-right-radius:0px;border-bottom-right-radius:0px;border-bottom-left-radius:0px;}.kadence-column17611_b90fc2-d2 > .kt-inside-inner-col{column-gap:var(--global-kb-gap-sm, 1rem);}.kadence-column17611_b90fc2-d2 > .kt-inside-inner-col{flex-direction:column;align-items:center;}.kadence-column17611_b90fc2-d2 > .kt-inside-inner-col > .kb-image-is-ratio-size{align-self:stretch;}.kadence-column17611_b90fc2-d2 > .kt-inside-inner-col > .wp-block-kadence-advancedgallery{align-self:stretch;}.kadence-column17611_b90fc2-d2 > .kt-inside-inner-col > .aligncenter{width:100%;}.kadence-column17611_b90fc2-d2 > .kt-inside-inner-col:before{opacity:0.3;}.kadence-column17611_b90fc2-d2{position:relative;}@media all and (max-width: 1024px){.kadence-column17611_b90fc2-d2 > .kt-inside-inner-col{flex-direction:column;justify-content:center;align-items:center;}}@media all and (max-width: 767px){.kadence-column17611_b90fc2-d2 > .kt-inside-inner-col{flex-direction:column;justify-content:center;align-items:center;}}<\/style>\n<div class=\"wp-block-kadence-column kadence-column17611_b90fc2-d2\"><div class=\"kt-inside-inner-col\"><style>.wp-block-kadence-advancedheading.kt-adv-heading17611_c058bc-5a, .wp-block-kadence-advancedheading.kt-adv-heading17611_c058bc-5a[data-kb-block=\"kb-adv-heading17611_c058bc-5a\"]{max-width:800px;margin-top:0px;text-align:left;font-size:18px;line-height:1.7em;font-style:normal;text-transform:none;}.wp-block-kadence-advancedheading.kt-adv-heading17611_c058bc-5a mark.kt-highlight, .wp-block-kadence-advancedheading.kt-adv-heading17611_c058bc-5a[data-kb-block=\"kb-adv-heading17611_c058bc-5a\"] mark.kt-highlight{font-style:normal;color:#f76a0c;-webkit-box-decoration-break:clone;box-decoration-break:clone;padding-top:0px;padding-right:0px;padding-bottom:0px;padding-left:0px;}.wp-block-kadence-advancedheading.kt-adv-heading17611_c058bc-5a img.kb-inline-image, .wp-block-kadence-advancedheading.kt-adv-heading17611_c058bc-5a[data-kb-block=\"kb-adv-heading17611_c058bc-5a\"] img.kb-inline-image{width:150px;vertical-align:baseline;}<\/style>\n<p class=\"kt-adv-heading17611_c058bc-5a wp-block-kadence-advancedheading\" data-kb-block=\"kb-adv-heading17611_c058bc-5a\"><strong>Mon travail consiste \u00e0 arracher des bribes de sens \u00e0 ma vie.<\/strong><br><br>J&rsquo;essaye de recr\u00e9er des \u00e9tats, des affects, avec diff\u00e9rents mediums.<br>Je cherche des formes, des accidents, qui trouvent un \u00e9cho dans ma propre exp\u00e9rience. <br><br>Pour moi, le dessin, la peinture ne servent pas \u00e0 repr\u00e9senter, mais \u00e0 disloquer, heurter, d\u00e9truire des barri\u00e8res. <br><br>Dans mon travail sur les espaces int\u00e9rieurs et ext\u00e9rieurs en peinture,<br>les supports confront\u00e9s au sujets en dessin, c&rsquo;est toujours une opposition, une contamination qui op\u00e8re. <br><br>L&rsquo;id\u00e9e c&rsquo;est de finir par accepter l&rsquo;inconfort, l&rsquo;absence de possibilit\u00e9 de contr\u00f4le, pour, en se laissant glisser dans l&rsquo;image, y trouver autre-chose que ce \u00e0 quoi on s&rsquo;attendait.<br><br><\/p>\n<\/div><\/div>\n\n<\/div><\/div>\n\n\n<div style=\"height:50px\" aria-hidden=\"true\" class=\"wp-block-spacer\"><\/div>\n\n\n<style>.wp-block-kadence-advancedheading.kt-adv-heading17611_a33091-ac, .wp-block-kadence-advancedheading.kt-adv-heading17611_a33091-ac[data-kb-block=\"kb-adv-heading17611_a33091-ac\"]{margin-bottom:var(--global-kb-spacing-xl, 4rem);text-align:center;font-size:var(--global-kb-font-size-xl, 3rem);font-style:normal;color:#7f7f7f;}.wp-block-kadence-advancedheading.kt-adv-heading17611_a33091-ac mark.kt-highlight, .wp-block-kadence-advancedheading.kt-adv-heading17611_a33091-ac[data-kb-block=\"kb-adv-heading17611_a33091-ac\"] mark.kt-highlight{font-style:normal;color:#f76a0c;-webkit-box-decoration-break:clone;box-decoration-break:clone;padding-top:0px;padding-right:0px;padding-bottom:0px;padding-left:0px;}.wp-block-kadence-advancedheading.kt-adv-heading17611_a33091-ac img.kb-inline-image, .wp-block-kadence-advancedheading.kt-adv-heading17611_a33091-ac[data-kb-block=\"kb-adv-heading17611_a33091-ac\"] img.kb-inline-image{width:150px;vertical-align:baseline;}<\/style>\n<h2 class=\"kt-adv-heading17611_a33091-ac wp-block-kadence-advancedheading\" data-kb-block=\"kb-adv-heading17611_a33091-ac\">Biographie<\/h2>\n\n\n<style>.kb-row-layout-id17611_a70315-8f > .kt-row-column-wrap{align-content:center;}:where(.kb-row-layout-id17611_a70315-8f > .kt-row-column-wrap) > .wp-block-kadence-column{justify-content:center;}.kb-row-layout-id17611_a70315-8f > .kt-row-column-wrap{column-gap:var(--global-kb-gap-md, 2rem);row-gap:var(--global-kb-gap-md, 2rem);max-width:1189px;margin-left:auto;margin-right:auto;padding-top:var(--global-kb-spacing-sm, 1.5rem);padding-bottom:var(--global-kb-spacing-sm, 1.5rem);grid-template-columns:minmax(0, 1fr);}.kb-row-layout-id17611_a70315-8f > .kt-row-layout-overlay{opacity:0.30;}@media all and (max-width: 1024px){.kb-row-layout-id17611_a70315-8f > .kt-row-column-wrap{grid-template-columns:minmax(0, 1fr);}}@media all and (max-width: 767px){.kb-row-layout-id17611_a70315-8f > .kt-row-column-wrap{grid-template-columns:minmax(0, 1fr);}}<\/style><div class=\"kb-row-layout-wrap kb-row-layout-id17611_a70315-8f aligncenter wp-block-kadence-rowlayout\"><div class=\"kt-row-column-wrap kt-has-1-columns kt-row-layout-equal kt-tab-layout-inherit kt-mobile-layout-row kt-row-valign-middle\">\n<style>.kadence-column17611_5bd4f7-cb > .kt-inside-inner-col{display:flex;}.kadence-column17611_5bd4f7-cb > .kt-inside-inner-col,.kadence-column17611_5bd4f7-cb > .kt-inside-inner-col:before{border-top-left-radius:0px;border-top-right-radius:0px;border-bottom-right-radius:0px;border-bottom-left-radius:0px;}.kadence-column17611_5bd4f7-cb > .kt-inside-inner-col{column-gap:var(--global-kb-gap-none, 0rem );}.kadence-column17611_5bd4f7-cb > .kt-inside-inner-col{flex-direction:column;justify-content:center;align-items:center;}.kadence-column17611_5bd4f7-cb > .kt-inside-inner-col > .kb-image-is-ratio-size{align-self:stretch;}.kadence-column17611_5bd4f7-cb > .kt-inside-inner-col > .wp-block-kadence-advancedgallery{align-self:stretch;}.kadence-column17611_5bd4f7-cb > .kt-inside-inner-col > .aligncenter{width:100%;}.kt-row-column-wrap > .kadence-column17611_5bd4f7-cb{align-self:center;}.kt-inner-column-height-full:not(.kt-has-1-columns) > .wp-block-kadence-column.kadence-column17611_5bd4f7-cb{align-self:auto;}.kt-inner-column-height-full:not(.kt-has-1-columns) > .wp-block-kadence-column.kadence-column17611_5bd4f7-cb > .kt-inside-inner-col{flex-direction:column;justify-content:center;}.kadence-column17611_5bd4f7-cb > .kt-inside-inner-col:before{opacity:0.3;}.kadence-column17611_5bd4f7-cb{text-align:right;}.kadence-column17611_5bd4f7-cb{position:relative;}.kadence-column17611_5bd4f7-cb, .kt-inside-inner-col > .kadence-column17611_5bd4f7-cb:not(.specificity){margin-bottom:var(--global-kb-spacing-md, 2rem);}@media all and (max-width: 1024px){.kt-row-column-wrap > .kadence-column17611_5bd4f7-cb{align-self:center;}}@media all and (max-width: 1024px){.kt-inner-column-height-full:not(.kt-has-1-columns) > .wp-block-kadence-column.kadence-column17611_5bd4f7-cb{align-self:auto;}}@media all and (max-width: 1024px){.kt-inner-column-height-full:not(.kt-has-1-columns) > .wp-block-kadence-column.kadence-column17611_5bd4f7-cb > .kt-inside-inner-col{flex-direction:column;justify-content:center;}}@media all and (max-width: 1024px){.kadence-column17611_5bd4f7-cb > .kt-inside-inner-col{flex-direction:column;justify-content:center;align-items:center;}}@media all and (max-width: 767px){.kt-row-column-wrap > .kadence-column17611_5bd4f7-cb{align-self:center;}.kt-inner-column-height-full:not(.kt-has-1-columns) > .wp-block-kadence-column.kadence-column17611_5bd4f7-cb{align-self:auto;}.kt-inner-column-height-full:not(.kt-has-1-columns) > .wp-block-kadence-column.kadence-column17611_5bd4f7-cb > .kt-inside-inner-col{flex-direction:column;justify-content:center;}.kadence-column17611_5bd4f7-cb > .kt-inside-inner-col{flex-direction:column;justify-content:center;align-items:center;}}<\/style>\n<div class=\"wp-block-kadence-column kadence-column17611_5bd4f7-cb kb-section-dir-vertical\"><div class=\"kt-inside-inner-col\"><style>.kb-image17611_fa11a9-20.kb-image-is-ratio-size, .kb-image17611_fa11a9-20 .kb-image-is-ratio-size{max-width:684px;width:100%;}.wp-block-kadence-column > .kt-inside-inner-col > .kb-image17611_fa11a9-20.kb-image-is-ratio-size, .wp-block-kadence-column > .kt-inside-inner-col > .kb-image17611_fa11a9-20 .kb-image-is-ratio-size{align-self:unset;}.kb-image17611_fa11a9-20{max-width:684px;}.image-is-svg.kb-image17611_fa11a9-20{-webkit-flex:0 1 100%;flex:0 1 100%;}.image-is-svg.kb-image17611_fa11a9-20 img{width:100%;}.kb-image17611_fa11a9-20 .kb-image-has-overlay:after{opacity:0.3;}.kb-image17611_fa11a9-20 img.kb-img, .kb-image17611_fa11a9-20 .kb-img img{box-shadow:0px 0px 60px 5px rgba(0, 0, 0, 0.2);}<\/style>\n<figure class=\"wp-block-kadence-image kb-image17611_fa11a9-20 size-large\"><img loading=\"lazy\" decoding=\"async\" width=\"1000\" height=\"750\" src=\"https:\/\/www.francksaissi.com\/wp-content\/uploads\/2025\/12\/artiste-peintre-nice-franck-saissi-1000x750.jpg\" alt=\"\" class=\"kb-img wp-image-20147\" srcset=\"https:\/\/www.francksaissi.com\/wp-content\/uploads\/2025\/12\/artiste-peintre-nice-franck-saissi-1000x750.jpg 1000w, https:\/\/www.francksaissi.com\/wp-content\/uploads\/2025\/12\/artiste-peintre-nice-franck-saissi-600x450.jpg 600w, https:\/\/www.francksaissi.com\/wp-content\/uploads\/2025\/12\/artiste-peintre-nice-franck-saissi-200x150.jpg 200w, https:\/\/www.francksaissi.com\/wp-content\/uploads\/2025\/12\/artiste-peintre-nice-franck-saissi-768x576.jpg 768w, https:\/\/www.francksaissi.com\/wp-content\/uploads\/2025\/12\/artiste-peintre-nice-franck-saissi-1536x1152.jpg 1536w, https:\/\/www.francksaissi.com\/wp-content\/uploads\/2025\/12\/artiste-peintre-nice-franck-saissi-16x12.jpg 16w, https:\/\/www.francksaissi.com\/wp-content\/uploads\/2025\/12\/artiste-peintre-nice-franck-saissi.jpg 1600w\" sizes=\"auto, (max-width: 1000px) 100vw, 1000px\" \/><\/figure>\n\n\n<style>.wp-block-kadence-advancedheading.kt-adv-heading17611_e04d78-21, .wp-block-kadence-advancedheading.kt-adv-heading17611_e04d78-21[data-kb-block=\"kb-adv-heading17611_e04d78-21\"]{max-width:1082px;margin-right:auto;margin-left:auto;padding-right:0px;padding-left:0px;margin-top:0px;text-align:center;font-size:var(--global-kb-font-size-sm, 0.9rem);font-style:normal;writing-mode:horizontal-tb;text-orientation:mixed;}.wp-block-kadence-advancedheading.kt-adv-heading17611_e04d78-21 mark.kt-highlight, .wp-block-kadence-advancedheading.kt-adv-heading17611_e04d78-21[data-kb-block=\"kb-adv-heading17611_e04d78-21\"] mark.kt-highlight{font-style:normal;color:#f76a0c;-webkit-box-decoration-break:clone;box-decoration-break:clone;padding-top:0px;padding-right:0px;padding-bottom:0px;padding-left:0px;}.wp-block-kadence-advancedheading.kt-adv-heading17611_e04d78-21 img.kb-inline-image, .wp-block-kadence-advancedheading.kt-adv-heading17611_e04d78-21[data-kb-block=\"kb-adv-heading17611_e04d78-21\"] img.kb-inline-image{width:150px;vertical-align:baseline;}@media all and (max-width: 767px){.wp-block-kadence-advancedheading.kt-adv-heading17611_e04d78-21, .wp-block-kadence-advancedheading.kt-adv-heading17611_e04d78-21[data-kb-block=\"kb-adv-heading17611_e04d78-21\"]{writing-mode:horizontal-tb;text-orientation:mixed;text-align:right!important;}}<\/style>\n<p class=\"kt-adv-heading17611_e04d78-21 wp-block-kadence-advancedheading\" data-kb-block=\"kb-adv-heading17611_e04d78-21\">Cr\u00e9dit photo : Philippe Aimar<\/p>\n<\/div><\/div>\n\n<\/div><\/div>\n\n<style>.kb-row-layout-id17611_f14f94-85 > .kt-row-column-wrap{align-content:start;}:where(.kb-row-layout-id17611_f14f94-85 > .kt-row-column-wrap) > .wp-block-kadence-column{justify-content:start;}.kb-row-layout-id17611_f14f94-85 > .kt-row-column-wrap{column-gap:var(--global-kb-gap-md, 2rem);row-gap:var(--global-kb-gap-md, 2rem);padding-top:var(--global-kb-spacing-sm, 1.5rem);padding-bottom:var(--global-kb-spacing-sm, 1.5rem);grid-template-columns:minmax(0, 1fr);}.kb-row-layout-id17611_f14f94-85 > .kt-row-layout-overlay{opacity:0.30;}@media all and (max-width: 1024px){.kb-row-layout-wrap.wp-block-kadence-rowlayout.kb-row-layout-id17611_f14f94-85{margin-top:0px;margin-bottom:0px;}}@media all and (max-width: 1024px){.kb-row-layout-id17611_f14f94-85 > .kt-row-column-wrap{grid-template-columns:minmax(0, 1fr);}}@media all and (max-width: 767px){.kb-row-layout-id17611_f14f94-85 > .kt-row-column-wrap{padding-right:var(--global-kb-spacing-xs, 1rem);padding-left:var(--global-kb-spacing-xs, 1rem);grid-template-columns:minmax(0, 1fr);}}<\/style><div class=\"kb-row-layout-wrap kb-row-layout-id17611_f14f94-85 alignnone wp-block-kadence-rowlayout\"><div class=\"kt-row-column-wrap kt-has-1-columns kt-row-layout-equal kt-tab-layout-inherit kt-mobile-layout-row kt-row-valign-top\">\n<style>.kadence-column17611_38188d-7b > .kt-inside-inner-col{display:flex;}.kadence-column17611_38188d-7b > .kt-inside-inner-col,.kadence-column17611_38188d-7b > .kt-inside-inner-col:before{border-top-left-radius:0px;border-top-right-radius:0px;border-bottom-right-radius:0px;border-bottom-left-radius:0px;}.kadence-column17611_38188d-7b > .kt-inside-inner-col{column-gap:var(--global-kb-gap-sm, 1rem);}.kadence-column17611_38188d-7b > .kt-inside-inner-col{flex-direction:column;align-items:center;}.kadence-column17611_38188d-7b > .kt-inside-inner-col > .kb-image-is-ratio-size{align-self:stretch;}.kadence-column17611_38188d-7b > .kt-inside-inner-col > .wp-block-kadence-advancedgallery{align-self:stretch;}.kadence-column17611_38188d-7b > .kt-inside-inner-col > .aligncenter{width:100%;}.kadence-column17611_38188d-7b > .kt-inside-inner-col:before{opacity:0.3;}.kadence-column17611_38188d-7b{position:relative;}@media all and (max-width: 1024px){.kadence-column17611_38188d-7b > .kt-inside-inner-col{flex-direction:column;justify-content:center;align-items:center;}}@media all and (max-width: 767px){.kadence-column17611_38188d-7b > .kt-inside-inner-col{flex-direction:column;justify-content:center;align-items:center;}}<\/style>\n<div class=\"wp-block-kadence-column kadence-column17611_38188d-7b\"><div class=\"kt-inside-inner-col\"><style>.wp-block-kadence-advancedheading.kt-adv-heading17611_92d309-ed, .wp-block-kadence-advancedheading.kt-adv-heading17611_92d309-ed[data-kb-block=\"kb-adv-heading17611_92d309-ed\"]{max-width:800px;font-size:18px;font-style:normal;text-transform:none;letter-spacing:1.6px;}.wp-block-kadence-advancedheading.kt-adv-heading17611_92d309-ed mark.kt-highlight, .wp-block-kadence-advancedheading.kt-adv-heading17611_92d309-ed[data-kb-block=\"kb-adv-heading17611_92d309-ed\"] mark.kt-highlight{font-style:normal;color:#f76a0c;-webkit-box-decoration-break:clone;box-decoration-break:clone;padding-top:0px;padding-right:0px;padding-bottom:0px;padding-left:0px;}.wp-block-kadence-advancedheading.kt-adv-heading17611_92d309-ed img.kb-inline-image, .wp-block-kadence-advancedheading.kt-adv-heading17611_92d309-ed[data-kb-block=\"kb-adv-heading17611_92d309-ed\"] img.kb-inline-image{width:150px;vertical-align:baseline;}@media all and (max-width: 767px){.wp-block-kadence-advancedheading.kt-adv-heading17611_92d309-ed, .wp-block-kadence-advancedheading.kt-adv-heading17611_92d309-ed[data-kb-block=\"kb-adv-heading17611_92d309-ed\"]{font-size:16px;line-height:1.4;}}<\/style>\n<p class=\"kt-adv-heading17611_92d309-ed wp-block-kadence-advancedheading\" data-kb-block=\"kb-adv-heading17611_92d309-ed\"><strong>Franck Sa\u00efssi<\/strong> (n\u00e9 en 1975, Grenoble) vit et travaille \u00e0 Nice.<br>Son \u0153uvre explore les architectures en cours de disparition, l&rsquo;invasion de structures industrielles, la fragilit\u00e9 de l&rsquo;existence.<br><br>Form\u00e9 \u00e0 l\u2019\u00c9cole \u00c9mile Cohl (Lyon), aux Beaux-Arts de Carrare (Italie) puis aux Ateliers des Beaux-Arts de Paris. <br>Il poursuit une recherche picturale rigoureuse ax\u00e9e sur l&rsquo;effondrement des espaces, qu&rsquo;ils soient de l&rsquo;ordre de la sph\u00e8re priv\u00e9e, des territoires publics, ou de la m\u00e9moire collective.<br><br>De ses \u00e9tudes d&rsquo;Art, il retient tout autant une approche picturale exigeante, humble, qu&rsquo;un certain esprit de r\u00e9volte.<br>La peinture et le dessin sont pour lui des moyens de d\u00e9ranger, de remettre en question, d&rsquo;approfondir une forme de connaissance de soi et du monde.<br><br>Install\u00e9 \u00e0 Nice depuis la fin des ann\u00e9es 1990, il <a href=\"https:\/\/www.francksaissi.com\/encre-sur-livres\">dessine sur des livres<\/a> trouv\u00e9s au d\u00e9tour des rues, incomplets ou d\u00e9grad\u00e9s, et sur <a href=\"https:\/\/www.francksaissi.com\/cartes-marines\">des cartes marines anciennes<\/a>. Dans son atelier, il peint <a href=\"https:\/\/www.francksaissi.com\/peinture\">\u00e0 l&rsquo;huile sur de grands formats<\/a>, o\u00f9 il m\u00eale architecture, perspectives et mati\u00e8res, dans des s\u00e9ries en rapport avec la m\u00e9moire, la perte de rep\u00e8res. <\/p>\n\n\n<style>.wp-block-kadence-advancedheading.kt-adv-heading17611_947147-d5, .wp-block-kadence-advancedheading.kt-adv-heading17611_947147-d5[data-kb-block=\"kb-adv-heading17611_947147-d5\"]{text-align:left;font-style:normal;color:#7f7f7f;}.wp-block-kadence-advancedheading.kt-adv-heading17611_947147-d5 mark.kt-highlight, .wp-block-kadence-advancedheading.kt-adv-heading17611_947147-d5[data-kb-block=\"kb-adv-heading17611_947147-d5\"] mark.kt-highlight{font-style:normal;color:#f76a0c;-webkit-box-decoration-break:clone;box-decoration-break:clone;padding-top:0px;padding-right:0px;padding-bottom:0px;padding-left:0px;}.wp-block-kadence-advancedheading.kt-adv-heading17611_947147-d5 img.kb-inline-image, .wp-block-kadence-advancedheading.kt-adv-heading17611_947147-d5[data-kb-block=\"kb-adv-heading17611_947147-d5\"] img.kb-inline-image{width:150px;vertical-align:baseline;}<\/style>\n<h3 class=\"kt-adv-heading17611_947147-d5 wp-block-kadence-advancedheading\" data-kb-block=\"kb-adv-heading17611_947147-d5\">S\u00e9lection d\u2019expositions<\/h3>\n\n\n<style>.wp-block-kadence-advancedheading.kt-adv-heading17611_b002be-43, .wp-block-kadence-advancedheading.kt-adv-heading17611_b002be-43[data-kb-block=\"kb-adv-heading17611_b002be-43\"]{max-width:800px;font-size:18px;font-style:normal;text-transform:none;letter-spacing:1.6px;}.wp-block-kadence-advancedheading.kt-adv-heading17611_b002be-43 mark.kt-highlight, .wp-block-kadence-advancedheading.kt-adv-heading17611_b002be-43[data-kb-block=\"kb-adv-heading17611_b002be-43\"] mark.kt-highlight{font-style:normal;color:#f76a0c;-webkit-box-decoration-break:clone;box-decoration-break:clone;padding-top:0px;padding-right:0px;padding-bottom:0px;padding-left:0px;}.wp-block-kadence-advancedheading.kt-adv-heading17611_b002be-43 img.kb-inline-image, .wp-block-kadence-advancedheading.kt-adv-heading17611_b002be-43[data-kb-block=\"kb-adv-heading17611_b002be-43\"] img.kb-inline-image{width:150px;vertical-align:baseline;}<\/style>\n<p class=\"kt-adv-heading17611_b002be-43 wp-block-kadence-advancedheading\" data-kb-block=\"kb-adv-heading17611_b002be-43\"><br>\u2022 <a href=\"https:\/\/www.francksaissi.com\/lost-expo\/\"><em>Lost<\/em>, Maison Abandonn\u00e9e [Villa Cameline], Nice (2021)<\/a><br>\u2022 <a href=\"https:\/\/www.francksaissi.com\/perfect-day-drug-and-art\/\"><em>Perfect Day : Drug and Art<\/em>, WhiteBox, New York (2021\u20132022)<\/a><br>\u2022 <a href=\"https:\/\/www.francksaissi.com\/la-vie-est-un-film\/\"><em>La Vie est un Film<\/em>, Le 109, Nice (2019)<\/a><br>\u2022 <a href=\"https:\/\/www.francksaissi.com\/le-palais-ideal\/\"><em>Le Palais Id\u00e9al du Facteur Cheval<\/em>, Mus\u00e9e du Facteur Cheval, Hauterives (2016)<\/a><br>\u2022 <a href=\"https:\/\/www.francksaissi.com\/st-art\/\">ST-ART Strasbourg (2023)<\/a><br>\u2022 <a href=\"https:\/\/www.francksaissi.com\/exposition-pareidolie\/\">Par\u00e9idolie, Marseille (2025)\u2014(Artiste invit\u00e9)<\/a><br><\/p>\n\n\n<style>.wp-block-kadence-advancedheading.kt-adv-heading17611_7f6a25-33, .wp-block-kadence-advancedheading.kt-adv-heading17611_7f6a25-33[data-kb-block=\"kb-adv-heading17611_7f6a25-33\"]{max-width:800px;font-size:18px;font-style:normal;text-transform:none;letter-spacing:1.6px;}.wp-block-kadence-advancedheading.kt-adv-heading17611_7f6a25-33 mark.kt-highlight, .wp-block-kadence-advancedheading.kt-adv-heading17611_7f6a25-33[data-kb-block=\"kb-adv-heading17611_7f6a25-33\"] mark.kt-highlight{font-style:normal;color:#f76a0c;-webkit-box-decoration-break:clone;box-decoration-break:clone;padding-top:0px;padding-right:0px;padding-bottom:0px;padding-left:0px;}.wp-block-kadence-advancedheading.kt-adv-heading17611_7f6a25-33 img.kb-inline-image, .wp-block-kadence-advancedheading.kt-adv-heading17611_7f6a25-33[data-kb-block=\"kb-adv-heading17611_7f6a25-33\"] img.kb-inline-image{width:150px;vertical-align:baseline;}<\/style>\n<p class=\"kt-adv-heading17611_7f6a25-33 wp-block-kadence-advancedheading\" data-kb-block=\"kb-adv-heading17611_7f6a25-33\"><br>Depuis quelques ann\u00e9es, H\u00e9l\u00e8ne Fincker, directrice de la Maison Abandonn\u00e9e [Villa Cameline], d\u00e9fend son travail avec une fid\u00e9lit\u00e9 rare.<br><\/p>\n<\/div><\/div>\n\n<\/div><\/div>\n\n\n<div style=\"height:150px\" aria-hidden=\"true\" class=\"wp-block-spacer\"><\/div>\n\n\n\n<script type=\"application\/ld+json\">\n{\n  \"@context\": \"https:\/\/schema.org\",\n  \"@type\": \"Person\",\n  \"name\": \"Franck Sa\u00efssi\",\n  \"jobTitle\": \"Artiste peintre contemporain\",\n  \"address\": {\n    \"@type\": \"PostalAddress\",\n    \"addressLocality\": \"Nice\",\n    \"addressCountry\": \"France\"\n  },\n  \"image\": \"https:\/\/upload.wikimedia.org\/wikipedia\/commons\/1\/12\/Portrait_de_l%27artiste_peintre_Franck_Sa%C3%AFssi_dans_son_atelier_%C3%A0_Nice.jpg\",\n  \"sameAs\": [\n    \"https:\/\/www.wikidata.org\/wiki\/Q99460403\"\n  ]\n}\n<\/script>\n","protected":false},"excerpt":{"rendered":"<p>Statement Mon travail consiste \u00e0 arracher des bribes de sens \u00e0 ma vie. J&rsquo;essaye de recr\u00e9er des \u00e9tats, des affects, avec diff\u00e9rents mediums.Je cherche des formes, des accidents, qui trouvent un \u00e9cho dans ma propre exp\u00e9rience. Pour moi, le dessin, la peinture ne servent pas \u00e0 repr\u00e9senter, mais \u00e0 disloquer, heurter, d\u00e9truire des barri\u00e8res. Dans&#8230;<\/p>","protected":false},"author":34,"featured_media":20147,"parent":0,"menu_order":0,"comment_status":"closed","ping_status":"closed","template":"","meta":{"_acf_changed":false,"_kad_post_transparent":"","_kad_post_title":"","_kad_post_layout":"","_kad_post_sidebar_id":"","_kad_post_content_style":"","_kad_post_vertical_padding":"","_kad_post_feature":"","_kad_post_feature_position":"","_kad_post_header":false,"_kad_post_footer":false,"_kad_post_classname":"","iawp_total_views":414,"footnotes":""},"class_list":["post-17611","page","type-page","status-publish","has-post-thumbnail","hentry"],"acf":[],"_links":{"self":[{"href":"https:\/\/www.francksaissi.com\/en\/wp-json\/wp\/v2\/pages\/17611","targetHints":{"allow":["GET"]}}],"collection":[{"href":"https:\/\/www.francksaissi.com\/en\/wp-json\/wp\/v2\/pages"}],"about":[{"href":"https:\/\/www.francksaissi.com\/en\/wp-json\/wp\/v2\/types\/page"}],"author":[{"embeddable":true,"href":"https:\/\/www.francksaissi.com\/en\/wp-json\/wp\/v2\/users\/34"}],"replies":[{"embeddable":true,"href":"https:\/\/www.francksaissi.com\/en\/wp-json\/wp\/v2\/comments?post=17611"}],"version-history":[{"count":75,"href":"https:\/\/www.francksaissi.com\/en\/wp-json\/wp\/v2\/pages\/17611\/revisions"}],"predecessor-version":[{"id":25213,"href":"https:\/\/www.francksaissi.com\/en\/wp-json\/wp\/v2\/pages\/17611\/revisions\/25213"}],"wp:featuredmedia":[{"embeddable":true,"href":"https:\/\/www.francksaissi.com\/en\/wp-json\/wp\/v2\/media\/20147"}],"wp:attachment":[{"href":"https:\/\/www.francksaissi.com\/en\/wp-json\/wp\/v2\/media?parent=17611"}],"curies":[{"name":"wp","href":"https:\/\/api.w.org\/{rel}","templated":true}]}}