{"id":16554,"date":"2025-05-02T02:04:03","date_gmt":"2025-05-02T00:04:03","guid":{"rendered":"https:\/\/www.francksaissi.com\/?page_id=16554"},"modified":"2026-02-27T13:09:28","modified_gmt":"2026-02-27T12:09:28","slug":"mon-compte","status":"publish","type":"page","link":"https:\/\/www.francksaissi.com\/en\/mon-compte\/","title":{"rendered":"My Account"},"content":{"rendered":"<style>.kb-row-layout-wrap.wp-block-kadence-rowlayout.kb-row-layout-id16554_ec9437-e9{margin-bottom:0px;}.kb-row-layout-id16554_ec9437-e9 > .kt-row-column-wrap{align-content:center;}:where(.kb-row-layout-id16554_ec9437-e9 > .kt-row-column-wrap) > .wp-block-kadence-column{justify-content:center;}.kb-row-layout-id16554_ec9437-e9 > .kt-row-column-wrap{column-gap:var(--global-kb-gap-md, 2rem);row-gap:var(--global-kb-gap-md, 2rem);padding-top:0px;padding-bottom:var(--global-kb-spacing-md, 2rem);grid-template-columns:minmax(0, 1fr);}.kb-row-layout-id16554_ec9437-e9 > .kt-row-layout-overlay{opacity:0.30;}@media all and (max-width: 1024px){.kb-row-layout-id16554_ec9437-e9 > .kt-row-column-wrap{grid-template-columns:minmax(0, 1fr);}}@media all and (max-width: 767px){.kb-row-layout-id16554_ec9437-e9 > .kt-row-column-wrap{grid-template-columns:minmax(0, 1fr);}}<\/style><div class=\"kb-row-layout-wrap kb-row-layout-id16554_ec9437-e9 aligncenter wp-block-kadence-rowlayout\"><div class=\"kt-row-column-wrap kt-has-1-columns kt-row-layout-equal kt-tab-layout-inherit kt-mobile-layout-row kt-row-valign-middle\">\n<style>.kadence-column16554_3769cc-30 > .kt-inside-inner-col{display:flex;}.kadence-column16554_3769cc-30 > .kt-inside-inner-col,.kadence-column16554_3769cc-30 > .kt-inside-inner-col:before{border-top-left-radius:0px;border-top-right-radius:0px;border-bottom-right-radius:0px;border-bottom-left-radius:0px;}.kadence-column16554_3769cc-30 > .kt-inside-inner-col{column-gap:var(--global-kb-gap-sm, 1rem);}.kadence-column16554_3769cc-30 > .kt-inside-inner-col{flex-direction:column;justify-content:center;}.kadence-column16554_3769cc-30 > .kt-inside-inner-col > .aligncenter{width:100%;}.kt-row-column-wrap > .kadence-column16554_3769cc-30{align-self:center;}.kt-inner-column-height-full:not(.kt-has-1-columns) > .wp-block-kadence-column.kadence-column16554_3769cc-30{align-self:auto;}.kt-inner-column-height-full:not(.kt-has-1-columns) > .wp-block-kadence-column.kadence-column16554_3769cc-30 > .kt-inside-inner-col{flex-direction:column;justify-content:center;}.kadence-column16554_3769cc-30 > .kt-inside-inner-col:before{opacity:0.3;}.kadence-column16554_3769cc-30{position:relative;}@media all and (max-width: 1024px){.kt-row-column-wrap > .kadence-column16554_3769cc-30{align-self:center;}}@media all and (max-width: 1024px){.kt-inner-column-height-full:not(.kt-has-1-columns) > .wp-block-kadence-column.kadence-column16554_3769cc-30{align-self:auto;}}@media all and (max-width: 1024px){.kt-inner-column-height-full:not(.kt-has-1-columns) > .wp-block-kadence-column.kadence-column16554_3769cc-30 > .kt-inside-inner-col{flex-direction:column;justify-content:center;}}@media all and (max-width: 1024px){.kadence-column16554_3769cc-30 > .kt-inside-inner-col{flex-direction:column;justify-content:center;}}@media all and (max-width: 767px){.kt-row-column-wrap > .kadence-column16554_3769cc-30{align-self:center;}.kt-inner-column-height-full:not(.kt-has-1-columns) > .wp-block-kadence-column.kadence-column16554_3769cc-30{align-self:auto;}.kt-inner-column-height-full:not(.kt-has-1-columns) > .wp-block-kadence-column.kadence-column16554_3769cc-30 > .kt-inside-inner-col{flex-direction:column;justify-content:center;}.kadence-column16554_3769cc-30 > .kt-inside-inner-col{flex-direction:column;justify-content:center;}}<\/style>\n<div class=\"wp-block-kadence-column kadence-column16554_3769cc-30\"><div class=\"kt-inside-inner-col\"><style>.wp-block-kadence-advancedheading.kt-adv-heading16554_dff947-77, .wp-block-kadence-advancedheading.kt-adv-heading16554_dff947-77[data-kb-block=\"kb-adv-heading16554_dff947-77\"]{text-align:center;font-size:var(--global-kb-font-size-xxl, 4rem);font-style:normal;color:#a9a9a9;}.wp-block-kadence-advancedheading.kt-adv-heading16554_dff947-77 mark.kt-highlight, .wp-block-kadence-advancedheading.kt-adv-heading16554_dff947-77[data-kb-block=\"kb-adv-heading16554_dff947-77\"] mark.kt-highlight{font-style:normal;color:#f76a0c;-webkit-box-decoration-break:clone;box-decoration-break:clone;padding-top:0px;padding-right:0px;padding-bottom:0px;padding-left:0px;}.wp-block-kadence-advancedheading.kt-adv-heading16554_dff947-77 img.kb-inline-image, .wp-block-kadence-advancedheading.kt-adv-heading16554_dff947-77[data-kb-block=\"kb-adv-heading16554_dff947-77\"] img.kb-inline-image{width:150px;vertical-align:baseline;}.wp-block-kadence-advancedheading.kt-adv-heading16554_dff947-77[data-kb-block=\"kb-adv-heading16554_dff947-77\"] a, a.kb-advanced-heading-link.kt-adv-heading-link16554_dff947-77{text-decoration:none;}<\/style>\n<a href=\"https:\/\/www.francksaissi.com\/store\/\" class=\"kb-advanced-heading-link kt-adv-heading-link16554_dff947-77 hls-none\"><h1 class=\"kt-adv-heading16554_dff947-77 wp-block-kadence-advancedheading\" data-kb-block=\"kb-adv-heading16554_dff947-77\">Store<\/h1><\/a>\n<\/div><\/div>\n\n<\/div><\/div>\n\n<style>.wp-block-kadence-advancedheading.kt-adv-heading16554_f51593-d4, .wp-block-kadence-advancedheading.kt-adv-heading16554_f51593-d4[data-kb-block=\"kb-adv-heading16554_f51593-d4\"]{text-align:center;font-style:normal;}.wp-block-kadence-advancedheading.kt-adv-heading16554_f51593-d4 mark.kt-highlight, .wp-block-kadence-advancedheading.kt-adv-heading16554_f51593-d4[data-kb-block=\"kb-adv-heading16554_f51593-d4\"] mark.kt-highlight{font-style:normal;color:#f76a0c;-webkit-box-decoration-break:clone;box-decoration-break:clone;padding-top:0px;padding-right:0px;padding-bottom:0px;padding-left:0px;}.wp-block-kadence-advancedheading.kt-adv-heading16554_f51593-d4 img.kb-inline-image, .wp-block-kadence-advancedheading.kt-adv-heading16554_f51593-d4[data-kb-block=\"kb-adv-heading16554_f51593-d4\"] img.kb-inline-image{width:150px;vertical-align:baseline;}<\/style>\n<h2 class=\"kt-adv-heading16554_f51593-d4 wp-block-kadence-advancedheading\" data-kb-block=\"kb-adv-heading16554_f51593-d4\">Mon compte<\/h2>\n\n\n<style>.wp-block-kadence-advancedheading.kt-adv-heading16554_865479-60, .wp-block-kadence-advancedheading.kt-adv-heading16554_865479-60[data-kb-block=\"kb-adv-heading16554_865479-60\"]{margin-bottom:var(--global-kb-spacing-lg, 3rem);text-align:center;font-style:normal;}.wp-block-kadence-advancedheading.kt-adv-heading16554_865479-60 mark.kt-highlight, .wp-block-kadence-advancedheading.kt-adv-heading16554_865479-60[data-kb-block=\"kb-adv-heading16554_865479-60\"] mark.kt-highlight{font-style:normal;color:#f76a0c;-webkit-box-decoration-break:clone;box-decoration-break:clone;padding-top:0px;padding-right:0px;padding-bottom:0px;padding-left:0px;}.wp-block-kadence-advancedheading.kt-adv-heading16554_865479-60 img.kb-inline-image, .wp-block-kadence-advancedheading.kt-adv-heading16554_865479-60[data-kb-block=\"kb-adv-heading16554_865479-60\"] img.kb-inline-image{width:150px;vertical-align:baseline;}<\/style>\n<p class=\"kt-adv-heading16554_865479-60 wp-block-kadence-advancedheading\" data-kb-block=\"kb-adv-heading16554_865479-60\">Suivez vos commandes, retrouvez vos \u0153uvres, et restez connect\u00e9 \u00e0 l&rsquo;atelier.<\/p>\n\n\n<style>.kb-row-layout-id16554_eae559-e6 > .kt-row-column-wrap{align-content:start;}:where(.kb-row-layout-id16554_eae559-e6 > .kt-row-column-wrap) > .wp-block-kadence-column{justify-content:start;}.kb-row-layout-id16554_eae559-e6 > .kt-row-column-wrap{column-gap:var(--global-kb-gap-md, 2rem);row-gap:var(--global-kb-gap-md, 2rem);max-width:var( --global-content-width, 1290px );padding-left:var(--global-content-edge-padding);padding-right:var(--global-content-edge-padding);padding-top:var(--global-kb-spacing-sm, 1.5rem);padding-bottom:var(--global-kb-spacing-sm, 1.5rem);grid-template-columns:minmax(0, 1fr);}.kb-row-layout-id16554_eae559-e6 > .kt-row-layout-overlay{opacity:0.30;}@media all and (max-width: 1024px){.kb-row-layout-id16554_eae559-e6 > .kt-row-column-wrap{grid-template-columns:minmax(0, 1fr);}}@media all and (max-width: 767px){.kb-row-layout-id16554_eae559-e6 > .kt-row-column-wrap{grid-template-columns:minmax(0, 1fr);}}<\/style><div class=\"kb-row-layout-wrap kb-row-layout-id16554_eae559-e6 alignnone wp-block-kadence-rowlayout\"><div class=\"kt-row-column-wrap kt-has-1-columns kt-row-layout-equal kt-tab-layout-inherit kt-mobile-layout-row kt-row-valign-top kb-theme-content-width\">\n<style>.kadence-column16554_1a48df-e9 > .kt-inside-inner-col,.kadence-column16554_1a48df-e9 > .kt-inside-inner-col:before{border-top-left-radius:0px;border-top-right-radius:0px;border-bottom-right-radius:0px;border-bottom-left-radius:0px;}.kadence-column16554_1a48df-e9 > .kt-inside-inner-col{column-gap:var(--global-kb-gap-sm, 1rem);}.kadence-column16554_1a48df-e9 > .kt-inside-inner-col{flex-direction:column;}.kadence-column16554_1a48df-e9 > .kt-inside-inner-col > .aligncenter{width:100%;}.kadence-column16554_1a48df-e9 > .kt-inside-inner-col:before{opacity:0.3;}.kadence-column16554_1a48df-e9{position:relative;}@media all and (max-width: 1024px){.kadence-column16554_1a48df-e9 > .kt-inside-inner-col{flex-direction:column;justify-content:center;}}@media all and (max-width: 767px){.kadence-column16554_1a48df-e9 > .kt-inside-inner-col{flex-direction:column;justify-content:center;}}<\/style>\n<div class=\"wp-block-kadence-column kadence-column16554_1a48df-e9\"><div class=\"kt-inside-inner-col\"><div class=\"woocommerce\"><\/div>\n<\/div><\/div>\n\n<\/div><\/div>","protected":false},"excerpt":{"rendered":"<p>Store Mon compte Suivez vos commandes, retrouvez vos \u0153uvres, et restez connect\u00e9 \u00e0 l&rsquo;atelier.<\/p>","protected":false},"author":34,"featured_media":0,"parent":0,"menu_order":0,"comment_status":"closed","ping_status":"closed","template":"","meta":{"_acf_changed":false,"_kad_post_transparent":"","_kad_post_title":"","_kad_post_layout":"","_kad_post_sidebar_id":"","_kad_post_content_style":"","_kad_post_vertical_padding":"","_kad_post_feature":"","_kad_post_feature_position":"","_kad_post_header":false,"_kad_post_footer":false,"_kad_post_classname":"","iawp_total_views":63,"footnotes":""},"class_list":["post-16554","page","type-page","status-publish","hentry"],"acf":[],"_links":{"self":[{"href":"https:\/\/www.francksaissi.com\/en\/wp-json\/wp\/v2\/pages\/16554","targetHints":{"allow":["GET"]}}],"collection":[{"href":"https:\/\/www.francksaissi.com\/en\/wp-json\/wp\/v2\/pages"}],"about":[{"href":"https:\/\/www.francksaissi.com\/en\/wp-json\/wp\/v2\/types\/page"}],"author":[{"embeddable":true,"href":"https:\/\/www.francksaissi.com\/en\/wp-json\/wp\/v2\/users\/34"}],"replies":[{"embeddable":true,"href":"https:\/\/www.francksaissi.com\/en\/wp-json\/wp\/v2\/comments?post=16554"}],"version-history":[{"count":2,"href":"https:\/\/www.francksaissi.com\/en\/wp-json\/wp\/v2\/pages\/16554\/revisions"}],"predecessor-version":[{"id":23001,"href":"https:\/\/www.francksaissi.com\/en\/wp-json\/wp\/v2\/pages\/16554\/revisions\/23001"}],"wp:attachment":[{"href":"https:\/\/www.francksaissi.com\/en\/wp-json\/wp\/v2\/media?parent=16554"}],"curies":[{"name":"wp","href":"https:\/\/api.w.org\/{rel}","templated":true}]}}